{"id":13473,"date":"2019-12-24T12:51:28","date_gmt":"2019-12-24T12:51:28","guid":{"rendered":"http:\/\/recettes-gourmandes-de-joce.fr\/?page_id=13473"},"modified":"2024-07-04T14:33:30","modified_gmt":"2024-07-04T14:33:30","slug":"fromages-a-raclette-divers","status":"publish","type":"page","link":"http:\/\/recettes-gourmandes-de-joce.fr\/index.php\/index\/oeufs-fromages-yaourts-laitages\/fromages\/fromages-a-raclette-divers\/","title":{"rendered":"Fromages \u00e0 raclette divers."},"content":{"rendered":"<p style=\"text-align: center;\"><span style=\"font-family: georgia,serif;\"><em><span style=\"color: #808080; font-size: 12pt;\"><span style=\"color: #d5885c; text-decoration: underline;\"><span style=\"font-size: x-large;\">Fromages \u00e0 raclette divers<\/span><\/span><\/span><\/em><\/span><\/p>\n<p style=\"text-align: center;\"><img loading=\"lazy\" decoding=\"async\" class=\"alignnone wp-image-13474\" src=\"http:\/\/recettes-gourmandes-de-joce.fr\/wp-content\/uploads\/2019\/12\/P1010062-150x150.jpg\" alt=\"\" width=\"280\" height=\"250\" srcset=\"http:\/\/recettes-gourmandes-de-joce.fr\/wp-content\/uploads\/2019\/12\/P1010062-300x268.jpg 300w, http:\/\/recettes-gourmandes-de-joce.fr\/wp-content\/uploads\/2019\/12\/P1010062.jpg 640w\" sizes=\"auto, (max-width: 280px) 100vw, 280px\" \/><\/p>\n<p style=\"text-align: center;\"><span style=\"font-family: georgia,serif;\"><span style=\"font-size: large;\"><em><span style=\"color: #808080;\"><span style=\"color: #d5885c;\">Un ami m&rsquo;a apport\u00e9 d&rsquo;Annecy plusieurs vari\u00e9t\u00e9s de fromage pour raclette. <\/span><\/span><\/em><\/span><\/span><\/p>\n<p style=\"text-align: center;\"><span style=\"font-family: georgia,serif;\"><span style=\"font-size: large;\"><em><span style=\"color: #808080;\"><span style=\"color: #d5885c;\">J&rsquo;ai pens\u00e9 qu&rsquo;il \u00e9tait int\u00e9ressant de vous les faire d\u00e9couvrir.<\/span><\/span><\/em><\/span><\/span><\/p>\n<p style=\"text-align: center;\"><span style=\"font-family: georgia,serif;\"><span style=\"font-size: large;\"><em><span style=\"color: #808080;\"><span style=\"color: #d5885c;\">Je vous les d\u00e9taille:<\/span><\/span><\/em><\/span><\/span><\/p>\n<p style=\"text-align: center;\"><em style=\"font-family: georgia, serif; font-size: large;\"><span style=\"color: #808080;\"><span style=\"color: #d5885c;\"><span style=\"font-size: x-large; text-decoration: underline;\">Fromage \u00e0 raclette au piment d&rsquo;Espelette<\/span>, excellent piment\u00e9 juste ce qu&rsquo;il faut j&rsquo;aime!<\/span><\/span><\/em><\/p>\n<p style=\"text-align: center;\"><img loading=\"lazy\" decoding=\"async\" class=\"alignnone wp-image-11904\" src=\"http:\/\/recettes-gourmandes-de-joce.fr\/wp-content\/uploads\/2019\/12\/P1010051-2-150x150.jpg\" alt=\"\" width=\"201\" height=\"151\" srcset=\"http:\/\/recettes-gourmandes-de-joce.fr\/wp-content\/uploads\/2019\/12\/P1010051-2-300x225.jpg 300w, http:\/\/recettes-gourmandes-de-joce.fr\/wp-content\/uploads\/2019\/12\/P1010051-2.jpg 640w\" sizes=\"auto, (max-width: 201px) 100vw, 201px\" \/> <img loading=\"lazy\" decoding=\"async\" class=\"alignnone wp-image-28657\" src=\"http:\/\/recettes-gourmandes-de-joce.fr\/wp-content\/uploads\/2021\/02\/20201228_195959-300x225.jpg\" alt=\"\" width=\"201\" height=\"151\" srcset=\"http:\/\/recettes-gourmandes-de-joce.fr\/wp-content\/uploads\/2021\/02\/20201228_195959-300x225.jpg 300w, http:\/\/recettes-gourmandes-de-joce.fr\/wp-content\/uploads\/2021\/02\/20201228_195959-768x576.jpg 768w, http:\/\/recettes-gourmandes-de-joce.fr\/wp-content\/uploads\/2021\/02\/20201228_195959-750x563.jpg 750w, http:\/\/recettes-gourmandes-de-joce.fr\/wp-content\/uploads\/2021\/02\/20201228_195959.jpg 800w\" sizes=\"auto, (max-width: 201px) 100vw, 201px\" \/><\/p>\n<p style=\"text-align: center;\"><em style=\"font-family: georgia, serif; font-size: large;\"><span style=\"color: #808080;\"><span style=\"color: #d5885c;\"><span style=\"font-size: x-large; text-decoration: underline;\">Fromage \u00e0 raclette au ch\u00e8vre,<\/span>\u00a0toute la subtilit\u00e9 du ch\u00e8vre pour\u00a0les amateurs de ch\u00e8vre!<\/span><\/span><\/em><\/p>\n<p style=\"text-align: center;\"><img loading=\"lazy\" decoding=\"async\" class=\"alignnone wp-image-11908\" src=\"http:\/\/recettes-gourmandes-de-joce.fr\/wp-content\/uploads\/2019\/12\/P1010057-3-Copie-150x150.jpg\" alt=\"\" width=\"185\" height=\"151\" srcset=\"http:\/\/recettes-gourmandes-de-joce.fr\/wp-content\/uploads\/2019\/12\/P1010057-3-Copie-300x244.jpg 300w, http:\/\/recettes-gourmandes-de-joce.fr\/wp-content\/uploads\/2019\/12\/P1010057-3-Copie.jpg 640w\" sizes=\"auto, (max-width: 185px) 100vw, 185px\" \/> <img loading=\"lazy\" decoding=\"async\" class=\"alignnone wp-image-25741\" src=\"http:\/\/recettes-gourmandes-de-joce.fr\/wp-content\/uploads\/2020\/10\/20200201_135820-150x150.jpg\" alt=\"\" width=\"144\" height=\"151\" srcset=\"http:\/\/recettes-gourmandes-de-joce.fr\/wp-content\/uploads\/2020\/10\/20200201_135820-285x300.jpg 285w, http:\/\/recettes-gourmandes-de-joce.fr\/wp-content\/uploads\/2020\/10\/20200201_135820-750x788.jpg 750w, http:\/\/recettes-gourmandes-de-joce.fr\/wp-content\/uploads\/2020\/10\/20200201_135820.jpg 761w\" sizes=\"auto, (max-width: 144px) 100vw, 144px\" \/><\/p>\n<p style=\"text-align: center;\"><em style=\"font-family: georgia, serif; font-size: large;\"><span style=\"color: #808080;\"><span style=\"color: #d5885c;\"><span style=\"text-decoration: underline;\"><span style=\"font-size: x-large;\">Fromage \u00e0 raclette ail et fines herbes,<\/span><\/span>\u00a0l&rsquo;ail y reste discret j&rsquo;adore!<\/span><\/span><\/em><\/p>\n<p style=\"text-align: center;\"><img loading=\"lazy\" decoding=\"async\" class=\"alignnone wp-image-11907\" src=\"http:\/\/recettes-gourmandes-de-joce.fr\/wp-content\/uploads\/2019\/12\/P1010055-2-150x150.jpg\" alt=\"\" width=\"185\" height=\"151\" srcset=\"http:\/\/recettes-gourmandes-de-joce.fr\/wp-content\/uploads\/2019\/12\/P1010055-2-300x244.jpg 300w, http:\/\/recettes-gourmandes-de-joce.fr\/wp-content\/uploads\/2019\/12\/P1010055-2.jpg 640w\" sizes=\"auto, (max-width: 185px) 100vw, 185px\" \/><\/p>\n<p style=\"text-align: center;\"><em style=\"font-family: georgia, serif; font-size: large;\"><span style=\"color: #808080;\"><span style=\"color: #d5885c;\"><span style=\"text-decoration: underline;\"><span style=\"font-size: x-large;\">Fro<\/span><\/span><span style=\"font-size: x-large; text-decoration: underline;\">mage \u00e0 raclette cendr\u00e9,<\/span>\u00a0un p&rsquo;tit go\u00fbt sympa et discret<\/span><\/span><\/em><\/p>\n<p style=\"text-align: center;\"><img loading=\"lazy\" decoding=\"async\" class=\"alignnone wp-image-11909\" src=\"http:\/\/recettes-gourmandes-de-joce.fr\/wp-content\/uploads\/2019\/12\/P1010060-150x150.jpg\" alt=\"\" width=\"183\" height=\"151\" srcset=\"http:\/\/recettes-gourmandes-de-joce.fr\/wp-content\/uploads\/2019\/12\/P1010060-300x247.jpg 300w, http:\/\/recettes-gourmandes-de-joce.fr\/wp-content\/uploads\/2019\/12\/P1010060.jpg 640w\" sizes=\"auto, (max-width: 183px) 100vw, 183px\" \/><\/p>\n<p style=\"text-align: center;\"><em style=\"font-family: georgia, serif; font-size: large;\"><span style=\"color: #808080;\"><span style=\"color: #d5885c;\"><span style=\"text-decoration: underline;\"><span style=\"font-size: x-large;\">Fromage \u00e0 raclette au bleu,<\/span><\/span>\u00a0le go\u00fbt du bleu est bien pr\u00e9sent!\u00a0Comparable\u00a0\u00e0 la fourme d&rsquo;Ambert<\/span><\/span><\/em><\/p>\n<p style=\"text-align: center;\"><img loading=\"lazy\" decoding=\"async\" class=\"alignnone wp-image-11905\" src=\"http:\/\/recettes-gourmandes-de-joce.fr\/wp-content\/uploads\/2019\/12\/P1010053-2-Copie-150x150.jpg\" alt=\"\" width=\"184\" height=\"151\" srcset=\"http:\/\/recettes-gourmandes-de-joce.fr\/wp-content\/uploads\/2019\/12\/P1010053-2-Copie-300x247.jpg 300w, http:\/\/recettes-gourmandes-de-joce.fr\/wp-content\/uploads\/2019\/12\/P1010053-2-Copie.jpg 640w\" sizes=\"auto, (max-width: 184px) 100vw, 184px\" \/><\/p>\n<p style=\"text-align: center;\"><em style=\"font-family: georgia, serif; font-size: large;\"><span style=\"color: #808080;\"><span style=\"color: #d5885c;\"><span style=\"text-decoration: underline;\"><span style=\"font-size: x-large;\">Fromage \u00e0 raclette \u00e0 l&rsquo;\u00e9chalote,<\/span><\/span>\u00a0excellent une saveur qui change!<\/span><\/span><\/em><\/p>\n<p style=\"text-align: center;\"><img loading=\"lazy\" decoding=\"async\" class=\"alignnone wp-image-11906\" src=\"http:\/\/recettes-gourmandes-de-joce.fr\/wp-content\/uploads\/2019\/12\/P1010054-2-Copie-150x150.jpg\" alt=\"\" width=\"173\" height=\"151\" srcset=\"http:\/\/recettes-gourmandes-de-joce.fr\/wp-content\/uploads\/2019\/12\/P1010054-2-Copie-300x262.jpg 300w, http:\/\/recettes-gourmandes-de-joce.fr\/wp-content\/uploads\/2019\/12\/P1010054-2-Copie.jpg 640w\" sizes=\"auto, (max-width: 173px) 100vw, 173px\" \/><\/p>\n<p style=\"text-align: center;\"><span style=\"font-family: georgia,serif;\"><span style=\"font-size: large;\"><em><span style=\"color: #808080;\"><span style=\"color: #d5885c;\"><span style=\"font-size: 24px;\"><u>Fromage \u00e0 raclette aux c\u00e8pes,<\/u>\u00a0<\/span><\/span><\/span><\/em><\/span><\/span><span style=\"font-family: georgia,serif;\"><span style=\"font-size: large;\"><em><span style=\"color: #808080;\"><span style=\"color: #d5885c;\">des saveurs automnales que j&rsquo;ai beaucoup aim\u00e9es.<\/span><\/span><\/em><\/span><\/span><\/p>\n<p style=\"text-align: center;\"><img loading=\"lazy\" decoding=\"async\" class=\"alignnone wp-image-12065\" src=\"http:\/\/recettes-gourmandes-de-joce.fr\/wp-content\/uploads\/2019\/12\/20191103_192101-150x150.jpg\" alt=\"\" width=\"201\" height=\"151\" srcset=\"http:\/\/recettes-gourmandes-de-joce.fr\/wp-content\/uploads\/2019\/12\/20191103_192101-300x225.jpg 300w, http:\/\/recettes-gourmandes-de-joce.fr\/wp-content\/uploads\/2019\/12\/20191103_192101.jpg 640w\" sizes=\"auto, (max-width: 201px) 100vw, 201px\" \/><\/p>\n<p style=\"text-align: center;\"><em style=\"font-family: georgia, serif; font-size: large;\"><span style=\"color: #808080;\"><span style=\"color: #d5885c;\"><span style=\"font-size: 24px;\"><u>Fromage \u00e0 raclette au vin blanc et fum\u00e9 ,<\/u>\u00a0<span style=\"font-size: 14pt;\">des go\u00fbts subtils toujours appr\u00e9ci\u00e9s.<\/span><\/span><\/span><\/span><\/em><\/p>\n<p style=\"text-align: center;\"><img loading=\"lazy\" decoding=\"async\" class=\"alignnone wp-image-13475\" src=\"http:\/\/recettes-gourmandes-de-joce.fr\/wp-content\/uploads\/2019\/12\/103_0547-150x150.jpg\" alt=\"\" width=\"206\" height=\"151\" srcset=\"http:\/\/recettes-gourmandes-de-joce.fr\/wp-content\/uploads\/2019\/12\/103_0547-300x220.jpg 300w, http:\/\/recettes-gourmandes-de-joce.fr\/wp-content\/uploads\/2019\/12\/103_0547.jpg 640w\" sizes=\"auto, (max-width: 206px) 100vw, 206px\" \/><\/p>\n<p style=\"text-align: center;\"><em style=\"font-family: georgia, serif; font-size: large;\"><span style=\"color: #808080;\"><span style=\"color: #d5885c;\"><span style=\"font-size: 24px;\"><u>Fromage \u00e0 raclette go\u00fbt morbier ,<\/u><span style=\"font-size: 14pt;\">tous le go\u00fbt du morbier j&rsquo;adore.\u00a0<\/span><\/span><\/span><\/span><\/em><\/p>\n<p style=\"text-align: center;\"><img loading=\"lazy\" decoding=\"async\" class=\"alignnone wp-image-12067\" src=\"http:\/\/recettes-gourmandes-de-joce.fr\/wp-content\/uploads\/2019\/12\/20190920_192016-150x150.jpg\" alt=\"\" width=\"113\" height=\"151\" srcset=\"http:\/\/recettes-gourmandes-de-joce.fr\/wp-content\/uploads\/2019\/12\/20190920_192016-225x300.jpg 225w, http:\/\/recettes-gourmandes-de-joce.fr\/wp-content\/uploads\/2019\/12\/20190920_192016.jpg 480w\" sizes=\"auto, (max-width: 113px) 100vw, 113px\" \/><\/p>\n<p style=\"text-align: center;\"><em style=\"font-family: georgia, serif; font-size: large;\"><span style=\"color: #808080;\"><span style=\"color: #d5885c;\"><span style=\"font-size: 24px;\"><span style=\"font-size: 14pt;\"><span style=\"text-decoration: underline;\"><span style=\"font-size: 18pt;\">Fromage \u00e0 raclette au poivre<\/span><\/span>, j&rsquo;adore, le poivre est pr\u00e9sent mais sans prendre le dessus sur le fromage.<\/span><\/span><\/span><\/span><\/em><\/p>\n<p style=\"text-align: center;\"><img loading=\"lazy\" decoding=\"async\" class=\"alignnone wp-image-28658\" src=\"http:\/\/recettes-gourmandes-de-joce.fr\/wp-content\/uploads\/2021\/02\/20201228_195955-300x195.jpg\" alt=\"\" width=\"232\" height=\"151\" srcset=\"http:\/\/recettes-gourmandes-de-joce.fr\/wp-content\/uploads\/2021\/02\/20201228_195955-300x195.jpg 300w, http:\/\/recettes-gourmandes-de-joce.fr\/wp-content\/uploads\/2021\/02\/20201228_195955-768x499.jpg 768w, http:\/\/recettes-gourmandes-de-joce.fr\/wp-content\/uploads\/2021\/02\/20201228_195955-750x488.jpg 750w, http:\/\/recettes-gourmandes-de-joce.fr\/wp-content\/uploads\/2021\/02\/20201228_195955.jpg 800w\" sizes=\"auto, (max-width: 232px) 100vw, 232px\" \/><\/p>\n<p style=\"text-align: center;\"><em style=\"font-family: georgia, serif; font-size: large; text-align: center;\"><span style=\"color: #808080;\"><span style=\"color: #d5885c;\"><span style=\"text-decoration: underline;\"><span style=\"font-size: 18pt;\">Fromage \u00e0 raclette \u00e0 la moutarde<\/span><\/span>\u00a0, tout le go\u00fbt de la moutarde sans le piquant!<\/span><\/span><\/em><\/p>\n<p style=\"text-align: center;\"><img loading=\"lazy\" decoding=\"async\" class=\"alignnone size-thumbnail wp-image-25739\" src=\"http:\/\/recettes-gourmandes-de-joce.fr\/wp-content\/uploads\/2020\/10\/20200201_135300-150x150.jpg\" alt=\"\" width=\"150\" height=\"150\" \/><\/p>\n<p style=\"text-align: center;\"><em style=\"font-family: georgia, serif; font-size: large; text-align: center;\"><span style=\"color: #808080;\"><span style=\"color: #d5885c;\"><span style=\"text-decoration: underline;\"><span style=\"font-size: 18pt;\">Fromage \u00e0 raclette \u00e0 la truffe,<\/span><\/span><span style=\"font-size: 18pt;\"><span style=\"font-size: 14pt;\">\u00a0go\u00fbt subtil tr\u00e8s agr\u00e9able !<\/span><\/span><\/span><\/span><\/em><\/p>\n<p style=\"text-align: center;\"><img loading=\"lazy\" decoding=\"async\" class=\"alignnone wp-image-25740\" src=\"http:\/\/recettes-gourmandes-de-joce.fr\/wp-content\/uploads\/2020\/10\/20200201_135545-150x150.jpg\" alt=\"\" width=\"154\" height=\"151\" srcset=\"http:\/\/recettes-gourmandes-de-joce.fr\/wp-content\/uploads\/2020\/10\/20200201_135545-300x293.jpg 300w, http:\/\/recettes-gourmandes-de-joce.fr\/wp-content\/uploads\/2020\/10\/20200201_135545-768x751.jpg 768w, http:\/\/recettes-gourmandes-de-joce.fr\/wp-content\/uploads\/2020\/10\/20200201_135545-750x733.jpg 750w, http:\/\/recettes-gourmandes-de-joce.fr\/wp-content\/uploads\/2020\/10\/20200201_135545.jpg 800w\" sizes=\"auto, (max-width: 154px) 100vw, 154px\" \/><\/p>\n<p style=\"text-align: center;\"><span style=\"font-family: georgia,serif;\"><span style=\"font-size: large;\"><em><span style=\"color: #808080;\"><span style=\"color: #d5885c;\">C&rsquo;est fromages sont excellents, j&rsquo;ai ma petite pr\u00e9f\u00e9rence pour celui au piment et celui \u00e0 l&rsquo;ail et aux fines herbes. Malheureusement on ne les trouve pas encore dans toutes les r\u00e9gions de France ce qui est bien dommage.<\/span><\/span><\/em><\/span><\/span><\/p>\n<p style=\"text-align: center;\"><span style=\"font-family: georgia,serif;\"><span style=\"font-size: large;\"><em><span style=\"color: #808080;\"><span style=\"color: #d5885c;\">\u00a0Esp\u00e9rons que les producteurs de ces fromages nous ferons profitez rapidement de ces nouvelles saveurs un peu partout en France. En attendant si vous faite un petit tour dans les Alpes n&rsquo;h\u00e9sitez pas \u00e0 en ramener et \u00e0 le congeler (il se cong\u00e8le tr\u00e8s bien et se d\u00e9cong\u00e8le \u00e0 T\u00b0 ambiante).<\/span><\/span><\/em><\/span><\/span><\/p>\n<p style=\"text-align: center;\"><span style=\"font-family: georgia,serif;\"><span style=\"font-size: large;\"><em><span style=\"color: #808080;\"><span style=\"color: #d5885c;\">Bon raclette \u00e0 tous!<\/span><\/span><\/em><\/span><\/span><\/p>\n<p style=\"text-align: center;\"><img loading=\"lazy\" decoding=\"async\" class=\"alignnone wp-image-24317 size-full\" src=\"http:\/\/recettes-gourmandes-de-joce.fr\/wp-content\/uploads\/2020\/07\/logitech-gaming-software-14112014-121223.jpg\" alt=\"\" width=\"640\" height=\"144\" srcset=\"http:\/\/recettes-gourmandes-de-joce.fr\/wp-content\/uploads\/2020\/07\/logitech-gaming-software-14112014-121223.jpg 640w, http:\/\/recettes-gourmandes-de-joce.fr\/wp-content\/uploads\/2020\/07\/logitech-gaming-software-14112014-121223-300x68.jpg 300w\" sizes=\"auto, (max-width: 640px) 100vw, 640px\" \/><\/p>\n<h3>Commentaires\u00a0<small>(3)<\/small><\/h3>\n<div class=\"items-container\">\n<div class=\"item item-comment media\">\n<div class=\"pull-left\"><img decoding=\"async\" class=\"media-object\" src=\"https:\/\/www.gravatar.com\/avatar\/2c053d149ad2f7b270488f72765d1fda?d=http%3A%2F%2Frecettesgourmandesdejoce.e-monsite.com%2Fmedias%2Fstatic%2Fmanager%2Fim%2Favatar.png?s=50&amp;d=mm\" alt=\"chris 06\" width=\"50\" \/><\/div>\n<div class=\"media-body\">\n<ul class=\"inline item-infos\">\n<li><span class=\"comment-number\">1.<\/span>\u00a0<span class=\"comment-author\"><strong>chris 06<\/strong><\/span>\u00a0<span class=\"comment-date\">| 12\/06\/2016<\/span><\/li>\n<\/ul>\n<div class=\"comment-content\">Ce sera \u00e0 essayer d\u00e8s que ces beaux fromages seront trouvables Chris 06<\/div>\n<div class=\"item item-comment media by-webmaster\">\n<div class=\"pull-left\"><img decoding=\"async\" class=\"media-object\" src=\"http:\/\/recettesgourmandesdejoce.e-monsite.com\/medias\/static\/manager\/im\/avatar.png?fx=c_50_50\" alt=\"jocelyne debon\" width=\"50\" \/><\/div>\n<div class=\"media-body\">\n<ul class=\"inline item-infos\">\n<li><span class=\"comment-author\"><strong>jocelyne debon<\/strong>\u00a0(<a rel=\"nofollow\">site web<\/a>)<\/span>\u00a0<span class=\"comment-date\">| 12\/06\/2016<\/span><\/li>\n<\/ul>\n<div class=\"comment-content\">Coucou<\/div>\n<div class=\"comment-content\">Tu peux en trouver au rayon fromages \u00e0 la coupe des grandes surfaces, j&rsquo;en ai trouv\u00e9 aux c\u00e8pes \u00e0 Inter \u00e7a change du fromage traditionnel<\/div>\n<div class=\"comment-content\">Au plaisir<\/div>\n<div class=\"comment-content\">Amicalement Joce<\/div>\n<\/div>\n<\/div>\n<\/div>\n<\/div>\n<div class=\"item item-comment media\">\n<div class=\"pull-left\"><img decoding=\"async\" class=\"media-object\" src=\"https:\/\/www.gravatar.com\/avatar\/abdac1f91026d5115424bbf5f94b1e1b?d=http%3A%2F%2Frecettesgourmandesdejoce.e-monsite.com%2Fmedias%2Fstatic%2Fmanager%2Fim%2Favatar.png?s=50&amp;d=mm\" alt=\"vandycke\" width=\"50\" \/><\/div>\n<div class=\"media-body\">\n<ul class=\"inline item-infos\">\n<li><span class=\"comment-number\">2.<\/span>\u00a0<span class=\"comment-author\"><strong>vandycke<\/strong><\/span>\u00a0<span class=\"comment-date\">| 09\/01\/2013<\/span><\/li>\n<\/ul>\n<div class=\"comment-content\"><img decoding=\"async\" src=\"http:\/\/recettesgourmandesdejoce.e-monsite.com\/medias\/static\/themes\/smileys\/51.png\" alt=\"\" \/><\/div>\n<\/div>\n<\/div>\n<\/div>\n","protected":false},"excerpt":{"rendered":"<p>Fromages \u00e0 raclette divers Un ami m&rsquo;a apport\u00e9 d&rsquo;Annecy plusieurs vari\u00e9t\u00e9s de fromage pour raclette. J&rsquo;ai pens\u00e9 qu&rsquo;il \u00e9tait int\u00e9ressant de vous les faire d\u00e9couvrir. Je vous les d\u00e9taille: Fromage \u00e0 raclette au piment d&rsquo;Espelette, excellent piment\u00e9 juste ce qu&rsquo;il faut j&rsquo;aime! Fromage \u00e0 raclette au ch\u00e8vre,\u00a0toute la subtilit\u00e9 du ch\u00e8vre pour\u00a0les amateurs de ch\u00e8vre! &hellip; <\/p>\n<p><a class=\"more-link btn\" href=\"http:\/\/recettes-gourmandes-de-joce.fr\/index.php\/index\/oeufs-fromages-yaourts-laitages\/fromages\/fromages-a-raclette-divers\/\">Lire la suite<\/a><\/p>\n","protected":false},"author":2,"featured_media":86785,"parent":241,"menu_order":0,"comment_status":"open","ping_status":"closed","template":"","meta":{"footnotes":""},"class_list":["post-13473","page","type-page","status-publish","has-post-thumbnail","hentry","nodate","item-wrap"],"_links":{"self":[{"href":"http:\/\/recettes-gourmandes-de-joce.fr\/index.php\/wp-json\/wp\/v2\/pages\/13473","targetHints":{"allow":["GET"]}}],"collection":[{"href":"http:\/\/recettes-gourmandes-de-joce.fr\/index.php\/wp-json\/wp\/v2\/pages"}],"about":[{"href":"http:\/\/recettes-gourmandes-de-joce.fr\/index.php\/wp-json\/wp\/v2\/types\/page"}],"author":[{"embeddable":true,"href":"http:\/\/recettes-gourmandes-de-joce.fr\/index.php\/wp-json\/wp\/v2\/users\/2"}],"replies":[{"embeddable":true,"href":"http:\/\/recettes-gourmandes-de-joce.fr\/index.php\/wp-json\/wp\/v2\/comments?post=13473"}],"version-history":[{"count":9,"href":"http:\/\/recettes-gourmandes-de-joce.fr\/index.php\/wp-json\/wp\/v2\/pages\/13473\/revisions"}],"predecessor-version":[{"id":86786,"href":"http:\/\/recettes-gourmandes-de-joce.fr\/index.php\/wp-json\/wp\/v2\/pages\/13473\/revisions\/86786"}],"up":[{"embeddable":true,"href":"http:\/\/recettes-gourmandes-de-joce.fr\/index.php\/wp-json\/wp\/v2\/pages\/241"}],"wp:featuredmedia":[{"embeddable":true,"href":"http:\/\/recettes-gourmandes-de-joce.fr\/index.php\/wp-json\/wp\/v2\/media\/86785"}],"wp:attachment":[{"href":"http:\/\/recettes-gourmandes-de-joce.fr\/index.php\/wp-json\/wp\/v2\/media?parent=13473"}],"curies":[{"name":"wp","href":"https:\/\/api.w.org\/{rel}","templated":true}]}}