{"id":13406,"date":"2019-12-21T21:51:36","date_gmt":"2019-12-21T21:51:36","guid":{"rendered":"http:\/\/recettes-gourmandes-de-joce.fr\/?page_id=13406"},"modified":"2024-08-16T12:50:47","modified_gmt":"2024-08-16T12:50:47","slug":"tourtes-au-saumon-fume-et-leur-sauce-aux-crevettes-a-loseille","status":"publish","type":"page","link":"http:\/\/recettes-gourmandes-de-joce.fr\/index.php\/index\/entrees\/entrees-chaudes\/tourtes-au-saumon-fume-et-leur-sauce-aux-crevettes-a-loseille\/","title":{"rendered":"Tourtes au saumon fum\u00e9 et leur sauce aux crevettes \u00e0 l&rsquo;oseille."},"content":{"rendered":"<p style=\"text-align: center;\"><span style=\"font-family: georgia,serif;\"><span style=\"color: #ed8063; font-size: x-large;\"><em><span style=\"text-decoration: underline;\">Une de mes recettes<\/span><\/em><\/span><\/span><\/p>\n<p style=\"text-align: center;\"><img loading=\"lazy\" decoding=\"async\" class=\"alignnone wp-image-83986\" src=\"http:\/\/recettes-gourmandes-de-joce.fr\/wp-content\/uploads\/2024\/06\/recettes-free-2207.jpg\" alt=\"\" width=\"394\" height=\"250\" srcset=\"http:\/\/recettes-gourmandes-de-joce.fr\/wp-content\/uploads\/2024\/06\/recettes-free-2207.jpg 800w, http:\/\/recettes-gourmandes-de-joce.fr\/wp-content\/uploads\/2024\/06\/recettes-free-2207-768x488.jpg 768w, http:\/\/recettes-gourmandes-de-joce.fr\/wp-content\/uploads\/2024\/06\/recettes-free-2207-750x476.jpg 750w\" sizes=\"auto, (max-width: 394px) 100vw, 394px\" \/><\/p>\n<p align=\"center\"><span style=\"font-family: georgia,serif;\"><span style=\"color: #ed8063; font-size: x-large;\"><em><span style=\"text-decoration: underline;\">Ingr\u00e9dients pour 6 personnes<\/span><\/em><\/span><\/span><\/p>\n<p align=\"center\"><span style=\"font-family: georgia,serif;\"><span style=\"color: #ed8063; font-size: medium;\"><em><span style=\"text-decoration: underline;\">Prix de revient pour 6 personnes 6\u20ac environ selon les magasins<\/span><\/em><\/span><\/span><\/p>\n<p style=\"text-align: center;\"><img loading=\"lazy\" decoding=\"async\" class=\"alignnone wp-image-13397\" src=\"http:\/\/recettes-gourmandes-de-joce.fr\/wp-content\/uploads\/2019\/12\/Logitech-Gaming-Software-21122019-221132-150x150.jpg\" alt=\"\" width=\"277\" height=\"175\" srcset=\"http:\/\/recettes-gourmandes-de-joce.fr\/wp-content\/uploads\/2019\/12\/Logitech-Gaming-Software-21122019-221132-300x189.jpg 300w, http:\/\/recettes-gourmandes-de-joce.fr\/wp-content\/uploads\/2019\/12\/Logitech-Gaming-Software-21122019-221132.jpg 640w\" sizes=\"auto, (max-width: 277px) 100vw, 277px\" \/><\/p>\n<p style=\"text-align: center;\"><span style=\"font-family: georgia,serif;\"><span style=\"color: #ed8063; font-size: large;\"><em>200 g<\/em><em> de saumon fum\u00e9<\/em><\/span><\/span><\/p>\n<p style=\"text-align: center;\"><span style=\"font-family: georgia,serif;\"><span style=\"color: #ed8063; font-size: large;\"><em>2 belles pommes de terre (cuites \u00e0 l&rsquo;eau)<\/em><\/span><\/span><\/p>\n<p style=\"text-align: center;\"><span style=\"font-family: georgia,serif;\"><span style=\"color: #ed8063; font-size: large;\"><em>1 petit bouquet de ciboulette (oubli\u00e9 sur la photo)<\/em><\/span><\/span><\/p>\n<p style=\"text-align: center;\"><span style=\"font-family: georgia,serif;\"><span style=\"color: #ed8063; font-size: large;\"><em>1 c \u00e0 s d&rsquo;ail semoule <\/em><\/span><\/span><\/p>\n<p style=\"text-align: center;\"><span style=\"font-family: georgia,serif;\"><span style=\"color: #ed8063; font-size: large;\"><em>2 c \u00e0 s de cr\u00e8me fra\u00eeche <\/em><\/span><\/span><\/p>\n<p style=\"text-align: center;\"><span style=\"font-family: georgia,serif;\"><span style=\"color: #ed8063; font-size: large;\"><em>M\u00e9lange\u00a06 baies -&gt; \u00c9pic\u00e9too<\/em><\/span><\/span><\/p>\n<p style=\"text-align: center;\"><span style=\"font-family: georgia,serif;\"><span style=\"color: #ed8063; font-size: large;\"><em>1 \u0153uf <\/em><\/span><\/span><\/p>\n<p style=\"text-align: center;\"><span style=\"font-family: georgia,serif;\"><span style=\"color: #ed8063; font-size: large;\"><em>2 p\u00e2tes feuillet\u00e9es<\/em><\/span><\/span><\/p>\n<p style=\"text-align: center;\"><span style=\"font-family: georgia,serif;\"><span style=\"color: #ed8063;\"><span style=\"font-size: large;\"><em>Sel <\/em><\/span><br \/>\n<span style=\"font-size: large;\"><em><span style=\"text-decoration: underline;\">Pour la sauce aux crevettes \u00e0 l&rsquo;oseille,<\/span><\/em><\/span><\/span><\/span><\/p>\n<p style=\"text-align: center;\"><span style=\"font-family: georgia,serif;\"><span style=\"color: #e28e6e; font-size: large;\"><em>Voir la recette sur ce lien pr\u00e9voir simplement un sachet de 100g de crevettes roses surgel\u00e9es en plus -&gt; <\/em><a href=\"http:\/\/recettes-gourmandes-de-joce.fr\/index.php\/index\/sauces-assaisonnements\/sauces-chaudes\/sauce-a-loseille\/\"><span style=\"color: #333399;\"><em><span style=\"color: #333399;\"><span style=\"color: #800080;\">Sauce \u00e0 l&rsquo;oseille<\/span> <img loading=\"lazy\" decoding=\"async\" class=\"alignnone size-thumbnail wp-image-13420\" src=\"http:\/\/recettes-gourmandes-de-joce.fr\/wp-content\/uploads\/2019\/12\/P1020089-150x150.jpg\" alt=\"\" width=\"150\" height=\"150\" \/><\/span><\/em><\/span><\/a><\/span><\/span><\/p>\n<p style=\"text-align: center;\"><span style=\"font-family: georgia,serif;\"><span style=\"color: #e28e6e; font-size: large;\"><img loading=\"lazy\" decoding=\"async\" class=\"alignnone wp-image-13398\" src=\"http:\/\/recettes-gourmandes-de-joce.fr\/wp-content\/uploads\/2019\/12\/Logitech-Gaming-Software-21122019-221136.bmp-150x150.jpg\" alt=\"\" width=\"207\" height=\"160\" srcset=\"http:\/\/recettes-gourmandes-de-joce.fr\/wp-content\/uploads\/2019\/12\/Logitech-Gaming-Software-21122019-221136.bmp-300x232.jpg 300w, http:\/\/recettes-gourmandes-de-joce.fr\/wp-content\/uploads\/2019\/12\/Logitech-Gaming-Software-21122019-221136.bmp.jpg 614w\" sizes=\"auto, (max-width: 207px) 100vw, 207px\" \/> <img loading=\"lazy\" decoding=\"async\" class=\"alignnone wp-image-13399\" src=\"http:\/\/recettes-gourmandes-de-joce.fr\/wp-content\/uploads\/2019\/12\/Logitech-Gaming-Software-21122019-221139-150x150.jpg\" alt=\"\" width=\"209\" height=\"160\" srcset=\"http:\/\/recettes-gourmandes-de-joce.fr\/wp-content\/uploads\/2019\/12\/Logitech-Gaming-Software-21122019-221139-300x229.jpg 300w, http:\/\/recettes-gourmandes-de-joce.fr\/wp-content\/uploads\/2019\/12\/Logitech-Gaming-Software-21122019-221139.jpg 640w\" sizes=\"auto, (max-width: 209px) 100vw, 209px\" \/> <img loading=\"lazy\" decoding=\"async\" class=\"alignnone wp-image-13385\" src=\"http:\/\/recettes-gourmandes-de-joce.fr\/wp-content\/uploads\/2019\/12\/PC160430-150x150.jpg\" alt=\"\" width=\"213\" height=\"160\" srcset=\"http:\/\/recettes-gourmandes-de-joce.fr\/wp-content\/uploads\/2019\/12\/PC160430-300x225.jpg 300w, http:\/\/recettes-gourmandes-de-joce.fr\/wp-content\/uploads\/2019\/12\/PC160430.jpg 640w\" sizes=\"auto, (max-width: 213px) 100vw, 213px\" \/><br \/>\n<span style=\"color: #ed8063;\"><em>Couper les pommes de terre cuites \u00e0 l&rsquo;eau et pel\u00e9es en tranches pas trop \u00e9paisses, couper le saumon en lani\u00e8res.<\/em><\/span><\/span><\/span><\/p>\n<p style=\"text-align: center;\"><img loading=\"lazy\" decoding=\"async\" class=\"alignnone wp-image-12799\" src=\"http:\/\/recettes-gourmandes-de-joce.fr\/wp-content\/uploads\/2019\/12\/Logitech-Gaming-Software-16122019-173216-150x150.jpg\" alt=\"\" width=\"219\" height=\"160\" srcset=\"http:\/\/recettes-gourmandes-de-joce.fr\/wp-content\/uploads\/2019\/12\/Logitech-Gaming-Software-16122019-173216-300x219.jpg 300w, http:\/\/recettes-gourmandes-de-joce.fr\/wp-content\/uploads\/2019\/12\/Logitech-Gaming-Software-16122019-173216.jpg 640w\" sizes=\"auto, (max-width: 219px) 100vw, 219px\" \/> <img loading=\"lazy\" decoding=\"async\" class=\"alignnone wp-image-13394\" src=\"http:\/\/recettes-gourmandes-de-joce.fr\/wp-content\/uploads\/2019\/12\/Logitech-Gaming-Software-21122019-221148-150x150.jpg\" alt=\"\" width=\"212\" height=\"160\" srcset=\"http:\/\/recettes-gourmandes-de-joce.fr\/wp-content\/uploads\/2019\/12\/Logitech-Gaming-Software-21122019-221148-300x226.jpg 300w, http:\/\/recettes-gourmandes-de-joce.fr\/wp-content\/uploads\/2019\/12\/Logitech-Gaming-Software-21122019-221148.jpg 640w\" sizes=\"auto, (max-width: 212px) 100vw, 212px\" \/> <img loading=\"lazy\" decoding=\"async\" class=\"alignnone wp-image-13400\" src=\"http:\/\/recettes-gourmandes-de-joce.fr\/wp-content\/uploads\/2019\/12\/Logitech-Gaming-Software-21122019-221152-150x150.jpg\" alt=\"\" width=\"123\" height=\"160\" srcset=\"http:\/\/recettes-gourmandes-de-joce.fr\/wp-content\/uploads\/2019\/12\/Logitech-Gaming-Software-21122019-221152-231x300.jpg 231w, http:\/\/recettes-gourmandes-de-joce.fr\/wp-content\/uploads\/2019\/12\/Logitech-Gaming-Software-21122019-221152.jpg 493w\" sizes=\"auto, (max-width: 123px) 100vw, 123px\" \/><\/p>\n<p style=\"text-align: center;\"><span style=\"font-family: georgia,serif;\"><span style=\"color: #ed8063;\"><span style=\"font-size: large;\"><em>Laver et ciseler la ciboulette. D\u00e9couper dans une p\u00e2te feuillet\u00e9e 6 cercles qui devront \u00eatre plus grands d&rsquo;un cm que les moules. Dans la seconde p\u00e2te feuillet\u00e9e d\u00e9couper 6 cercles du diam\u00e8tre cette fois des moules. <\/em><\/span><\/span><\/span><\/p>\n<p style=\"text-align: center;\"><span style=\"font-family: georgia,serif;\"><span style=\"color: #ed8063;\"><span style=\"font-size: large;\"><em>Dans des moules \u00e0 tartelettes en silicone ou dans des moules \u00e0 tartelette traditionnels, mettre les cercles les plus grands de p\u00e2te feuillet\u00e9e, piquer les fonds avec une fourchette.<\/em><\/span><\/span><\/span><\/p>\n<p style=\"text-align: center;\"><img loading=\"lazy\" decoding=\"async\" class=\"alignnone wp-image-13387\" src=\"http:\/\/recettes-gourmandes-de-joce.fr\/wp-content\/uploads\/2019\/12\/tytyt-150x150.jpg\" alt=\"\" width=\"213\" height=\"160\" srcset=\"http:\/\/recettes-gourmandes-de-joce.fr\/wp-content\/uploads\/2019\/12\/tytyt-300x225.jpg 300w, http:\/\/recettes-gourmandes-de-joce.fr\/wp-content\/uploads\/2019\/12\/tytyt.jpg 640w\" sizes=\"auto, (max-width: 213px) 100vw, 213px\" \/> <img loading=\"lazy\" decoding=\"async\" class=\"alignnone wp-image-12684\" src=\"http:\/\/recettes-gourmandes-de-joce.fr\/wp-content\/uploads\/2019\/12\/PA280867-150x150.jpg\" alt=\"\" width=\"213\" height=\"160\" srcset=\"http:\/\/recettes-gourmandes-de-joce.fr\/wp-content\/uploads\/2019\/12\/PA280867-300x225.jpg 300w, http:\/\/recettes-gourmandes-de-joce.fr\/wp-content\/uploads\/2019\/12\/PA280867.jpg 640w\" sizes=\"auto, (max-width: 213px) 100vw, 213px\" \/><\/p>\n<p style=\"text-align: center;\"><span style=\"font-family: georgia,serif;\"><span style=\"color: #ed8063; font-size: large;\"><em>R\u00e9partir la moiti\u00e9\u00a0des tranches de pommes de terre sur la moiti\u00e9 de la hauteur, ajouter un peu d&rsquo;ail semoule, donner quelques tours de moulin\u00a06 baies, pas de sel (le saumon est assez sal\u00e9). D\u00e9poser ensuite des lani\u00e8res de saumon fum\u00e9, ajouter\u00a0les tranches de pomme de terre restantes et poivrer \u00e0 nouveau. Mettre une c \u00e0 caf\u00e9 de cr\u00e8me fra\u00eeche, parsemer de\u00a0ciboulette et r\u00e9partir le reste du saumon fum\u00e9. Battre l\u2019\u0153uf en omelette.<\/em><\/span><\/span><\/p>\n<p style=\"text-align: center;\"><img loading=\"lazy\" decoding=\"async\" class=\"alignnone wp-image-13389\" src=\"http:\/\/recettes-gourmandes-de-joce.fr\/wp-content\/uploads\/2019\/12\/11111-1-150x150.jpg\" alt=\"\" width=\"213\" height=\"160\" srcset=\"http:\/\/recettes-gourmandes-de-joce.fr\/wp-content\/uploads\/2019\/12\/11111-1-300x225.jpg 300w, http:\/\/recettes-gourmandes-de-joce.fr\/wp-content\/uploads\/2019\/12\/11111-1.jpg 640w\" sizes=\"auto, (max-width: 213px) 100vw, 213px\" \/> <img loading=\"lazy\" decoding=\"async\" class=\"alignnone wp-image-13388\" src=\"http:\/\/recettes-gourmandes-de-joce.fr\/wp-content\/uploads\/2019\/12\/tytytyt-150x150.jpg\" alt=\"\" width=\"213\" height=\"160\" srcset=\"http:\/\/recettes-gourmandes-de-joce.fr\/wp-content\/uploads\/2019\/12\/tytytyt-300x225.jpg 300w, http:\/\/recettes-gourmandes-de-joce.fr\/wp-content\/uploads\/2019\/12\/tytytyt.jpg 640w\" sizes=\"auto, (max-width: 213px) 100vw, 213px\" \/><\/p>\n<p style=\"text-align: center;\"><span style=\"font-family: georgia,serif;\"><span style=\"color: #e28e6e; font-size: large;\"><em><span style=\"color: #ed8063;\">D\u00e9poser les cercles restants de p\u00e2te feuillet\u00e9e sur le saumon et passer un peu d&rsquo;\u0153uf sur le tour afin de faire adh\u00e9rer la p\u00e2te du dessous que l&rsquo;on va rabattre sur celle du dessus. Avec une fourchette faire des dessins. Faire un petit trou au centre de la tourte avec la pointe d&rsquo;un couteau afin que la vapeur s&rsquo;\u00e9chappe \u00e0 la cuisson, passer de l&rsquo;\u0153uf sur la tourte. Enfourner \u00e0 200\u00b0 environ 30 minutes selon les fours, surveiller la cuisson et la coloration.<\/span><\/em><\/span><\/span><\/p>\n<p style=\"text-align: center;\"><img loading=\"lazy\" decoding=\"async\" class=\"alignnone wp-image-13418\" src=\"http:\/\/recettes-gourmandes-de-joce.fr\/wp-content\/uploads\/2019\/12\/P1020087-300x218.jpg\" alt=\"\" width=\"233\" height=\"170\" srcset=\"http:\/\/recettes-gourmandes-de-joce.fr\/wp-content\/uploads\/2019\/12\/P1020087-300x218.jpg 300w, http:\/\/recettes-gourmandes-de-joce.fr\/wp-content\/uploads\/2019\/12\/P1020087.jpg 640w\" sizes=\"auto, (max-width: 233px) 100vw, 233px\" \/><\/p>\n<p style=\"text-align: center;\"><span style=\"font-family: georgia,serif;\"><span style=\"color: #ed8063; font-size: large;\"><em>R\u00e9aliser votre sauce \u00e0 l&rsquo;oseille, Po\u00ealer quelques instants les crevettes dans un peu de beurre avant de les ajouter \u00e0 la sauce, puis les ajouter \u00a0et m\u00e9langer, rectifier l&rsquo;assaisonnement, servir avec les tourtes chaudes.<\/em><\/span><\/span><\/p>\n<p style=\"text-align: center;\"><span style=\"font-family: georgia,serif;\"><span style=\"color: #ed8063; font-size: large;\"><em>Bonne d\u00e9gustation!<\/em><\/span><\/span><\/p>\n<p style=\"text-align: center;\"><img loading=\"lazy\" decoding=\"async\" class=\"alignnone wp-image-83986\" src=\"http:\/\/recettes-gourmandes-de-joce.fr\/wp-content\/uploads\/2024\/06\/recettes-free-2207.jpg\" alt=\"\" width=\"394\" height=\"250\" srcset=\"http:\/\/recettes-gourmandes-de-joce.fr\/wp-content\/uploads\/2024\/06\/recettes-free-2207.jpg 800w, http:\/\/recettes-gourmandes-de-joce.fr\/wp-content\/uploads\/2024\/06\/recettes-free-2207-768x488.jpg 768w, http:\/\/recettes-gourmandes-de-joce.fr\/wp-content\/uploads\/2024\/06\/recettes-free-2207-750x476.jpg 750w\" sizes=\"auto, (max-width: 394px) 100vw, 394px\" \/><\/p>\n<p style=\"text-align: center;\"><img loading=\"lazy\" decoding=\"async\" class=\"alignnone size-full wp-image-59803\" src=\"http:\/\/recettes-gourmandes-de-joce.fr\/wp-content\/uploads\/2024\/01\/logitech-gaming-software-14112014-121223.jpg\" alt=\"\" width=\"640\" height=\"144\" \/><\/p>\n<h3>Commentaires\u00a0<small>(8)<\/small><\/h3>\n<div class=\"items-container\">\n<div class=\"item item-comment media\">\n<div class=\"pull-left\"><img decoding=\"async\" class=\"media-object\" src=\"https:\/\/www.gravatar.com\/avatar\/21340d1affe607801542fe3c63a746e7?d=https%3A%2F%2Fwww.recettes-gourmandes-de-joce.com%2Fmedias%2Fstatic%2Fmanager%2Fim%2Favatar.png?s=50&amp;d=mm\" alt=\"Brunet\" width=\"50\" \/><\/div>\n<div class=\"media-body\">\n<ul class=\"inline item-infos\">\n<li><span class=\"comment-number\">1.<\/span>\u00a0<span class=\"comment-author\"><strong>Brunet<\/strong><\/span>\u00a0<span class=\"comment-date\">| 12\/11\/2016<\/span><\/li>\n<\/ul>\n<div class=\"comment-content\">Merci pour cette recette facile \u00e0 faire et pour No\u00ebl en entr\u00e9e se sera tr\u00e8s bien. Merci et laissez les grincheuses qui devraient aller sur d autres groupes.<\/div>\n<div class=\"item item-comment media by-webmaster\">\n<div class=\"pull-left\"><\/div>\n<div class=\"media-body\">\n<ul class=\"inline item-infos\">\n<li><span class=\"comment-author\"><strong>jocelyne debon<\/strong>\u00a0(<a rel=\"nofollow\">site web<\/a>)<\/span>\u00a0<span class=\"comment-date\">| 12\/11\/2016<\/span><\/li>\n<\/ul>\n<div class=\"comment-content\">Mercii c&rsquo;est gentil, ravie que cette recette vous plaise<\/div>\n<div class=\"comment-content\">Au plaisir<\/div>\n<div class=\"comment-content\">Amicalement Joce<\/div>\n<\/div>\n<\/div>\n<\/div>\n<\/div>\n<div class=\"item item-comment media\">\n<div class=\"pull-left\"><img decoding=\"async\" class=\"media-object\" src=\"https:\/\/www.gravatar.com\/avatar\/2c053d149ad2f7b270488f72765d1fda?d=https%3A%2F%2Fwww.recettes-gourmandes-de-joce.com%2Fmedias%2Fstatic%2Fmanager%2Fim%2Favatar.png?s=50&amp;d=mm\" alt=\"Chris 06\" width=\"50\" \/><\/div>\n<div class=\"media-body\">\n<ul class=\"inline item-infos\">\n<li><span class=\"comment-number\">2.<\/span>\u00a0<span class=\"comment-author\"><strong>Chris 06<\/strong><\/span>\u00a0<span class=\"comment-date\">| 12\/11\/2016<\/span><\/li>\n<\/ul>\n<div class=\"comment-content\">Merci Joce pour tes belles recettes. Avec un rien,(ou des moyens )tu nous offres du \u00ab\u00a0pr\u00e9sentable\u00a0\u00bb, qui appelle les compliments. Bisous Chris 06<\/div>\n<div class=\"item item-comment media by-webmaster\">\n<div class=\"pull-left\"><\/div>\n<div class=\"media-body\">\n<ul class=\"inline item-infos\">\n<li><span class=\"comment-author\"><strong>jocelyne debon<\/strong>\u00a0(<a rel=\"nofollow\">site web<\/a>)<\/span>\u00a0<span class=\"comment-date\">| 12\/11\/2016<\/span><\/li>\n<\/ul>\n<div class=\"comment-content\">Oh merci c&rsquo;est gentil, et oui tout le monde n&rsquo;a pas forc\u00e9ment de gros moyens, mais ce n&rsquo;est pas pour cela qu&rsquo;il ne faut pas ce faire plaisir<\/div>\n<div class=\"comment-content\">Bisousss et bon week-end<\/div>\n<div class=\"comment-content\">Amicalement Joce<\/div>\n<\/div>\n<\/div>\n<\/div>\n<\/div>\n<div class=\"item item-comment media\">\n<div class=\"pull-left\"><img decoding=\"async\" class=\"media-object\" src=\"https:\/\/www.gravatar.com\/avatar\/07c62d3a3a543b92f790794d1df72380?d=https%3A%2F%2Fwww.recettes-gourmandes-de-joce.com%2Fmedias%2Fstatic%2Fmanager%2Fim%2Favatar.png?s=50&amp;d=mm\" alt=\"Annie\" width=\"50\" \/><\/div>\n<div class=\"media-body\">\n<ul class=\"inline item-infos\">\n<li><span class=\"comment-number\">3.<\/span>\u00a0<span class=\"comment-author\"><strong>Annie<\/strong><\/span>\u00a0<span class=\"comment-date\">| 12\/11\/2016<\/span><\/li>\n<\/ul>\n<div class=\"comment-content\">Bonjour,<br \/>\nje vais tester votre recette ce soir mais avec des produits frais ! ail, oseille, ciboulette sauvage et pommes de terre du jardin, cr\u00e8me \u00e9paisse de chez mon producteur de lait local et la p\u00e2te feuillet\u00e9e maison (fa\u00e7on escargot) ! M\u00eame le saumon sortira du cong\u00e9lateur (saumon gravlax) a \u00e9t\u00e9 pr\u00e9par\u00e9 cet \u00e9t\u00e9.<br \/>\nVous serait-il possible de proposer des recettes avec de vrais produits frais et non des bas de gamme de super march\u00e9 car vos recettes sont int\u00e9ressantes<\/div>\n<div class=\"item item-comment media by-webmaster\">\n<div class=\"pull-left\"><\/div>\n<div class=\"media-body\">\n<ul class=\"inline item-infos\">\n<li><span class=\"comment-author\"><strong>jocelyne debon<\/strong>\u00a0(<a rel=\"nofollow\">site web<\/a>)<\/span>\u00a0<span class=\"comment-date\">| 12\/11\/2016<\/span><\/li>\n<\/ul>\n<div class=\"comment-content\">Bonjour,<\/div>\n<div class=\"comment-content\">Mes recettes sont faites avec de vrais produits, l\u00e9gumes et herbes aromatiques de mon potager, je ne vois pas ou est le soucis?<\/div>\n<div class=\"comment-content\">Apr\u00e8s chacun fait selon ses go\u00fbts et son budget, ses possibilit\u00e9s tout le monde n&rsquo;a pas forc\u00e9ment de potager!!<\/div>\n<div class=\"comment-content\">Vous \u00eates libre d&rsquo;adapter mes recettes avec vos produits ce n&rsquo;est pas un soucis mais mon site est familiale et je me mets \u00e0 la port\u00e9 de toutes les bourses avec autant que possible du fait maison, pas forc\u00e9ment du \u00ab\u00a0bas de gamme\u00a0\u00bb, les produits locaux ne sont pas toujours donn\u00e9s!<\/div>\n<div class=\"comment-content\">Je pense qu&rsquo;il faut aussi penser \u00e0 ceux qui ont peu de moyens et ce n&rsquo;est pas pour cela que c&rsquo;est mauvais!<\/div>\n<div class=\"comment-content\">Merci tout de m\u00eame pour le compliment au sujet de mes recettes \ud83d\ude42<\/div>\n<div class=\"comment-content\">Au plaisir<\/div>\n<div class=\"comment-content\">Amicalement Joce<\/div>\n<\/div>\n<\/div>\n<\/div>\n<\/div>\n<div class=\"item item-comment media\">\n<div class=\"pull-left\"><img decoding=\"async\" class=\"media-object\" src=\"https:\/\/www.gravatar.com\/avatar\/1c8a237f74e58717bd73aa2f31f2c44d?d=https%3A%2F%2Fwww.recettes-gourmandes-de-joce.com%2Fmedias%2Fstatic%2Fmanager%2Fim%2Favatar.png?s=50&amp;d=mm\" alt=\"Niniss\" width=\"50\" \/><\/div>\n<div class=\"media-body\">\n<ul class=\"inline item-infos\">\n<li><span class=\"comment-number\">4.<\/span>\u00a0<span class=\"comment-author\"><strong>Niniss<\/strong>\u00a0(<a rel=\"nofollow\">site web<\/a>)<\/span>\u00a0<span class=\"comment-date\">| 09\/11\/2014<\/span><\/li>\n<\/ul>\n<div class=\"comment-content\">hummm \u00e7a \u00e0 l&rsquo;air d\u00e9licieux !!!<\/div>\n<div class=\"item item-comment media by-webmaster\">\n<div class=\"pull-left\"><\/div>\n<div class=\"media-body\">\n<ul class=\"inline item-infos\">\n<li><span class=\"comment-author\"><strong>jocelyne debon<\/strong>\u00a0(<a rel=\"nofollow\">site web<\/a>)<\/span>\u00a0<span class=\"comment-date\">| 09\/11\/2014<\/span><\/li>\n<\/ul>\n<div class=\"comment-content\">Merci Amicalement Joce<\/div>\n<\/div>\n<\/div>\n<\/div>\n<\/div>\n<\/div>\n","protected":false},"excerpt":{"rendered":"<p>Une de mes recettes Ingr\u00e9dients pour 6 personnes Prix de revient pour 6 personnes 6\u20ac environ selon les magasins 200 g de saumon fum\u00e9 2 belles pommes de terre (cuites \u00e0 l&rsquo;eau) 1 petit bouquet de ciboulette (oubli\u00e9 sur la photo) 1 c \u00e0 s d&rsquo;ail semoule 2 c \u00e0 s de cr\u00e8me fra\u00eeche M\u00e9lange\u00a06 &hellip; <\/p>\n<p><a class=\"more-link btn\" href=\"http:\/\/recettes-gourmandes-de-joce.fr\/index.php\/index\/entrees\/entrees-chaudes\/tourtes-au-saumon-fume-et-leur-sauce-aux-crevettes-a-loseille\/\">Lire la suite<\/a><\/p>\n","protected":false},"author":2,"featured_media":83986,"parent":183,"menu_order":0,"comment_status":"open","ping_status":"closed","template":"","meta":{"footnotes":""},"class_list":["post-13406","page","type-page","status-publish","has-post-thumbnail","hentry","nodate","item-wrap"],"_links":{"self":[{"href":"http:\/\/recettes-gourmandes-de-joce.fr\/index.php\/wp-json\/wp\/v2\/pages\/13406","targetHints":{"allow":["GET"]}}],"collection":[{"href":"http:\/\/recettes-gourmandes-de-joce.fr\/index.php\/wp-json\/wp\/v2\/pages"}],"about":[{"href":"http:\/\/recettes-gourmandes-de-joce.fr\/index.php\/wp-json\/wp\/v2\/types\/page"}],"author":[{"embeddable":true,"href":"http:\/\/recettes-gourmandes-de-joce.fr\/index.php\/wp-json\/wp\/v2\/users\/2"}],"replies":[{"embeddable":true,"href":"http:\/\/recettes-gourmandes-de-joce.fr\/index.php\/wp-json\/wp\/v2\/comments?post=13406"}],"version-history":[{"count":8,"href":"http:\/\/recettes-gourmandes-de-joce.fr\/index.php\/wp-json\/wp\/v2\/pages\/13406\/revisions"}],"predecessor-version":[{"id":88733,"href":"http:\/\/recettes-gourmandes-de-joce.fr\/index.php\/wp-json\/wp\/v2\/pages\/13406\/revisions\/88733"}],"up":[{"embeddable":true,"href":"http:\/\/recettes-gourmandes-de-joce.fr\/index.php\/wp-json\/wp\/v2\/pages\/183"}],"wp:featuredmedia":[{"embeddable":true,"href":"http:\/\/recettes-gourmandes-de-joce.fr\/index.php\/wp-json\/wp\/v2\/media\/83986"}],"wp:attachment":[{"href":"http:\/\/recettes-gourmandes-de-joce.fr\/index.php\/wp-json\/wp\/v2\/media?parent=13406"}],"curies":[{"name":"wp","href":"https:\/\/api.w.org\/{rel}","templated":true}]}}