{"id":13241,"date":"2019-12-20T00:08:56","date_gmt":"2019-12-20T00:08:56","guid":{"rendered":"http:\/\/recettes-gourmandes-de-joce.fr\/?page_id=13241"},"modified":"2024-04-11T19:42:27","modified_gmt":"2024-04-11T19:42:27","slug":"verrines-de-mousses-de-fruits-rouges-coulis-de-fruits-rouges","status":"publish","type":"page","link":"http:\/\/recettes-gourmandes-de-joce.fr\/index.php\/index\/desserts\/cremes-mousses-flan\/verrines-de-mousses-de-fruits-rouges-coulis-de-fruits-rouges\/","title":{"rendered":"Verrines de mousses de fruits rouges, coulis de fruits rouges."},"content":{"rendered":"<p style=\"text-align: center;\"><span style=\"text-decoration: underline;\"><span style=\"color: #993366; text-decoration: underline;\"><em style=\"font-family: georgia, palatino, serif; font-size: 24px;\">Une de mes recettes<\/em><\/span><\/span><\/p>\n<p style=\"text-align: center;\"><span style=\"color: #993366;\"><span style=\"text-decoration: underline;\"><img loading=\"lazy\" decoding=\"async\" class=\"alignnone wp-image-13233\" src=\"http:\/\/recettes-gourmandes-de-joce.fr\/wp-content\/uploads\/2019\/12\/bis-5-150x150.jpg\" alt=\"\" width=\"282\" height=\"170\" srcset=\"http:\/\/recettes-gourmandes-de-joce.fr\/wp-content\/uploads\/2019\/12\/bis-5-300x181.jpg 300w, http:\/\/recettes-gourmandes-de-joce.fr\/wp-content\/uploads\/2019\/12\/bis-5.jpg 640w\" sizes=\"auto, (max-width: 282px) 100vw, 282px\" \/><\/span>\u00a0<img loading=\"lazy\" decoding=\"async\" class=\"alignnone wp-image-13235\" src=\"http:\/\/recettes-gourmandes-de-joce.fr\/wp-content\/uploads\/2019\/12\/bis-8-001-150x150.jpg\" alt=\"\" width=\"301\" height=\"170\" srcset=\"http:\/\/recettes-gourmandes-de-joce.fr\/wp-content\/uploads\/2019\/12\/bis-8-001-300x169.jpg 300w, http:\/\/recettes-gourmandes-de-joce.fr\/wp-content\/uploads\/2019\/12\/bis-8-001.jpg 640w\" sizes=\"auto, (max-width: 301px) 100vw, 301px\" \/><img loading=\"lazy\" decoding=\"async\" class=\"alignnone wp-image-13234\" src=\"http:\/\/recettes-gourmandes-de-joce.fr\/wp-content\/uploads\/2019\/12\/bis-6-150x150.jpg\" alt=\"\" width=\"273\" height=\"170\" srcset=\"http:\/\/recettes-gourmandes-de-joce.fr\/wp-content\/uploads\/2019\/12\/bis-6-300x187.jpg 300w, http:\/\/recettes-gourmandes-de-joce.fr\/wp-content\/uploads\/2019\/12\/bis-6.jpg 640w\" sizes=\"auto, (max-width: 273px) 100vw, 273px\" \/><\/span><\/p>\n<p style=\"text-align: center;\"><span style=\"font-family: georgia, palatino, serif; font-size: 18pt; color: #993366;\"><em><span style=\"text-decoration: underline;\">Ingr\u00e9dients pour 12 verrines<\/span><\/em><\/span><\/p>\n<p style=\"text-align: center;\"><span style=\"color: #993366;\"><img loading=\"lazy\" decoding=\"async\" class=\"alignnone wp-image-13230\" src=\"http:\/\/recettes-gourmandes-de-joce.fr\/wp-content\/uploads\/2019\/12\/Captures-d\u00e9cran200-150x150.jpg\" alt=\"\" width=\"193\" height=\"170\" srcset=\"http:\/\/recettes-gourmandes-de-joce.fr\/wp-content\/uploads\/2019\/12\/Captures-d\u00e9cran200-300x265.jpg 300w, http:\/\/recettes-gourmandes-de-joce.fr\/wp-content\/uploads\/2019\/12\/Captures-d\u00e9cran200.jpg 640w\" sizes=\"auto, (max-width: 193px) 100vw, 193px\" \/><\/span><\/p>\n<p style=\"text-align: center;\"><span style=\"color: #993366;\"><em><span style=\"font-size: 14pt; font-family: georgia, palatino, serif;\">12 petits suisses<\/span><\/em><\/span><\/p>\n<p style=\"text-align: center;\"><span style=\"color: #993366;\"><em><span style=\"font-size: 14pt; font-family: georgia, palatino, serif;\">3 c \u00e0 s de sucre glace<\/span><\/em><\/span><\/p>\n<p style=\"text-align: center;\"><span style=\"color: #993366;\"><em><span style=\"font-size: 14pt; font-family: georgia, palatino, serif;\">700 g de fruits rouges surgel\u00e9s<\/span><\/em><\/span><\/p>\n<p style=\"text-align: center;\"><span style=\"color: #993366;\"><em><span style=\"font-size: 14pt; font-family: georgia, palatino, serif;\">24 m\u00fbres <\/span><\/em><\/span><\/p>\n<p style=\"text-align: center;\"><span style=\"color: #993366;\"><em><span style=\"font-size: 14pt; font-family: georgia, palatino, serif;\">12 grappes de groseilles <\/span><\/em><\/span><\/p>\n<p style=\"text-align: center;\"><span style=\"color: #993366;\"><em><span style=\"font-size: 14pt; font-family: georgia, palatino, serif;\">Des cure-dents\u00a0<\/span><\/em><\/span><\/p>\n<p style=\"text-align: center;\"><span style=\"color: #993366;\"><em><span style=\"text-decoration: underline; font-size: 14pt; font-family: georgia, palatino, serif;\">Pour la chantilly<\/span><\/em><\/span><\/p>\n<p style=\"text-align: center;\"><span style=\"color: #993366;\"><em><span style=\"font-size: 14pt; font-family: georgia, palatino, serif;\">1 brique de cr\u00e8me liquide NON all\u00e9g\u00e9e<\/span><\/em><\/span><\/p>\n<p style=\"text-align: center;\"><span style=\"color: #993366;\"><em><span style=\"font-size: 14pt; font-family: georgia, palatino, serif;\">3 c \u00e0 s de sucre glace <\/span><\/em><\/span><\/p>\n<p style=\"text-align: center;\"><span style=\"color: #993366;\"><em><span style=\"font-size: 14pt; font-family: georgia, palatino, serif;\"><img loading=\"lazy\" decoding=\"async\" class=\"alignnone wp-image-13240\" src=\"http:\/\/recettes-gourmandes-de-joce.fr\/wp-content\/uploads\/2019\/12\/Logitech-Gaming-Software-20122019-001612-150x150.jpg\" alt=\"\" width=\"225\" height=\"160\" srcset=\"http:\/\/recettes-gourmandes-de-joce.fr\/wp-content\/uploads\/2019\/12\/Logitech-Gaming-Software-20122019-001612-300x213.jpg 300w, http:\/\/recettes-gourmandes-de-joce.fr\/wp-content\/uploads\/2019\/12\/Logitech-Gaming-Software-20122019-001612.jpg 640w\" sizes=\"auto, (max-width: 225px) 100vw, 225px\" \/> <img loading=\"lazy\" decoding=\"async\" class=\"alignnone wp-image-13231\" src=\"http:\/\/recettes-gourmandes-de-joce.fr\/wp-content\/uploads\/2019\/12\/Logitech-Gaming-Software-20122019-001616-150x150.jpg\" alt=\"\" width=\"224\" height=\"160\" srcset=\"http:\/\/recettes-gourmandes-de-joce.fr\/wp-content\/uploads\/2019\/12\/Logitech-Gaming-Software-20122019-001616-300x214.jpg 300w, http:\/\/recettes-gourmandes-de-joce.fr\/wp-content\/uploads\/2019\/12\/Logitech-Gaming-Software-20122019-001616.jpg 640w\" sizes=\"auto, (max-width: 224px) 100vw, 224px\" \/> <img loading=\"lazy\" decoding=\"async\" class=\"alignnone wp-image-13232\" src=\"http:\/\/recettes-gourmandes-de-joce.fr\/wp-content\/uploads\/2019\/12\/Logitech-Gaming-Software-20122019-001621-150x150.jpg\" alt=\"\" width=\"220\" height=\"160\" srcset=\"http:\/\/recettes-gourmandes-de-joce.fr\/wp-content\/uploads\/2019\/12\/Logitech-Gaming-Software-20122019-001621-300x218.jpg 300w, http:\/\/recettes-gourmandes-de-joce.fr\/wp-content\/uploads\/2019\/12\/Logitech-Gaming-Software-20122019-001621.jpg 640w\" sizes=\"auto, (max-width: 220px) 100vw, 220px\" \/><\/span><\/em><\/span><\/p>\n<p style=\"text-align: center;\"><span style=\"color: #993366;\"><em><span style=\"font-size: 14pt; font-family: georgia, palatino, serif;\">Mettre les fruits rouges dans le bol du mixeur (les laisser d\u00e9congeler un peu mais pas totalement). Mixer et ajouter 3 c \u00e0 s de sucre glace, m\u00e9langer. S\u00e9parer le coulis en deux de cette fa\u00e7on <sup>1<\/sup>\/<sub>3<\/sub>\u00a0 dans un bol et les\u00a0<sup>2<\/sup>\/<sub>3\u00a0<\/sub>restant dans le 2<sup>e\u00a0<\/sup>bol.<\/span><\/em><\/span><\/p>\n<p style=\"text-align: center;\"><span style=\"color: #993366;\"><em><span style=\"font-size: 14pt; font-family: georgia, palatino, serif;\"><img loading=\"lazy\" decoding=\"async\" class=\"alignnone wp-image-13242\" src=\"http:\/\/recettes-gourmandes-de-joce.fr\/wp-content\/uploads\/2019\/12\/Logitech-Gaming-Software-20122019-000403-150x150.jpg\" alt=\"\" width=\"182\" height=\"160\" srcset=\"http:\/\/recettes-gourmandes-de-joce.fr\/wp-content\/uploads\/2019\/12\/Logitech-Gaming-Software-20122019-000403-300x263.jpg 300w, http:\/\/recettes-gourmandes-de-joce.fr\/wp-content\/uploads\/2019\/12\/Logitech-Gaming-Software-20122019-000403.jpg 640w\" sizes=\"auto, (max-width: 182px) 100vw, 182px\" \/> <img loading=\"lazy\" decoding=\"async\" class=\"alignnone wp-image-13236\" src=\"http:\/\/recettes-gourmandes-de-joce.fr\/wp-content\/uploads\/2019\/12\/Logitech-Gaming-Software-20122019-000904.bmp-150x150.jpg\" alt=\"\" width=\"211\" height=\"160\" srcset=\"http:\/\/recettes-gourmandes-de-joce.fr\/wp-content\/uploads\/2019\/12\/Logitech-Gaming-Software-20122019-000904.bmp-300x227.jpg 300w, http:\/\/recettes-gourmandes-de-joce.fr\/wp-content\/uploads\/2019\/12\/Logitech-Gaming-Software-20122019-000904.bmp.jpg 640w\" sizes=\"auto, (max-width: 211px) 100vw, 211px\" \/> <img loading=\"lazy\" decoding=\"async\" class=\"alignnone wp-image-13237\" src=\"http:\/\/recettes-gourmandes-de-joce.fr\/wp-content\/uploads\/2019\/12\/Logitech-Gaming-Software-20122019-000906-150x150.jpg\" alt=\"\" width=\"180\" height=\"160\" srcset=\"http:\/\/recettes-gourmandes-de-joce.fr\/wp-content\/uploads\/2019\/12\/Logitech-Gaming-Software-20122019-000906-300x266.jpg 300w, http:\/\/recettes-gourmandes-de-joce.fr\/wp-content\/uploads\/2019\/12\/Logitech-Gaming-Software-20122019-000906.jpg 640w\" sizes=\"auto, (max-width: 180px) 100vw, 180px\" \/>\u00a0<\/span><\/em><\/span><\/p>\n<p style=\"text-align: center;\"><span style=\"color: #993366;\"><em><span style=\"font-size: 14pt; font-family: georgia, palatino, serif;\">Dans les\u00a0 <sup>2<\/sup>\/<sub>3\u00a0 <\/sub><\/span><\/em><em><span style=\"font-size: 14pt; font-family: georgia, palatino, serif;\">de coulis<\/span><\/em><em><span style=\"font-size: 14pt; font-family: georgia, palatino, serif;\">, ajouter les petits suisses, bien m\u00e9langer r\u00e9server au frais. Dans le bol du mixeur, mettre la cr\u00e8me liquide bien froide et ajouter 3 c \u00e0 s de sucre glace, mixer jusqu&rsquo;\u00e0 obtention d&rsquo;une chantilly (attention de ne pas trop mixer trop longtemps car elle va tourner en beurre).<\/span><\/em><\/span><\/p>\n<p style=\"text-align: center;\"><span style=\"color: #993366;\"><em><span style=\"font-size: 14pt; font-family: georgia, palatino, serif;\"><img loading=\"lazy\" decoding=\"async\" class=\"alignnone wp-image-13238\" src=\"http:\/\/recettes-gourmandes-de-joce.fr\/wp-content\/uploads\/2019\/12\/Logitech-Gaming-Software-20122019-000908-150x150.jpg\" alt=\"\" width=\"209\" height=\"160\" srcset=\"http:\/\/recettes-gourmandes-de-joce.fr\/wp-content\/uploads\/2019\/12\/Logitech-Gaming-Software-20122019-000908-300x229.jpg 300w, http:\/\/recettes-gourmandes-de-joce.fr\/wp-content\/uploads\/2019\/12\/Logitech-Gaming-Software-20122019-000908.jpg 640w\" sizes=\"auto, (max-width: 209px) 100vw, 209px\" \/> <img loading=\"lazy\" decoding=\"async\" class=\"alignnone wp-image-13239\" src=\"http:\/\/recettes-gourmandes-de-joce.fr\/wp-content\/uploads\/2019\/12\/Logitech-Gaming-Software-20122019-001239.bmp-001-150x150.jpg\" alt=\"\" width=\"226\" height=\"160\" srcset=\"http:\/\/recettes-gourmandes-de-joce.fr\/wp-content\/uploads\/2019\/12\/Logitech-Gaming-Software-20122019-001239.bmp-001-300x213.jpg 300w, http:\/\/recettes-gourmandes-de-joce.fr\/wp-content\/uploads\/2019\/12\/Logitech-Gaming-Software-20122019-001239.bmp-001.jpg 640w\" sizes=\"auto, (max-width: 226px) 100vw, 226px\" \/><\/span><\/em><\/span><\/p>\n<p style=\"text-align: center;\"><span style=\"color: #993366;\"><em><span style=\"font-size: 14pt; font-family: georgia, palatino, serif;\">Verser la chantilly dans le bol de fruits rouges et petits suisse, m\u00e9langer d\u00e9licatement pour ne pas faire retomber la chantilly. R\u00e9partir les <sup>1<\/sup>\/<sub>3<\/sub> de coulis dans les verrines, ajouter dessus la mousse de fruits rouges, d\u00e9corer chaque verrine avec 1 grappe de groseille et piquer deux m\u00fbres sur un cure-dents et l&rsquo;ajouter sur la verrine, saupoudrer d&rsquo;un nuage de sucre glace. R\u00e9server au frais jusqu&rsquo;au moment de servir.<\/span><\/em><\/span><\/p>\n<p style=\"text-align: center;\"><span style=\"color: #993366;\"><em><span style=\"font-size: 14pt; font-family: georgia, palatino, serif;\">Bonne d\u00e9gustation!<\/span><\/em><\/span><\/p>\n<p style=\"text-align: center;\"><em style=\"color: #993366;\"><span style=\"font-size: 14pt; font-family: georgia, palatino, serif;\"><img loading=\"lazy\" decoding=\"async\" class=\"alignnone wp-image-13234\" src=\"http:\/\/recettes-gourmandes-de-joce.fr\/wp-content\/uploads\/2019\/12\/bis-6-150x150.jpg\" alt=\"\" width=\"273\" height=\"170\" srcset=\"http:\/\/recettes-gourmandes-de-joce.fr\/wp-content\/uploads\/2019\/12\/bis-6-300x187.jpg 300w, http:\/\/recettes-gourmandes-de-joce.fr\/wp-content\/uploads\/2019\/12\/bis-6.jpg 640w\" sizes=\"auto, (max-width: 273px) 100vw, 273px\" \/><\/span><\/em><\/p>\n<p style=\"text-align: center;\"><span style=\"color: #993366;\"><em><span style=\"font-size: 14pt; font-family: georgia, palatino, serif;\"><img loading=\"lazy\" decoding=\"async\" class=\"alignnone wp-image-13235\" src=\"http:\/\/recettes-gourmandes-de-joce.fr\/wp-content\/uploads\/2019\/12\/bis-8-001-150x150.jpg\" alt=\"\" width=\"301\" height=\"170\" srcset=\"http:\/\/recettes-gourmandes-de-joce.fr\/wp-content\/uploads\/2019\/12\/bis-8-001-300x169.jpg 300w, http:\/\/recettes-gourmandes-de-joce.fr\/wp-content\/uploads\/2019\/12\/bis-8-001.jpg 640w\" sizes=\"auto, (max-width: 301px) 100vw, 301px\" \/>\u00a0<img loading=\"lazy\" decoding=\"async\" class=\"alignnone wp-image-13233\" src=\"http:\/\/recettes-gourmandes-de-joce.fr\/wp-content\/uploads\/2019\/12\/bis-5-150x150.jpg\" alt=\"\" width=\"282\" height=\"170\" srcset=\"http:\/\/recettes-gourmandes-de-joce.fr\/wp-content\/uploads\/2019\/12\/bis-5-300x181.jpg 300w, http:\/\/recettes-gourmandes-de-joce.fr\/wp-content\/uploads\/2019\/12\/bis-5.jpg 640w\" sizes=\"auto, (max-width: 282px) 100vw, 282px\" \/><\/span><\/em><\/span><\/p>\n<p style=\"text-align: center;\"><img loading=\"lazy\" decoding=\"async\" class=\"alignnone size-full wp-image-59803\" src=\"http:\/\/recettes-gourmandes-de-joce.fr\/wp-content\/uploads\/2024\/01\/logitech-gaming-software-14112014-121223.jpg\" alt=\"\" width=\"640\" height=\"144\" \/><\/p>\n","protected":false},"excerpt":{"rendered":"<p>Une de mes recettes \u00a0 Ingr\u00e9dients pour 12 verrines 12 petits suisses 3 c \u00e0 s de sucre glace 700 g de fruits rouges surgel\u00e9s 24 m\u00fbres 12 grappes de groseilles Des cure-dents\u00a0 Pour la chantilly 1 brique de cr\u00e8me liquide NON all\u00e9g\u00e9e 3 c \u00e0 s de sucre glace Mettre les fruits rouges dans &hellip; <\/p>\n<p><a class=\"more-link btn\" href=\"http:\/\/recettes-gourmandes-de-joce.fr\/index.php\/index\/desserts\/cremes-mousses-flan\/verrines-de-mousses-de-fruits-rouges-coulis-de-fruits-rouges\/\">Lire la suite<\/a><\/p>\n","protected":false},"author":2,"featured_media":68274,"parent":2951,"menu_order":0,"comment_status":"open","ping_status":"closed","template":"","meta":{"footnotes":""},"class_list":["post-13241","page","type-page","status-publish","has-post-thumbnail","hentry","nodate","item-wrap"],"_links":{"self":[{"href":"http:\/\/recettes-gourmandes-de-joce.fr\/index.php\/wp-json\/wp\/v2\/pages\/13241","targetHints":{"allow":["GET"]}}],"collection":[{"href":"http:\/\/recettes-gourmandes-de-joce.fr\/index.php\/wp-json\/wp\/v2\/pages"}],"about":[{"href":"http:\/\/recettes-gourmandes-de-joce.fr\/index.php\/wp-json\/wp\/v2\/types\/page"}],"author":[{"embeddable":true,"href":"http:\/\/recettes-gourmandes-de-joce.fr\/index.php\/wp-json\/wp\/v2\/users\/2"}],"replies":[{"embeddable":true,"href":"http:\/\/recettes-gourmandes-de-joce.fr\/index.php\/wp-json\/wp\/v2\/comments?post=13241"}],"version-history":[{"count":5,"href":"http:\/\/recettes-gourmandes-de-joce.fr\/index.php\/wp-json\/wp\/v2\/pages\/13241\/revisions"}],"predecessor-version":[{"id":68276,"href":"http:\/\/recettes-gourmandes-de-joce.fr\/index.php\/wp-json\/wp\/v2\/pages\/13241\/revisions\/68276"}],"up":[{"embeddable":true,"href":"http:\/\/recettes-gourmandes-de-joce.fr\/index.php\/wp-json\/wp\/v2\/pages\/2951"}],"wp:featuredmedia":[{"embeddable":true,"href":"http:\/\/recettes-gourmandes-de-joce.fr\/index.php\/wp-json\/wp\/v2\/media\/68274"}],"wp:attachment":[{"href":"http:\/\/recettes-gourmandes-de-joce.fr\/index.php\/wp-json\/wp\/v2\/media?parent=13241"}],"curies":[{"name":"wp","href":"https:\/\/api.w.org\/{rel}","templated":true}]}}