{"id":1315,"date":"2019-09-25T22:30:49","date_gmt":"2019-09-25T22:30:49","guid":{"rendered":"http:\/\/recettes-gourmandes-de-joce.fr\/?page_id=1315"},"modified":"2025-03-25T10:06:05","modified_gmt":"2025-03-25T10:06:05","slug":"patate-douce-rotie-aux-epices","status":"publish","type":"page","link":"http:\/\/recettes-gourmandes-de-joce.fr\/index.php\/index\/recettes-vegetariennes-vegan\/patate-douce-rotie-aux-epices\/","title":{"rendered":"Patate douce r\u00f4tie aux \u00e9pices."},"content":{"rendered":"<p style=\"text-align: center;\"><span style=\"color: #a52a2a;\"><span style=\"font-size: 18px;\"><em><u><span style=\"font-family: Georgia;\">D&rsquo;apr\u00e8s une recette du net<\/span><\/u><\/em><\/span><\/span><\/p>\n<p style=\"text-align: center;\"><a title=\"titre de l'image\" href=\"http:\/\/jocelyne.debon.free.fr\/patate-douce-rotie\/patate-douce-rotie1.JPG\" rel=\"iframe\"><span style=\"color: #a52a2a;\"><img decoding=\"async\" src=\"http:\/\/jocelyne.debon.free.fr\/patate-douce-rotie\/patate-douce-rotie1.JPG\" alt=\"\" width=\"230\" \/> <\/span><\/a><a title=\"titre de l'image\" href=\"http:\/\/jocelyne.debon.free.fr\/patate-douce-rotie\/patate-douce-rotie2.JPG\" rel=\"iframe\"><span style=\"color: #a52a2a;\"> <img decoding=\"async\" src=\"http:\/\/jocelyne.debon.free.fr\/patate-douce-rotie\/patate-douce-rotie2.JPG\" alt=\"\" width=\"230\" \/> <\/span><\/a><a title=\"titre de l'image\" href=\"http:\/\/jocelyne.debon.free.fr\/patate-douce-rotie\/patate-douce-rotie3.JPG\" rel=\"iframe\"><span style=\"color: #a52a2a;\"> <img decoding=\"async\" src=\"http:\/\/jocelyne.debon.free.fr\/patate-douce-rotie\/patate-douce-rotie3.JPG\" alt=\"\" width=\"230\" \/><\/span><\/a><\/p>\n<p style=\"text-align: center;\"><span style=\"color: #a52a2a;\"><span style=\"font-size: 24px;\"><span style=\"font-family: georgia,serif;\"><u><em>Ingr\u00e9dients pour 2 personnes<\/em><\/u><\/span><\/span><\/span><\/p>\n<p style=\"text-align: center;\"><span style=\"font-size: 20px;\"><span style=\"font-family: georgia,serif;\"><em><a title=\"titre de l'image\" href=\"http:\/\/jocelyne.debon.free.fr\/patate-douce-rotie\/patate-douce-rotie4.JPG\" rel=\"iframe\"><span style=\"color: #a52a2a;\"><img decoding=\"async\" src=\"http:\/\/jocelyne.debon.free.fr\/patate-douce-rotie\/patate-douce-rotie4.JPG\" alt=\"\" width=\"230\" \/><\/span><\/a><\/em><\/span><\/span><\/p>\n<p style=\"text-align: center;\"><span style=\"font-size: 14pt;\"><span style=\"font-family: georgia,serif;\"><em><span style=\"color: #a52a2a;\">1 patate douce<\/span><\/em><\/span><\/span><\/p>\n<p style=\"text-align: center;\"><span style=\"font-size: 14pt;\"><span style=\"font-family: georgia,serif;\"><em><span style=\"color: #a52a2a;\">1citron<\/span><\/em><\/span><\/span><\/p>\n<p style=\"text-align: center;\"><span style=\"font-size: 14pt;\"><span style=\"font-family: georgia,serif;\"><em><span style=\"color: #a52a2a;\">1 petit bouquet de persil plat<\/span><\/em><\/span><\/span><\/p>\n<p style=\"text-align: center;\"><span style=\"font-size: 14pt;\"><span style=\"font-family: georgia,serif;\"><em><span style=\"color: #a52a2a;\">2 petites pinc\u00e9es d&rsquo;\u00e9pices loubia d\u00e9tails sur ce lien-&gt; \u00c9pic\u00e9too<\/span><\/em><\/span><\/span><\/p>\n<p style=\"text-align: center;\"><span style=\"font-size: 14pt;\"><span style=\"font-family: georgia,serif;\"><em><span style=\"color: #a52a2a;\">2 c \u00e0 c de paprika fum\u00e9 <\/span><\/em><\/span><em><span style=\"color: #a52a2a; font-family: Georgia;\">d\u00e9tails sur ce lien-&gt; \u00c9pic\u00e9too<\/span><\/em><\/span><\/p>\n<p style=\"text-align: center;\"><span style=\"font-size: 14pt;\"><span style=\"font-family: georgia,serif;\"><em><span style=\"color: #a52a2a;\">1 c \u00e0 s de sirop d&rsquo;\u00e9rable<\/span><\/em><\/span><\/span><\/p>\n<p style=\"text-align: center;\"><span style=\"font-size: 14pt;\"><span style=\"font-family: georgia,serif;\"><em><span style=\"color: #a52a2a;\">Huile d&rsquo;olive<\/span><\/em><\/span><\/span><\/p>\n<p style=\"text-align: center;\"><span style=\"font-size: 14pt;\"><span style=\"font-family: georgia,serif;\"><em><span style=\"color: #a52a2a;\">Sel et poivre<\/span><\/em><\/span><\/span><\/p>\n<p style=\"text-align: center;\"><span style=\"font-size: 14pt;\"><span style=\"font-family: georgia,serif;\"><em><a title=\"titre de l'image\" href=\"http:\/\/jocelyne.debon.free.fr\/patate-douce-rotie\/patate-douce-rotie5.JPG\" rel=\"iframe\"><span style=\"color: #a52a2a;\"><img decoding=\"async\" src=\"http:\/\/jocelyne.debon.free.fr\/patate-douce-rotie\/patate-douce-rotie5.JPG\" alt=\"\" width=\"230\" \/> <\/span><\/a><a title=\"titre de l'image\" href=\"http:\/\/jocelyne.debon.free.fr\/patate-douce-rotie\/patate-douce-rotie6.JPG\" rel=\"iframe\"><span style=\"color: #a52a2a;\"> <img decoding=\"async\" src=\"http:\/\/jocelyne.debon.free.fr\/patate-douce-rotie\/patate-douce-rotie6.JPG\" alt=\"\" width=\"230\" \/> <\/span><\/a><a title=\"titre de l'image\" href=\"http:\/\/jocelyne.debon.free.fr\/patate-douce-rotie\/patate-douce-rotie7.JPG\" rel=\"iframe\"><span style=\"color: #a52a2a;\"> <img decoding=\"async\" src=\"http:\/\/jocelyne.debon.free.fr\/patate-douce-rotie\/patate-douce-rotie7.JPG\" alt=\"\" width=\"230\" \/><\/span><\/a><\/em><\/span><\/span><\/p>\n<p style=\"text-align: center;\"><span style=\"font-size: 14pt;\"><span style=\"font-family: georgia,serif;\"><em><span style=\"color: #a52a2a;\">Laver et ciseler le persil, couper la patate douce en deux dans le sens de la longueur. Enduire chaque face d&rsquo;huile d&rsquo;olive, saler et poivrer.<\/span><\/em><\/span><\/span><\/p>\n<p style=\"text-align: center;\"><span style=\"font-size: 14pt;\"><span style=\"font-family: georgia,serif;\"><em><a title=\"titre de l'image\" href=\"http:\/\/jocelyne.debon.free.fr\/patate-douce-rotie\/patate-douce-rotie8.JPG\" rel=\"iframe\"><span style=\"color: #a52a2a;\"><img decoding=\"async\" src=\"http:\/\/jocelyne.debon.free.fr\/patate-douce-rotie\/patate-douce-rotie8.JPG\" alt=\"\" width=\"230\" \/> <\/span><\/a><a title=\"titre de l'image\" href=\"http:\/\/jocelyne.debon.free.fr\/patate-douce-rotie\/patate-douce-rotie9.JPG\" rel=\"iframe\"><span style=\"color: #a52a2a;\"> <img decoding=\"async\" src=\"http:\/\/jocelyne.debon.free.fr\/patate-douce-rotie\/patate-douce-rotie9.JPG\" alt=\"\" width=\"230\" \/> <\/span><\/a><a title=\"titre de l'image\" href=\"http:\/\/jocelyne.debon.free.fr\/patate-douce-rotie\/patate-douce-rotie10.JPG\" rel=\"iframe\"><span style=\"color: #a52a2a;\"> <img decoding=\"async\" src=\"http:\/\/jocelyne.debon.free.fr\/patate-douce-rotie\/patate-douce-rotie10.JPG\" alt=\"\" width=\"230\" \/><\/span><\/a><\/em><\/span><\/span><\/p>\n<p style=\"text-align: center;\"><span style=\"font-size: 14pt;\"><span style=\"font-family: georgia,serif;\"><em><span style=\"color: #a52a2a;\">Ensuite quadrillez chaque face avec la pointe d&rsquo;un couteau. R\u00e9partir les \u00e9pices loubia et le paprika fum\u00e9. D\u00e9poser les patates douces sur un papier sulfuris\u00e9 et enfourner environ 30 minutes selon les fours, surveiller la cuisson et la coloration.<\/span><\/em><\/span><\/span><\/p>\n<p style=\"text-align: center;\"><span style=\"font-size: 14pt;\"><span style=\"font-family: georgia,serif;\"><em><a title=\"titre de l'image\" href=\"http:\/\/jocelyne.debon.free.fr\/patate-douce-rotie\/patate-douce-rotie11.JPG\" rel=\"iframe\"><span style=\"color: #a52a2a;\"><img decoding=\"async\" src=\"http:\/\/jocelyne.debon.free.fr\/patate-douce-rotie\/patate-douce-rotie11.JPG\" alt=\"\" width=\"230\" \/> <\/span><\/a><a title=\"titre de l'image\" href=\"http:\/\/jocelyne.debon.free.fr\/patate-douce-rotie\/patate-douce-rotie12.JPG\" rel=\"iframe\"><span style=\"color: #a52a2a;\"> <img decoding=\"async\" src=\"http:\/\/jocelyne.debon.free.fr\/patate-douce-rotie\/patate-douce-rotie12.JPG\" alt=\"\" width=\"248\" \/><\/span><\/a><\/em><\/span><\/span><\/p>\n<p style=\"text-align: center;\"><span style=\"color: #a52a2a; font-size: 14pt;\"><span style=\"font-family: georgia,serif;\"><em>Au bout de 30 minutes, enduire chaque face d&rsquo;un peu de sirop d&rsquo;\u00e9rable et enfourner \u00e0 nouveau 5 minutes. \u00c0 la sortie du four, r\u00e9partir un peu de jus de citron et de persil hach\u00e9.<\/em><\/span><\/span><\/p>\n<p style=\"text-align: center;\"><span style=\"color: #a52a2a; font-size: 14pt;\"><span style=\"font-family: georgia,serif;\"><em>Bon app\u00e9tit!<\/em><\/span><\/span><\/p>\n<p style=\"text-align: center;\"><a title=\"titre de l'image\" href=\"http:\/\/jocelyne.debon.free.fr\/patate-douce-rotie\/patate-douce-rotie13.JPG\" rel=\"iframe\"><img decoding=\"async\" src=\"http:\/\/jocelyne.debon.free.fr\/patate-douce-rotie\/patate-douce-rotie13.JPG\" alt=\"\" width=\"230\" \/> <\/a><a title=\"titre de l'image\" href=\"http:\/\/jocelyne.debon.free.fr\/patate-douce-rotie\/patate-douce-rotie14.JPG\" rel=\"iframe\"> <img decoding=\"async\" src=\"http:\/\/jocelyne.debon.free.fr\/patate-douce-rotie\/patate-douce-rotie14.JPG\" alt=\"\" width=\"230\" \/> <\/a><a title=\"titre de l'image\" href=\"http:\/\/jocelyne.debon.free.fr\/patate-douce-rotie\/patate-douce-rotie15.JPG\" rel=\"iframe\"> <img decoding=\"async\" src=\"http:\/\/jocelyne.debon.free.fr\/patate-douce-rotie\/patate-douce-rotie15.JPG\" alt=\"\" width=\"310\" \/><\/a><\/p>\n<p style=\"text-align: center;\"><img loading=\"lazy\" decoding=\"async\" class=\"alignnone wp-image-37354 size-full\" src=\"http:\/\/recettes-gourmandes-de-joce.fr\/wp-content\/uploads\/2021\/06\/logitech-gaming-software-14112014-121223.jpg\" alt=\"\" width=\"640\" height=\"144\" srcset=\"http:\/\/recettes-gourmandes-de-joce.fr\/wp-content\/uploads\/2021\/06\/logitech-gaming-software-14112014-121223.jpg 640w, http:\/\/recettes-gourmandes-de-joce.fr\/wp-content\/uploads\/2021\/06\/logitech-gaming-software-14112014-121223-300x68.jpg 300w\" sizes=\"auto, (max-width: 640px) 100vw, 640px\" \/><\/p>\n<h3>Commentaires\u00a0<small>(2)<\/small><\/h3>\n<div class=\"items-container\">\n<div class=\"item item-comment media\">\n<div class=\"pull-left\">\n<p>&nbsp;<\/p>\n<p><img decoding=\"async\" class=\"media-object lazy-loaded\" src=\"https:\/\/www.gravatar.com\/avatar\/88547f540c6962ba8b637488a13409b9?d=https%3A%2F%2Fwww.recettes-gourmandes-de-joce.com%2Fmedias%2Fstatic%2Fmanager%2Fim%2Favatar.png?s=50&amp;d=mm\" alt=\"rita siffert\" width=\"50\" data-lazy-type=\"image\" data-src=\"https:\/\/www.gravatar.com\/avatar\/88547f540c6962ba8b637488a13409b9?d=https%3A%2F%2Fwww.recettes-gourmandes-de-joce.com%2Fmedias%2Fstatic%2Fmanager%2Fim%2Favatar.png?s=50&amp;d=mm\" \/><\/p>\n<\/div>\n<div class=\"media-body\">\n<ul class=\"inline item-infos\">\n<li><span class=\"comment-number\">1.<\/span>\u00a0<span class=\"comment-author\"><strong>rita siffert<\/strong>\u00a0(<a rel=\"nofollow\">site web<\/a>)<\/span>\u00a0<span class=\"comment-date\">| 31\/07\/2017<\/span><\/li>\n<\/ul>\n<div class=\"comment-content\">magnifique cette patate douce, elle va passer \u00e0 la casserole tr\u00e8s vite. Merci pour l\u2019id\u00e9e !<\/div>\n<div class=\"item item-comment media by-webmaster\">\n<div class=\"pull-left\">\n<p>&nbsp;<\/p>\n<\/div>\n<div class=\"media-body\">\n<ul class=\"inline item-infos\">\n<li><span class=\"comment-author\"><strong>jocelyne debon<\/strong>\u00a0(<a rel=\"nofollow\">site web<\/a>)<\/span>\u00a0<span class=\"comment-date\">| 01\/08\/2017<\/span><\/li>\n<\/ul>\n<div class=\"comment-content\">De rien avec plaisir, ravie que cette recette vous plaise,<\/div>\n<div class=\"comment-content\">Au plaisir<\/div>\n<div class=\"comment-content\">Amicalement Joce<\/div>\n<\/div>\n<\/div>\n<\/div>\n<\/div>\n<\/div>\n","protected":false},"excerpt":{"rendered":"<p>D&rsquo;apr\u00e8s une recette du net Ingr\u00e9dients pour 2 personnes 1 patate douce 1citron 1 petit bouquet de persil plat 2 petites pinc\u00e9es d&rsquo;\u00e9pices loubia d\u00e9tails sur ce lien-&gt; \u00c9pic\u00e9too 2 c \u00e0 c de paprika fum\u00e9 d\u00e9tails sur ce lien-&gt; \u00c9pic\u00e9too 1 c \u00e0 s de sirop d&rsquo;\u00e9rable Huile d&rsquo;olive Sel et poivre Laver et &hellip; <\/p>\n<p><a class=\"more-link btn\" href=\"http:\/\/recettes-gourmandes-de-joce.fr\/index.php\/index\/recettes-vegetariennes-vegan\/patate-douce-rotie-aux-epices\/\">Lire la suite<\/a><\/p>\n","protected":false},"author":2,"featured_media":68984,"parent":999,"menu_order":0,"comment_status":"open","ping_status":"closed","template":"","meta":{"footnotes":""},"class_list":["post-1315","page","type-page","status-publish","has-post-thumbnail","hentry","nodate","item-wrap"],"_links":{"self":[{"href":"http:\/\/recettes-gourmandes-de-joce.fr\/index.php\/wp-json\/wp\/v2\/pages\/1315","targetHints":{"allow":["GET"]}}],"collection":[{"href":"http:\/\/recettes-gourmandes-de-joce.fr\/index.php\/wp-json\/wp\/v2\/pages"}],"about":[{"href":"http:\/\/recettes-gourmandes-de-joce.fr\/index.php\/wp-json\/wp\/v2\/types\/page"}],"author":[{"embeddable":true,"href":"http:\/\/recettes-gourmandes-de-joce.fr\/index.php\/wp-json\/wp\/v2\/users\/2"}],"replies":[{"embeddable":true,"href":"http:\/\/recettes-gourmandes-de-joce.fr\/index.php\/wp-json\/wp\/v2\/comments?post=1315"}],"version-history":[{"count":7,"href":"http:\/\/recettes-gourmandes-de-joce.fr\/index.php\/wp-json\/wp\/v2\/pages\/1315\/revisions"}],"predecessor-version":[{"id":93966,"href":"http:\/\/recettes-gourmandes-de-joce.fr\/index.php\/wp-json\/wp\/v2\/pages\/1315\/revisions\/93966"}],"up":[{"embeddable":true,"href":"http:\/\/recettes-gourmandes-de-joce.fr\/index.php\/wp-json\/wp\/v2\/pages\/999"}],"wp:featuredmedia":[{"embeddable":true,"href":"http:\/\/recettes-gourmandes-de-joce.fr\/index.php\/wp-json\/wp\/v2\/media\/68984"}],"wp:attachment":[{"href":"http:\/\/recettes-gourmandes-de-joce.fr\/index.php\/wp-json\/wp\/v2\/media?parent=1315"}],"curies":[{"name":"wp","href":"https:\/\/api.w.org\/{rel}","templated":true}]}}