{"id":13030,"date":"2019-12-17T10:37:45","date_gmt":"2019-12-17T10:37:45","guid":{"rendered":"http:\/\/recettes-gourmandes-de-joce.fr\/?page_id=13030"},"modified":"2026-03-15T00:23:00","modified_gmt":"2026-03-15T00:23:00","slug":"chapon-au-riesling-en-petites-cocottes-ou-restes-de-volailles-rotie","status":"publish","type":"page","link":"http:\/\/recettes-gourmandes-de-joce.fr\/index.php\/index\/viandes\/volailles\/poulet-poule-poularde-coq-coquelet\/chapon-au-riesling-en-petites-cocottes-ou-restes-de-volailles-rotie\/","title":{"rendered":"Chapon au Riesling en petites cocottes ou restes de volailles r\u00f4tie."},"content":{"rendered":"<p style=\"text-align: center;\"><span style=\"font-size: x-large; text-decoration: underline; font-family: georgia, palatino, serif;\"><em><span style=\"color: #ff9900; text-decoration: underline;\">Une de mes recettes<\/span><\/em><\/span><\/p>\n<p style=\"text-align: center;\"><span style=\"font-family: georgia, palatino, serif;\"><img loading=\"lazy\" decoding=\"async\" class=\"alignnone wp-image-13026\" src=\"http:\/\/recettes-gourmandes-de-joce.fr\/wp-content\/uploads\/2019\/12\/chapon-au-riesling-08-150x150.jpg\" alt=\"\" width=\"253\" height=\"190\" srcset=\"http:\/\/recettes-gourmandes-de-joce.fr\/wp-content\/uploads\/2019\/12\/chapon-au-riesling-08-300x225.jpg 300w, http:\/\/recettes-gourmandes-de-joce.fr\/wp-content\/uploads\/2019\/12\/chapon-au-riesling-08.jpg 640w\" sizes=\"auto, (max-width: 253px) 100vw, 253px\" \/> <img loading=\"lazy\" decoding=\"async\" class=\"alignnone wp-image-13025\" src=\"http:\/\/recettes-gourmandes-de-joce.fr\/wp-content\/uploads\/2019\/12\/chapon-au-riesling-07-150x150.jpg\" alt=\"\" width=\"108\" height=\"190\" srcset=\"http:\/\/recettes-gourmandes-de-joce.fr\/wp-content\/uploads\/2019\/12\/chapon-au-riesling-07-171x300.jpg 171w, http:\/\/recettes-gourmandes-de-joce.fr\/wp-content\/uploads\/2019\/12\/chapon-au-riesling-07.jpg 342w\" sizes=\"auto, (max-width: 108px) 100vw, 108px\" \/> <img loading=\"lazy\" decoding=\"async\" class=\"alignnone wp-image-13011\" src=\"http:\/\/recettes-gourmandes-de-joce.fr\/wp-content\/uploads\/2019\/12\/chapon-au-riesling-10-150x150.jpg\" alt=\"\" width=\"218\" height=\"190\" srcset=\"http:\/\/recettes-gourmandes-de-joce.fr\/wp-content\/uploads\/2019\/12\/chapon-au-riesling-10-300x262.jpg 300w, http:\/\/recettes-gourmandes-de-joce.fr\/wp-content\/uploads\/2019\/12\/chapon-au-riesling-10.jpg 640w\" sizes=\"auto, (max-width: 218px) 100vw, 218px\" \/><\/span><\/p>\n<p style=\"text-align: center;\"><span style=\"font-size: x-large; text-decoration: underline; font-family: georgia, palatino, serif;\"><em><span style=\"color: #ff9900; text-decoration: underline;\">Ingr\u00e9dients pour 12 personnes<\/span><\/em><\/span><\/p>\n<p style=\"text-align: center;\"><span style=\"font-family: georgia, palatino, serif;\"><img loading=\"lazy\" decoding=\"async\" class=\"alignnone wp-image-13012\" src=\"http:\/\/recettes-gourmandes-de-joce.fr\/wp-content\/uploads\/2019\/12\/chapon-au-riesling-01-150x150.jpg\" alt=\"\" width=\"163\" height=\"200\" srcset=\"http:\/\/recettes-gourmandes-de-joce.fr\/wp-content\/uploads\/2019\/12\/chapon-au-riesling-01-245x300.jpg 245w, http:\/\/recettes-gourmandes-de-joce.fr\/wp-content\/uploads\/2019\/12\/chapon-au-riesling-01.jpg 490w\" sizes=\"auto, (max-width: 163px) 100vw, 163px\" \/><\/span><\/p>\n<p style=\"text-align: center;\"><span style=\"font-size: large; font-family: georgia, palatino, serif;\"><em><span style=\"color: #ff9900;\">\u00c0 r\u00e9aliser aussi avec un reste de volaille r\u00f4tie<\/span><\/em><\/span><\/p>\n<p style=\"text-align: center;\"><span style=\"font-size: large; font-family: georgia, palatino, serif;\"><em><span style=\"color: #ff9900;\">1 chapon ou selon vos go\u00fbts une dinde, poularde, pintade ou m\u00eame poulet<\/span><\/em><\/span><\/p>\n<p style=\"text-align: center;\"><span style=\"font-size: large; font-family: georgia, palatino, serif;\"><em><span style=\"color: #ff9900;\">2 \u00e9chalotes <\/span><\/em><\/span><\/p>\n<p style=\"text-align: center;\"><span style=\"font-size: large; font-family: georgia, palatino, serif;\"><em><span style=\"color: #ff9900;\">200 g de champignons des bois (shii tak\u00e9) <\/span><\/em><\/span><\/p>\n<p style=\"text-align: center;\"><span style=\"font-size: large; font-family: georgia, palatino, serif;\"><em><span style=\"color: #ff9900;\">3 belles c \u00e0 soupe de cr\u00e8me fra\u00eeche <\/span><\/em><\/span><\/p>\n<p style=\"text-align: center;\"><span style=\"font-size: large; font-family: georgia, palatino, serif;\"><em><span style=\"color: #ff9900;\">2 c \u00e0 s de fond de volaille (oubli\u00e9 sur la photo)<\/span><\/em><\/span><\/p>\n<p style=\"text-align: center;\"><span style=\"font-size: large; font-family: georgia, palatino, serif;\"><em><span style=\"color: #ff9900;\">125 ml de riesling ( \u00e0 d\u00e9faut un autre vin blanc ou encore du cr\u00e9ment ou champagne) <\/span><\/em><\/span><\/p>\n<p style=\"text-align: center;\"><span style=\"font-size: large; font-family: georgia, palatino, serif;\"><em><span style=\"color: #ff9900;\">Sel et poivre <\/span><\/em><\/span><\/p>\n<p style=\"text-align: center;\"><span style=\"font-size: large; font-family: georgia, palatino, serif;\"><em><span style=\"color: #ff9900;\"><span style=\"text-decoration: underline;\">Pour la cuisson du chapon<\/span>\u00a0<\/span><\/em><\/span><\/p>\n<p style=\"text-align: center;\"><span style=\"font-size: large; font-family: georgia, palatino, serif;\"><em><span style=\"color: #ff9900;\">Sel et poivre <\/span><\/em><\/span><\/p>\n<p style=\"text-align: center;\"><span style=\"font-size: large; font-family: georgia, palatino, serif;\"><em><span style=\"color: #ff9900;\">Huile d&rsquo;olive <\/span><\/em><\/span><\/p>\n<p style=\"text-align: center;\"><span style=\"font-size: large; font-family: georgia, palatino, serif;\"><em><span style=\"color: #ff9900;\">2 gros oignons <\/span><\/em><\/span><\/p>\n<p style=\"text-align: center;\"><span style=\"font-size: large; font-family: georgia, palatino, serif;\"><em><span style=\"color: #ff9900;\">1 peu d&rsquo;herbes de Provence <\/span><\/em><\/span><\/p>\n<p style=\"text-align: center;\"><span style=\"font-size: large; font-family: georgia, palatino, serif;\"><em><span style=\"color: #ff9900;\">1 verre d&rsquo;eau <\/span><\/em><\/span><\/p>\n<p style=\"text-align: center;\"><span style=\"font-size: large; font-family: georgia, palatino, serif;\"><em><span style=\"color: #ff9900;\">Vous pouvez aussi laisser entier votre chapon et r\u00e9aliser la sauce que vous servirez avec les morceaux de chapon.<br \/>\n<img loading=\"lazy\" decoding=\"async\" class=\"alignnone wp-image-13027\" src=\"http:\/\/recettes-gourmandes-de-joce.fr\/wp-content\/uploads\/2019\/12\/PC240382-150x150.jpg\" alt=\"\" width=\"227\" height=\"170\" srcset=\"http:\/\/recettes-gourmandes-de-joce.fr\/wp-content\/uploads\/2019\/12\/PC240382-300x225.jpg 300w, http:\/\/recettes-gourmandes-de-joce.fr\/wp-content\/uploads\/2019\/12\/PC240382.jpg 550w\" sizes=\"auto, (max-width: 227px) 100vw, 227px\" \/> <img loading=\"lazy\" decoding=\"async\" class=\"alignnone wp-image-13028\" src=\"http:\/\/recettes-gourmandes-de-joce.fr\/wp-content\/uploads\/2019\/12\/PC240410-150x150.jpg\" alt=\"\" width=\"251\" height=\"170\" srcset=\"http:\/\/recettes-gourmandes-de-joce.fr\/wp-content\/uploads\/2019\/12\/PC240410-300x203.jpg 300w, http:\/\/recettes-gourmandes-de-joce.fr\/wp-content\/uploads\/2019\/12\/PC240410.jpg 550w\" sizes=\"auto, (max-width: 251px) 100vw, 251px\" \/> <img loading=\"lazy\" decoding=\"async\" class=\"alignnone wp-image-13029\" src=\"http:\/\/recettes-gourmandes-de-joce.fr\/wp-content\/uploads\/2019\/12\/PC240439-150x150.jpg\" alt=\"\" width=\"213\" height=\"170\" srcset=\"http:\/\/recettes-gourmandes-de-joce.fr\/wp-content\/uploads\/2019\/12\/PC240439-300x239.jpg 300w, http:\/\/recettes-gourmandes-de-joce.fr\/wp-content\/uploads\/2019\/12\/PC240439.jpg 550w\" sizes=\"auto, (max-width: 213px) 100vw, 213px\" \/><br \/>\n<\/span><\/em><\/span><\/p>\n<p style=\"text-align: center;\"><span style=\"font-size: large; font-family: georgia, palatino, serif;\"><em><span style=\"color: #ff9900;\">Mettre le chapon dans un plat. <\/span><\/em><em><span style=\"color: #ff9900;\">Hacher les oignons, en mettre l&rsquo;\u00e9quivalent d&rsquo;un dans le chapon et le deuxi\u00e8me autour, arroser d&rsquo;un filet d&rsquo;huile d&rsquo;olive, saler et poivrer, saupoudrer d&rsquo;herbes de Provence.\u00a0Ajouter\u00a0un verre d&rsquo;eau et enfourner2h selon son poids et selon les fours\u00a0\u00e0 230\u00b0. Arroser le de temps en temps durant la cuisson. Laisser le ensuite refroidir.<\/span><\/em><\/span><\/p>\n<p style=\"text-align: center;\"><span style=\"font-family: georgia, palatino, serif;\"><img loading=\"lazy\" decoding=\"async\" class=\"alignnone wp-image-13013\" src=\"http:\/\/recettes-gourmandes-de-joce.fr\/wp-content\/uploads\/2019\/12\/chapon-au-riesling-03-150x150.jpg\" alt=\"\" width=\"172\" height=\"170\" srcset=\"http:\/\/recettes-gourmandes-de-joce.fr\/wp-content\/uploads\/2019\/12\/chapon-au-riesling-03-300x296.jpg 300w, http:\/\/recettes-gourmandes-de-joce.fr\/wp-content\/uploads\/2019\/12\/chapon-au-riesling-03.jpg 464w\" sizes=\"auto, (max-width: 172px) 100vw, 172px\" \/> <img loading=\"lazy\" decoding=\"async\" class=\"alignnone wp-image-13014\" src=\"http:\/\/recettes-gourmandes-de-joce.fr\/wp-content\/uploads\/2019\/12\/chapon-au-riesling-03-001-150x150.jpg\" alt=\"\" width=\"170\" height=\"170\" srcset=\"http:\/\/recettes-gourmandes-de-joce.fr\/wp-content\/uploads\/2019\/12\/chapon-au-riesling-03-001-150x150.jpg 150w, http:\/\/recettes-gourmandes-de-joce.fr\/wp-content\/uploads\/2019\/12\/chapon-au-riesling-03-001-300x300.jpg 300w, http:\/\/recettes-gourmandes-de-joce.fr\/wp-content\/uploads\/2019\/12\/chapon-au-riesling-03-001.jpg 457w\" sizes=\"auto, (max-width: 170px) 100vw, 170px\" \/> <img loading=\"lazy\" decoding=\"async\" class=\"alignnone wp-image-13015\" src=\"http:\/\/recettes-gourmandes-de-joce.fr\/wp-content\/uploads\/2019\/12\/chapon-au-riesling-03-002-150x150.jpg\" alt=\"\" width=\"171\" height=\"170\" srcset=\"http:\/\/recettes-gourmandes-de-joce.fr\/wp-content\/uploads\/2019\/12\/chapon-au-riesling-03-002-150x150.jpg 150w, http:\/\/recettes-gourmandes-de-joce.fr\/wp-content\/uploads\/2019\/12\/chapon-au-riesling-03-002-300x300.jpg 300w, http:\/\/recettes-gourmandes-de-joce.fr\/wp-content\/uploads\/2019\/12\/chapon-au-riesling-03-002.jpg 455w\" sizes=\"auto, (max-width: 171px) 100vw, 171px\" \/><\/span><\/p>\n<p style=\"text-align: center;\"><span style=\"font-size: large; font-family: georgia, palatino, serif;\"><em><span style=\"color: #ff9900;\">\u00a0Lorsqu&rsquo;il est bien froid, r\u00e9server le jus de cuisson et le d\u00e9sosser, couper ensuite la viande en morceaux pas trop petits. Faite chauffer le jus de cuisson et filtrer le dans un chinois.<\/span><\/em><\/span><\/p>\n<p style=\"text-align: center;\"><span style=\"font-family: georgia, palatino, serif;\"><img loading=\"lazy\" decoding=\"async\" class=\"alignnone wp-image-13016\" src=\"http:\/\/recettes-gourmandes-de-joce.fr\/wp-content\/uploads\/2019\/12\/chapon-au-riesling-04-150x150.jpg\" alt=\"\" width=\"169\" height=\"170\" srcset=\"http:\/\/recettes-gourmandes-de-joce.fr\/wp-content\/uploads\/2019\/12\/chapon-au-riesling-04-150x150.jpg 150w, http:\/\/recettes-gourmandes-de-joce.fr\/wp-content\/uploads\/2019\/12\/chapon-au-riesling-04-297x300.jpg 297w, http:\/\/recettes-gourmandes-de-joce.fr\/wp-content\/uploads\/2019\/12\/chapon-au-riesling-04.jpg 457w\" sizes=\"auto, (max-width: 169px) 100vw, 169px\" \/> <img loading=\"lazy\" decoding=\"async\" class=\"alignnone wp-image-13017\" src=\"http:\/\/recettes-gourmandes-de-joce.fr\/wp-content\/uploads\/2019\/12\/chapon-au-riesling-04-001-150x150.jpg\" alt=\"\" width=\"173\" height=\"170\" srcset=\"http:\/\/recettes-gourmandes-de-joce.fr\/wp-content\/uploads\/2019\/12\/chapon-au-riesling-04-001-300x294.jpg 300w, http:\/\/recettes-gourmandes-de-joce.fr\/wp-content\/uploads\/2019\/12\/chapon-au-riesling-04-001.jpg 459w\" sizes=\"auto, (max-width: 173px) 100vw, 173px\" \/> <img loading=\"lazy\" decoding=\"async\" class=\"alignnone wp-image-13018\" src=\"http:\/\/recettes-gourmandes-de-joce.fr\/wp-content\/uploads\/2019\/12\/chapon-au-riesling-04-002-150x150.jpg\" alt=\"\" width=\"171\" height=\"170\" srcset=\"http:\/\/recettes-gourmandes-de-joce.fr\/wp-content\/uploads\/2019\/12\/chapon-au-riesling-04-002-150x150.jpg 150w, http:\/\/recettes-gourmandes-de-joce.fr\/wp-content\/uploads\/2019\/12\/chapon-au-riesling-04-002-300x300.jpg 300w, http:\/\/recettes-gourmandes-de-joce.fr\/wp-content\/uploads\/2019\/12\/chapon-au-riesling-04-002.jpg 459w\" sizes=\"auto, (max-width: 171px) 100vw, 171px\" \/><\/span><\/p>\n<p style=\"text-align: center;\"><span style=\"font-size: large; font-family: georgia, palatino, serif;\"><em><span style=\"color: #ff9900;\">\u00a0Laisser le refroidir ensuite afin que le gras remonte en surface et d\u00e9licatement\u00a0<\/span><\/em><\/span><em style=\"font-family: georgia, palatino, serif; font-size: large;\"><span style=\"color: #ff9900;\">l&rsquo;<\/span><\/em><span style=\"font-size: large; font-family: georgia, palatino, serif;\"><em><span style=\"color: #ff9900;\">enlever avec une \u00e9cumoire. Peler et hacher les \u00e9chalotes et les faire dorer l\u00e9g\u00e8rement dans un peu de beurre. <\/span><\/em><\/span><em style=\"font-family: georgia, palatino, serif; font-size: large;\"><span style=\"color: #ff9900;\">Ajouter les champignons nettoy\u00e9s et laisser mijoter quelques instants.\u00a0<\/span><\/em><\/p>\n<p style=\"text-align: center;\"><span style=\"font-family: georgia, palatino, serif;\"><img loading=\"lazy\" decoding=\"async\" class=\"alignnone wp-image-13019\" src=\"http:\/\/recettes-gourmandes-de-joce.fr\/wp-content\/uploads\/2019\/12\/chapon-au-riesling-04-003-150x150.jpg\" alt=\"\" width=\"170\" height=\"170\" srcset=\"http:\/\/recettes-gourmandes-de-joce.fr\/wp-content\/uploads\/2019\/12\/chapon-au-riesling-04-003-150x150.jpg 150w, http:\/\/recettes-gourmandes-de-joce.fr\/wp-content\/uploads\/2019\/12\/chapon-au-riesling-04-003-300x300.jpg 300w, http:\/\/recettes-gourmandes-de-joce.fr\/wp-content\/uploads\/2019\/12\/chapon-au-riesling-04-003.jpg 461w\" sizes=\"auto, (max-width: 170px) 100vw, 170px\" \/> <img loading=\"lazy\" decoding=\"async\" class=\"alignnone wp-image-13020\" src=\"http:\/\/recettes-gourmandes-de-joce.fr\/wp-content\/uploads\/2019\/12\/chapon-au-riesling-05-1-150x150.jpg\" alt=\"\" width=\"171\" height=\"170\" srcset=\"http:\/\/recettes-gourmandes-de-joce.fr\/wp-content\/uploads\/2019\/12\/chapon-au-riesling-05-1-150x150.jpg 150w, http:\/\/recettes-gourmandes-de-joce.fr\/wp-content\/uploads\/2019\/12\/chapon-au-riesling-05-1-300x298.jpg 300w, http:\/\/recettes-gourmandes-de-joce.fr\/wp-content\/uploads\/2019\/12\/chapon-au-riesling-05-1.jpg 460w\" sizes=\"auto, (max-width: 171px) 100vw, 171px\" \/> <img loading=\"lazy\" decoding=\"async\" class=\"alignnone wp-image-13021\" src=\"http:\/\/recettes-gourmandes-de-joce.fr\/wp-content\/uploads\/2019\/12\/chapon-au-riesling-05-001-150x150.jpg\" alt=\"\" width=\"171\" height=\"170\" srcset=\"http:\/\/recettes-gourmandes-de-joce.fr\/wp-content\/uploads\/2019\/12\/chapon-au-riesling-05-001-150x150.jpg 150w, http:\/\/recettes-gourmandes-de-joce.fr\/wp-content\/uploads\/2019\/12\/chapon-au-riesling-05-001-300x300.jpg 300w, http:\/\/recettes-gourmandes-de-joce.fr\/wp-content\/uploads\/2019\/12\/chapon-au-riesling-05-001.jpg 461w\" sizes=\"auto, (max-width: 171px) 100vw, 171px\" \/><\/span><\/p>\n<p style=\"text-align: center;\"><span style=\"font-size: large; font-family: georgia, palatino, serif;\"><em><span style=\"color: #ff9900;\">Ajouter le vin et 2 petites louches de jus de cuisson du chapon Saler et poivrer et laisser mijoter \u00e0 feu doux pendant 5 bonnes minutes. <\/span><\/em><\/span><em style=\"font-family: georgia, palatino, serif; font-size: large;\"><span style=\"color: #ff9900;\">Ajouter le fond de volaille.<\/span><\/em><\/p>\n<p style=\"text-align: center;\"><span style=\"font-family: georgia, palatino, serif;\"><img loading=\"lazy\" decoding=\"async\" class=\"alignnone wp-image-13022\" src=\"http:\/\/recettes-gourmandes-de-joce.fr\/wp-content\/uploads\/2019\/12\/chapon-au-riesling-05-002-150x150.jpg\" alt=\"\" width=\"173\" height=\"170\" srcset=\"http:\/\/recettes-gourmandes-de-joce.fr\/wp-content\/uploads\/2019\/12\/chapon-au-riesling-05-002-300x295.jpg 300w, http:\/\/recettes-gourmandes-de-joce.fr\/wp-content\/uploads\/2019\/12\/chapon-au-riesling-05-002.jpg 466w\" sizes=\"auto, (max-width: 173px) 100vw, 173px\" \/> <img loading=\"lazy\" decoding=\"async\" class=\"alignnone wp-image-13023\" src=\"http:\/\/recettes-gourmandes-de-joce.fr\/wp-content\/uploads\/2019\/12\/chapon-au-riesling-05-003-150x150.jpg\" alt=\"\" width=\"171\" height=\"170\" srcset=\"http:\/\/recettes-gourmandes-de-joce.fr\/wp-content\/uploads\/2019\/12\/chapon-au-riesling-05-003-150x150.jpg 150w, http:\/\/recettes-gourmandes-de-joce.fr\/wp-content\/uploads\/2019\/12\/chapon-au-riesling-05-003-300x298.jpg 300w, http:\/\/recettes-gourmandes-de-joce.fr\/wp-content\/uploads\/2019\/12\/chapon-au-riesling-05-003.jpg 460w\" sizes=\"auto, (max-width: 171px) 100vw, 171px\" \/> <img loading=\"lazy\" decoding=\"async\" class=\"alignnone wp-image-13024\" src=\"http:\/\/recettes-gourmandes-de-joce.fr\/wp-content\/uploads\/2019\/12\/chapon-au-riesling-06-1-150x150.jpg\" alt=\"\" width=\"227\" height=\"170\" srcset=\"http:\/\/recettes-gourmandes-de-joce.fr\/wp-content\/uploads\/2019\/12\/chapon-au-riesling-06-1-300x225.jpg 300w, http:\/\/recettes-gourmandes-de-joce.fr\/wp-content\/uploads\/2019\/12\/chapon-au-riesling-06-1.jpg 640w\" sizes=\"auto, (max-width: 227px) 100vw, 227px\" \/><\/span><\/p>\n<p style=\"text-align: center;\"><span style=\"font-size: large; font-family: georgia, palatino, serif;\"><em><span style=\"color: #ff9900;\">Ajouter\u00a0<\/span><\/em><\/span><em style=\"font-family: georgia, palatino, serif; font-size: large;\"><span style=\"color: #ff9900;\">\u00bd louche de jus de cuisson et m\u00e9langer, laisser mijoter \u00e0 feu doux pendant 5 bonnes minutes. Ajouter <\/span><\/em><em style=\"font-family: georgia, palatino, serif; font-size: large;\"><span style=\"color: #ff9900;\">ensuite la cr\u00e8me fra\u00eeche et les morceaux de chapon. M\u00e9langer et laisser chauffer afin que le chapon se r\u00e9chauffe.<\/span><\/em><\/p>\n<p style=\"text-align: center;\"><span style=\"font-family: georgia, palatino, serif;\"><img loading=\"lazy\" decoding=\"async\" class=\"alignnone wp-image-13025\" src=\"http:\/\/recettes-gourmandes-de-joce.fr\/wp-content\/uploads\/2019\/12\/chapon-au-riesling-07-150x150.jpg\" alt=\"\" width=\"114\" height=\"200\" srcset=\"http:\/\/recettes-gourmandes-de-joce.fr\/wp-content\/uploads\/2019\/12\/chapon-au-riesling-07-171x300.jpg 171w, http:\/\/recettes-gourmandes-de-joce.fr\/wp-content\/uploads\/2019\/12\/chapon-au-riesling-07.jpg 342w\" sizes=\"auto, (max-width: 114px) 100vw, 114px\" \/> <img loading=\"lazy\" decoding=\"async\" class=\"alignnone wp-image-13010\" src=\"http:\/\/recettes-gourmandes-de-joce.fr\/wp-content\/uploads\/2019\/12\/chapon-au-riesling-09-150x150.jpg\" alt=\"\" width=\"129\" height=\"200\" srcset=\"http:\/\/recettes-gourmandes-de-joce.fr\/wp-content\/uploads\/2019\/12\/chapon-au-riesling-09-194x300.jpg 194w, http:\/\/recettes-gourmandes-de-joce.fr\/wp-content\/uploads\/2019\/12\/chapon-au-riesling-09.jpg 387w\" sizes=\"auto, (max-width: 129px) 100vw, 129px\" \/><\/span><\/p>\n<p style=\"text-align: center;\"><span style=\"font-size: large; font-family: georgia, palatino, serif;\"><em><span style=\"color: #ff9900;\">Versez dans des cocottes individuelles que l&rsquo;on peut repasser au four pour le r\u00e9chauffage en mettant les couvercles pour \u00e9viter que le chapon ne dess\u00e8che en surface. Servir avec un gratin de pommes de terre ou des pommes de terre rissol\u00e9es.<\/span><\/em><\/span><\/p>\n<p style=\"text-align: center;\"><span style=\"font-size: large; font-family: georgia, palatino, serif;\"><em><span style=\"color: #ff9900;\">Bon app\u00e9tit!<\/span><\/em><\/span><\/p>\n<p style=\"text-align: center;\"><span style=\"font-family: georgia, palatino, serif;\"><img loading=\"lazy\" decoding=\"async\" class=\"alignnone wp-image-13011\" src=\"http:\/\/recettes-gourmandes-de-joce.fr\/wp-content\/uploads\/2019\/12\/chapon-au-riesling-10-150x150.jpg\" alt=\"\" width=\"218\" height=\"190\" srcset=\"http:\/\/recettes-gourmandes-de-joce.fr\/wp-content\/uploads\/2019\/12\/chapon-au-riesling-10-300x262.jpg 300w, http:\/\/recettes-gourmandes-de-joce.fr\/wp-content\/uploads\/2019\/12\/chapon-au-riesling-10.jpg 640w\" sizes=\"auto, (max-width: 218px) 100vw, 218px\" \/> <img loading=\"lazy\" decoding=\"async\" class=\"alignnone wp-image-13025\" src=\"http:\/\/recettes-gourmandes-de-joce.fr\/wp-content\/uploads\/2019\/12\/chapon-au-riesling-07-150x150.jpg\" alt=\"\" width=\"108\" height=\"190\" srcset=\"http:\/\/recettes-gourmandes-de-joce.fr\/wp-content\/uploads\/2019\/12\/chapon-au-riesling-07-171x300.jpg 171w, http:\/\/recettes-gourmandes-de-joce.fr\/wp-content\/uploads\/2019\/12\/chapon-au-riesling-07.jpg 342w\" sizes=\"auto, (max-width: 108px) 100vw, 108px\" \/> <img loading=\"lazy\" decoding=\"async\" class=\"alignnone wp-image-13026\" src=\"http:\/\/recettes-gourmandes-de-joce.fr\/wp-content\/uploads\/2019\/12\/chapon-au-riesling-08-150x150.jpg\" alt=\"\" width=\"253\" height=\"190\" srcset=\"http:\/\/recettes-gourmandes-de-joce.fr\/wp-content\/uploads\/2019\/12\/chapon-au-riesling-08-300x225.jpg 300w, http:\/\/recettes-gourmandes-de-joce.fr\/wp-content\/uploads\/2019\/12\/chapon-au-riesling-08.jpg 640w\" sizes=\"auto, (max-width: 253px) 100vw, 253px\" \/><\/span><\/p>\n<p style=\"text-align: center;\"><img loading=\"lazy\" decoding=\"async\" class=\"alignnone size-full wp-image-59803\" src=\"http:\/\/recettes-gourmandes-de-joce.fr\/wp-content\/uploads\/2024\/01\/logitech-gaming-software-14112014-121223.jpg\" alt=\"\" width=\"640\" height=\"144\" \/><\/p>\n<p>&nbsp;<\/p>\n","protected":false},"excerpt":{"rendered":"<p>Une de mes recettes Ingr\u00e9dients pour 12 personnes \u00c0 r\u00e9aliser aussi avec un reste de volaille r\u00f4tie 1 chapon ou selon vos go\u00fbts une dinde, poularde, pintade ou m\u00eame poulet 2 \u00e9chalotes 200 g de champignons des bois (shii tak\u00e9) 3 belles c \u00e0 soupe de cr\u00e8me fra\u00eeche 2 c \u00e0 s de fond de &hellip; <\/p>\n<p><a class=\"more-link btn\" href=\"http:\/\/recettes-gourmandes-de-joce.fr\/index.php\/index\/viandes\/volailles\/poulet-poule-poularde-coq-coquelet\/chapon-au-riesling-en-petites-cocottes-ou-restes-de-volailles-rotie\/\">Lire la suite<\/a><\/p>\n","protected":false},"author":2,"featured_media":73544,"parent":99760,"menu_order":0,"comment_status":"open","ping_status":"closed","template":"","meta":{"footnotes":""},"class_list":["post-13030","page","type-page","status-publish","has-post-thumbnail","hentry","nodate","item-wrap"],"_links":{"self":[{"href":"http:\/\/recettes-gourmandes-de-joce.fr\/index.php\/wp-json\/wp\/v2\/pages\/13030","targetHints":{"allow":["GET"]}}],"collection":[{"href":"http:\/\/recettes-gourmandes-de-joce.fr\/index.php\/wp-json\/wp\/v2\/pages"}],"about":[{"href":"http:\/\/recettes-gourmandes-de-joce.fr\/index.php\/wp-json\/wp\/v2\/types\/page"}],"author":[{"embeddable":true,"href":"http:\/\/recettes-gourmandes-de-joce.fr\/index.php\/wp-json\/wp\/v2\/users\/2"}],"replies":[{"embeddable":true,"href":"http:\/\/recettes-gourmandes-de-joce.fr\/index.php\/wp-json\/wp\/v2\/comments?post=13030"}],"version-history":[{"count":4,"href":"http:\/\/recettes-gourmandes-de-joce.fr\/index.php\/wp-json\/wp\/v2\/pages\/13030\/revisions"}],"predecessor-version":[{"id":92980,"href":"http:\/\/recettes-gourmandes-de-joce.fr\/index.php\/wp-json\/wp\/v2\/pages\/13030\/revisions\/92980"}],"up":[{"embeddable":true,"href":"http:\/\/recettes-gourmandes-de-joce.fr\/index.php\/wp-json\/wp\/v2\/pages\/99760"}],"wp:featuredmedia":[{"embeddable":true,"href":"http:\/\/recettes-gourmandes-de-joce.fr\/index.php\/wp-json\/wp\/v2\/media\/73544"}],"wp:attachment":[{"href":"http:\/\/recettes-gourmandes-de-joce.fr\/index.php\/wp-json\/wp\/v2\/media?parent=13030"}],"curies":[{"name":"wp","href":"https:\/\/api.w.org\/{rel}","templated":true}]}}