{"id":12933,"date":"2019-12-16T23:18:25","date_gmt":"2019-12-16T23:18:25","guid":{"rendered":"http:\/\/recettes-gourmandes-de-joce.fr\/?page_id=12933"},"modified":"2024-05-28T21:24:37","modified_gmt":"2024-05-28T21:24:37","slug":"cuilleres-aperitives-a-la-tomate-et-oeufs-de-caille","status":"publish","type":"page","link":"http:\/\/recettes-gourmandes-de-joce.fr\/index.php\/index\/aperitifs-amuses-bouches\/amuses-bouches\/cuilleres-aperitives-a-la-tomate-et-oeufs-de-caille\/","title":{"rendered":"Cuill\u00e8res ap\u00e9ritives \u00e0 la tomate et \u0153ufs de caille."},"content":{"rendered":"<p style=\"text-align: center;\"><span style=\"font-size: x-large; text-decoration: underline; font-family: georgia, palatino, serif;\"><span style=\"color: #808000; text-decoration: underline;\"><em>Une de mes recettes<\/em><\/span><\/span><\/p>\n<p style=\"text-align: center;\"><span style=\"font-family: georgia, palatino, serif;\"><img loading=\"lazy\" decoding=\"async\" class=\"alignnone wp-image-12928\" src=\"http:\/\/recettes-gourmandes-de-joce.fr\/wp-content\/uploads\/2019\/12\/P1010282-150x150.jpg\" alt=\"\" width=\"233\" height=\"175\" srcset=\"http:\/\/recettes-gourmandes-de-joce.fr\/wp-content\/uploads\/2019\/12\/P1010282-300x225.jpg 300w, http:\/\/recettes-gourmandes-de-joce.fr\/wp-content\/uploads\/2019\/12\/P1010282.jpg 640w\" sizes=\"auto, (max-width: 233px) 100vw, 233px\" \/> <img loading=\"lazy\" decoding=\"async\" class=\"alignnone wp-image-12930\" src=\"http:\/\/recettes-gourmandes-de-joce.fr\/wp-content\/uploads\/2019\/12\/P1010290-150x150.jpg\" alt=\"\" width=\"233\" height=\"175\" srcset=\"http:\/\/recettes-gourmandes-de-joce.fr\/wp-content\/uploads\/2019\/12\/P1010290-300x225.jpg 300w, http:\/\/recettes-gourmandes-de-joce.fr\/wp-content\/uploads\/2019\/12\/P1010290.jpg 640w\" sizes=\"auto, (max-width: 233px) 100vw, 233px\" \/> <img loading=\"lazy\" decoding=\"async\" class=\"alignnone wp-image-12927\" src=\"http:\/\/recettes-gourmandes-de-joce.fr\/wp-content\/uploads\/2019\/12\/P1010281-150x150.jpg\" alt=\"\" width=\"233\" height=\"175\" srcset=\"http:\/\/recettes-gourmandes-de-joce.fr\/wp-content\/uploads\/2019\/12\/P1010281-300x225.jpg 300w, http:\/\/recettes-gourmandes-de-joce.fr\/wp-content\/uploads\/2019\/12\/P1010281.jpg 640w\" sizes=\"auto, (max-width: 233px) 100vw, 233px\" \/><\/span><\/p>\n<p style=\"text-align: center;\"><span style=\"font-size: x-large; text-decoration: underline; font-family: georgia, palatino, serif;\"><span style=\"color: #808000; text-decoration: underline;\"><em>Ingr\u00e9dients pour 18 cuill\u00e8res<\/em><\/span><\/span><\/p>\n<p style=\"text-align: center;\"><span style=\"font-family: georgia, palatino, serif;\"><img loading=\"lazy\" decoding=\"async\" class=\"alignnone wp-image-12931\" src=\"http:\/\/recettes-gourmandes-de-joce.fr\/wp-content\/uploads\/2019\/12\/P1010267-150x150.jpg\" alt=\"\" width=\"247\" height=\"170\" srcset=\"http:\/\/recettes-gourmandes-de-joce.fr\/wp-content\/uploads\/2019\/12\/P1010267-300x206.jpg 300w, http:\/\/recettes-gourmandes-de-joce.fr\/wp-content\/uploads\/2019\/12\/P1010267.jpg 640w\" sizes=\"auto, (max-width: 247px) 100vw, 247px\" \/><\/span><\/p>\n<p style=\"text-align: center;\"><span style=\"font-size: large; font-family: georgia, palatino, serif;\"><span style=\"color: #808000;\"><em>2 tomates<\/em><\/span><\/span><\/p>\n<p style=\"text-align: center;\"><span style=\"font-size: large; font-family: georgia, palatino, serif;\"><span style=\"color: #808000;\"><em>18 <em>\u0153uf<\/em>s de caille<\/em><\/span><\/span><\/p>\n<p style=\"text-align: center;\"><span style=\"font-size: large; font-family: georgia, palatino, serif;\"><span style=\"color: #808000;\"><em>1 bouquet de ciboulette<\/em><\/span><\/span><\/p>\n<p style=\"text-align: center;\"><span style=\"font-size: large; font-family: georgia, palatino, serif;\"><span style=\"color: #808000;\"><em>1 c \u00e0 s de mayonnaise<\/em><\/span><\/span><\/p>\n<p style=\"text-align: center;\"><span style=\"font-size: large; font-family: georgia, palatino, serif;\"><span style=\"color: #808000;\"><em>1 c \u00e0 c d&rsquo;ail semoule<\/em><\/span><\/span><\/p>\n<p style=\"text-align: center;\"><span style=\"font-size: large; font-family: georgia, palatino, serif;\"><span style=\"color: #808000;\"><em>\u00bd pot d&rsquo;<em>\u0153uf<\/em>s de lump noirs<\/em><\/span><\/span><\/p>\n<p style=\"text-align: center;\"><span style=\"font-size: large; font-family: georgia, palatino, serif;\"><span style=\"color: #808000;\"><em>\u00bd pot d&rsquo;<em>\u0153uf<\/em>s de lump rouges<\/em><\/span><\/span><\/p>\n<p style=\"text-align: center;\"><span style=\"font-size: large; font-family: georgia, palatino, serif;\"><span style=\"color: #808000;\"><em>Recette de la mayonnaise sur ce lien -&gt; <a href=\"http:\/\/recettes-gourmandes-de-joce.fr\/index.php\/index\/sauces-assaisonnements\/sauces-froides\/mayonnaise\/\">Mayonnaise\u00a0\u00a0<img loading=\"lazy\" decoding=\"async\" class=\"alignnone size-thumbnail wp-image-4720 lazy-loaded\" src=\"http:\/\/recettes-gourmandes-de-joce.fr\/wp-content\/uploads\/2019\/10\/Logitech-Gaming-Software-15102019-000734.bmp-150x150.jpg\" alt=\"\" width=\"150\" height=\"150\" data-lazy-type=\"image\" data-src=\"http:\/\/recettes-gourmandes-de-joce.fr\/wp-content\/uploads\/2019\/10\/Logitech-Gaming-Software-15102019-000734.bmp-150x150.jpg\" \/><\/a><\/em><\/span><\/span><\/p>\n<p style=\"text-align: center;\"><span style=\"font-family: georgia, palatino, serif;\"><img loading=\"lazy\" decoding=\"async\" class=\"alignnone wp-image-12180\" style=\"font-family: Lato, sans-serif;\" src=\"http:\/\/recettes-gourmandes-de-joce.fr\/wp-content\/uploads\/2019\/12\/Logitech-Gaming-Software-08122019-025448-150x150.jpg\" alt=\"\" width=\"195\" height=\"160\" srcset=\"http:\/\/recettes-gourmandes-de-joce.fr\/wp-content\/uploads\/2019\/12\/Logitech-Gaming-Software-08122019-025448-300x247.jpg 300w, http:\/\/recettes-gourmandes-de-joce.fr\/wp-content\/uploads\/2019\/12\/Logitech-Gaming-Software-08122019-025448.jpg 640w\" sizes=\"auto, (max-width: 195px) 100vw, 195px\" \/> <img loading=\"lazy\" decoding=\"async\" class=\"alignnone wp-image-12921\" src=\"http:\/\/recettes-gourmandes-de-joce.fr\/wp-content\/uploads\/2019\/12\/P1010275-150x150.jpg\" alt=\"\" width=\"213\" height=\"160\" srcset=\"http:\/\/recettes-gourmandes-de-joce.fr\/wp-content\/uploads\/2019\/12\/P1010275-300x225.jpg 300w, http:\/\/recettes-gourmandes-de-joce.fr\/wp-content\/uploads\/2019\/12\/P1010275.jpg 640w\" sizes=\"auto, (max-width: 213px) 100vw, 213px\" \/> <img loading=\"lazy\" decoding=\"async\" class=\"alignnone wp-image-12799\" src=\"http:\/\/recettes-gourmandes-de-joce.fr\/wp-content\/uploads\/2019\/12\/Logitech-Gaming-Software-16122019-173216-150x150.jpg\" alt=\"\" width=\"219\" height=\"160\" srcset=\"http:\/\/recettes-gourmandes-de-joce.fr\/wp-content\/uploads\/2019\/12\/Logitech-Gaming-Software-16122019-173216-300x219.jpg 300w, http:\/\/recettes-gourmandes-de-joce.fr\/wp-content\/uploads\/2019\/12\/Logitech-Gaming-Software-16122019-173216.jpg 640w\" sizes=\"auto, (max-width: 219px) 100vw, 219px\" \/> <\/span><\/p>\n<p style=\"text-align: center;\"><span style=\"color: #808000; font-size: large; font-family: georgia, palatino, serif;\"><em><span style=\"font-size: x-large;\"><em><span style=\"font-size: large;\">Faire cuire \u00e0 l&rsquo;eau les <em>\u0153uf<\/em>s de caille, les \u00e9caler ensuite et les laisser refroidir, lorsqu&rsquo;ils sont froids,\u00a0les couper en deux dans le sens de la longueur. Laver et couper les tomates en petits d\u00e9s. Laver et ciseler la ciboulette.<\/span><\/em><\/span><\/em><\/span><\/p>\n<p style=\"text-align: center;\"><span style=\"font-family: georgia, palatino, serif;\"><img loading=\"lazy\" decoding=\"async\" class=\"alignnone wp-image-12932\" src=\"http:\/\/recettes-gourmandes-de-joce.fr\/wp-content\/uploads\/2019\/12\/P1010272-150x150.jpg\" alt=\"\" width=\"226\" height=\"160\" srcset=\"http:\/\/recettes-gourmandes-de-joce.fr\/wp-content\/uploads\/2019\/12\/P1010272-300x213.jpg 300w, http:\/\/recettes-gourmandes-de-joce.fr\/wp-content\/uploads\/2019\/12\/P1010272.jpg 640w\" sizes=\"auto, (max-width: 226px) 100vw, 226px\" \/> <img loading=\"lazy\" decoding=\"async\" class=\"alignnone wp-image-12919\" src=\"http:\/\/recettes-gourmandes-de-joce.fr\/wp-content\/uploads\/2019\/12\/P1010273-150x150.jpg\" alt=\"\" width=\"216\" height=\"160\" srcset=\"http:\/\/recettes-gourmandes-de-joce.fr\/wp-content\/uploads\/2019\/12\/P1010273-300x223.jpg 300w, http:\/\/recettes-gourmandes-de-joce.fr\/wp-content\/uploads\/2019\/12\/P1010273.jpg 640w\" sizes=\"auto, (max-width: 216px) 100vw, 216px\" \/> <img loading=\"lazy\" decoding=\"async\" class=\"alignnone wp-image-12920\" src=\"http:\/\/recettes-gourmandes-de-joce.fr\/wp-content\/uploads\/2019\/12\/P1010274-150x150.jpg\" alt=\"\" width=\"219\" height=\"160\" srcset=\"http:\/\/recettes-gourmandes-de-joce.fr\/wp-content\/uploads\/2019\/12\/P1010274-300x219.jpg 300w, http:\/\/recettes-gourmandes-de-joce.fr\/wp-content\/uploads\/2019\/12\/P1010274.jpg 640w\" sizes=\"auto, (max-width: 219px) 100vw, 219px\" \/><\/span><\/p>\n<p style=\"text-align: center;\"><span style=\"font-size: large; font-family: georgia, palatino, serif;\"><span style=\"color: #808000;\"><em>M\u00e9langer la ciboulette (en r\u00e9server une c \u00e0 s pour la d\u00e9co finale)\u00a0avec l&rsquo;ail semoule et la mayonnaise. <\/em><\/span><\/span><\/p>\n<p style=\"text-align: center;\"><span style=\"font-family: georgia, palatino, serif;\"><img loading=\"lazy\" decoding=\"async\" class=\"alignnone wp-image-12922\" src=\"http:\/\/recettes-gourmandes-de-joce.fr\/wp-content\/uploads\/2019\/12\/P1010276-150x150.jpg\" alt=\"\" width=\"213\" height=\"160\" srcset=\"http:\/\/recettes-gourmandes-de-joce.fr\/wp-content\/uploads\/2019\/12\/P1010276-300x225.jpg 300w, http:\/\/recettes-gourmandes-de-joce.fr\/wp-content\/uploads\/2019\/12\/P1010276.jpg 640w\" sizes=\"auto, (max-width: 213px) 100vw, 213px\" \/> <img loading=\"lazy\" decoding=\"async\" class=\"alignnone wp-image-12923\" src=\"http:\/\/recettes-gourmandes-de-joce.fr\/wp-content\/uploads\/2019\/12\/P1010277-150x150.jpg\" alt=\"\" width=\"232\" height=\"160\" srcset=\"http:\/\/recettes-gourmandes-de-joce.fr\/wp-content\/uploads\/2019\/12\/P1010277-300x207.jpg 300w, http:\/\/recettes-gourmandes-de-joce.fr\/wp-content\/uploads\/2019\/12\/P1010277.jpg 640w\" sizes=\"auto, (max-width: 232px) 100vw, 232px\" \/> <img loading=\"lazy\" decoding=\"async\" class=\"alignnone wp-image-12924\" src=\"http:\/\/recettes-gourmandes-de-joce.fr\/wp-content\/uploads\/2019\/12\/P1010278-150x150.jpg\" alt=\"\" width=\"213\" height=\"160\" srcset=\"http:\/\/recettes-gourmandes-de-joce.fr\/wp-content\/uploads\/2019\/12\/P1010278-300x225.jpg 300w, http:\/\/recettes-gourmandes-de-joce.fr\/wp-content\/uploads\/2019\/12\/P1010278.jpg 640w\" sizes=\"auto, (max-width: 213px) 100vw, 213px\" \/><\/span><\/p>\n<p style=\"text-align: center;\"><span style=\"font-family: georgia, palatino, serif;\"><span style=\"font-size: large;\"><span style=\"color: #808000;\"><em>Verser le tout dans les d\u00e9s de tomates et m\u00e9langer, rectifier l&rsquo;assaisonnement. <\/em><\/span><\/span><span style=\"font-size: large;\"><span style=\"color: #808000;\"><em>R\u00e9partir les tomates dans les cuill\u00e8res ap\u00e9ritives, ajouter dessus un demi \u0153uf\u00a0dur, un peu d&rsquo;<em>\u0153uf<\/em>s de lump rouges ou noirs, terminer par un peu de ciboulette cisel\u00e9e que vous aurez r\u00e9serv\u00e9e \u00e0 cet effet.<\/em><\/span><\/span><\/span><\/p>\n<p style=\"text-align: center;\"><span style=\"font-size: large; font-family: georgia, palatino, serif;\"><span style=\"color: #808000;\"><em>Bon ap\u00e9ritif!<\/em><\/span><\/span><\/p>\n<p style=\"text-align: center;\"><span style=\"font-family: georgia, palatino, serif;\"><img loading=\"lazy\" decoding=\"async\" class=\"alignnone wp-image-12929\" src=\"http:\/\/recettes-gourmandes-de-joce.fr\/wp-content\/uploads\/2019\/12\/P1010288-150x150.jpg\" alt=\"\" width=\"233\" height=\"175\" srcset=\"http:\/\/recettes-gourmandes-de-joce.fr\/wp-content\/uploads\/2019\/12\/P1010288-300x225.jpg 300w, http:\/\/recettes-gourmandes-de-joce.fr\/wp-content\/uploads\/2019\/12\/P1010288.jpg 640w\" sizes=\"auto, (max-width: 233px) 100vw, 233px\" \/> <img loading=\"lazy\" decoding=\"async\" class=\"alignnone wp-image-12925\" src=\"http:\/\/recettes-gourmandes-de-joce.fr\/wp-content\/uploads\/2019\/12\/P1010279-150x150.jpg\" alt=\"\" width=\"233\" height=\"175\" srcset=\"http:\/\/recettes-gourmandes-de-joce.fr\/wp-content\/uploads\/2019\/12\/P1010279-300x225.jpg 300w, http:\/\/recettes-gourmandes-de-joce.fr\/wp-content\/uploads\/2019\/12\/P1010279.jpg 640w\" sizes=\"auto, (max-width: 233px) 100vw, 233px\" \/> <img loading=\"lazy\" decoding=\"async\" class=\"alignnone wp-image-12926\" src=\"http:\/\/recettes-gourmandes-de-joce.fr\/wp-content\/uploads\/2019\/12\/P1010280-150x150.jpg\" alt=\"\" width=\"201\" height=\"175\" srcset=\"http:\/\/recettes-gourmandes-de-joce.fr\/wp-content\/uploads\/2019\/12\/P1010280-300x262.jpg 300w, http:\/\/recettes-gourmandes-de-joce.fr\/wp-content\/uploads\/2019\/12\/P1010280.jpg 640w\" sizes=\"auto, (max-width: 201px) 100vw, 201px\" \/><\/span><\/p>\n<p style=\"text-align: center;\"><img loading=\"lazy\" decoding=\"async\" class=\"alignnone size-full wp-image-59803\" src=\"http:\/\/recettes-gourmandes-de-joce.fr\/wp-content\/uploads\/2024\/01\/logitech-gaming-software-14112014-121223.jpg\" alt=\"\" width=\"640\" height=\"144\" \/><\/p>\n<h3>Commentaires\u00a0<small>(4)<\/small><\/h3>\n<div class=\"items-container\">\n<div class=\"item item-comment media\">\n<div class=\"pull-left\">\n<p>&nbsp;<\/p>\n<p><img decoding=\"async\" class=\"media-object\" src=\"https:\/\/www.gravatar.com\/avatar\/72997a4a528857efb7079533c153d0fe?d=https%3A%2F%2Fwww.recettes-gourmandes-de-joce.com%2Fmedias%2Fstatic%2Fmanager%2Fim%2Favatar.png?s=50&amp;d=mm\" alt=\"celestine\" width=\"50\" \/><\/p>\n<\/div>\n<div class=\"media-body\">\n<ul class=\"inline item-infos\">\n<li><span class=\"comment-number\">1.<\/span>\u00a0<span class=\"comment-author\"><strong>celestine<\/strong><\/span>\u00a0<span class=\"comment-date\">| 03\/01\/2013<\/span><\/li>\n<\/ul>\n<div class=\"comment-content\">joie,bonheur, sant\u00e9, pour toi et ta famille&#8230;.bonne ann\u00e9e !!!<br \/>\nbises<\/div>\n<div class=\"item item-comment media by-webmaster\">\n<div class=\"pull-left\">\n<p>&nbsp;<\/p>\n<\/div>\n<div class=\"media-body\">\n<ul class=\"inline item-infos\">\n<li><span class=\"comment-author\"><strong>jocelyne debon<\/strong>\u00a0(<a rel=\"nofollow\">site web<\/a>)<\/span>\u00a0<span class=\"comment-date\">| 03\/01\/2013<\/span><\/li>\n<\/ul>\n<div class=\"comment-content\">Merciiiiiiiiiii beaucoup<\/div>\n<div class=\"comment-content\">Tr\u00e8s bonne ann\u00e9e \u00e9galement pour toi et ta petite famille, joie, bonheur , prosp\u00e9rit\u00e9 et surtout la sant\u00e9<\/div>\n<div class=\"comment-content\">Amicalement<\/div>\n<div class=\"comment-content\">Bises Joce<\/div>\n<\/div>\n<\/div>\n<\/div>\n<\/div>\n<div class=\"item item-comment media\">\n<div class=\"pull-left\">\n<p>&nbsp;<\/p>\n<p><img decoding=\"async\" class=\"media-object\" src=\"https:\/\/www.gravatar.com\/avatar\/2f0fc87a4af06d16a038ef6457ac382a?d=https%3A%2F%2Fwww.recettes-gourmandes-de-joce.com%2Fmedias%2Fstatic%2Fmanager%2Fim%2Favatar.png?s=50&amp;d=mm\" alt=\"Maiwenn\" width=\"50\" \/><\/p>\n<\/div>\n<div class=\"media-body\">\n<ul class=\"inline item-infos\">\n<li><span class=\"comment-number\">2.<\/span>\u00a0<span class=\"comment-author\"><strong>Maiwenn<\/strong>\u00a0(<a rel=\"nofollow\">site web<\/a>)<\/span>\u00a0<span class=\"comment-date\">| 02\/01\/2013<\/span><\/li>\n<\/ul>\n<div class=\"comment-content\">Superbe, comme d&rsquo;hab !!!! Meilleurs voeux pour cette nouvelle ann\u00e9e qui je l&rsquo;esp\u00e8re sera gourmande, joyeuse et surtout plac\u00e9e sous le signe de la bonne sant\u00e9 et de la prosp\u00e9rit\u00e9. Qu&rsquo;elle voit la r\u00e9alisation de tout tes projets. Gros bisous !<\/div>\n<div class=\"item item-comment media by-webmaster\">\n<div class=\"pull-left\"><\/div>\n<div class=\"media-body\">\n<ul class=\"inline item-infos\">\n<li><span class=\"comment-author\"><strong>jocelyne debon<\/strong>\u00a0(<a rel=\"nofollow\">site web<\/a>)<\/span>\u00a0<span class=\"comment-date\">| 02\/01\/2013<\/span><\/li>\n<\/ul>\n<div class=\"comment-content\">Merciiiiiiiii beaucoup, a toi aussi excellente ann\u00e9e, pleine de joies, bonheur et surtout la sant\u00e9 sans oublier les bons p&rsquo;tits plats<\/div>\n<div class=\"comment-content\">Gros bisousssssss<\/div>\n<div class=\"comment-content\">Amicalement Joce<\/div>\n<\/div>\n<\/div>\n<\/div>\n<\/div>\n<\/div>\n","protected":false},"excerpt":{"rendered":"<p>Une de mes recettes Ingr\u00e9dients pour 18 cuill\u00e8res 2 tomates 18 \u0153ufs de caille 1 bouquet de ciboulette 1 c \u00e0 s de mayonnaise 1 c \u00e0 c d&rsquo;ail semoule \u00bd pot d&rsquo;\u0153ufs de lump noirs \u00bd pot d&rsquo;\u0153ufs de lump rouges Recette de la mayonnaise sur ce lien -&gt; Mayonnaise\u00a0\u00a0 Faire cuire \u00e0 l&rsquo;eau &hellip; <\/p>\n<p><a class=\"more-link btn\" href=\"http:\/\/recettes-gourmandes-de-joce.fr\/index.php\/index\/aperitifs-amuses-bouches\/amuses-bouches\/cuilleres-aperitives-a-la-tomate-et-oeufs-de-caille\/\">Lire la suite<\/a><\/p>\n","protected":false},"author":2,"featured_media":83287,"parent":195,"menu_order":0,"comment_status":"open","ping_status":"closed","template":"","meta":{"footnotes":""},"class_list":["post-12933","page","type-page","status-publish","has-post-thumbnail","hentry","nodate","item-wrap"],"_links":{"self":[{"href":"http:\/\/recettes-gourmandes-de-joce.fr\/index.php\/wp-json\/wp\/v2\/pages\/12933","targetHints":{"allow":["GET"]}}],"collection":[{"href":"http:\/\/recettes-gourmandes-de-joce.fr\/index.php\/wp-json\/wp\/v2\/pages"}],"about":[{"href":"http:\/\/recettes-gourmandes-de-joce.fr\/index.php\/wp-json\/wp\/v2\/types\/page"}],"author":[{"embeddable":true,"href":"http:\/\/recettes-gourmandes-de-joce.fr\/index.php\/wp-json\/wp\/v2\/users\/2"}],"replies":[{"embeddable":true,"href":"http:\/\/recettes-gourmandes-de-joce.fr\/index.php\/wp-json\/wp\/v2\/comments?post=12933"}],"version-history":[{"count":7,"href":"http:\/\/recettes-gourmandes-de-joce.fr\/index.php\/wp-json\/wp\/v2\/pages\/12933\/revisions"}],"predecessor-version":[{"id":83286,"href":"http:\/\/recettes-gourmandes-de-joce.fr\/index.php\/wp-json\/wp\/v2\/pages\/12933\/revisions\/83286"}],"up":[{"embeddable":true,"href":"http:\/\/recettes-gourmandes-de-joce.fr\/index.php\/wp-json\/wp\/v2\/pages\/195"}],"wp:featuredmedia":[{"embeddable":true,"href":"http:\/\/recettes-gourmandes-de-joce.fr\/index.php\/wp-json\/wp\/v2\/media\/83287"}],"wp:attachment":[{"href":"http:\/\/recettes-gourmandes-de-joce.fr\/index.php\/wp-json\/wp\/v2\/media?parent=12933"}],"curies":[{"name":"wp","href":"https:\/\/api.w.org\/{rel}","templated":true}]}}