{"id":12772,"date":"2019-12-16T15:26:36","date_gmt":"2019-12-16T15:26:36","guid":{"rendered":"http:\/\/recettes-gourmandes-de-joce.fr\/?page_id=12772"},"modified":"2024-06-29T11:14:47","modified_gmt":"2024-06-29T11:14:47","slug":"brandade-de-morue-de-nimes","status":"publish","type":"page","link":"http:\/\/recettes-gourmandes-de-joce.fr\/index.php\/index\/recettes-regionales-mondiales\/recettes-regionales-salees\/brandade-de-morue-de-nimes\/","title":{"rendered":"Brandade de morue de N\u00eemes."},"content":{"rendered":"<p style=\"text-align: center;\"><em style=\"color: #808000; font-size: 24px;\"><span style=\"font-family: georgia, palatino, serif;\"><span style=\"text-decoration: underline;\">D&rsquo;apr\u00e8s une recette du net<\/span><\/span><\/em><\/p>\n<p style=\"text-align: center;\"><span style=\"color: #808000;\"><em><span style=\"font-size: 14pt; font-family: georgia, palatino, serif;\"><img loading=\"lazy\" decoding=\"async\" class=\"alignnone wp-image-12656\" src=\"http:\/\/recettes-gourmandes-de-joce.fr\/wp-content\/uploads\/2019\/12\/PA230657-150x150.jpg\" alt=\"\" width=\"227\" height=\"170\" srcset=\"http:\/\/recettes-gourmandes-de-joce.fr\/wp-content\/uploads\/2019\/12\/PA230657-300x225.jpg 300w, http:\/\/recettes-gourmandes-de-joce.fr\/wp-content\/uploads\/2019\/12\/PA230657.jpg 640w\" sizes=\"auto, (max-width: 227px) 100vw, 227px\" \/> <img loading=\"lazy\" decoding=\"async\" class=\"alignnone wp-image-12657\" src=\"http:\/\/recettes-gourmandes-de-joce.fr\/wp-content\/uploads\/2019\/12\/PA230660-150x150.jpg\" alt=\"\" width=\"222\" height=\"170\" srcset=\"http:\/\/recettes-gourmandes-de-joce.fr\/wp-content\/uploads\/2019\/12\/PA230660-300x230.jpg 300w, http:\/\/recettes-gourmandes-de-joce.fr\/wp-content\/uploads\/2019\/12\/PA230660.jpg 640w\" sizes=\"auto, (max-width: 222px) 100vw, 222px\" \/> <img loading=\"lazy\" decoding=\"async\" class=\"alignnone wp-image-12655\" src=\"http:\/\/recettes-gourmandes-de-joce.fr\/wp-content\/uploads\/2019\/12\/PA230655-150x150.jpg\" alt=\"\" width=\"256\" height=\"170\" srcset=\"http:\/\/recettes-gourmandes-de-joce.fr\/wp-content\/uploads\/2019\/12\/PA230655-300x199.jpg 300w, http:\/\/recettes-gourmandes-de-joce.fr\/wp-content\/uploads\/2019\/12\/PA230655.jpg 640w\" sizes=\"auto, (max-width: 256px) 100vw, 256px\" \/><\/span><\/em><\/span><\/p>\n<p style=\"text-align: center;\"><span style=\"color: #808000; font-size: 18pt;\"><em><span style=\"font-family: georgia, palatino, serif;\"><span style=\"text-decoration: underline;\">Ingr\u00e9dients pour 2 personnes<\/span><\/span><\/em><\/span><\/p>\n<p style=\"text-align: center;\"><span style=\"color: #808000;\"><em><span style=\"font-size: 14pt; font-family: georgia, palatino, serif;\"><img loading=\"lazy\" decoding=\"async\" class=\"alignnone wp-image-12638\" src=\"http:\/\/recettes-gourmandes-de-joce.fr\/wp-content\/uploads\/2019\/12\/PA230633-150x150.jpg\" alt=\"\" width=\"224\" height=\"170\" srcset=\"http:\/\/recettes-gourmandes-de-joce.fr\/wp-content\/uploads\/2019\/12\/PA230633-300x228.jpg 300w, http:\/\/recettes-gourmandes-de-joce.fr\/wp-content\/uploads\/2019\/12\/PA230633.jpg 640w\" sizes=\"auto, (max-width: 224px) 100vw, 224px\" \/><\/span><\/em><\/span><\/p>\n<p style=\"text-align: center;\"><span style=\"color: #808000;\"><em><span style=\"font-size: 14pt; font-family: georgia, palatino, serif;\">400 g de morue sal\u00e9e<\/span><\/em><\/span><\/p>\n<p style=\"text-align: center;\"><span style=\"color: #808000;\"><em><span style=\"font-size: 14pt; font-family: georgia, palatino, serif;\">150 g d&rsquo;huile d&rsquo;olive<\/span><\/em><\/span><\/p>\n<p style=\"text-align: center;\"><span style=\"color: #808000;\"><em><span style=\"font-size: 14pt; font-family: georgia, palatino, serif;\">150 g de cr\u00e8me liquide<\/span><\/em><\/span><\/p>\n<p style=\"text-align: center;\"><span style=\"color: #808000;\"><em><span style=\"font-size: 14pt; font-family: georgia, palatino, serif;\">\u00bd c \u00e0 caf\u00e9 de noix de muscade<\/span><\/em><\/span><\/p>\n<p style=\"text-align: center;\"><span style=\"color: #808000;\"><em><span style=\"font-size: 14pt; font-family: georgia, palatino, serif;\">\u00bd jus de citron<\/span><\/em><\/span><\/p>\n<p style=\"text-align: center;\"><span style=\"color: #808000;\"><em><span style=\"font-size: 14pt; font-family: georgia, palatino, serif;\">500ml de lait<\/span><\/em><\/span><\/p>\n<p style=\"text-align: center;\"><span style=\"color: #808000;\"><em><span style=\"font-size: 14pt; font-family: georgia, palatino, serif;\">Poivre<\/span><\/em><\/span><\/p>\n<p style=\"text-align: center;\"><span style=\"color: #808000;\"><em><span style=\"font-size: 14pt; font-family: georgia, palatino, serif;\"><img loading=\"lazy\" decoding=\"async\" class=\"alignnone wp-image-12773\" src=\"http:\/\/recettes-gourmandes-de-joce.fr\/wp-content\/uploads\/2019\/12\/Logitech-Gaming-Software-16122019-161131-150x150.jpg\" alt=\"\" width=\"278\" height=\"160\" srcset=\"http:\/\/recettes-gourmandes-de-joce.fr\/wp-content\/uploads\/2019\/12\/Logitech-Gaming-Software-16122019-161131-300x173.jpg 300w, http:\/\/recettes-gourmandes-de-joce.fr\/wp-content\/uploads\/2019\/12\/Logitech-Gaming-Software-16122019-161131.jpg 640w\" sizes=\"auto, (max-width: 278px) 100vw, 278px\" \/> <img loading=\"lazy\" decoding=\"async\" class=\"alignnone wp-image-12774\" src=\"http:\/\/recettes-gourmandes-de-joce.fr\/wp-content\/uploads\/2019\/12\/Logitech-Gaming-Software-16122019-161134-150x150.jpg\" alt=\"\" width=\"138\" height=\"160\" srcset=\"http:\/\/recettes-gourmandes-de-joce.fr\/wp-content\/uploads\/2019\/12\/Logitech-Gaming-Software-16122019-161134-258x300.jpg 258w, http:\/\/recettes-gourmandes-de-joce.fr\/wp-content\/uploads\/2019\/12\/Logitech-Gaming-Software-16122019-161134.jpg 551w\" sizes=\"auto, (max-width: 138px) 100vw, 138px\" \/> <img loading=\"lazy\" decoding=\"async\" class=\"alignnone wp-image-12639\" src=\"http:\/\/recettes-gourmandes-de-joce.fr\/wp-content\/uploads\/2019\/12\/PA230634-150x150.jpg\" alt=\"\" width=\"213\" height=\"160\" srcset=\"http:\/\/recettes-gourmandes-de-joce.fr\/wp-content\/uploads\/2019\/12\/PA230634-300x225.jpg 300w, http:\/\/recettes-gourmandes-de-joce.fr\/wp-content\/uploads\/2019\/12\/PA230634.jpg 640w\" sizes=\"auto, (max-width: 213px) 100vw, 213px\" \/><\/span><\/em><\/span><\/p>\n<p style=\"text-align: center;\"><span style=\"color: #808000;\"><em><span style=\"font-size: 14pt; font-family: georgia, palatino, serif;\">Mettre \u00e0 dessaler la morue dans de l&rsquo;eau froide toute une nuit et changer l&rsquo;eau au moins 3 fois, go\u00fbtez en un petit morceau cru afin de savoir si elle est suffisamment dessal\u00e9e avant de la cuire, coupez l\u00e0 ensuite en morceaux, mettez l\u00e0 dans une casserole avec le lait. <\/span><\/em><\/span><\/p>\n<p style=\"text-align: center;\"><span style=\"color: #808000;\"><em><span style=\"font-size: 14pt; font-family: georgia, palatino, serif;\"><img loading=\"lazy\" decoding=\"async\" class=\"alignnone wp-image-12650\" src=\"http:\/\/recettes-gourmandes-de-joce.fr\/wp-content\/uploads\/2019\/12\/PA230648-150x150.jpg\" alt=\"\" width=\"213\" height=\"160\" srcset=\"http:\/\/recettes-gourmandes-de-joce.fr\/wp-content\/uploads\/2019\/12\/PA230648-300x225.jpg 300w, http:\/\/recettes-gourmandes-de-joce.fr\/wp-content\/uploads\/2019\/12\/PA230648.jpg 640w\" sizes=\"auto, (max-width: 213px) 100vw, 213px\" \/>\u00a0<img loading=\"lazy\" decoding=\"async\" class=\"alignnone wp-image-12641\" src=\"http:\/\/recettes-gourmandes-de-joce.fr\/wp-content\/uploads\/2019\/12\/PA230636-150x150.jpg\" alt=\"\" width=\"213\" height=\"160\" srcset=\"http:\/\/recettes-gourmandes-de-joce.fr\/wp-content\/uploads\/2019\/12\/PA230636-300x225.jpg 300w, http:\/\/recettes-gourmandes-de-joce.fr\/wp-content\/uploads\/2019\/12\/PA230636.jpg 640w\" sizes=\"auto, (max-width: 213px) 100vw, 213px\" \/> <img loading=\"lazy\" decoding=\"async\" class=\"alignnone wp-image-12642\" src=\"http:\/\/recettes-gourmandes-de-joce.fr\/wp-content\/uploads\/2019\/12\/PA230637-150x150.jpg\" alt=\"\" width=\"213\" height=\"160\" srcset=\"http:\/\/recettes-gourmandes-de-joce.fr\/wp-content\/uploads\/2019\/12\/PA230637-300x225.jpg 300w, http:\/\/recettes-gourmandes-de-joce.fr\/wp-content\/uploads\/2019\/12\/PA230637.jpg 640w\" sizes=\"auto, (max-width: 213px) 100vw, 213px\" \/><\/span><\/em><\/span><\/p>\n<p style=\"text-align: center;\"><span style=\"color: #808000;\"><em><span style=\"font-size: 14pt; font-family: georgia, palatino, serif;\">Au besoin ajouter un peu d&rsquo;eau pour que le poisson soit couvert. Mettre \u00e0 chauffer, aux premiers fr\u00e9missements, arr\u00eater la cuisson et mettre un couvercle, laisser pocher ainsi pendant 20 \u00e0 30 minutes selon la grosseur des morceaux.<\/span><\/em><\/span><\/p>\n<p style=\"text-align: center;\"><span style=\"color: #808000;\"><em><span style=\"font-size: 14pt; font-family: georgia, palatino, serif;\"><img loading=\"lazy\" decoding=\"async\" class=\"alignnone wp-image-12643\" src=\"http:\/\/recettes-gourmandes-de-joce.fr\/wp-content\/uploads\/2019\/12\/PA230638-150x150.jpg\" alt=\"\" width=\"216\" height=\"160\" srcset=\"http:\/\/recettes-gourmandes-de-joce.fr\/wp-content\/uploads\/2019\/12\/PA230638-300x223.jpg 300w, http:\/\/recettes-gourmandes-de-joce.fr\/wp-content\/uploads\/2019\/12\/PA230638.jpg 640w\" sizes=\"auto, (max-width: 216px) 100vw, 216px\" \/> <img loading=\"lazy\" decoding=\"async\" class=\"alignnone wp-image-12644\" src=\"http:\/\/recettes-gourmandes-de-joce.fr\/wp-content\/uploads\/2019\/12\/PA230639-150x150.jpg\" alt=\"\" width=\"213\" height=\"160\" srcset=\"http:\/\/recettes-gourmandes-de-joce.fr\/wp-content\/uploads\/2019\/12\/PA230639-300x225.jpg 300w, http:\/\/recettes-gourmandes-de-joce.fr\/wp-content\/uploads\/2019\/12\/PA230639.jpg 640w\" sizes=\"auto, (max-width: 213px) 100vw, 213px\" \/>\u00a0<img loading=\"lazy\" decoding=\"async\" class=\"alignnone wp-image-12775\" src=\"http:\/\/recettes-gourmandes-de-joce.fr\/wp-content\/uploads\/2019\/12\/Logitech-Gaming-Software-16122019-161755-150x150.jpg\" alt=\"\" width=\"179\" height=\"160\" srcset=\"http:\/\/recettes-gourmandes-de-joce.fr\/wp-content\/uploads\/2019\/12\/Logitech-Gaming-Software-16122019-161755-300x269.jpg 300w, http:\/\/recettes-gourmandes-de-joce.fr\/wp-content\/uploads\/2019\/12\/Logitech-Gaming-Software-16122019-161755.jpg 640w\" sizes=\"auto, (max-width: 179px) 100vw, 179px\" \/> \u00a0<\/span><\/em><\/span><\/p>\n<p style=\"text-align: center;\"><span style=\"color: #808000;\"><em><span style=\"font-size: 14pt; font-family: georgia, palatino, serif;\">Egoutter ensuite les morceaux, les effeuiller et enlever les arr\u00eates. Mettre la morue dans le bol du mixeur, ajouter le poivre et la muscade.<\/span><\/em><\/span><\/p>\n<p style=\"text-align: center;\"><span style=\"color: #808000;\"><em><span style=\"font-size: 14pt; font-family: georgia, palatino, serif;\">\u00a0<img loading=\"lazy\" decoding=\"async\" class=\"alignnone wp-image-12645\" src=\"http:\/\/recettes-gourmandes-de-joce.fr\/wp-content\/uploads\/2019\/12\/PA230641-150x150.jpg\" alt=\"\" width=\"197\" height=\"160\" srcset=\"http:\/\/recettes-gourmandes-de-joce.fr\/wp-content\/uploads\/2019\/12\/PA230641-300x244.jpg 300w, http:\/\/recettes-gourmandes-de-joce.fr\/wp-content\/uploads\/2019\/12\/PA230641.jpg 640w\" sizes=\"auto, (max-width: 197px) 100vw, 197px\" \/> <img loading=\"lazy\" decoding=\"async\" class=\"alignnone wp-image-12646\" src=\"http:\/\/recettes-gourmandes-de-joce.fr\/wp-content\/uploads\/2019\/12\/PA230643-150x150.jpg\" alt=\"\" width=\"194\" height=\"160\" srcset=\"http:\/\/recettes-gourmandes-de-joce.fr\/wp-content\/uploads\/2019\/12\/PA230643-300x248.jpg 300w, http:\/\/recettes-gourmandes-de-joce.fr\/wp-content\/uploads\/2019\/12\/PA230643.jpg 640w\" sizes=\"auto, (max-width: 194px) 100vw, 194px\" \/> <img loading=\"lazy\" decoding=\"async\" class=\"alignnone wp-image-12647\" src=\"http:\/\/recettes-gourmandes-de-joce.fr\/wp-content\/uploads\/2019\/12\/PA230644-150x150.jpg\" alt=\"\" width=\"209\" height=\"160\" srcset=\"http:\/\/recettes-gourmandes-de-joce.fr\/wp-content\/uploads\/2019\/12\/PA230644-300x229.jpg 300w, http:\/\/recettes-gourmandes-de-joce.fr\/wp-content\/uploads\/2019\/12\/PA230644.jpg 640w\" sizes=\"auto, (max-width: 209px) 100vw, 209px\" \/>\u00a0<\/span><\/em><\/span><\/p>\n<p style=\"text-align: center;\"><span style=\"color: #808000;\"><em><span style=\"font-size: 14pt; font-family: georgia, palatino, serif;\">Mettre en route en ajoutant petit \u00e0 petit l&rsquo;huile d&rsquo;olive, puis la cr\u00e8me.<\/span><\/em><\/span><\/p>\n<p style=\"text-align: center;\"><span style=\"color: #808000;\"><em><span style=\"font-size: 14pt; font-family: georgia, palatino, serif;\"><img loading=\"lazy\" decoding=\"async\" class=\"alignnone wp-image-12664\" src=\"http:\/\/recettes-gourmandes-de-joce.fr\/wp-content\/uploads\/2019\/12\/PA230682-150x150.jpg\" alt=\"\" width=\"198\" height=\"160\" srcset=\"http:\/\/recettes-gourmandes-de-joce.fr\/wp-content\/uploads\/2019\/12\/PA230682-300x242.jpg 300w, http:\/\/recettes-gourmandes-de-joce.fr\/wp-content\/uploads\/2019\/12\/PA230682.jpg 640w\" sizes=\"auto, (max-width: 198px) 100vw, 198px\" \/><\/span><\/em><\/span><\/p>\n<p style=\"text-align: center;\"><span style=\"color: #808000;\"><em><span style=\"font-size: 14pt; font-family: georgia, palatino, serif;\">\u00a0v\u00e9rifier la consistance qui ne doit pas \u00eatre ni trop liquide ni trop compacte. Ajouter le jus de citron et rectifier l&rsquo;assaisonnement et servir ti\u00e8de sur avec des cro\u00fbtons ou chaude pass\u00e9e au four 10 minutes avec quelques noisettes de beurre sal\u00e9 dessus pour la faire l\u00e9g\u00e8rement gratiner.<\/span><\/em><\/span><\/p>\n<p style=\"text-align: center;\"><span style=\"color: #808000;\"><em><span style=\"font-size: 14pt; font-family: georgia, palatino, serif;\">Bon app\u00e9tit!<\/span><\/em><\/span><\/p>\n<p style=\"text-align: center;\"><span style=\"color: #808000;\"><em><span style=\"font-size: 14pt; font-family: georgia, palatino, serif;\"><img loading=\"lazy\" decoding=\"async\" class=\"alignnone wp-image-12657\" src=\"http:\/\/recettes-gourmandes-de-joce.fr\/wp-content\/uploads\/2019\/12\/PA230660-150x150.jpg\" alt=\"\" width=\"222\" height=\"170\" srcset=\"http:\/\/recettes-gourmandes-de-joce.fr\/wp-content\/uploads\/2019\/12\/PA230660-300x230.jpg 300w, http:\/\/recettes-gourmandes-de-joce.fr\/wp-content\/uploads\/2019\/12\/PA230660.jpg 640w\" sizes=\"auto, (max-width: 222px) 100vw, 222px\" \/> <img loading=\"lazy\" decoding=\"async\" class=\"alignnone wp-image-12655\" src=\"http:\/\/recettes-gourmandes-de-joce.fr\/wp-content\/uploads\/2019\/12\/PA230655-150x150.jpg\" alt=\"\" width=\"256\" height=\"170\" srcset=\"http:\/\/recettes-gourmandes-de-joce.fr\/wp-content\/uploads\/2019\/12\/PA230655-300x199.jpg 300w, http:\/\/recettes-gourmandes-de-joce.fr\/wp-content\/uploads\/2019\/12\/PA230655.jpg 640w\" sizes=\"auto, (max-width: 256px) 100vw, 256px\" \/> <img loading=\"lazy\" decoding=\"async\" class=\"alignnone wp-image-12654\" src=\"http:\/\/recettes-gourmandes-de-joce.fr\/wp-content\/uploads\/2019\/12\/PA230653-150x150.jpg\" alt=\"\" width=\"241\" height=\"170\" srcset=\"http:\/\/recettes-gourmandes-de-joce.fr\/wp-content\/uploads\/2019\/12\/PA230653-300x212.jpg 300w, http:\/\/recettes-gourmandes-de-joce.fr\/wp-content\/uploads\/2019\/12\/PA230653.jpg 640w\" sizes=\"auto, (max-width: 241px) 100vw, 241px\" \/><\/span><\/em><\/span><\/p>\n<p style=\"text-align: center;\"><span style=\"color: #808000;\"><em><span style=\"font-size: 14pt; font-family: georgia, palatino, serif;\"><img loading=\"lazy\" decoding=\"async\" class=\"alignnone size-full wp-image-59803\" src=\"http:\/\/recettes-gourmandes-de-joce.fr\/wp-content\/uploads\/2024\/01\/logitech-gaming-software-14112014-121223.jpg\" alt=\"\" width=\"640\" height=\"144\" \/><\/span><\/em><\/span><\/p>\n","protected":false},"excerpt":{"rendered":"<p>D&rsquo;apr\u00e8s une recette du net Ingr\u00e9dients pour 2 personnes 400 g de morue sal\u00e9e 150 g d&rsquo;huile d&rsquo;olive 150 g de cr\u00e8me liquide \u00bd c \u00e0 caf\u00e9 de noix de muscade \u00bd jus de citron 500ml de lait Poivre Mettre \u00e0 dessaler la morue dans de l&rsquo;eau froide toute une nuit et changer l&rsquo;eau au &hellip; <\/p>\n<p><a class=\"more-link btn\" href=\"http:\/\/recettes-gourmandes-de-joce.fr\/index.php\/index\/recettes-regionales-mondiales\/recettes-regionales-salees\/brandade-de-morue-de-nimes\/\">Lire la suite<\/a><\/p>\n","protected":false},"author":2,"featured_media":85460,"parent":51,"menu_order":0,"comment_status":"open","ping_status":"closed","template":"","meta":{"footnotes":""},"class_list":["post-12772","page","type-page","status-publish","has-post-thumbnail","hentry","nodate","item-wrap"],"_links":{"self":[{"href":"http:\/\/recettes-gourmandes-de-joce.fr\/index.php\/wp-json\/wp\/v2\/pages\/12772","targetHints":{"allow":["GET"]}}],"collection":[{"href":"http:\/\/recettes-gourmandes-de-joce.fr\/index.php\/wp-json\/wp\/v2\/pages"}],"about":[{"href":"http:\/\/recettes-gourmandes-de-joce.fr\/index.php\/wp-json\/wp\/v2\/types\/page"}],"author":[{"embeddable":true,"href":"http:\/\/recettes-gourmandes-de-joce.fr\/index.php\/wp-json\/wp\/v2\/users\/2"}],"replies":[{"embeddable":true,"href":"http:\/\/recettes-gourmandes-de-joce.fr\/index.php\/wp-json\/wp\/v2\/comments?post=12772"}],"version-history":[{"count":3,"href":"http:\/\/recettes-gourmandes-de-joce.fr\/index.php\/wp-json\/wp\/v2\/pages\/12772\/revisions"}],"predecessor-version":[{"id":85462,"href":"http:\/\/recettes-gourmandes-de-joce.fr\/index.php\/wp-json\/wp\/v2\/pages\/12772\/revisions\/85462"}],"up":[{"embeddable":true,"href":"http:\/\/recettes-gourmandes-de-joce.fr\/index.php\/wp-json\/wp\/v2\/pages\/51"}],"wp:featuredmedia":[{"embeddable":true,"href":"http:\/\/recettes-gourmandes-de-joce.fr\/index.php\/wp-json\/wp\/v2\/media\/85460"}],"wp:attachment":[{"href":"http:\/\/recettes-gourmandes-de-joce.fr\/index.php\/wp-json\/wp\/v2\/media?parent=12772"}],"curies":[{"name":"wp","href":"https:\/\/api.w.org\/{rel}","templated":true}]}}