{"id":12510,"date":"2019-12-12T15:11:28","date_gmt":"2019-12-12T15:11:28","guid":{"rendered":"http:\/\/recettes-gourmandes-de-joce.fr\/?page_id=12510"},"modified":"2024-05-05T23:27:14","modified_gmt":"2024-05-05T23:27:14","slug":"salade-de-magrets-fumets-melon-pignons-et-chevre","status":"publish","type":"page","link":"http:\/\/recettes-gourmandes-de-joce.fr\/index.php\/index\/entrees\/salades-crudites\/salade-de-magrets-fumets-melon-pignons-et-chevre\/","title":{"rendered":"Salade de magrets fumets, melon, pignons et ch\u00e8vre."},"content":{"rendered":"<p style=\"text-align: center;\"><span style=\"font-family: georgia, palatino, serif; color: #ff9900;\"><em><u><span style=\"font-size: x-large;\">Une de mes recettes<\/span><\/u><\/em><\/span><\/p>\n<p style=\"text-align: center;\"><span style=\"font-family: georgia, palatino, serif; color: #ff9900;\"><img loading=\"lazy\" decoding=\"async\" class=\"alignnone wp-image-12508\" src=\"http:\/\/recettes-gourmandes-de-joce.fr\/wp-content\/uploads\/2019\/12\/salades_de_melon_magrets_fumes_jambon_de_bayo2-150x150.jpg\" alt=\"\" width=\"240\" height=\"180\" srcset=\"http:\/\/recettes-gourmandes-de-joce.fr\/wp-content\/uploads\/2019\/12\/salades_de_melon_magrets_fumes_jambon_de_bayo2-300x225.jpg 300w, http:\/\/recettes-gourmandes-de-joce.fr\/wp-content\/uploads\/2019\/12\/salades_de_melon_magrets_fumes_jambon_de_bayo2.jpg 550w\" sizes=\"auto, (max-width: 240px) 100vw, 240px\" \/> \u00a0<img loading=\"lazy\" decoding=\"async\" class=\"alignnone wp-image-12505\" src=\"http:\/\/recettes-gourmandes-de-joce.fr\/wp-content\/uploads\/2019\/12\/salade_de_melon_chevre_frais_et_jambon_de_pay-150x150.jpg\" alt=\"\" width=\"240\" height=\"180\" srcset=\"http:\/\/recettes-gourmandes-de-joce.fr\/wp-content\/uploads\/2019\/12\/salade_de_melon_chevre_frais_et_jambon_de_pay-300x225.jpg 300w, http:\/\/recettes-gourmandes-de-joce.fr\/wp-content\/uploads\/2019\/12\/salade_de_melon_chevre_frais_et_jambon_de_pay.jpg 550w\" sizes=\"auto, (max-width: 240px) 100vw, 240px\" \/><\/span><\/p>\n<p style=\"text-align: center;\"><span style=\"color: #ff9900;\"><span style=\"font-family: georgia, palatino, serif;\"><em><span style=\"font-size: large;\">Variante avec de la b\u00fbche de ch\u00e8vre<\/span><\/em><\/span><strong><span style=\"font-size: 18pt;\">\u2193<\/span><\/strong><\/span><\/p>\n<p style=\"text-align: center;\"><span style=\"font-family: georgia, palatino, serif; color: #ff9900;\"><img loading=\"lazy\" decoding=\"async\" class=\"alignnone wp-image-12504\" src=\"http:\/\/recettes-gourmandes-de-joce.fr\/wp-content\/uploads\/2019\/12\/103-6256-150x150.jpg\" alt=\"\" width=\"272\" height=\"180\" srcset=\"http:\/\/recettes-gourmandes-de-joce.fr\/wp-content\/uploads\/2019\/12\/103-6256-300x199.jpg 300w, http:\/\/recettes-gourmandes-de-joce.fr\/wp-content\/uploads\/2019\/12\/103-6256.jpg 640w\" sizes=\"auto, (max-width: 272px) 100vw, 272px\" \/><\/span><\/p>\n<p style=\"text-align: center;\"><span style=\"font-family: georgia, palatino, serif; color: #ff9900;\"><span style=\"text-decoration: underline;\"><span style=\"font-size: x-large;\"><em>Ingr\u00e9dients pour 6 personnes<\/em><\/span><\/span><\/span><\/p>\n<p style=\"text-align: center;\"><span style=\"font-family: georgia, palatino, serif; color: #ff9900;\"><img loading=\"lazy\" decoding=\"async\" class=\"alignnone wp-image-12506\" src=\"http:\/\/recettes-gourmandes-de-joce.fr\/wp-content\/uploads\/2019\/12\/salades_de_melon_magrets_fumes_jambon_de_bayo-150x150.jpg\" alt=\"\" width=\"180\" height=\"250\" srcset=\"http:\/\/recettes-gourmandes-de-joce.fr\/wp-content\/uploads\/2019\/12\/salades_de_melon_magrets_fumes_jambon_de_bayo-215x300.jpg 215w, http:\/\/recettes-gourmandes-de-joce.fr\/wp-content\/uploads\/2019\/12\/salades_de_melon_magrets_fumes_jambon_de_bayo.jpg 395w\" sizes=\"auto, (max-width: 180px) 100vw, 180px\" \/><\/span><\/p>\n<p style=\"text-align: center;\"><span style=\"font-family: georgia, palatino, serif; color: #ff9900;\"><em><span style=\"font-size: large;\">1 ou 2\u00a0melons selon que l&rsquo;on sert en entr\u00e9e et ou en plat<\/span><\/em><\/span><\/p>\n<p style=\"text-align: center;\"><span style=\"font-family: georgia, palatino, serif; color: #ff9900;\"><em><span style=\"font-size: large;\">12\u00a0tranches de jambon de Bayonne<\/span><\/em><\/span><\/p>\n<p style=\"text-align: center;\"><span style=\"font-family: georgia, palatino, serif; color: #ff9900;\"><em><span style=\"font-size: large;\">200 g de magrets s\u00e9ch\u00e9s<\/span><\/em><\/span><\/p>\n<p style=\"text-align: center;\"><span style=\"font-family: georgia, palatino, serif; color: #ff9900;\"><em><span style=\"font-size: large;\">1 bouquet de ciboulette<\/span><\/em><\/span><\/p>\n<p style=\"text-align: center;\"><span style=\"font-family: georgia, palatino, serif; color: #ff9900;\"><em><span style=\"font-size: large;\">1 c \u00e0 s de pignons de pin<\/span><\/em><\/span><\/p>\n<p style=\"text-align: center;\"><span style=\"font-family: georgia, palatino, serif; color: #ff9900;\"><em><span style=\"font-size: large;\">6 rondins de ch\u00e8vre frais ou de b\u00fbche de ch\u00e8vre selon vos go\u00fbts<\/span><\/em><\/span><\/p>\n<p style=\"text-align: center;\"><span style=\"font-family: georgia, palatino, serif; color: #ff9900;\"><em><span style=\"font-size: large;\">\u00a0<\/span><\/em><em><span style=\"font-size: large;\">\u00a0\u00a0<\/span><\/em><em><span style=\"font-size: large;\">Recette du magret s\u00e9ch\u00e9 sur ce lien -&gt; <a href=\"http:\/\/recettes-gourmandes-de-joce.fr\/index.php\/index\/viandes\/volailles\/canard-pintade\/magret-de-canard-seche\/\"><span style=\"color: #800080;\">Magret de canard s\u00e9ch\u00e9<\/span><\/a><\/span><\/em><em><span style=\"font-size: large;\"><img loading=\"lazy\" decoding=\"async\" class=\"alignnone wp-image-511\" src=\"http:\/\/recettes-gourmandes-de-joce.fr\/wp-content\/uploads\/2019\/09\/magrets-secs3-300x192.jpg\" alt=\"\" width=\"234\" height=\"150\" srcset=\"http:\/\/recettes-gourmandes-de-joce.fr\/wp-content\/uploads\/2019\/09\/magrets-secs3-300x192.jpg 300w, http:\/\/recettes-gourmandes-de-joce.fr\/wp-content\/uploads\/2019\/09\/magrets-secs3-768x492.jpg 768w, http:\/\/recettes-gourmandes-de-joce.fr\/wp-content\/uploads\/2019\/09\/magrets-secs3.jpg 800w\" sizes=\"auto, (max-width: 234px) 100vw, 234px\" \/><\/span><\/em><\/span><\/p>\n<p style=\"text-align: center;\"><span style=\"font-family: georgia, palatino, serif; color: #ff9900;\"><img loading=\"lazy\" decoding=\"async\" class=\"alignnone wp-image-12507\" src=\"http:\/\/recettes-gourmandes-de-joce.fr\/wp-content\/uploads\/2019\/12\/salades_de_melon_magrets_fumes_jambon_de_bayo1-150x150.jpg\" alt=\"\" width=\"216\" height=\"165\" srcset=\"http:\/\/recettes-gourmandes-de-joce.fr\/wp-content\/uploads\/2019\/12\/salades_de_melon_magrets_fumes_jambon_de_bayo1-300x229.jpg 300w, http:\/\/recettes-gourmandes-de-joce.fr\/wp-content\/uploads\/2019\/12\/salades_de_melon_magrets_fumes_jambon_de_bayo1.jpg 542w\" sizes=\"auto, (max-width: 216px) 100vw, 216px\" \/> <img loading=\"lazy\" decoding=\"async\" class=\"alignnone wp-image-511\" src=\"http:\/\/recettes-gourmandes-de-joce.fr\/wp-content\/uploads\/2019\/09\/magrets-secs3-300x192.jpg\" alt=\"\" width=\"257\" height=\"165\" srcset=\"http:\/\/recettes-gourmandes-de-joce.fr\/wp-content\/uploads\/2019\/09\/magrets-secs3-300x192.jpg 300w, http:\/\/recettes-gourmandes-de-joce.fr\/wp-content\/uploads\/2019\/09\/magrets-secs3-768x492.jpg 768w, http:\/\/recettes-gourmandes-de-joce.fr\/wp-content\/uploads\/2019\/09\/magrets-secs3.jpg 800w\" sizes=\"auto, (max-width: 257px) 100vw, 257px\" \/>\u00a0<\/span><\/p>\n<p style=\"text-align: center;\"><span style=\"font-family: georgia, palatino, serif; color: #ff9900;\"><em><span style=\"font-size: large;\">Enlever la peau du melon, couper le en quatre, \u00f4ter les p\u00e9pins, couper en<\/span><\/em><em><span style=\"font-size: large;\"> tranches pas trop \u00e9paisses. Trancher le magret.<\/span><\/em><\/span><\/p>\n<p style=\"text-align: center;\"><img loading=\"lazy\" decoding=\"async\" class=\"alignnone wp-image-45904\" style=\"color: #ff9900; font-family: georgia, palatino, serif;\" src=\"http:\/\/recettes-gourmandes-de-joce.fr\/wp-content\/uploads\/2022\/07\/20210724_122240-300x170.jpg\" alt=\"\" width=\"301\" height=\"170\" srcset=\"http:\/\/recettes-gourmandes-de-joce.fr\/wp-content\/uploads\/2022\/07\/20210724_122240-300x170.jpg 300w, http:\/\/recettes-gourmandes-de-joce.fr\/wp-content\/uploads\/2022\/07\/20210724_122240.jpg 720w\" sizes=\"auto, (max-width: 301px) 100vw, 301px\" \/> <img loading=\"lazy\" decoding=\"async\" class=\"alignnone wp-image-45905\" src=\"http:\/\/recettes-gourmandes-de-joce.fr\/wp-content\/uploads\/2022\/07\/20210623_193743-001-300x215.jpg\" alt=\"\" width=\"237\" height=\"170\" srcset=\"http:\/\/recettes-gourmandes-de-joce.fr\/wp-content\/uploads\/2022\/07\/20210623_193743-001-300x215.jpg 300w, http:\/\/recettes-gourmandes-de-joce.fr\/wp-content\/uploads\/2022\/07\/20210623_193743-001.jpg 679w\" sizes=\"auto, (max-width: 237px) 100vw, 237px\" \/><\/p>\n<p style=\"text-align: center;\"><span style=\"font-family: georgia, palatino, serif; color: #ff9900;\"><em style=\"color: #ff9900; font-family: georgia, palatino, serif;\"><span style=\"font-size: large;\">D\u00e9tailler le ch\u00e8vre en petits d\u00e9s. <\/span><\/em><em><span style=\"font-size: large;\"><span style=\"color: #ff9900; font-family: georgia, palatino, serif; font-size: large;\">Laver et ciseler la ciboulette. <\/span><\/span><\/em><\/span><span style=\"font-family: georgia, palatino, serif; color: #ff9900;\"><em><span style=\"font-size: large;\">Rouler les tranches de jambon.<\/span><\/em><\/span><\/p>\n<p style=\"text-align: center;\"><span style=\"font-family: georgia, palatino, serif; color: #ff9900;\"> <em><span style=\"font-size: large;\">D\u00e9poser dans le plat de service, le melon intercal\u00e9 des tranches de jambon <\/span><\/em><em><span style=\"font-size: large;\">roul\u00e9es, ajouter ensuite les magrets puis terminer par le ch\u00e8vre <\/span><\/em><em><span style=\"font-size: large;\">\u00e9miett\u00e9 au centre. <\/span><\/em><em><span style=\"font-size: large;\">Parsemer de pignons de pin et de ciboulette.<\/span><\/em><\/span><\/p>\n<p style=\"text-align: center;\"><span style=\"font-family: georgia, palatino, serif; color: #ff9900;\"><em><span style=\"font-size: large;\">A d\u00e9guster tr\u00e8s frais<\/span><\/em><\/span><\/p>\n<p style=\"text-align: center;\"><span style=\"font-family: georgia, palatino, serif; color: #ff9900;\"><span style=\"font-size: 20px;\">\u00a0<em>Bon app\u00e9tit!<\/em><\/span><\/span><\/p>\n<p style=\"text-align: center;\"><span style=\"font-family: georgia, palatino, serif; color: #ff9900;\"><img loading=\"lazy\" decoding=\"async\" class=\"alignnone wp-image-12505\" src=\"http:\/\/recettes-gourmandes-de-joce.fr\/wp-content\/uploads\/2019\/12\/salade_de_melon_chevre_frais_et_jambon_de_pay-150x150.jpg\" alt=\"\" width=\"240\" height=\"180\" srcset=\"http:\/\/recettes-gourmandes-de-joce.fr\/wp-content\/uploads\/2019\/12\/salade_de_melon_chevre_frais_et_jambon_de_pay-300x225.jpg 300w, http:\/\/recettes-gourmandes-de-joce.fr\/wp-content\/uploads\/2019\/12\/salade_de_melon_chevre_frais_et_jambon_de_pay.jpg 550w\" sizes=\"auto, (max-width: 240px) 100vw, 240px\" \/> <img loading=\"lazy\" decoding=\"async\" class=\"alignnone wp-image-12503\" src=\"http:\/\/recettes-gourmandes-de-joce.fr\/wp-content\/uploads\/2019\/12\/100-9041-150x150.jpg\" alt=\"\" width=\"230\" height=\"180\" srcset=\"http:\/\/recettes-gourmandes-de-joce.fr\/wp-content\/uploads\/2019\/12\/100-9041-300x235.jpg 300w, http:\/\/recettes-gourmandes-de-joce.fr\/wp-content\/uploads\/2019\/12\/100-9041.jpg 640w\" sizes=\"auto, (max-width: 230px) 100vw, 230px\" \/> <img loading=\"lazy\" decoding=\"async\" class=\"alignnone wp-image-12509\" src=\"http:\/\/recettes-gourmandes-de-joce.fr\/wp-content\/uploads\/2019\/12\/salades_de_melon_magrets_fumes_jambon_de_bayo3-150x150.jpg\" alt=\"\" width=\"254\" height=\"180\" srcset=\"http:\/\/recettes-gourmandes-de-joce.fr\/wp-content\/uploads\/2019\/12\/salades_de_melon_magrets_fumes_jambon_de_bayo3-300x212.jpg 300w, http:\/\/recettes-gourmandes-de-joce.fr\/wp-content\/uploads\/2019\/12\/salades_de_melon_magrets_fumes_jambon_de_bayo3.jpg 547w\" sizes=\"auto, (max-width: 254px) 100vw, 254px\" \/><\/span><\/p>\n<p style=\"text-align: center;\"><img loading=\"lazy\" decoding=\"async\" class=\"alignnone wp-image-44943 size-full\" src=\"http:\/\/recettes-gourmandes-de-joce.fr\/wp-content\/uploads\/2022\/05\/logitech-gaming-software-14112014-121223.jpg\" alt=\"\" width=\"640\" height=\"144\" srcset=\"http:\/\/recettes-gourmandes-de-joce.fr\/wp-content\/uploads\/2022\/05\/logitech-gaming-software-14112014-121223.jpg 640w, http:\/\/recettes-gourmandes-de-joce.fr\/wp-content\/uploads\/2022\/05\/logitech-gaming-software-14112014-121223-300x68.jpg 300w\" sizes=\"auto, (max-width: 640px) 100vw, 640px\" \/><\/p>\n","protected":false},"excerpt":{"rendered":"<p>Une de mes recettes \u00a0 Variante avec de la b\u00fbche de ch\u00e8vre\u2193 Ingr\u00e9dients pour 6 personnes 1 ou 2\u00a0melons selon que l&rsquo;on sert en entr\u00e9e et ou en plat 12\u00a0tranches de jambon de Bayonne 200 g de magrets s\u00e9ch\u00e9s 1 bouquet de ciboulette 1 c \u00e0 s de pignons de pin 6 rondins de ch\u00e8vre &hellip; <\/p>\n<p><a class=\"more-link btn\" href=\"http:\/\/recettes-gourmandes-de-joce.fr\/index.php\/index\/entrees\/salades-crudites\/salade-de-magrets-fumets-melon-pignons-et-chevre\/\">Lire la suite<\/a><\/p>\n","protected":false},"author":2,"featured_media":78042,"parent":165,"menu_order":0,"comment_status":"open","ping_status":"closed","template":"","meta":{"footnotes":""},"class_list":["post-12510","page","type-page","status-publish","has-post-thumbnail","hentry","nodate","item-wrap"],"_links":{"self":[{"href":"http:\/\/recettes-gourmandes-de-joce.fr\/index.php\/wp-json\/wp\/v2\/pages\/12510","targetHints":{"allow":["GET"]}}],"collection":[{"href":"http:\/\/recettes-gourmandes-de-joce.fr\/index.php\/wp-json\/wp\/v2\/pages"}],"about":[{"href":"http:\/\/recettes-gourmandes-de-joce.fr\/index.php\/wp-json\/wp\/v2\/types\/page"}],"author":[{"embeddable":true,"href":"http:\/\/recettes-gourmandes-de-joce.fr\/index.php\/wp-json\/wp\/v2\/users\/2"}],"replies":[{"embeddable":true,"href":"http:\/\/recettes-gourmandes-de-joce.fr\/index.php\/wp-json\/wp\/v2\/comments?post=12510"}],"version-history":[{"count":6,"href":"http:\/\/recettes-gourmandes-de-joce.fr\/index.php\/wp-json\/wp\/v2\/pages\/12510\/revisions"}],"predecessor-version":[{"id":78041,"href":"http:\/\/recettes-gourmandes-de-joce.fr\/index.php\/wp-json\/wp\/v2\/pages\/12510\/revisions\/78041"}],"up":[{"embeddable":true,"href":"http:\/\/recettes-gourmandes-de-joce.fr\/index.php\/wp-json\/wp\/v2\/pages\/165"}],"wp:featuredmedia":[{"embeddable":true,"href":"http:\/\/recettes-gourmandes-de-joce.fr\/index.php\/wp-json\/wp\/v2\/media\/78042"}],"wp:attachment":[{"href":"http:\/\/recettes-gourmandes-de-joce.fr\/index.php\/wp-json\/wp\/v2\/media?parent=12510"}],"curies":[{"name":"wp","href":"https:\/\/api.w.org\/{rel}","templated":true}]}}