{"id":1231,"date":"2019-09-24T23:23:03","date_gmt":"2019-09-24T23:23:03","guid":{"rendered":"http:\/\/recettes-gourmandes-de-joce.fr\/?page_id=1231"},"modified":"2025-03-25T10:06:02","modified_gmt":"2025-03-25T10:06:02","slug":"escalopes-de-veau-sauce-cremee-au-citron-et-fleur-de-sel-a-la-maniguette","status":"publish","type":"page","link":"http:\/\/recettes-gourmandes-de-joce.fr\/index.php\/index\/viandes\/veau\/escalopes-de-veau-sauce-cremee-au-citron-et-fleur-de-sel-a-la-maniguette\/","title":{"rendered":"Escalopes de veau sauce cr\u00e9m\u00e9e\u00a0au citron et fleur de sel \u00e0 la maniguette."},"content":{"rendered":"<p style=\"text-align: center;\"><span style=\"color: #3366ff; text-decoration: underline; font-family: georgia, palatino, serif;\"><em><span style=\"font-size: x-large;\">Une de mes recettes<\/span><\/em><\/span><\/p>\n<p style=\"text-align: center;\"><img loading=\"lazy\" decoding=\"async\" class=\"alignnone wp-image-63401\" src=\"http:\/\/recettes-gourmandes-de-joce.fr\/wp-content\/uploads\/2024\/03\/escalopes-veau-citron3.jpg\" alt=\"\" width=\"240\" height=\"180\" srcset=\"http:\/\/recettes-gourmandes-de-joce.fr\/wp-content\/uploads\/2024\/03\/escalopes-veau-citron3.jpg 1024w, http:\/\/recettes-gourmandes-de-joce.fr\/wp-content\/uploads\/2024\/03\/escalopes-veau-citron3-768x576.jpg 768w, http:\/\/recettes-gourmandes-de-joce.fr\/wp-content\/uploads\/2024\/03\/escalopes-veau-citron3-750x563.jpg 750w\" sizes=\"auto, (max-width: 240px) 100vw, 240px\" \/> <img loading=\"lazy\" decoding=\"async\" class=\"alignnone wp-image-63400\" src=\"http:\/\/recettes-gourmandes-de-joce.fr\/wp-content\/uploads\/2024\/03\/escalopes-veau-citron2.jpg\" alt=\"\" width=\"240\" height=\"180\" srcset=\"http:\/\/recettes-gourmandes-de-joce.fr\/wp-content\/uploads\/2024\/03\/escalopes-veau-citron2.jpg 1024w, http:\/\/recettes-gourmandes-de-joce.fr\/wp-content\/uploads\/2024\/03\/escalopes-veau-citron2-768x576.jpg 768w, http:\/\/recettes-gourmandes-de-joce.fr\/wp-content\/uploads\/2024\/03\/escalopes-veau-citron2-750x563.jpg 750w\" sizes=\"auto, (max-width: 240px) 100vw, 240px\" \/> <img loading=\"lazy\" decoding=\"async\" class=\"alignnone wp-image-63399\" src=\"http:\/\/recettes-gourmandes-de-joce.fr\/wp-content\/uploads\/2024\/03\/escalopes-veau-citron1.jpg\" alt=\"\" width=\"247\" height=\"180\" srcset=\"http:\/\/recettes-gourmandes-de-joce.fr\/wp-content\/uploads\/2024\/03\/escalopes-veau-citron1.jpg 1024w, http:\/\/recettes-gourmandes-de-joce.fr\/wp-content\/uploads\/2024\/03\/escalopes-veau-citron1-768x560.jpg 768w, http:\/\/recettes-gourmandes-de-joce.fr\/wp-content\/uploads\/2024\/03\/escalopes-veau-citron1-750x547.jpg 750w\" sizes=\"auto, (max-width: 247px) 100vw, 247px\" \/><\/p>\n<p style=\"text-align: center;\"><span style=\"color: #3366ff; font-size: x-large; text-decoration: underline; font-family: georgia, palatino, serif;\"><em>Ingr\u00e9dients pour 4 personnes<\/em><\/span><\/p>\n<p style=\"text-align: center;\"><img loading=\"lazy\" decoding=\"async\" class=\"alignnone wp-image-63402\" src=\"http:\/\/recettes-gourmandes-de-joce.fr\/wp-content\/uploads\/2024\/03\/escalopes-veau-citron4.jpg\" alt=\"\" width=\"275\" height=\"200\" srcset=\"http:\/\/recettes-gourmandes-de-joce.fr\/wp-content\/uploads\/2024\/03\/escalopes-veau-citron4.jpg 1024w, http:\/\/recettes-gourmandes-de-joce.fr\/wp-content\/uploads\/2024\/03\/escalopes-veau-citron4-768x560.jpg 768w, http:\/\/recettes-gourmandes-de-joce.fr\/wp-content\/uploads\/2024\/03\/escalopes-veau-citron4-750x546.jpg 750w\" sizes=\"auto, (max-width: 275px) 100vw, 275px\" \/><\/p>\n<p style=\"text-align: center;\"><span style=\"color: #3366ff; font-size: 14pt; font-family: georgia, palatino, serif;\"><em>4 escalopes de veau <\/em><\/span><\/p>\n<p style=\"text-align: center;\"><span style=\"color: #3366ff; font-size: 14pt; font-family: georgia, palatino, serif;\"><em>1 \u00e9chalote<\/em><\/span><\/p>\n<p style=\"text-align: center;\"><span style=\"color: #3366ff; font-size: 14pt; font-family: georgia, palatino, serif;\"><em>1 citron non trait\u00e9 (il est de mon jardin)<\/em><\/span><\/p>\n<p style=\"text-align: center;\"><span style=\"color: #3366ff; font-size: 14pt; font-family: georgia, palatino, serif;\"><em>1 petit bouquet de ciboulette<\/em><\/span><\/p>\n<p style=\"text-align: center;\"><span style=\"color: #3366ff; font-size: 14pt; font-family: georgia, palatino, serif;\"><em>3 branches de thym citron \u00e0 d\u00e9faut du thym normal<\/em><\/span><\/p>\n<p style=\"text-align: center;\"><span style=\"color: #3366ff; font-size: 14pt; font-family: georgia, palatino, serif;\"><em>1 c \u00e0 s de fond de veau<\/em><\/span><\/p>\n<p style=\"text-align: center;\"><span style=\"color: #3366ff; font-size: 14pt; font-family: georgia, palatino, serif;\"><em>3 bonnes c\u00a0\u00e0 s de cr\u00e8me fra\u00eeche<\/em><\/span><\/p>\n<p style=\"text-align: center;\"><span style=\"color: #3366ff; font-size: 14pt; font-family: georgia, palatino, serif;\"><em>50 g de beurre pour la sauce<\/em><\/span><\/p>\n<p style=\"text-align: center;\"><span style=\"color: #3366ff; font-size: 14pt; font-family: georgia, palatino, serif;\"><em>1 morceau de beurre pour la cuisson<\/em><\/span><\/p>\n<p style=\"text-align: center;\"><span style=\"color: #3366ff; font-size: 14pt; font-family: georgia, palatino, serif;\"><em>1 bonne pinc\u00e9e de piment d&rsquo;Espelette<\/em><\/span><\/p>\n<p style=\"text-align: center;\"><span style=\"color: #3366ff; font-size: 14pt; font-family: georgia, palatino, serif;\"><em>Fleur de sel \u00e0 la maniguette\u00a0<\/em><\/span><\/p>\n<p style=\"text-align: center;\"><span style=\"color: #3366ff; font-size: 14pt; font-family: georgia, palatino, serif;\"><em>Sel et poivre<\/em><\/span><\/p>\n<p style=\"text-align: center;\"><img loading=\"lazy\" decoding=\"async\" class=\"alignnone wp-image-63404\" src=\"http:\/\/recettes-gourmandes-de-joce.fr\/wp-content\/uploads\/2024\/03\/escalopes-veau-citron6.jpg\" alt=\"\" width=\"222\" height=\"170\" srcset=\"http:\/\/recettes-gourmandes-de-joce.fr\/wp-content\/uploads\/2024\/03\/escalopes-veau-citron6.jpg 1024w, http:\/\/recettes-gourmandes-de-joce.fr\/wp-content\/uploads\/2024\/03\/escalopes-veau-citron6-768x589.jpg 768w, http:\/\/recettes-gourmandes-de-joce.fr\/wp-content\/uploads\/2024\/03\/escalopes-veau-citron6-750x575.jpg 750w\" sizes=\"auto, (max-width: 222px) 100vw, 222px\" \/> <img loading=\"lazy\" decoding=\"async\" class=\"alignnone wp-image-63403\" src=\"http:\/\/recettes-gourmandes-de-joce.fr\/wp-content\/uploads\/2024\/03\/escalopes-veau-citron5.jpg\" alt=\"\" width=\"244\" height=\"170\" srcset=\"http:\/\/recettes-gourmandes-de-joce.fr\/wp-content\/uploads\/2024\/03\/escalopes-veau-citron5.jpg 1024w, http:\/\/recettes-gourmandes-de-joce.fr\/wp-content\/uploads\/2024\/03\/escalopes-veau-citron5-768x535.jpg 768w, http:\/\/recettes-gourmandes-de-joce.fr\/wp-content\/uploads\/2024\/03\/escalopes-veau-citron5-750x522.jpg 750w\" sizes=\"auto, (max-width: 244px) 100vw, 244px\" \/> <img loading=\"lazy\" decoding=\"async\" class=\"alignnone wp-image-63405\" src=\"http:\/\/recettes-gourmandes-de-joce.fr\/wp-content\/uploads\/2024\/03\/escalopes-veau-citron7.jpg\" alt=\"\" width=\"227\" height=\"170\" srcset=\"http:\/\/recettes-gourmandes-de-joce.fr\/wp-content\/uploads\/2024\/03\/escalopes-veau-citron7.jpg 1024w, http:\/\/recettes-gourmandes-de-joce.fr\/wp-content\/uploads\/2024\/03\/escalopes-veau-citron7-768x576.jpg 768w, http:\/\/recettes-gourmandes-de-joce.fr\/wp-content\/uploads\/2024\/03\/escalopes-veau-citron7-750x563.jpg 750w\" sizes=\"auto, (max-width: 227px) 100vw, 227px\" \/><\/p>\n<p style=\"text-align: center;\"><span style=\"color: #3366ff; font-size: 14pt; font-family: georgia, palatino, serif;\"><em>Laver la ciboulette et le thym, effeuill\u00e9 le thym puis le ciseler finement ainsi que la ciboulette, laver le citron et en pr\u00e9lever le zeste, r\u00e9cup\u00e9rer aussi 1 c \u00e0 c de jus, peler et hacher finement l&rsquo;\u00e9chalote. Couper en petits d\u00e9s les 50g de beurre et les r\u00e9server au frais jusqu&rsquo;\u00e0 leur utilisation. Dans un po\u00eale mettre le beurre pour la cuisson \u00e0 fondre.\u00a0<\/em><\/span><\/p>\n<p style=\"text-align: center;\"><img loading=\"lazy\" decoding=\"async\" class=\"alignnone wp-image-63387\" src=\"http:\/\/recettes-gourmandes-de-joce.fr\/wp-content\/uploads\/2024\/03\/escalopes-veau-citron8.jpg\" alt=\"\" width=\"198\" height=\"170\" srcset=\"http:\/\/recettes-gourmandes-de-joce.fr\/wp-content\/uploads\/2024\/03\/escalopes-veau-citron8.jpg 1024w, http:\/\/recettes-gourmandes-de-joce.fr\/wp-content\/uploads\/2024\/03\/escalopes-veau-citron8-768x659.jpg 768w, http:\/\/recettes-gourmandes-de-joce.fr\/wp-content\/uploads\/2024\/03\/escalopes-veau-citron8-750x643.jpg 750w\" sizes=\"auto, (max-width: 198px) 100vw, 198px\" \/> <img loading=\"lazy\" decoding=\"async\" class=\"alignnone wp-image-63388\" src=\"http:\/\/recettes-gourmandes-de-joce.fr\/wp-content\/uploads\/2024\/03\/escalopes-veau-citron9.jpg\" alt=\"\" width=\"227\" height=\"170\" srcset=\"http:\/\/recettes-gourmandes-de-joce.fr\/wp-content\/uploads\/2024\/03\/escalopes-veau-citron9.jpg 1024w, http:\/\/recettes-gourmandes-de-joce.fr\/wp-content\/uploads\/2024\/03\/escalopes-veau-citron9-768x576.jpg 768w, http:\/\/recettes-gourmandes-de-joce.fr\/wp-content\/uploads\/2024\/03\/escalopes-veau-citron9-750x563.jpg 750w\" sizes=\"auto, (max-width: 227px) 100vw, 227px\" \/> <img loading=\"lazy\" decoding=\"async\" class=\"alignnone wp-image-63391\" src=\"http:\/\/recettes-gourmandes-de-joce.fr\/wp-content\/uploads\/2024\/03\/escalopes-veau-citron12.jpg\" alt=\"\" width=\"227\" height=\"170\" srcset=\"http:\/\/recettes-gourmandes-de-joce.fr\/wp-content\/uploads\/2024\/03\/escalopes-veau-citron12.jpg 1024w, http:\/\/recettes-gourmandes-de-joce.fr\/wp-content\/uploads\/2024\/03\/escalopes-veau-citron12-768x576.jpg 768w, http:\/\/recettes-gourmandes-de-joce.fr\/wp-content\/uploads\/2024\/03\/escalopes-veau-citron12-750x563.jpg 750w\" sizes=\"auto, (max-width: 227px) 100vw, 227px\" \/><\/p>\n<p style=\"text-align: center;\"><span style=\"color: #3366ff; font-size: 14pt; font-family: georgia, palatino, serif;\"><em>\u00a0Y faire cuire les escalopes, les saler et poivrer tr\u00e8s l\u00e9g\u00e8rement. Lorsqu&rsquo;elles sont cuites les r\u00e9server. \u00c0 la place, mettre les \u00e9chalotes \u00e0 suer.<\/em><\/span><\/p>\n<p style=\"text-align: center;\"><img loading=\"lazy\" decoding=\"async\" class=\"alignnone wp-image-63389\" src=\"http:\/\/recettes-gourmandes-de-joce.fr\/wp-content\/uploads\/2024\/03\/escalopes-veau-citron10.jpg\" alt=\"\" width=\"227\" height=\"170\" srcset=\"http:\/\/recettes-gourmandes-de-joce.fr\/wp-content\/uploads\/2024\/03\/escalopes-veau-citron10.jpg 1024w, http:\/\/recettes-gourmandes-de-joce.fr\/wp-content\/uploads\/2024\/03\/escalopes-veau-citron10-768x576.jpg 768w, http:\/\/recettes-gourmandes-de-joce.fr\/wp-content\/uploads\/2024\/03\/escalopes-veau-citron10-750x563.jpg 750w\" sizes=\"auto, (max-width: 227px) 100vw, 227px\" \/> <img loading=\"lazy\" decoding=\"async\" class=\"alignnone wp-image-63390\" src=\"http:\/\/recettes-gourmandes-de-joce.fr\/wp-content\/uploads\/2024\/03\/escalopes-veau-citron11.jpg\" alt=\"\" width=\"227\" height=\"170\" srcset=\"http:\/\/recettes-gourmandes-de-joce.fr\/wp-content\/uploads\/2024\/03\/escalopes-veau-citron11.jpg 1024w, http:\/\/recettes-gourmandes-de-joce.fr\/wp-content\/uploads\/2024\/03\/escalopes-veau-citron11-768x576.jpg 768w, http:\/\/recettes-gourmandes-de-joce.fr\/wp-content\/uploads\/2024\/03\/escalopes-veau-citron11-750x563.jpg 750w\" sizes=\"auto, (max-width: 227px) 100vw, 227px\" \/>\u00a0<img loading=\"lazy\" decoding=\"async\" class=\"alignnone wp-image-63392\" src=\"http:\/\/recettes-gourmandes-de-joce.fr\/wp-content\/uploads\/2024\/03\/escalopes-veau-citron13.jpg\" alt=\"\" width=\"227\" height=\"170\" srcset=\"http:\/\/recettes-gourmandes-de-joce.fr\/wp-content\/uploads\/2024\/03\/escalopes-veau-citron13.jpg 1024w, http:\/\/recettes-gourmandes-de-joce.fr\/wp-content\/uploads\/2024\/03\/escalopes-veau-citron13-768x576.jpg 768w, http:\/\/recettes-gourmandes-de-joce.fr\/wp-content\/uploads\/2024\/03\/escalopes-veau-citron13-750x563.jpg 750w\" sizes=\"auto, (max-width: 227px) 100vw, 227px\" \/><\/p>\n<p style=\"text-align: center;\"><span style=\"color: #3366ff; font-size: 14pt; font-family: georgia, palatino, serif;\"><em>Lorsqu&rsquo;elles commencent \u00e0 colorer, ajouter le fond de veau, m\u00e9langer et ajouter imm\u00e9diatement la cr\u00e8me, m\u00e9langer. Ajouter ensuite la ciboulette, le thym et les zestes de citron, bien m\u00e9langer.\u00a0<\/em><\/span><\/p>\n<p style=\"text-align: center;\"><img loading=\"lazy\" decoding=\"async\" class=\"alignnone wp-image-63393\" src=\"http:\/\/recettes-gourmandes-de-joce.fr\/wp-content\/uploads\/2024\/03\/escalopes-veau-citron14.jpg\" alt=\"\" width=\"227\" height=\"170\" srcset=\"http:\/\/recettes-gourmandes-de-joce.fr\/wp-content\/uploads\/2024\/03\/escalopes-veau-citron14.jpg 1024w, http:\/\/recettes-gourmandes-de-joce.fr\/wp-content\/uploads\/2024\/03\/escalopes-veau-citron14-768x576.jpg 768w, http:\/\/recettes-gourmandes-de-joce.fr\/wp-content\/uploads\/2024\/03\/escalopes-veau-citron14-750x563.jpg 750w\" sizes=\"auto, (max-width: 227px) 100vw, 227px\" \/> <img loading=\"lazy\" decoding=\"async\" class=\"alignnone wp-image-63394\" src=\"http:\/\/recettes-gourmandes-de-joce.fr\/wp-content\/uploads\/2024\/03\/escalopes-veau-citron15.jpg\" alt=\"\" width=\"227\" height=\"170\" srcset=\"http:\/\/recettes-gourmandes-de-joce.fr\/wp-content\/uploads\/2024\/03\/escalopes-veau-citron15.jpg 1024w, http:\/\/recettes-gourmandes-de-joce.fr\/wp-content\/uploads\/2024\/03\/escalopes-veau-citron15-768x576.jpg 768w, http:\/\/recettes-gourmandes-de-joce.fr\/wp-content\/uploads\/2024\/03\/escalopes-veau-citron15-750x563.jpg 750w\" sizes=\"auto, (max-width: 227px) 100vw, 227px\" \/> <img loading=\"lazy\" decoding=\"async\" class=\"alignnone wp-image-63395\" src=\"http:\/\/recettes-gourmandes-de-joce.fr\/wp-content\/uploads\/2024\/03\/escalopes-veau-citron16.jpg\" alt=\"\" width=\"227\" height=\"170\" srcset=\"http:\/\/recettes-gourmandes-de-joce.fr\/wp-content\/uploads\/2024\/03\/escalopes-veau-citron16.jpg 1024w, http:\/\/recettes-gourmandes-de-joce.fr\/wp-content\/uploads\/2024\/03\/escalopes-veau-citron16-768x576.jpg 768w, http:\/\/recettes-gourmandes-de-joce.fr\/wp-content\/uploads\/2024\/03\/escalopes-veau-citron16-750x563.jpg 750w\" sizes=\"auto, (max-width: 227px) 100vw, 227px\" \/><\/p>\n<p style=\"text-align: center;\"><span style=\"font-size: 14pt;\"><em><span style=\"color: #3366ff; font-family: georgia, palatino, serif; font-size: large;\">Ajouter ensuite le jus de citron et le jus qu&rsquo;auront rendu les escalopes, bien m\u00e9langer. Sortir le beurre en d\u00e9s du r\u00e9frig\u00e9rateur et ajoutez le\u00a0\u00e0 la sauce, arr\u00eater la cuisson et bien m\u00e9langer pour le faire fondre. Servir les escalopes napp\u00e9es de sauce, ajouter au moment de servir la fleur de sel \u00e0 la maniguette et un soup\u00e7on de piment d&rsquo;Espelette.<\/span><\/em><\/span><\/p>\n<p style=\"text-align: center;\"><span style=\"color: #3366ff; font-size: 14pt; font-family: georgia, palatino, serif;\"><em>Accompagn\u00e9es de frites ou d&rsquo;une bonne pur\u00e9e maison, ces escalopes sont un r\u00e9gal!<\/em><\/span><\/p>\n<p style=\"text-align: center;\"><span style=\"color: #3366ff; font-size: 14pt; font-family: georgia, palatino, serif;\"><em>Bon app\u00e9tit!<\/em><\/span><\/p>\n<p style=\"text-align: center;\"><span style=\"color: #3366ff; font-size: large; font-family: georgia, palatino, serif;\"><em><span style=\"font-size: 14pt;\"><span style=\"color: #3366ff;\">\u00a0<\/span><span style=\"color: #3366ff;\"> <img loading=\"lazy\" decoding=\"async\" class=\"alignnone wp-image-63398\" src=\"http:\/\/recettes-gourmandes-de-joce.fr\/wp-content\/uploads\/2024\/03\/escalopes-veau-citron19.jpg\" alt=\"\" width=\"240\" height=\"180\" srcset=\"http:\/\/recettes-gourmandes-de-joce.fr\/wp-content\/uploads\/2024\/03\/escalopes-veau-citron19.jpg 1024w, http:\/\/recettes-gourmandes-de-joce.fr\/wp-content\/uploads\/2024\/03\/escalopes-veau-citron19-768x576.jpg 768w, http:\/\/recettes-gourmandes-de-joce.fr\/wp-content\/uploads\/2024\/03\/escalopes-veau-citron19-750x563.jpg 750w\" sizes=\"auto, (max-width: 240px) 100vw, 240px\" \/> <img loading=\"lazy\" decoding=\"async\" class=\"alignnone wp-image-63396\" src=\"http:\/\/recettes-gourmandes-de-joce.fr\/wp-content\/uploads\/2024\/03\/escalopes-veau-citron17.jpg\" alt=\"\" width=\"252\" height=\"180\" srcset=\"http:\/\/recettes-gourmandes-de-joce.fr\/wp-content\/uploads\/2024\/03\/escalopes-veau-citron17.jpg 1024w, http:\/\/recettes-gourmandes-de-joce.fr\/wp-content\/uploads\/2024\/03\/escalopes-veau-citron17-768x549.jpg 768w, http:\/\/recettes-gourmandes-de-joce.fr\/wp-content\/uploads\/2024\/03\/escalopes-veau-citron17-750x536.jpg 750w\" sizes=\"auto, (max-width: 252px) 100vw, 252px\" \/> <img loading=\"lazy\" decoding=\"async\" class=\"alignnone wp-image-63397\" src=\"http:\/\/recettes-gourmandes-de-joce.fr\/wp-content\/uploads\/2024\/03\/escalopes-veau-citron18.jpg\" alt=\"\" width=\"240\" height=\"180\" srcset=\"http:\/\/recettes-gourmandes-de-joce.fr\/wp-content\/uploads\/2024\/03\/escalopes-veau-citron18.jpg 1024w, http:\/\/recettes-gourmandes-de-joce.fr\/wp-content\/uploads\/2024\/03\/escalopes-veau-citron18-768x576.jpg 768w, http:\/\/recettes-gourmandes-de-joce.fr\/wp-content\/uploads\/2024\/03\/escalopes-veau-citron18-750x563.jpg 750w\" sizes=\"auto, (max-width: 240px) 100vw, 240px\" \/><\/span><\/span><\/em><\/span><\/p>\n<p style=\"text-align: center;\"><img loading=\"lazy\" decoding=\"async\" class=\"alignnone wp-image-44943 size-full\" src=\"http:\/\/recettes-gourmandes-de-joce.fr\/wp-content\/uploads\/2022\/05\/logitech-gaming-software-14112014-121223.jpg\" alt=\"\" width=\"640\" height=\"144\" srcset=\"http:\/\/recettes-gourmandes-de-joce.fr\/wp-content\/uploads\/2022\/05\/logitech-gaming-software-14112014-121223.jpg 640w, http:\/\/recettes-gourmandes-de-joce.fr\/wp-content\/uploads\/2022\/05\/logitech-gaming-software-14112014-121223-300x68.jpg 300w\" sizes=\"auto, (max-width: 640px) 100vw, 640px\" \/><\/p>\n<p style=\"text-align: left;\"><span style=\"text-decoration: underline; color: #ff0000;\"><strong><span style=\"font-family: georgia, palatino, serif; font-size: 14pt;\"><span class=\"text_exposed_show\">Commentaires de l&rsquo;ancien site<\/span><\/span><\/strong><\/span><\/p>\n<h3>Commentaires\u00a0<small>(4)<\/small><\/h3>\n<div class=\"items-container\">\n<div class=\"item item-comment media\">\n<div class=\"pull-left\">\n<p>image: https:\/\/www.gravatar.com\/avatar\/df3c5e50252cb6edbc5ae739b490cce1?d=https%3A%2F%2Fwww.recettes-gourmandes-de-joce.com%2Fmedias%2Fstatic%2Fmanager%2Fim%2Favatar.png?s=50&amp;d=mm<\/p>\n<p><img decoding=\"async\" class=\"media-object\" src=\"https:\/\/www.gravatar.com\/avatar\/df3c5e50252cb6edbc5ae739b490cce1?d=https%3A%2F%2Fwww.recettes-gourmandes-de-joce.com%2Fmedias%2Fstatic%2Fmanager%2Fim%2Favatar.png?s=50&amp;d=mm\" alt=\"Popeye 89\" width=\"50\" \/><\/p>\n<\/div>\n<div class=\"media-body\">\n<ul class=\"inline item-infos\">\n<li><span class=\"comment-number\">1.<\/span>\u00a0<span class=\"comment-author\"><strong>Popeye 89<\/strong><\/span>\u00a0<span class=\"comment-date\">| 30\/05\/2015<\/span><\/li>\n<\/ul>\n<div class=\"comment-content\">Bonjour Joce,<br \/>\nCe midi nous nous sommes r\u00e9gal\u00e9s en d\u00e9gustant les escalopes sauce cr\u00e9m\u00e9e au citron. Je le savais d&rsquo;avance, mais la preuve s&rsquo;est trouv\u00e9e dans l&rsquo;assiette. Je n&rsquo;aurais jamais eu l&rsquo;id\u00e9e de mettre un jus de citron dans la sauce. Hum !!! que c&rsquo;\u00e9tait bon. A refaire.<br \/>\nMerci et bon week-end.<br \/>\nAmicalement.<\/div>\n<div class=\"item item-comment media by-webmaster\">\n<div class=\"pull-left\">\n<p>&nbsp;<\/p>\n<\/div>\n<div class=\"media-body\">\n<ul class=\"inline item-infos\">\n<li><span class=\"comment-author\"><strong>jocelyne debon<\/strong>\u00a0(<a rel=\"nofollow\">site web<\/a>)<\/span>\u00a0<span class=\"comment-date\">| 30\/05\/2015<\/span><\/li>\n<\/ul>\n<div class=\"comment-content\">Bonsoir, Merci beaucoup pour ces gentils compliments, je suis ravie que cette recette vous ait plu Passez un bon week-end<\/div>\n<div class=\"comment-content\">Amicalement Joce<\/div>\n<\/div>\n<\/div>\n<\/div>\n<\/div>\n<div class=\"item item-comment media\">\n<div class=\"pull-left\">\n<p>&nbsp;<\/p>\n<p><img decoding=\"async\" class=\"media-object\" src=\"https:\/\/www.gravatar.com\/avatar\/df3c5e50252cb6edbc5ae739b490cce1?d=https%3A%2F%2Fwww.recettes-gourmandes-de-joce.com%2Fmedias%2Fstatic%2Fmanager%2Fim%2Favatar.png?s=50&amp;d=mm\" alt=\"Popeye 89\" width=\"50\" \/><\/p>\n<\/div>\n<div class=\"media-body\">\n<ul class=\"inline item-infos\">\n<li><span class=\"comment-number\">2.<\/span>\u00a0<span class=\"comment-author\"><strong>Popeye 89<\/strong><\/span>\u00a0<span class=\"comment-date\">| 18\/05\/2015<\/span><\/li>\n<\/ul>\n<div class=\"comment-content\">Bonjour Joce,<br \/>\nEncore de super recettes. Je vais me laisser tenter par les escalopes de veau, sauce cr\u00e9m\u00e9e au citron. J&rsquo;en salive d&rsquo;avance !!<br \/>\nJ&rsquo;ai toujours un petit b\u00e9mol lorsque je lis dans les recettes qu&rsquo;il y a du piment d&rsquo;Espelette, car le mot \u00ab\u00a0piment\u00a0\u00bb me fait penser \u00e0 quelque chose de tr\u00e8s piquant et je ne supporte pas du tout le piquant ; est-ce qu&rsquo;il existe du piment d&rsquo;Espelette doux ?<br \/>\nMerci encore pour ces recettes tr\u00e8s tentantes. Comment faites-vous pour avoir tant de bonnes id\u00e9es ? Chaque jour que Dieu fait, je me f\u00e9licite d&rsquo;\u00eatre \u00ab\u00a0tomb\u00e9e\u00a0\u00bb sur votre site.<br \/>\nBonne semaine et encore merci.<\/div>\n<div class=\"item item-comment media by-webmaster\">\n<div class=\"pull-left\">\n<p>&nbsp;<\/p>\n<\/div>\n<div class=\"media-body\">\n<ul class=\"inline item-infos\">\n<li><span class=\"comment-author\"><strong>jocelyne debon<\/strong>\u00a0(<a rel=\"nofollow\">site web<\/a>)<\/span>\u00a0<span class=\"comment-date\">| 18\/05\/2015<\/span><\/li>\n<\/ul>\n<div class=\"comment-content\">Coucou Tout d&rsquo;abord merci pour ce gentil message et les compliments qui me touchent Pour le piment d&rsquo;Espelette il n&rsquo; en existe pas de doux, vous pouvez \u00e9ventuellement le remplacer par une pinc\u00e9e de paprika bien que n&rsquo;ayant pas le m\u00eame go\u00fbt c&rsquo;est une alternative ou ne pas en mettre tout simplement<\/div>\n<div class=\"comment-content\">Merci encore de votre fid\u00e9lit\u00e9<\/div>\n<div class=\"comment-content\">Passez une belle semaine<\/div>\n<div class=\"comment-content\">Amicalement Joce<\/div>\n<\/div>\n<\/div>\n<\/div>\n<\/div>\n<\/div>\n","protected":false},"excerpt":{"rendered":"<p>Une de mes recettes Ingr\u00e9dients pour 4 personnes 4 escalopes de veau 1 \u00e9chalote 1 citron non trait\u00e9 (il est de mon jardin) 1 petit bouquet de ciboulette 3 branches de thym citron \u00e0 d\u00e9faut du thym normal 1 c \u00e0 s de fond de veau 3 bonnes c\u00a0\u00e0 s de cr\u00e8me fra\u00eeche 50 g &hellip; <\/p>\n<p><a class=\"more-link btn\" href=\"http:\/\/recettes-gourmandes-de-joce.fr\/index.php\/index\/viandes\/veau\/escalopes-de-veau-sauce-cremee-au-citron-et-fleur-de-sel-a-la-maniguette\/\">Lire la suite<\/a><\/p>\n","protected":false},"author":2,"featured_media":63399,"parent":128,"menu_order":0,"comment_status":"open","ping_status":"closed","template":"","meta":{"footnotes":""},"class_list":["post-1231","page","type-page","status-publish","has-post-thumbnail","hentry","nodate","item-wrap"],"_links":{"self":[{"href":"http:\/\/recettes-gourmandes-de-joce.fr\/index.php\/wp-json\/wp\/v2\/pages\/1231","targetHints":{"allow":["GET"]}}],"collection":[{"href":"http:\/\/recettes-gourmandes-de-joce.fr\/index.php\/wp-json\/wp\/v2\/pages"}],"about":[{"href":"http:\/\/recettes-gourmandes-de-joce.fr\/index.php\/wp-json\/wp\/v2\/types\/page"}],"author":[{"embeddable":true,"href":"http:\/\/recettes-gourmandes-de-joce.fr\/index.php\/wp-json\/wp\/v2\/users\/2"}],"replies":[{"embeddable":true,"href":"http:\/\/recettes-gourmandes-de-joce.fr\/index.php\/wp-json\/wp\/v2\/comments?post=1231"}],"version-history":[{"count":6,"href":"http:\/\/recettes-gourmandes-de-joce.fr\/index.php\/wp-json\/wp\/v2\/pages\/1231\/revisions"}],"predecessor-version":[{"id":93632,"href":"http:\/\/recettes-gourmandes-de-joce.fr\/index.php\/wp-json\/wp\/v2\/pages\/1231\/revisions\/93632"}],"up":[{"embeddable":true,"href":"http:\/\/recettes-gourmandes-de-joce.fr\/index.php\/wp-json\/wp\/v2\/pages\/128"}],"wp:featuredmedia":[{"embeddable":true,"href":"http:\/\/recettes-gourmandes-de-joce.fr\/index.php\/wp-json\/wp\/v2\/media\/63399"}],"wp:attachment":[{"href":"http:\/\/recettes-gourmandes-de-joce.fr\/index.php\/wp-json\/wp\/v2\/media?parent=1231"}],"curies":[{"name":"wp","href":"https:\/\/api.w.org\/{rel}","templated":true}]}}