{"id":12279,"date":"2019-12-08T22:00:51","date_gmt":"2019-12-08T22:00:51","guid":{"rendered":"http:\/\/recettes-gourmandes-de-joce.fr\/?page_id=12279"},"modified":"2024-05-23T10:25:20","modified_gmt":"2024-05-23T10:25:20","slug":"verrines-aperitives-chaudes-duo-de-purees-a-la-creme-de-brie","status":"publish","type":"page","link":"http:\/\/recettes-gourmandes-de-joce.fr\/index.php\/index\/aperitifs-amuses-bouches\/verrines-chaudes\/verrines-aperitives-chaudes-duo-de-purees-a-la-creme-de-brie\/","title":{"rendered":"Verrines ap\u00e9ritives chaudes, duo de pur\u00e9es \u00e0 la cr\u00e8me de Brie."},"content":{"rendered":"<p style=\"text-align: center;\"><span style=\"font-family: georgia, palatino, serif; color: #802ab5;\"><span style=\"font-size: x-large; text-decoration: underline;\"><em><span style=\"font-size: x-large;\"><em>Une de mes recettes<\/em><\/span><\/em><\/span><\/span><\/p>\n<p style=\"text-align: center;\"><span style=\"font-family: georgia, palatino, serif; color: #802ab5;\"><img loading=\"lazy\" decoding=\"async\" class=\"alignnone wp-image-12264\" src=\"http:\/\/recettes-gourmandes-de-joce.fr\/wp-content\/uploads\/2019\/12\/P1290298-150x150.jpg\" alt=\"\" width=\"224\" height=\"175\" srcset=\"http:\/\/recettes-gourmandes-de-joce.fr\/wp-content\/uploads\/2019\/12\/P1290298-300x235.jpg 300w, http:\/\/recettes-gourmandes-de-joce.fr\/wp-content\/uploads\/2019\/12\/P1290298.jpg 640w\" sizes=\"auto, (max-width: 224px) 100vw, 224px\" \/> \u00a0<img loading=\"lazy\" decoding=\"async\" class=\"alignnone wp-image-12262\" src=\"http:\/\/recettes-gourmandes-de-joce.fr\/wp-content\/uploads\/2019\/12\/P1290292-150x150.jpg\" alt=\"\" width=\"247\" height=\"175\" srcset=\"http:\/\/recettes-gourmandes-de-joce.fr\/wp-content\/uploads\/2019\/12\/P1290292-300x212.jpg 300w, http:\/\/recettes-gourmandes-de-joce.fr\/wp-content\/uploads\/2019\/12\/P1290292.jpg 640w\" sizes=\"auto, (max-width: 247px) 100vw, 247px\" \/><img loading=\"lazy\" decoding=\"async\" class=\"alignnone wp-image-12267\" src=\"http:\/\/recettes-gourmandes-de-joce.fr\/wp-content\/uploads\/2019\/12\/P1290322-150x150.jpg\" alt=\"\" width=\"312\" height=\"175\" srcset=\"http:\/\/recettes-gourmandes-de-joce.fr\/wp-content\/uploads\/2019\/12\/P1290322-300x168.jpg 300w, http:\/\/recettes-gourmandes-de-joce.fr\/wp-content\/uploads\/2019\/12\/P1290322.jpg 640w\" sizes=\"auto, (max-width: 312px) 100vw, 312px\" \/><\/span><\/p>\n<p style=\"text-align: center;\"><span style=\"font-family: georgia, palatino, serif; color: #802ab5;\"><span style=\"text-decoration: underline;\"><span style=\"font-size: x-large;\"><em>Ingr\u00e9dients pour 10 verrines<\/em><\/span><\/span><\/span><\/p>\n<h2 style=\"text-align: center;\"><span style=\"font-family: georgia, palatino, serif; color: #802ab5;\"><em><img loading=\"lazy\" decoding=\"async\" class=\"alignnone wp-image-12268\" src=\"http:\/\/recettes-gourmandes-de-joce.fr\/wp-content\/uploads\/2019\/12\/P1290261-150x150.jpg\" alt=\"\" width=\"131\" height=\"175\" srcset=\"http:\/\/recettes-gourmandes-de-joce.fr\/wp-content\/uploads\/2019\/12\/P1290261-225x300.jpg 225w, http:\/\/recettes-gourmandes-de-joce.fr\/wp-content\/uploads\/2019\/12\/P1290261.jpg 480w\" sizes=\"auto, (max-width: 131px) 100vw, 131px\" \/>\u00a0<\/em><\/span><\/h2>\n<p style=\"text-align: center;\"><span style=\"font-family: georgia, palatino, serif; color: #802ab5;\"><span style=\"font-size: large;\"><em>7 pommes de terre vitelottes moyennes<\/em><\/span><\/span><\/p>\n<p style=\"text-align: center;\"><span style=\"font-family: georgia, palatino, serif; color: #802ab5;\"><span style=\"font-size: large;\"><em>10 petites carottes<\/em><\/span><\/span><\/p>\n<p style=\"text-align: center;\"><span style=\"font-family: georgia, palatino, serif; color: #802ab5;\"><span style=\"font-size: large;\"><em>150 g de brie<\/em><\/span><\/span><\/p>\n<p style=\"text-align: center;\"><span style=\"font-family: georgia, palatino, serif; color: #802ab5;\"><span style=\"font-size: large;\"><em>3 c \u00e0 s de cr\u00e8me fra\u00eeche \u00e9paisse<\/em><\/span><\/span><\/p>\n<p style=\"text-align: center;\"><span style=\"font-family: georgia, palatino, serif; color: #802ab5;\"><span style=\"font-size: large;\"><em>2 c \u00e0 s de cr\u00e8me pour les pur\u00e9e<\/em><\/span><\/span><\/p>\n<p style=\"text-align: center;\"><span style=\"font-family: georgia, palatino, serif; color: #802ab5;\"><span style=\"font-size: large;\"><em>1 petit bouquet de ciboulette<\/em><\/span><\/span><\/p>\n<p style=\"text-align: center;\"><span style=\"font-family: georgia, palatino, serif; color: #802ab5;\"><span style=\"font-size: large;\"><em>Sel et poivre<\/em><\/span><\/span><\/p>\n<h2 style=\"text-align: center;\"><span style=\"font-family: georgia, palatino, serif; color: #802ab5;\"><img loading=\"lazy\" decoding=\"async\" class=\"alignnone wp-image-12269\" src=\"http:\/\/recettes-gourmandes-de-joce.fr\/wp-content\/uploads\/2019\/12\/P1290265-150x150.jpg\" alt=\"\" width=\"213\" height=\"160\" srcset=\"http:\/\/recettes-gourmandes-de-joce.fr\/wp-content\/uploads\/2019\/12\/P1290265-300x225.jpg 300w, http:\/\/recettes-gourmandes-de-joce.fr\/wp-content\/uploads\/2019\/12\/P1290265.jpg 640w\" sizes=\"auto, (max-width: 213px) 100vw, 213px\" \/> <img loading=\"lazy\" decoding=\"async\" class=\"alignnone wp-image-12270\" src=\"http:\/\/recettes-gourmandes-de-joce.fr\/wp-content\/uploads\/2019\/12\/P1290266-150x150.jpg\" alt=\"\" width=\"213\" height=\"160\" srcset=\"http:\/\/recettes-gourmandes-de-joce.fr\/wp-content\/uploads\/2019\/12\/P1290266-300x225.jpg 300w, http:\/\/recettes-gourmandes-de-joce.fr\/wp-content\/uploads\/2019\/12\/P1290266.jpg 640w\" sizes=\"auto, (max-width: 213px) 100vw, 213px\" \/> <img loading=\"lazy\" decoding=\"async\" class=\"alignnone wp-image-12271\" src=\"http:\/\/recettes-gourmandes-de-joce.fr\/wp-content\/uploads\/2019\/12\/P1290267-150x150.jpg\" alt=\"\" width=\"213\" height=\"160\" srcset=\"http:\/\/recettes-gourmandes-de-joce.fr\/wp-content\/uploads\/2019\/12\/P1290267-300x225.jpg 300w, http:\/\/recettes-gourmandes-de-joce.fr\/wp-content\/uploads\/2019\/12\/P1290267.jpg 640w\" sizes=\"auto, (max-width: 213px) 100vw, 213px\" \/><\/span><\/h2>\n<p style=\"text-align: center;\"><span style=\"font-family: georgia, palatino, serif; color: #802ab5;\"><span style=\"font-size: large;\"><em>Peler et laver les pommes de terre et les carottes (attention <\/em><\/span><span style=\"font-size: large;\"><em>les pommes de terre tachent les mains comme les betteraves ). Coupez l\u00e8s<\/em><\/span><span style=\"font-size: large;\"><em>\u00a0en morceaux et faite les cuire s\u00e9par\u00e9ment <\/em><\/span><span style=\"font-size: large;\"><em>dans de l&rsquo;eau sal\u00e9e. <\/em><\/span><span style=\"font-size: 14pt;\"><em>Ecrouter le Brie, coupez le en petits morceaux et mettez en 10 petits morceaux de cot\u00e9.<\/em><\/span><\/span><\/p>\n<p style=\"text-align: center;\"><span style=\"font-family: georgia, palatino, serif; color: #802ab5;\"><img loading=\"lazy\" decoding=\"async\" class=\"alignnone wp-image-12273\" src=\"http:\/\/recettes-gourmandes-de-joce.fr\/wp-content\/uploads\/2019\/12\/P1290270-150x150.jpg\" alt=\"\" width=\"213\" height=\"160\" srcset=\"http:\/\/recettes-gourmandes-de-joce.fr\/wp-content\/uploads\/2019\/12\/P1290270-300x225.jpg 300w, http:\/\/recettes-gourmandes-de-joce.fr\/wp-content\/uploads\/2019\/12\/P1290270.jpg 640w\" sizes=\"auto, (max-width: 213px) 100vw, 213px\" \/> <img loading=\"lazy\" decoding=\"async\" class=\"alignnone wp-image-12274\" src=\"http:\/\/recettes-gourmandes-de-joce.fr\/wp-content\/uploads\/2019\/12\/P1290271-150x150.jpg\" alt=\"\" width=\"213\" height=\"160\" srcset=\"http:\/\/recettes-gourmandes-de-joce.fr\/wp-content\/uploads\/2019\/12\/P1290271-300x225.jpg 300w, http:\/\/recettes-gourmandes-de-joce.fr\/wp-content\/uploads\/2019\/12\/P1290271.jpg 640w\" sizes=\"auto, (max-width: 213px) 100vw, 213px\" \/> <img loading=\"lazy\" decoding=\"async\" class=\"alignnone wp-image-12275\" src=\"http:\/\/recettes-gourmandes-de-joce.fr\/wp-content\/uploads\/2019\/12\/P1290273-150x150.jpg\" alt=\"\" width=\"213\" height=\"160\" srcset=\"http:\/\/recettes-gourmandes-de-joce.fr\/wp-content\/uploads\/2019\/12\/P1290273-300x225.jpg 300w, http:\/\/recettes-gourmandes-de-joce.fr\/wp-content\/uploads\/2019\/12\/P1290273.jpg 640w\" sizes=\"auto, (max-width: 213px) 100vw, 213px\" \/><\/span><\/p>\n<p style=\"text-align: center;\"><span style=\"font-family: georgia, palatino, serif; color: #802ab5;\"><span style=\"font-size: large;\"><em>\u00a0<\/em><span style=\"font-size: large;\"><em>Lorsque les pommes de terre et les carottes sont cuites passez l\u00e8s et les \u00e9craser <\/em><\/span><span style=\"font-size: large;\"><em>au presse pur\u00e9e.<\/em><\/span><\/span><\/span><\/p>\n<h2 style=\"text-align: center;\"><span style=\"font-family: georgia, palatino, serif; color: #802ab5;\"><img loading=\"lazy\" decoding=\"async\" class=\"alignnone wp-image-12277\" src=\"http:\/\/recettes-gourmandes-de-joce.fr\/wp-content\/uploads\/2019\/12\/P1290277-150x150.jpg\" alt=\"\" width=\"213\" height=\"160\" srcset=\"http:\/\/recettes-gourmandes-de-joce.fr\/wp-content\/uploads\/2019\/12\/P1290277-300x225.jpg 300w, http:\/\/recettes-gourmandes-de-joce.fr\/wp-content\/uploads\/2019\/12\/P1290277.jpg 640w\" sizes=\"auto, (max-width: 213px) 100vw, 213px\" \/> <img loading=\"lazy\" decoding=\"async\" class=\"alignnone wp-image-12272\" src=\"http:\/\/recettes-gourmandes-de-joce.fr\/wp-content\/uploads\/2019\/12\/P1290269-150x150.jpg\" alt=\"\" width=\"192\" height=\"160\" srcset=\"http:\/\/recettes-gourmandes-de-joce.fr\/wp-content\/uploads\/2019\/12\/P1290269-300x249.jpg 300w, http:\/\/recettes-gourmandes-de-joce.fr\/wp-content\/uploads\/2019\/12\/P1290269.jpg 640w\" sizes=\"auto, (max-width: 192px) 100vw, 192px\" \/> <img loading=\"lazy\" decoding=\"async\" class=\"alignnone wp-image-12278\" src=\"http:\/\/recettes-gourmandes-de-joce.fr\/wp-content\/uploads\/2019\/12\/P1290281-150x150.jpg\" alt=\"\" width=\"213\" height=\"160\" srcset=\"http:\/\/recettes-gourmandes-de-joce.fr\/wp-content\/uploads\/2019\/12\/P1290281-300x225.jpg 300w, http:\/\/recettes-gourmandes-de-joce.fr\/wp-content\/uploads\/2019\/12\/P1290281.jpg 640w\" sizes=\"auto, (max-width: 213px) 100vw, 213px\" \/><\/span><\/h2>\n<p style=\"text-align: center;\"><span style=\"font-family: georgia, palatino, serif; color: #802ab5;\"><span style=\"font-size: large;\"><em>\u00a0Ajouter dans chaque pur\u00e9e une c \u00e0 s de cr\u00e8me fra\u00eeche <\/em><\/span><em><span style=\"color: #873cc3; font-family: georgia, serif; font-size: large;\">et m\u00e9langer. <\/span><\/em><em style=\"font-size: large;\">Faire fondre le m\u00e9lange<\/em><em>\u00a0<\/em><span style=\"font-size: large;\"><em>Brie\/cr\u00e8me 1mn30 au micro-ondes et m\u00e9langer.<\/em><\/span><\/span><\/p>\n<h2 style=\"text-align: center;\"><span style=\"font-family: georgia, palatino, serif; color: #802ab5;\"><img loading=\"lazy\" decoding=\"async\" class=\"alignnone wp-image-12259\" src=\"http:\/\/recettes-gourmandes-de-joce.fr\/wp-content\/uploads\/2019\/12\/P1290282-150x150.jpg\" alt=\"\" width=\"213\" height=\"160\" srcset=\"http:\/\/recettes-gourmandes-de-joce.fr\/wp-content\/uploads\/2019\/12\/P1290282-300x225.jpg 300w, http:\/\/recettes-gourmandes-de-joce.fr\/wp-content\/uploads\/2019\/12\/P1290282.jpg 640w\" sizes=\"auto, (max-width: 213px) 100vw, 213px\" \/>\u00a0<\/span><\/h2>\n<p style=\"text-align: center;\"><span style=\"font-family: georgia, palatino, serif; color: #802ab5;\"><span style=\"font-size: large;\"><em><em>Laver et ciseler la ciboulette <\/em><\/em><\/span><span style=\"font-size: large;\"><em>(r\u00e9server quelques brins pour la d\u00e9co finale) et l&rsquo;ajouter au fromage et m\u00e9langer.<\/em><\/span><\/span><\/p>\n<h2 style=\"font-family: Lato, sans-serif; text-align: center;\"><span style=\"font-family: georgia, palatino, serif; color: #802ab5;\"><img loading=\"lazy\" decoding=\"async\" class=\"alignnone wp-image-12260\" src=\"http:\/\/recettes-gourmandes-de-joce.fr\/wp-content\/uploads\/2019\/12\/P1290284-150x150.jpg\" alt=\"\" width=\"278\" height=\"160\" srcset=\"http:\/\/recettes-gourmandes-de-joce.fr\/wp-content\/uploads\/2019\/12\/P1290284-300x173.jpg 300w, http:\/\/recettes-gourmandes-de-joce.fr\/wp-content\/uploads\/2019\/12\/P1290284.jpg 640w\" sizes=\"auto, (max-width: 278px) 100vw, 278px\" \/> <img loading=\"lazy\" decoding=\"async\" class=\"alignnone wp-image-12261\" src=\"http:\/\/recettes-gourmandes-de-joce.fr\/wp-content\/uploads\/2019\/12\/P1290288-150x150.jpg\" alt=\"\" width=\"260\" height=\"160\" srcset=\"http:\/\/recettes-gourmandes-de-joce.fr\/wp-content\/uploads\/2019\/12\/P1290288-300x185.jpg 300w, http:\/\/recettes-gourmandes-de-joce.fr\/wp-content\/uploads\/2019\/12\/P1290288.jpg 640w\" sizes=\"auto, (max-width: 260px) 100vw, 260px\" \/><\/span><\/h2>\n<p style=\"text-align: center;\"><span style=\"font-family: georgia, palatino, serif; color: #802ab5;\"><span style=\"font-size: large;\"><em>\u00a0<span style=\"font-size: large;\"><em><em><em>R\u00e9partir dans les verrines la pur\u00e9e de pommes de terre. <\/em><\/em><\/em><\/span><\/em><\/span><span style=\"font-size: large;\"><em>R\u00e9partir la cr\u00e8me au Brie sur la pur\u00e9e de pommes de terre. Ajouter dessus la pur\u00e9e de carottes<\/em><\/span><em>\u00a0. <\/em><span style=\"font-size: large;\"><em><em>Passez les 1 mn au micro-ondes pour les r\u00e9chauffer. <\/em><\/em><\/span><span style=\"font-size: large;\"><em>Terminer en mettant un morceau de Brie dessus et quelques brins de ciboulette, <\/em><\/span><span style=\"font-size: large;\"><em>et servir aussit\u00f4t.<\/em><\/span><\/span><\/p>\n<p style=\"text-align: center;\"><span style=\"font-family: georgia, palatino, serif; color: #802ab5;\"><span style=\"font-size: large;\"><em>Elles se r\u00e9chauffent tr\u00e8s bien au micro-onde et peuvent se pr\u00e9parer la veille. <\/em><\/span><span style=\"font-size: large;\"><em>Elles font beaucoup d&rsquo;effets par leurs couleurs, leurs saveurs et le fait qu&rsquo;elles se d\u00e9gustent <\/em><\/span><span style=\"font-size: large;\"><em>chaudes ou ti\u00e8des.<\/em><\/span><\/span><\/p>\n<p style=\"text-align: center;\"><span style=\"font-family: georgia, palatino, serif; color: #802ab5;\"><span style=\"font-size: large;\"><em>Bon app\u00e9tit!<\/em><\/span><\/span><\/p>\n<p style=\"text-align: center;\"><span style=\"font-family: georgia, palatino, serif; color: #802ab5;\"><img loading=\"lazy\" decoding=\"async\" class=\"alignnone wp-image-12266\" src=\"http:\/\/recettes-gourmandes-de-joce.fr\/wp-content\/uploads\/2019\/12\/P1290315-150x150.jpg\" alt=\"\" width=\"281\" height=\"180\" srcset=\"http:\/\/recettes-gourmandes-de-joce.fr\/wp-content\/uploads\/2019\/12\/P1290315-300x192.jpg 300w, http:\/\/recettes-gourmandes-de-joce.fr\/wp-content\/uploads\/2019\/12\/P1290315.jpg 640w\" sizes=\"auto, (max-width: 281px) 100vw, 281px\" \/>\u00a0<\/span><img loading=\"lazy\" decoding=\"async\" class=\"alignnone wp-image-12265\" src=\"http:\/\/recettes-gourmandes-de-joce.fr\/wp-content\/uploads\/2019\/12\/P1290306-150x150.jpg\" alt=\"\" width=\"155\" height=\"180\" srcset=\"http:\/\/recettes-gourmandes-de-joce.fr\/wp-content\/uploads\/2019\/12\/P1290306-259x300.jpg 259w, http:\/\/recettes-gourmandes-de-joce.fr\/wp-content\/uploads\/2019\/12\/P1290306.jpg 552w\" sizes=\"auto, (max-width: 155px) 100vw, 155px\" \/> <img loading=\"lazy\" decoding=\"async\" class=\"alignnone wp-image-12263\" style=\"color: #802ab5; font-family: georgia, palatino, serif;\" src=\"http:\/\/recettes-gourmandes-de-joce.fr\/wp-content\/uploads\/2019\/12\/P1290293-150x150.jpg\" alt=\"\" width=\"245\" height=\"180\" srcset=\"http:\/\/recettes-gourmandes-de-joce.fr\/wp-content\/uploads\/2019\/12\/P1290293-300x221.jpg 300w, http:\/\/recettes-gourmandes-de-joce.fr\/wp-content\/uploads\/2019\/12\/P1290293.jpg 640w\" sizes=\"auto, (max-width: 245px) 100vw, 245px\" \/><span style=\"color: #802ab5; font-family: georgia, palatino, serif;\">\u00a0<\/span><\/p>\n<p style=\"text-align: center;\"><img loading=\"lazy\" decoding=\"async\" class=\"alignnone size-full wp-image-59803\" src=\"http:\/\/recettes-gourmandes-de-joce.fr\/wp-content\/uploads\/2024\/01\/logitech-gaming-software-14112014-121223.jpg\" alt=\"\" width=\"640\" height=\"144\" \/><\/p>\n<h3>Commentaires\u00a0<small>(2)<\/small><\/h3>\n<div class=\"items-container\">\n<div class=\"item item-comment media\">\n<div class=\"pull-left\">\n<p>&nbsp;<\/p>\n<p><img decoding=\"async\" class=\"media-object\" src=\"https:\/\/www.gravatar.com\/avatar\/b0de80a7ea78a47a2dcbb4feb7d65b02?d=https%3A%2F%2Fwww.recettes-gourmandes-de-joce.com%2Fmedias%2Fstatic%2Fmanager%2Fim%2Favatar.png?s=50&amp;d=mm\" alt=\"vidal\" width=\"50\" \/><\/p>\n<\/div>\n<div class=\"media-body\">\n<ul class=\"inline item-infos\">\n<li><span class=\"comment-number\">1.<\/span>\u00a0<span class=\"comment-author\"><strong>vidal<\/strong><\/span>\u00a0<span class=\"comment-date\">| 01\/10\/2014<\/span><\/li>\n<\/ul>\n<div class=\"comment-content\">prochaines verrines pour Noel , avec pommes \/ boudins !!! g\u00e9nial , encore merci<\/div>\n<div class=\"item item-comment media by-webmaster\">\n<div class=\"pull-left\">\n<p>&nbsp;<\/p>\n<\/div>\n<div class=\"media-body\">\n<ul class=\"inline item-infos\">\n<li><span class=\"comment-author\"><strong>jocelyne debon<\/strong>\u00a0(<a rel=\"nofollow\">site web<\/a>)<\/span>\u00a0<span class=\"comment-date\">| 01\/10\/2014<\/span><\/li>\n<\/ul>\n<div class=\"comment-content\">De rien avec plaisir, excellente id\u00e9e Boudin aux pommes<\/div>\n<div class=\"comment-content\">A bient\u00f4t<\/div>\n<div class=\"comment-content\">Amicalement Joce<\/div>\n<\/div>\n<\/div>\n<\/div>\n<\/div>\n<\/div>\n","protected":false},"excerpt":{"rendered":"<p>Une de mes recettes \u00a0 Ingr\u00e9dients pour 10 verrines \u00a0 7 pommes de terre vitelottes moyennes 10 petites carottes 150 g de brie 3 c \u00e0 s de cr\u00e8me fra\u00eeche \u00e9paisse 2 c \u00e0 s de cr\u00e8me pour les pur\u00e9e 1 petit bouquet de ciboulette Sel et poivre Peler et laver les pommes de terre &hellip; <\/p>\n<p><a class=\"more-link btn\" href=\"http:\/\/recettes-gourmandes-de-joce.fr\/index.php\/index\/aperitifs-amuses-bouches\/verrines-chaudes\/verrines-aperitives-chaudes-duo-de-purees-a-la-creme-de-brie\/\">Lire la suite<\/a><\/p>\n","protected":false},"author":2,"featured_media":82908,"parent":199,"menu_order":0,"comment_status":"open","ping_status":"closed","template":"","meta":{"footnotes":""},"class_list":["post-12279","page","type-page","status-publish","has-post-thumbnail","hentry","nodate","item-wrap"],"_links":{"self":[{"href":"http:\/\/recettes-gourmandes-de-joce.fr\/index.php\/wp-json\/wp\/v2\/pages\/12279","targetHints":{"allow":["GET"]}}],"collection":[{"href":"http:\/\/recettes-gourmandes-de-joce.fr\/index.php\/wp-json\/wp\/v2\/pages"}],"about":[{"href":"http:\/\/recettes-gourmandes-de-joce.fr\/index.php\/wp-json\/wp\/v2\/types\/page"}],"author":[{"embeddable":true,"href":"http:\/\/recettes-gourmandes-de-joce.fr\/index.php\/wp-json\/wp\/v2\/users\/2"}],"replies":[{"embeddable":true,"href":"http:\/\/recettes-gourmandes-de-joce.fr\/index.php\/wp-json\/wp\/v2\/comments?post=12279"}],"version-history":[{"count":10,"href":"http:\/\/recettes-gourmandes-de-joce.fr\/index.php\/wp-json\/wp\/v2\/pages\/12279\/revisions"}],"predecessor-version":[{"id":82909,"href":"http:\/\/recettes-gourmandes-de-joce.fr\/index.php\/wp-json\/wp\/v2\/pages\/12279\/revisions\/82909"}],"up":[{"embeddable":true,"href":"http:\/\/recettes-gourmandes-de-joce.fr\/index.php\/wp-json\/wp\/v2\/pages\/199"}],"wp:featuredmedia":[{"embeddable":true,"href":"http:\/\/recettes-gourmandes-de-joce.fr\/index.php\/wp-json\/wp\/v2\/media\/82908"}],"wp:attachment":[{"href":"http:\/\/recettes-gourmandes-de-joce.fr\/index.php\/wp-json\/wp\/v2\/media?parent=12279"}],"curies":[{"name":"wp","href":"https:\/\/api.w.org\/{rel}","templated":true}]}}