{"id":12229,"date":"2019-12-08T20:46:47","date_gmt":"2019-12-08T20:46:47","guid":{"rendered":"http:\/\/recettes-gourmandes-de-joce.fr\/?page_id=12229"},"modified":"2024-07-05T09:20:11","modified_gmt":"2024-07-05T09:20:11","slug":"brioche-des-rois-a-ma-facon","status":"publish","type":"page","link":"http:\/\/recettes-gourmandes-de-joce.fr\/index.php\/index\/pains-viennoiseries-map\/viennoiseries\/brioche-des-rois-a-ma-facon\/","title":{"rendered":"Brioche des rois \u00e0 ma fa\u00e7on."},"content":{"rendered":"<p style=\"text-align: center;\"><span style=\"text-decoration: underline; color: #993300;\"><em style=\"font-family: georgia, palatino, serif; font-size: 24px;\">Une de mes recettes<\/em><\/span><\/p>\n<p style=\"text-align: center;\"><span style=\"font-family: georgia, palatino, serif; font-size: 14pt; color: #993300;\"><img loading=\"lazy\" decoding=\"async\" class=\"alignnone wp-image-12236\" src=\"http:\/\/recettes-gourmandes-de-joce.fr\/wp-content\/uploads\/2019\/12\/P1030467-150x150.jpg\" alt=\"\" width=\"224\" height=\"180\" srcset=\"http:\/\/recettes-gourmandes-de-joce.fr\/wp-content\/uploads\/2019\/12\/P1030467-300x241.jpg 300w, http:\/\/recettes-gourmandes-de-joce.fr\/wp-content\/uploads\/2019\/12\/P1030467.jpg 640w\" sizes=\"auto, (max-width: 224px) 100vw, 224px\" \/> <img loading=\"lazy\" decoding=\"async\" class=\"alignnone wp-image-12235\" src=\"http:\/\/recettes-gourmandes-de-joce.fr\/wp-content\/uploads\/2019\/12\/P1030465-150x150.jpg\" alt=\"\" width=\"240\" height=\"180\" srcset=\"http:\/\/recettes-gourmandes-de-joce.fr\/wp-content\/uploads\/2019\/12\/P1030465-300x225.jpg 300w, http:\/\/recettes-gourmandes-de-joce.fr\/wp-content\/uploads\/2019\/12\/P1030465.jpg 640w\" sizes=\"auto, (max-width: 240px) 100vw, 240px\" \/> <img loading=\"lazy\" decoding=\"async\" class=\"alignnone wp-image-12233\" src=\"http:\/\/recettes-gourmandes-de-joce.fr\/wp-content\/uploads\/2019\/12\/P1030462-150x150.jpg\" alt=\"\" width=\"215\" height=\"180\" srcset=\"http:\/\/recettes-gourmandes-de-joce.fr\/wp-content\/uploads\/2019\/12\/P1030462-300x251.jpg 300w, http:\/\/recettes-gourmandes-de-joce.fr\/wp-content\/uploads\/2019\/12\/P1030462.jpg 640w\" sizes=\"auto, (max-width: 215px) 100vw, 215px\" \/><\/span><\/p>\n<p style=\"text-align: center;\"><span style=\"color: #993300; font-size: 18pt; text-decoration: underline; font-family: georgia, palatino, serif;\"><em>Ingr\u00e9dients<\/em><\/span><\/p>\n<p style=\"text-align: center;\"><span style=\"font-family: georgia, palatino, serif; font-size: 14pt; color: #993300;\"><img loading=\"lazy\" decoding=\"async\" class=\"alignnone wp-image-12237\" src=\"http:\/\/recettes-gourmandes-de-joce.fr\/wp-content\/uploads\/2019\/12\/P1030402-150x150.jpg\" alt=\"\" width=\"162\" height=\"200\" srcset=\"http:\/\/recettes-gourmandes-de-joce.fr\/wp-content\/uploads\/2019\/12\/P1030402-242x300.jpg 242w, http:\/\/recettes-gourmandes-de-joce.fr\/wp-content\/uploads\/2019\/12\/P1030402.jpg 517w\" sizes=\"auto, (max-width: 162px) 100vw, 162px\" \/><\/span><\/p>\n<p style=\"text-align: center;\"><span style=\"font-family: georgia, palatino, serif; font-size: 14pt; color: #993300;\"><em>430 g de farine<\/em><\/span><\/p>\n<p style=\"text-align: center;\"><span style=\"font-family: georgia, palatino, serif; font-size: 14pt; color: #993300;\"><em>15 g de levure de boulanger s\u00e8che<\/em><\/span><\/p>\n<p style=\"text-align: center;\"><span style=\"font-family: georgia, palatino, serif; font-size: 14pt; color: #993300;\"><em>100 g de cassonade ou sucre blanc<\/em><\/span><\/p>\n<p style=\"text-align: center;\"><span style=\"font-family: georgia, palatino, serif; font-size: 14pt; color: #993300;\"><em>1 sachet de sucre vanill\u00e9<\/em><\/span><\/p>\n<p style=\"text-align: center;\"><span style=\"font-family: georgia, palatino, serif; font-size: 14pt; color: #993300;\"><em>4 \u0153ufs<\/em><\/span><\/p>\n<p style=\"text-align: center;\"><span style=\"font-family: georgia, palatino, serif; font-size: 14pt; color: #993300;\"><em>200 g de beurre mou<\/em><\/span><\/p>\n<p style=\"text-align: center;\"><span style=\"font-family: georgia, palatino, serif; font-size: 14pt; color: #993300;\"><em>15 g de sucre en grains<\/em><\/span><\/p>\n<p style=\"text-align: center;\"><span style=\"font-family: georgia, palatino, serif; font-size: 14pt; color: #993300;\"><em>1 g d&rsquo;amandes effil\u00e9es<\/em><\/span><\/p>\n<p style=\"text-align: center;\"><span style=\"font-family: georgia, palatino, serif; font-size: 14pt; color: #993300;\"><em>2 g d&rsquo;\u00e9clats de pralines roses<\/em><\/span><\/p>\n<p style=\"text-align: center;\"><span style=\"font-family: georgia, palatino, serif; font-size: 14pt; color: #993300;\"><em>3 c \u00e0 s d&rsquo;eau<\/em><\/span><\/p>\n<p><span style=\"font-family: georgia, palatino, serif; font-size: 14pt; color: #993300;\"><strong><em><u>Au robot p\u00e9trisseur ou \u00e0 la main :<\/u><\/em><em>\u00a0<\/em><\/strong><\/span><\/p>\n<p><span style=\"font-family: georgia, palatino, serif; font-size: 14pt; color: #993300;\"><em>Proc\u00e9der de la m\u00eame fa\u00e7on en m\u00e9langeant bien les ingr\u00e9dients apr\u00e8s chaque ajout, laisser reposer 1h30 la p\u00e2te couverte d\u2019un torchon dans une pi\u00e8ce temp\u00e9r\u00e9e \u00e0 l\u2019abri des courants d\u2019air, reprendre ensuite \u00e0 l\u2019\u00e9tape fa\u00e7onnage.<\/em><\/span><\/p>\n<p style=\"text-align: center;\"><span style=\"font-family: georgia, palatino, serif; font-size: 14pt; color: #993300;\"><img loading=\"lazy\" decoding=\"async\" class=\"alignnone wp-image-12238\" src=\"http:\/\/recettes-gourmandes-de-joce.fr\/wp-content\/uploads\/2019\/12\/P1030409-150x150.jpg\" alt=\"\" width=\"190\" height=\"160\" srcset=\"http:\/\/recettes-gourmandes-de-joce.fr\/wp-content\/uploads\/2019\/12\/P1030409-300x253.jpg 300w, http:\/\/recettes-gourmandes-de-joce.fr\/wp-content\/uploads\/2019\/12\/P1030409.jpg 640w\" sizes=\"auto, (max-width: 190px) 100vw, 190px\" \/> <img loading=\"lazy\" decoding=\"async\" class=\"alignnone wp-image-12239\" src=\"http:\/\/recettes-gourmandes-de-joce.fr\/wp-content\/uploads\/2019\/12\/P1030412-150x150.jpg\" alt=\"\" width=\"213\" height=\"160\" srcset=\"http:\/\/recettes-gourmandes-de-joce.fr\/wp-content\/uploads\/2019\/12\/P1030412-300x225.jpg 300w, http:\/\/recettes-gourmandes-de-joce.fr\/wp-content\/uploads\/2019\/12\/P1030412.jpg 640w\" sizes=\"auto, (max-width: 213px) 100vw, 213px\" \/> <img loading=\"lazy\" decoding=\"async\" class=\"alignnone wp-image-12240\" src=\"http:\/\/recettes-gourmandes-de-joce.fr\/wp-content\/uploads\/2019\/12\/P1030415-150x150.jpg\" alt=\"\" width=\"213\" height=\"160\" srcset=\"http:\/\/recettes-gourmandes-de-joce.fr\/wp-content\/uploads\/2019\/12\/P1030415-300x225.jpg 300w, http:\/\/recettes-gourmandes-de-joce.fr\/wp-content\/uploads\/2019\/12\/P1030415.jpg 640w\" sizes=\"auto, (max-width: 213px) 100vw, 213px\" \/><\/span><\/p>\n<p style=\"text-align: center;\"><span style=\"font-family: georgia, palatino, serif; font-size: 14pt; color: #993300;\"><em>R\u00e9hydrater la levure avec l&rsquo;eau, la mettre dans la cuve de la Map ajouter dessus les 3 \u0153ufs.<\/em><\/span><\/p>\n<p style=\"text-align: center;\"><span style=\"font-family: georgia, palatino, serif; font-size: 14pt; color: #993300;\"><img loading=\"lazy\" decoding=\"async\" class=\"alignnone wp-image-12241\" src=\"http:\/\/recettes-gourmandes-de-joce.fr\/wp-content\/uploads\/2019\/12\/P1030417-150x150.jpg\" alt=\"\" width=\"249\" height=\"160\" srcset=\"http:\/\/recettes-gourmandes-de-joce.fr\/wp-content\/uploads\/2019\/12\/P1030417-300x193.jpg 300w, http:\/\/recettes-gourmandes-de-joce.fr\/wp-content\/uploads\/2019\/12\/P1030417.jpg 640w\" sizes=\"auto, (max-width: 249px) 100vw, 249px\" \/> <img loading=\"lazy\" decoding=\"async\" class=\"alignnone wp-image-12242\" src=\"http:\/\/recettes-gourmandes-de-joce.fr\/wp-content\/uploads\/2019\/12\/P1030419-150x150.jpg\" alt=\"\" width=\"213\" height=\"160\" srcset=\"http:\/\/recettes-gourmandes-de-joce.fr\/wp-content\/uploads\/2019\/12\/P1030419-300x225.jpg 300w, http:\/\/recettes-gourmandes-de-joce.fr\/wp-content\/uploads\/2019\/12\/P1030419.jpg 640w\" sizes=\"auto, (max-width: 213px) 100vw, 213px\" \/>\u00a0<img loading=\"lazy\" decoding=\"async\" class=\"alignnone wp-image-12244\" src=\"http:\/\/recettes-gourmandes-de-joce.fr\/wp-content\/uploads\/2019\/12\/P1030427-150x150.jpg\" alt=\"\" width=\"213\" height=\"160\" srcset=\"http:\/\/recettes-gourmandes-de-joce.fr\/wp-content\/uploads\/2019\/12\/P1030427-300x225.jpg 300w, http:\/\/recettes-gourmandes-de-joce.fr\/wp-content\/uploads\/2019\/12\/P1030427.jpg 640w\" sizes=\"auto, (max-width: 213px) 100vw, 213px\" \/><\/span><\/p>\n<p style=\"text-align: center;\"><span style=\"font-family: georgia, palatino, serif; font-size: 14pt; color: #993300;\"><em>Ajouter<\/em><em> le sucre,<\/em><em> la farine, le beurre et le sucre vanill\u00e9. Mettre dans la Map et lancer le programme p\u00e2te qui dure 1h30.<\/em><\/span><\/p>\n<p style=\"text-align: center;\"><span style=\"font-family: georgia, palatino, serif; font-size: 14pt; color: #993300;\"><img loading=\"lazy\" decoding=\"async\" class=\"alignnone wp-image-12245\" src=\"http:\/\/recettes-gourmandes-de-joce.fr\/wp-content\/uploads\/2019\/12\/P1030436-150x150.jpg\" alt=\"\" width=\"213\" height=\"160\" srcset=\"http:\/\/recettes-gourmandes-de-joce.fr\/wp-content\/uploads\/2019\/12\/P1030436-300x225.jpg 300w, http:\/\/recettes-gourmandes-de-joce.fr\/wp-content\/uploads\/2019\/12\/P1030436.jpg 640w\" sizes=\"auto, (max-width: 213px) 100vw, 213px\" \/> <img loading=\"lazy\" decoding=\"async\" class=\"alignnone wp-image-12246\" src=\"http:\/\/recettes-gourmandes-de-joce.fr\/wp-content\/uploads\/2019\/12\/P1030437-150x150.jpg\" alt=\"\" width=\"213\" height=\"160\" srcset=\"http:\/\/recettes-gourmandes-de-joce.fr\/wp-content\/uploads\/2019\/12\/P1030437-300x225.jpg 300w, http:\/\/recettes-gourmandes-de-joce.fr\/wp-content\/uploads\/2019\/12\/P1030437.jpg 640w\" sizes=\"auto, (max-width: 213px) 100vw, 213px\" \/> <img loading=\"lazy\" decoding=\"async\" class=\"alignnone wp-image-12247\" src=\"http:\/\/recettes-gourmandes-de-joce.fr\/wp-content\/uploads\/2019\/12\/P1030439-150x150.jpg\" alt=\"\" width=\"213\" height=\"160\" srcset=\"http:\/\/recettes-gourmandes-de-joce.fr\/wp-content\/uploads\/2019\/12\/P1030439-300x225.jpg 300w, http:\/\/recettes-gourmandes-de-joce.fr\/wp-content\/uploads\/2019\/12\/P1030439.jpg 640w\" sizes=\"auto, (max-width: 213px) 100vw, 213px\" \/><\/span><\/p>\n<p style=\"text-align: center;\"><span style=\"font-family: georgia, palatino, serif; font-size: 14pt; color: #993300;\"><em>Sortir ensuite le p\u00e2ton et le mettre dans un moule couronne mettre un torchon dessus et laisser lever encore 1h30 \u00e0 l&rsquo;abris des courants d&rsquo;air. Pr\u00e9chauffer le four \u00e0 220\u00b0 pendant 15 minutes. Battre ensuite l&rsquo;\u0153uf restant en omelette.<\/em><\/span><\/p>\n<p style=\"text-align: center;\"><span style=\"font-family: georgia, palatino, serif; font-size: 14pt; color: #993300;\"><img loading=\"lazy\" decoding=\"async\" class=\"alignnone wp-image-12230\" src=\"http:\/\/recettes-gourmandes-de-joce.fr\/wp-content\/uploads\/2019\/12\/P1030440-150x150.jpg\" alt=\"\" width=\"213\" height=\"160\" srcset=\"http:\/\/recettes-gourmandes-de-joce.fr\/wp-content\/uploads\/2019\/12\/P1030440-300x225.jpg 300w, http:\/\/recettes-gourmandes-de-joce.fr\/wp-content\/uploads\/2019\/12\/P1030440.jpg 640w\" sizes=\"auto, (max-width: 213px) 100vw, 213px\" \/> <img loading=\"lazy\" decoding=\"async\" class=\"alignnone wp-image-12231\" src=\"http:\/\/recettes-gourmandes-de-joce.fr\/wp-content\/uploads\/2019\/12\/P1030441-150x150.jpg\" alt=\"\" width=\"213\" height=\"160\" srcset=\"http:\/\/recettes-gourmandes-de-joce.fr\/wp-content\/uploads\/2019\/12\/P1030441-300x225.jpg 300w, http:\/\/recettes-gourmandes-de-joce.fr\/wp-content\/uploads\/2019\/12\/P1030441.jpg 640w\" sizes=\"auto, (max-width: 213px) 100vw, 213px\" \/> <img loading=\"lazy\" decoding=\"async\" class=\"alignnone wp-image-12232\" src=\"http:\/\/recettes-gourmandes-de-joce.fr\/wp-content\/uploads\/2019\/12\/P1030443-150x150.jpg\" alt=\"\" width=\"213\" height=\"160\" srcset=\"http:\/\/recettes-gourmandes-de-joce.fr\/wp-content\/uploads\/2019\/12\/P1030443-300x225.jpg 300w, http:\/\/recettes-gourmandes-de-joce.fr\/wp-content\/uploads\/2019\/12\/P1030443.jpg 640w\" sizes=\"auto, (max-width: 213px) 100vw, 213px\" \/><\/span><\/p>\n<p><span style=\"font-family: georgia, palatino, serif; font-size: 14pt; color: #993300;\"><em>En passer sur la brioche, parsemez la de sucre en grains, d&rsquo;amandes effil\u00e9es et d&rsquo;\u00e9clats de pralines roses, enfourner la brioche 15 minutes \u00e0 220\u00b0 puis descendre la t\u00b0 \u00e0 180\u00b0 pendant 20 minutes selon les fours surveiller la coloration. V\u00e9rifier la cuisson avec la lame d&rsquo;un couteau qui doit ressortir s\u00e8che. D\u00e9mouler et laisser refroidir sur une grille.<\/em><\/span><\/p>\n<p style=\"text-align: center;\"><span style=\"font-family: georgia, palatino, serif; font-size: 14pt; color: #993300;\"><em>Bonne d\u00e9gustation!<\/em><\/span><\/p>\n<p style=\"text-align: center;\"><span style=\"font-family: georgia, palatino, serif; font-size: 14pt; color: #993300;\"><img loading=\"lazy\" decoding=\"async\" class=\"alignnone wp-image-12235\" src=\"http:\/\/recettes-gourmandes-de-joce.fr\/wp-content\/uploads\/2019\/12\/P1030465-150x150.jpg\" alt=\"\" width=\"240\" height=\"180\" srcset=\"http:\/\/recettes-gourmandes-de-joce.fr\/wp-content\/uploads\/2019\/12\/P1030465-300x225.jpg 300w, http:\/\/recettes-gourmandes-de-joce.fr\/wp-content\/uploads\/2019\/12\/P1030465.jpg 640w\" sizes=\"auto, (max-width: 240px) 100vw, 240px\" \/> <img loading=\"lazy\" decoding=\"async\" class=\"alignnone wp-image-12236\" src=\"http:\/\/recettes-gourmandes-de-joce.fr\/wp-content\/uploads\/2019\/12\/P1030467-150x150.jpg\" alt=\"\" width=\"224\" height=\"180\" srcset=\"http:\/\/recettes-gourmandes-de-joce.fr\/wp-content\/uploads\/2019\/12\/P1030467-300x241.jpg 300w, http:\/\/recettes-gourmandes-de-joce.fr\/wp-content\/uploads\/2019\/12\/P1030467.jpg 640w\" sizes=\"auto, (max-width: 224px) 100vw, 224px\" \/> <img loading=\"lazy\" decoding=\"async\" class=\"alignnone wp-image-12234\" src=\"http:\/\/recettes-gourmandes-de-joce.fr\/wp-content\/uploads\/2019\/12\/P1030464-150x150.jpg\" alt=\"\" width=\"240\" height=\"180\" srcset=\"http:\/\/recettes-gourmandes-de-joce.fr\/wp-content\/uploads\/2019\/12\/P1030464-300x225.jpg 300w, http:\/\/recettes-gourmandes-de-joce.fr\/wp-content\/uploads\/2019\/12\/P1030464.jpg 640w\" sizes=\"auto, (max-width: 240px) 100vw, 240px\" \/><\/span><\/p>\n<p style=\"text-align: center;\"><img loading=\"lazy\" decoding=\"async\" class=\"alignnone size-full wp-image-59803\" src=\"http:\/\/recettes-gourmandes-de-joce.fr\/wp-content\/uploads\/2024\/01\/logitech-gaming-software-14112014-121223.jpg\" alt=\"\" width=\"640\" height=\"144\" \/><\/p>\n<h3><span style=\"color: #000000;\">Commentaires\u00a0<small>(2)<\/small><\/span><\/h3>\n<div class=\"items-container\">\n<div class=\"item item-comment media\">\n<div class=\"pull-left\">\n<p>&nbsp;<\/p>\n<p><span style=\"color: #000000;\"><img decoding=\"async\" class=\"media-object\" src=\"https:\/\/www.gravatar.com\/avatar\/83144453f47beaad3a3f0f0172ba1026?d=https%3A%2F%2Fwww.recettes-gourmandes-de-joce.com%2Fmedias%2Fstatic%2Fmanager%2Fim%2Favatar.png?s=50&amp;d=mm\" alt=\"neige\" width=\"50\" \/><\/span><\/p>\n<\/div>\n<div class=\"media-body\">\n<ul class=\"inline item-infos\">\n<li><span style=\"color: #000000;\"><span class=\"comment-number\">1.<\/span>\u00a0<span class=\"comment-author\"><strong>neige<\/strong><\/span>\u00a0<span class=\"comment-date\">| 15\/01\/2012<\/span><\/span><\/li>\n<\/ul>\n<div class=\"comment-content\"><span style=\"color: #000000;\">super ta brioche !!!!<\/span><br \/>\n<span style=\"color: #000000;\">je vote je vote !!!!!!!<\/span><\/div>\n<div class=\"item item-comment media by-webmaster\">\n<div class=\"pull-left\">\n<p>&nbsp;<\/p>\n<\/div>\n<div class=\"media-body\">\n<ul class=\"inline item-infos\">\n<li><span style=\"color: #000000;\"><span class=\"comment-author\"><strong>jocelyne debon<\/strong><\/span>\u00a0<span class=\"comment-date\">| 15\/01\/2012<\/span><\/span><\/li>\n<\/ul>\n<div class=\"comment-content\"><span style=\"color: #000000;\">Merci<\/span><\/div>\n<div class=\"comment-content\"><span style=\"color: #000000;\">Gros bisous Joce<\/span><\/div>\n<\/div>\n<\/div>\n<\/div>\n<\/div>\n<\/div>\n","protected":false},"excerpt":{"rendered":"<p>Une de mes recettes Ingr\u00e9dients 430 g de farine 15 g de levure de boulanger s\u00e8che 100 g de cassonade ou sucre blanc 1 sachet de sucre vanill\u00e9 4 \u0153ufs 200 g de beurre mou 15 g de sucre en grains 1 g d&rsquo;amandes effil\u00e9es 2 g d&rsquo;\u00e9clats de pralines roses 3 c \u00e0 s &hellip; <\/p>\n<p><a class=\"more-link btn\" href=\"http:\/\/recettes-gourmandes-de-joce.fr\/index.php\/index\/pains-viennoiseries-map\/viennoiseries\/brioche-des-rois-a-ma-facon\/\">Lire la suite<\/a><\/p>\n","protected":false},"author":2,"featured_media":86851,"parent":282,"menu_order":0,"comment_status":"open","ping_status":"closed","template":"","meta":{"footnotes":""},"class_list":["post-12229","page","type-page","status-publish","has-post-thumbnail","hentry","nodate","item-wrap"],"_links":{"self":[{"href":"http:\/\/recettes-gourmandes-de-joce.fr\/index.php\/wp-json\/wp\/v2\/pages\/12229","targetHints":{"allow":["GET"]}}],"collection":[{"href":"http:\/\/recettes-gourmandes-de-joce.fr\/index.php\/wp-json\/wp\/v2\/pages"}],"about":[{"href":"http:\/\/recettes-gourmandes-de-joce.fr\/index.php\/wp-json\/wp\/v2\/types\/page"}],"author":[{"embeddable":true,"href":"http:\/\/recettes-gourmandes-de-joce.fr\/index.php\/wp-json\/wp\/v2\/users\/2"}],"replies":[{"embeddable":true,"href":"http:\/\/recettes-gourmandes-de-joce.fr\/index.php\/wp-json\/wp\/v2\/comments?post=12229"}],"version-history":[{"count":7,"href":"http:\/\/recettes-gourmandes-de-joce.fr\/index.php\/wp-json\/wp\/v2\/pages\/12229\/revisions"}],"predecessor-version":[{"id":86853,"href":"http:\/\/recettes-gourmandes-de-joce.fr\/index.php\/wp-json\/wp\/v2\/pages\/12229\/revisions\/86853"}],"up":[{"embeddable":true,"href":"http:\/\/recettes-gourmandes-de-joce.fr\/index.php\/wp-json\/wp\/v2\/pages\/282"}],"wp:featuredmedia":[{"embeddable":true,"href":"http:\/\/recettes-gourmandes-de-joce.fr\/index.php\/wp-json\/wp\/v2\/media\/86851"}],"wp:attachment":[{"href":"http:\/\/recettes-gourmandes-de-joce.fr\/index.php\/wp-json\/wp\/v2\/media?parent=12229"}],"curies":[{"name":"wp","href":"https:\/\/api.w.org\/{rel}","templated":true}]}}