{"id":12167,"date":"2019-12-08T01:48:32","date_gmt":"2019-12-08T01:48:32","guid":{"rendered":"http:\/\/recettes-gourmandes-de-joce.fr\/?page_id=12167"},"modified":"2024-05-23T11:24:18","modified_gmt":"2024-05-23T11:24:18","slug":"verrines-a-base-de-crudites","status":"publish","type":"page","link":"http:\/\/recettes-gourmandes-de-joce.fr\/index.php\/index\/aperitifs-amuses-bouches\/verrines-froides\/verrines-a-base-de-crudites\/","title":{"rendered":"Verrines \u00e0 base de crudit\u00e9s &#8230;.."},"content":{"rendered":"<p style=\"text-align: center;\"><span style=\"font-family: georgia,serif;\"><span style=\"font-size: x-large; text-decoration: underline;\"><em><span style=\"color: #ff0000; text-decoration: underline;\">Mes recettes<\/span><\/em><\/span><\/span><\/p>\n<p style=\"text-align: center;\"><img loading=\"lazy\" decoding=\"async\" class=\"alignnone wp-image-12166\" src=\"http:\/\/recettes-gourmandes-de-joce.fr\/wp-content\/uploads\/2019\/12\/recettes-\u00e0-refaire-noel-14-150x150.jpg\" alt=\"\" width=\"235\" height=\"180\" srcset=\"http:\/\/recettes-gourmandes-de-joce.fr\/wp-content\/uploads\/2019\/12\/recettes-\u00e0-refaire-noel-14-300x230.jpg 300w, http:\/\/recettes-gourmandes-de-joce.fr\/wp-content\/uploads\/2019\/12\/recettes-\u00e0-refaire-noel-14.jpg 640w\" sizes=\"auto, (max-width: 235px) 100vw, 235px\" \/><\/p>\n<p style=\"text-align: center;\"><span style=\"font-family: georgia,serif;\"><span style=\"font-size: x-large; text-decoration: underline;\"><span style=\"color: #339966; text-decoration: underline;\"><em>Verrines betteraves, noix, m\u00e2che, \u0153uf de caille<\/em><\/span><\/span><\/span><\/p>\n<p style=\"text-align: center;\"><img loading=\"lazy\" decoding=\"async\" class=\"alignnone wp-image-12165\" src=\"http:\/\/recettes-gourmandes-de-joce.fr\/wp-content\/uploads\/2019\/12\/PC240120-150x150.jpg\" alt=\"\" width=\"175\" height=\"180\" srcset=\"http:\/\/recettes-gourmandes-de-joce.fr\/wp-content\/uploads\/2019\/12\/PC240120-292x300.jpg 292w, http:\/\/recettes-gourmandes-de-joce.fr\/wp-content\/uploads\/2019\/12\/PC240120.jpg 590w\" sizes=\"auto, (max-width: 175px) 100vw, 175px\" \/><\/p>\n<p style=\"text-align: center;\"><span style=\"font-family: georgia,serif;\"><span style=\"font-size: large;\"><em><span style=\"color: #ff0000;\">M\u00e9langer des d\u00e9s de betteraves avec de l&rsquo;ail hach\u00e9 et <\/span><\/em><em><span style=\"color: #ff0000;\">des cerneaux de noix hach\u00e9s aussi, <\/span><\/em><\/span><span style=\"font-size: large;\"><em><span style=\"color: #ff0000;\">d\u00e9poser au fond de <\/span><\/em><em><span style=\"color: #ff0000;\">la verrine, ajouter de la m\u00e2che et un \u0153uf de caille cuit <\/span><\/em><\/span><span style=\"font-size: large;\"><em><span style=\"color: #ff0000;\">dur et coup\u00e9 en deux, arroser d&rsquo;un filet de vinaigrette \u00e0 <\/span><\/em><em><span style=\"color: #ff0000;\">l&rsquo;huile de noix.\u00a0\u00a0<\/span><\/em><\/span><\/span><\/p>\n<p style=\"text-align: center;\"><span style=\"font-family: georgia,serif;\"><span style=\"color: #339966; font-size: x-large; text-decoration: underline;\"><em>Verrines surimi, mayonnaise, avocats \/ tomates<\/em><\/span><\/span><\/p>\n<h2 style=\"text-align: center;\"><img loading=\"lazy\" decoding=\"async\" class=\"alignnone wp-image-12162\" src=\"http:\/\/recettes-gourmandes-de-joce.fr\/wp-content\/uploads\/2019\/12\/PC240106-150x150.jpg\" alt=\"\" width=\"184\" height=\"180\" srcset=\"http:\/\/recettes-gourmandes-de-joce.fr\/wp-content\/uploads\/2019\/12\/PC240106-300x294.jpg 300w, http:\/\/recettes-gourmandes-de-joce.fr\/wp-content\/uploads\/2019\/12\/PC240106.jpg 569w\" sizes=\"auto, (max-width: 184px) 100vw, 184px\" \/> <img loading=\"lazy\" decoding=\"async\" class=\"alignnone wp-image-12161\" src=\"http:\/\/recettes-gourmandes-de-joce.fr\/wp-content\/uploads\/2019\/12\/PC240104-150x150.jpg\" alt=\"\" width=\"174\" height=\"180\" srcset=\"http:\/\/recettes-gourmandes-de-joce.fr\/wp-content\/uploads\/2019\/12\/PC240104-290x300.jpg 290w, http:\/\/recettes-gourmandes-de-joce.fr\/wp-content\/uploads\/2019\/12\/PC240104.jpg 548w\" sizes=\"auto, (max-width: 174px) 100vw, 174px\" \/><\/h2>\n<p style=\"text-align: center;\"><span style=\"font-family: georgia,serif;\"><span style=\"font-size: large;\"><span style=\"color: #ff0000;\"><em>Mettre au fond du r\u00e2p\u00e9 de surimi ajouter un c \u00e0 c de <\/em><\/span><span style=\"color: #ff0000;\"><em>mayonnaise, puis des d\u00e9s de tomate, <\/em><\/span><\/span><span style=\"font-size: large;\"><span style=\"color: #ff0000;\"><em>terminer par <\/em><\/span><span style=\"color: #ff0000;\"><em>1\/4 de b\u00e2ton de surimi en d\u00e9co. <\/em><\/span><span style=\"color: #ff0000;\"><em>Variante remplacer les tomates par des <\/em><\/span><\/span><span style=\"font-size: large;\"><span style=\"color: #ff0000;\"><em>d\u00e9s <\/em><\/span><span style=\"color: #ff0000;\"><em>d&rsquo;avocat citronn\u00e9s, <\/em><\/span><span style=\"color: #ff0000;\"><em>sal\u00e9s et poivr\u00e9s. <\/em><\/span><\/span><\/span><\/p>\n<p style=\"text-align: center;\"><span style=\"font-family: georgia,serif;\"><span style=\"font-size: large;\"><span style=\"color: #ff0000;\"><em>Recette de la mayonnaise sur ce lien -&gt;\u00a0<a href=\"http:\/\/recettes-gourmandes-de-joce.fr\/index.php\/index\/sauces-assaisonnements\/sauces-froides\/mayonnaise\/\">Mayonnaise\u00a0<\/a><\/em><\/span><\/span><\/span><\/p>\n<p style=\"text-align: center;\"><span style=\"font-family: georgia,serif;\"><span style=\"color: #339966; font-size: x-large; text-decoration: underline;\"><em>Verrines mousse de jambon, champignons, lard fum\u00e9<\/em><\/span><\/span><\/p>\n<h2 style=\"text-align: center;\"><span style=\"font-family: georgia,serif;\"><span style=\"color: #ff0000;\"><em><img loading=\"lazy\" decoding=\"async\" class=\"alignnone wp-image-12163\" src=\"http:\/\/recettes-gourmandes-de-joce.fr\/wp-content\/uploads\/2019\/12\/PC240109-150x150.jpg\" alt=\"\" width=\"157\" height=\"180\" srcset=\"http:\/\/recettes-gourmandes-de-joce.fr\/wp-content\/uploads\/2019\/12\/PC240109-262x300.jpg 262w, http:\/\/recettes-gourmandes-de-joce.fr\/wp-content\/uploads\/2019\/12\/PC240109.jpg 558w\" sizes=\"auto, (max-width: 157px) 100vw, 157px\" \/>\u00a0<\/em><\/span><\/span><\/h2>\n<p style=\"text-align: center;\"><span style=\"font-family: georgia,serif;\"><span style=\"font-size: large;\"><span style=\"color: #ff0000;\"><em>Mixer le jambon blanc avec de la cr\u00e8me fra\u00eeche, saler et poivrer <\/em><\/span><span style=\"color: #ff0000;\"><em>mettre au fond de la verrine <\/em><\/span><\/span><span style=\"font-size: large;\"><span style=\"color: #ff0000;\"><em>et ajouter des morceaux de <\/em><\/span><span style=\"color: #ff0000;\"><em>champignons de Paris \u00e0 la vinaigrette, terminer par une <\/em><\/span><\/span><span style=\"font-size: large;\"><span style=\"color: #ff0000;\"><em>demi tranche de lard fum\u00e9 en d\u00e9co. <\/em><\/span><span style=\"color: #ff0000;\"><em>\u00a0<\/em><\/span><\/span><\/span><\/p>\n<p style=\"text-align: center;\"><span style=\"font-family: georgia,serif;\"><span style=\"color: #339966; font-size: x-large; text-decoration: underline;\"><em>Verrines mousse de jambon, tomates, lard fum\u00e9<\/em><\/span><\/span><\/p>\n<h2 style=\"text-align: center;\"><span style=\"font-family: georgia,serif;\"><span style=\"color: #ff0000;\"><em><img loading=\"lazy\" decoding=\"async\" class=\"alignnone wp-image-12164\" src=\"http:\/\/recettes-gourmandes-de-joce.fr\/wp-content\/uploads\/2019\/12\/PC240113-150x150.jpg\" alt=\"\" width=\"130\" height=\"180\" srcset=\"http:\/\/recettes-gourmandes-de-joce.fr\/wp-content\/uploads\/2019\/12\/PC240113-217x300.jpg 217w, http:\/\/recettes-gourmandes-de-joce.fr\/wp-content\/uploads\/2019\/12\/PC240113.jpg 433w\" sizes=\"auto, (max-width: 130px) 100vw, 130px\" \/>\u00a0<\/em><\/span><\/span><\/h2>\n<p style=\"text-align: center;\"><span style=\"font-family: georgia,serif;\"><span style=\"font-size: large;\"><span style=\"color: #ff0000;\"><em>Mixer le jambon blanc avec de la cr\u00e8me fra\u00eeche, saler et poivrer <\/em><\/span><span style=\"color: #ff0000;\"><em>mettre au fond de <\/em><\/span><\/span><span style=\"font-size: large;\"><span style=\"color: #ff0000;\"><em>la verrine et ajouter des morceaux de tomate<\/em><\/span><span style=\"color: #ff0000;\"><em> \u00e0 la vinaigrette, terminer par une demi<\/em><\/span><\/span><span style=\"color: #ff0000; font-size: large;\"><em>\u00a0tranche de lard fum\u00e9 en d\u00e9co.<\/em><\/span><\/span><\/p>\n<p style=\"text-align: center;\"><span style=\"font-family: georgia,serif;\"><span style=\"color: #339966; font-size: x-large; text-decoration: underline;\"><em>Verrines aux tomates ou avocat et jambon de Bayonne<\/em><\/span><\/span><\/p>\n<h2 style=\"text-align: center;\"><span style=\"font-family: georgia,serif;\"><span style=\"color: #ff0000;\"><em><img loading=\"lazy\" decoding=\"async\" class=\"alignnone wp-image-12160\" src=\"http:\/\/recettes-gourmandes-de-joce.fr\/wp-content\/uploads\/2019\/12\/P1140279-150x150.jpg\" alt=\"\" width=\"198\" height=\"180\" srcset=\"http:\/\/recettes-gourmandes-de-joce.fr\/wp-content\/uploads\/2019\/12\/P1140279-300x272.jpg 300w, http:\/\/recettes-gourmandes-de-joce.fr\/wp-content\/uploads\/2019\/12\/P1140279.jpg 640w\" sizes=\"auto, (max-width: 198px) 100vw, 198px\" \/> <img loading=\"lazy\" decoding=\"async\" class=\"alignnone wp-image-12159\" src=\"http:\/\/recettes-gourmandes-de-joce.fr\/wp-content\/uploads\/2019\/12\/P1140274-150x150.jpg\" alt=\"\" width=\"275\" height=\"180\" srcset=\"http:\/\/recettes-gourmandes-de-joce.fr\/wp-content\/uploads\/2019\/12\/P1140274-300x196.jpg 300w, http:\/\/recettes-gourmandes-de-joce.fr\/wp-content\/uploads\/2019\/12\/P1140274.jpg 640w\" sizes=\"auto, (max-width: 275px) 100vw, 275px\" \/>\u00a0<\/em><\/span><\/span><\/h2>\n<p style=\"text-align: center;\"><span style=\"font-family: georgia,serif;\"><span style=\"color: #ff0000; font-size: large;\"><em>Couper un avocat ou des tomates cerises rouges et jaunes en morceaux, <\/em><\/span><span style=\"color: #ff0000; font-size: large;\"><em>assaisonnez les de vinaigrette et bien m\u00e9langer, r\u00e9partir aux fond des verrines. <\/em><\/span><span style=\"color: #ff0000; font-size: large;\"><em>D\u00e9poser dessus une tranche de jambon de Bayonne, d\u00e9corer d&rsquo;une pluche de persil plat.<\/em><\/span><\/span><\/p>\n<p style=\"text-align: center;\"><span style=\"font-family: georgia,serif;\"><span style=\"color: #ff0000; font-size: large;\"><em>Bon ap\u00e9ritif!<\/em><\/span><\/span><\/p>\n<p style=\"text-align: center;\"><img loading=\"lazy\" decoding=\"async\" class=\"alignnone wp-image-12166\" src=\"http:\/\/recettes-gourmandes-de-joce.fr\/wp-content\/uploads\/2019\/12\/recettes-\u00e0-refaire-noel-14-150x150.jpg\" alt=\"\" width=\"235\" height=\"180\" srcset=\"http:\/\/recettes-gourmandes-de-joce.fr\/wp-content\/uploads\/2019\/12\/recettes-\u00e0-refaire-noel-14-300x230.jpg 300w, http:\/\/recettes-gourmandes-de-joce.fr\/wp-content\/uploads\/2019\/12\/recettes-\u00e0-refaire-noel-14.jpg 640w\" sizes=\"auto, (max-width: 235px) 100vw, 235px\" \/><\/p>\n<p style=\"text-align: center;\"><img loading=\"lazy\" decoding=\"async\" class=\"alignnone size-full wp-image-59803\" src=\"http:\/\/recettes-gourmandes-de-joce.fr\/wp-content\/uploads\/2024\/01\/logitech-gaming-software-14112014-121223.jpg\" alt=\"\" width=\"640\" height=\"144\" \/><\/p>\n","protected":false},"excerpt":{"rendered":"<p>Mes recettes Verrines betteraves, noix, m\u00e2che, \u0153uf de caille M\u00e9langer des d\u00e9s de betteraves avec de l&rsquo;ail hach\u00e9 et des cerneaux de noix hach\u00e9s aussi, d\u00e9poser au fond de la verrine, ajouter de la m\u00e2che et un \u0153uf de caille cuit dur et coup\u00e9 en deux, arroser d&rsquo;un filet de vinaigrette \u00e0 l&rsquo;huile de noix.\u00a0\u00a0 &hellip; <\/p>\n<p><a class=\"more-link btn\" href=\"http:\/\/recettes-gourmandes-de-joce.fr\/index.php\/index\/aperitifs-amuses-bouches\/verrines-froides\/verrines-a-base-de-crudites\/\">Lire la suite<\/a><\/p>\n","protected":false},"author":2,"featured_media":82963,"parent":197,"menu_order":0,"comment_status":"open","ping_status":"closed","template":"","meta":{"footnotes":""},"class_list":["post-12167","page","type-page","status-publish","has-post-thumbnail","hentry","nodate","item-wrap"],"_links":{"self":[{"href":"http:\/\/recettes-gourmandes-de-joce.fr\/index.php\/wp-json\/wp\/v2\/pages\/12167","targetHints":{"allow":["GET"]}}],"collection":[{"href":"http:\/\/recettes-gourmandes-de-joce.fr\/index.php\/wp-json\/wp\/v2\/pages"}],"about":[{"href":"http:\/\/recettes-gourmandes-de-joce.fr\/index.php\/wp-json\/wp\/v2\/types\/page"}],"author":[{"embeddable":true,"href":"http:\/\/recettes-gourmandes-de-joce.fr\/index.php\/wp-json\/wp\/v2\/users\/2"}],"replies":[{"embeddable":true,"href":"http:\/\/recettes-gourmandes-de-joce.fr\/index.php\/wp-json\/wp\/v2\/comments?post=12167"}],"version-history":[{"count":3,"href":"http:\/\/recettes-gourmandes-de-joce.fr\/index.php\/wp-json\/wp\/v2\/pages\/12167\/revisions"}],"predecessor-version":[{"id":82962,"href":"http:\/\/recettes-gourmandes-de-joce.fr\/index.php\/wp-json\/wp\/v2\/pages\/12167\/revisions\/82962"}],"up":[{"embeddable":true,"href":"http:\/\/recettes-gourmandes-de-joce.fr\/index.php\/wp-json\/wp\/v2\/pages\/197"}],"wp:featuredmedia":[{"embeddable":true,"href":"http:\/\/recettes-gourmandes-de-joce.fr\/index.php\/wp-json\/wp\/v2\/media\/82963"}],"wp:attachment":[{"href":"http:\/\/recettes-gourmandes-de-joce.fr\/index.php\/wp-json\/wp\/v2\/media?parent=12167"}],"curies":[{"name":"wp","href":"https:\/\/api.w.org\/{rel}","templated":true}]}}