{"id":12152,"date":"2019-12-08T01:22:39","date_gmt":"2019-12-08T01:22:39","guid":{"rendered":"http:\/\/recettes-gourmandes-de-joce.fr\/?page_id=12152"},"modified":"2024-05-23T20:45:32","modified_gmt":"2024-05-23T20:45:32","slug":"verrines-aperitives-diverses-aux-crevettes","status":"publish","type":"page","link":"http:\/\/recettes-gourmandes-de-joce.fr\/index.php\/index\/aperitifs-amuses-bouches\/verrines-froides\/verrines-aperitives-diverses-aux-crevettes\/","title":{"rendered":"Verrines ap\u00e9ritives diverses aux crevettes."},"content":{"rendered":"<p style=\"text-align: center;\"><span style=\"font-family: georgia,serif;\"><span style=\"font-size: x-large; text-decoration: underline;\"><span style=\"color: #339966; text-decoration: underline;\"><em>Mes recettes<\/em><\/span><\/span><\/span><\/p>\n<p style=\"text-align: center;\"><img loading=\"lazy\" decoding=\"async\" class=\"alignnone wp-image-12113\" src=\"http:\/\/recettes-gourmandes-de-joce.fr\/wp-content\/uploads\/2019\/12\/P1090135-150x150.jpg\" alt=\"\" width=\"262\" height=\"180\" srcset=\"http:\/\/recettes-gourmandes-de-joce.fr\/wp-content\/uploads\/2019\/12\/P1090135-300x206.jpg 300w, http:\/\/recettes-gourmandes-de-joce.fr\/wp-content\/uploads\/2019\/12\/P1090135.jpg 640w\" sizes=\"auto, (max-width: 262px) 100vw, 262px\" \/> <img loading=\"lazy\" decoding=\"async\" class=\"alignnone wp-image-12110\" src=\"http:\/\/recettes-gourmandes-de-joce.fr\/wp-content\/uploads\/2019\/12\/P1090112-150x150.jpg\" alt=\"\" width=\"204\" height=\"180\" srcset=\"http:\/\/recettes-gourmandes-de-joce.fr\/wp-content\/uploads\/2019\/12\/P1090112-300x265.jpg 300w, http:\/\/recettes-gourmandes-de-joce.fr\/wp-content\/uploads\/2019\/12\/P1090112.jpg 640w\" sizes=\"auto, (max-width: 204px) 100vw, 204px\" \/> <img loading=\"lazy\" decoding=\"async\" class=\"alignnone wp-image-12111\" src=\"http:\/\/recettes-gourmandes-de-joce.fr\/wp-content\/uploads\/2019\/12\/P1090114-150x150.jpg\" alt=\"\" width=\"276\" height=\"180\" srcset=\"http:\/\/recettes-gourmandes-de-joce.fr\/wp-content\/uploads\/2019\/12\/P1090114-300x195.jpg 300w, http:\/\/recettes-gourmandes-de-joce.fr\/wp-content\/uploads\/2019\/12\/P1090114.jpg 640w\" sizes=\"auto, (max-width: 276px) 100vw, 276px\" \/><\/p>\n<p style=\"text-align: center;\"><span style=\"font-family: georgia,serif;\"><span style=\"font-size: x-large; text-decoration: underline;\"><span style=\"color: #ff9900; text-decoration: underline;\"><em>Petites verrines aux poivrons\/pommes de terre et crevettes<\/em><\/span><\/span><\/span><\/p>\n<h2 style=\"text-align: center;\"><span style=\"font-family: georgia,serif;\"><span style=\"color: #339966;\"><em><img loading=\"lazy\" decoding=\"async\" class=\"alignnone wp-image-12107\" src=\"http:\/\/recettes-gourmandes-de-joce.fr\/wp-content\/uploads\/2019\/12\/P1090106-150x150.jpg\" alt=\"\" width=\"280\" height=\"180\" srcset=\"http:\/\/recettes-gourmandes-de-joce.fr\/wp-content\/uploads\/2019\/12\/P1090106-300x193.jpg 300w, http:\/\/recettes-gourmandes-de-joce.fr\/wp-content\/uploads\/2019\/12\/P1090106.jpg 640w\" sizes=\"auto, (max-width: 280px) 100vw, 280px\" \/>\u00a0<\/em><\/span><\/span><\/h2>\n<p style=\"text-align: center;\"><span style=\"font-family: georgia,serif;\"><span style=\"font-size: large;\"><span style=\"color: #339966;\"><em>Mettre des d\u00e9s de poivrons rouges, ajouter des d\u00e9s de pommes <\/em><\/span><span style=\"color: #339966;\"><em>de terre cuites \u00e0 l&rsquo;eau <\/em><\/span><\/span><span style=\"font-size: large;\"><span style=\"color: #339966;\"><em>m\u00e9langer \u00e0 de l&rsquo;\u00e9chalote hach\u00e9e, terminer <\/em><\/span><span style=\"color: #339966;\"><em>par des d\u00e9s de poivrons verts. <\/em><\/span><\/span><span style=\"font-size: large;\"><span style=\"color: #339966;\"><em>Arroser d&rsquo;un filet de vinaigrette, d\u00e9corer avec une demi <\/em><\/span><span style=\"color: #339966;\"><em>tomate jaune.<\/em><\/span><\/span><\/span><\/p>\n<p style=\"text-align: center;\"><span style=\"font-family: georgia,serif;\"><span style=\"color: #ff9900; font-size: x-large; text-decoration: underline;\"><em>Petites verrines salade et crevettes mayonnaise<\/em><\/span><\/span><\/p>\n<h2 style=\"text-align: center;\"><img loading=\"lazy\" decoding=\"async\" class=\"alignnone wp-image-12108\" src=\"http:\/\/recettes-gourmandes-de-joce.fr\/wp-content\/uploads\/2019\/12\/P1090110-150x150.jpg\" alt=\"\" width=\"181\" height=\"180\" srcset=\"http:\/\/recettes-gourmandes-de-joce.fr\/wp-content\/uploads\/2019\/12\/P1090110-150x150.jpg 150w, http:\/\/recettes-gourmandes-de-joce.fr\/wp-content\/uploads\/2019\/12\/P1090110-300x298.jpg 300w, http:\/\/recettes-gourmandes-de-joce.fr\/wp-content\/uploads\/2019\/12\/P1090110.jpg 640w\" sizes=\"auto, (max-width: 181px) 100vw, 181px\" \/><\/h2>\n<p style=\"text-align: center;\"><span style=\"font-family: georgia,serif;\"><span style=\"color: #339966; font-size: large;\"><em>Mettre de la salade verte hach\u00e9e type batavia, ajouter des crevettes <\/em><\/span><span style=\"color: #339966; font-size: large;\"><em>roses et 1\/2 c \u00e0 c de mayonnaise, d\u00e9corer d&rsquo;un brin d&rsquo;aneth frais.<\/em><\/span><\/span><\/p>\n<p style=\"text-align: center;\"><span style=\"font-family: georgia,serif;\"><span style=\"color: #ff9900; font-size: x-large; text-decoration: underline;\"><em>Verrines avocat \/ rillettes de thon<\/em><\/span><\/span><\/p>\n<h2 style=\"text-align: center;\"><img loading=\"lazy\" decoding=\"async\" class=\"alignnone wp-image-12109\" src=\"http:\/\/recettes-gourmandes-de-joce.fr\/wp-content\/uploads\/2019\/12\/P1090111-150x150.jpg\" alt=\"\" width=\"200\" height=\"180\" srcset=\"http:\/\/recettes-gourmandes-de-joce.fr\/wp-content\/uploads\/2019\/12\/P1090111-300x270.jpg 300w, http:\/\/recettes-gourmandes-de-joce.fr\/wp-content\/uploads\/2019\/12\/P1090111.jpg 640w\" sizes=\"auto, (max-width: 200px) 100vw, 200px\" \/><\/h2>\n<p style=\"text-align: center;\"><span style=\"font-family: georgia,serif;\"><span style=\"font-size: large;\"><span style=\"color: #339966;\"><em>D\u00e9poser des d\u00e9s d&rsquo;avocat citronn\u00e9s, sal\u00e9s et poivr\u00e9s. <\/em><\/span><span style=\"color: #339966;\"><em>M\u00e9langer une boite de thon avec <\/em><\/span><\/span><span style=\"font-size: large;\"><span style=\"color: #339966;\"><em>de la ciboulette cisel\u00e9e <\/em><\/span><span style=\"color: #339966;\"><em>et de la mayonnaise, ajouter sur l&rsquo;avocat et d\u00e9corer d&rsquo;une <\/em><\/span><\/span><span style=\"color: #339966; font-size: large;\"><em>demi tomate cerise rouge.<\/em><\/span><\/span><\/p>\n<p style=\"text-align: center;\"><span style=\"font-family: georgia,serif;\"><span style=\"color: #ff9900; font-size: x-large; text-decoration: underline;\"><em>Verrines crevettes, avocat, surimi<\/em><\/span><\/span><\/p>\n<p style=\"text-align: center;\"><img loading=\"lazy\" decoding=\"async\" class=\"alignnone wp-image-12153\" src=\"http:\/\/recettes-gourmandes-de-joce.fr\/wp-content\/uploads\/2019\/12\/verrines_crevettes_thon_avocat_01-150x150.jpg\" alt=\"\" width=\"258\" height=\"180\" srcset=\"http:\/\/recettes-gourmandes-de-joce.fr\/wp-content\/uploads\/2019\/12\/verrines_crevettes_thon_avocat_01-300x210.jpg 300w, http:\/\/recettes-gourmandes-de-joce.fr\/wp-content\/uploads\/2019\/12\/verrines_crevettes_thon_avocat_01.jpg 640w\" sizes=\"auto, (max-width: 258px) 100vw, 258px\" \/><\/p>\n<p style=\"text-align: center;\"><span style=\"font-family: georgia,serif;\"><span style=\"font-size: large;\"><span style=\"color: #339966;\"><em>M\u00e9langer des crevettes roses avec une pointe de piment <\/em><\/span><span style=\"color: #339966;\"><em>de cayenne, saler et de la cr\u00e8me fra\u00eeche <\/em><\/span><\/span><span style=\"font-size: large;\"><span style=\"color: #339966;\"><em>d\u00e9poser le m\u00e9lange au fond, ajouter des d\u00e9s d&rsquo;avocat citronn\u00e9s, <\/em><\/span><span style=\"color: #339966;\"><em>sal\u00e9s et poivr\u00e9s, finir par des <\/em><\/span><\/span><span style=\"color: #339966; font-size: large;\"><em>morceaux de surimi.<\/em><\/span><\/span><\/p>\n<p style=\"text-align: center;\"><span style=\"font-family: georgia,serif;\"><span style=\"color: #339966; font-size: large;\"><em>Bon ap\u00e9ritif!<\/em><\/span><\/span><\/p>\n<h2 style=\"text-align: center;\"><img loading=\"lazy\" decoding=\"async\" class=\"alignnone wp-image-12113\" src=\"http:\/\/recettes-gourmandes-de-joce.fr\/wp-content\/uploads\/2019\/12\/P1090135-150x150.jpg\" alt=\"\" width=\"262\" height=\"180\" srcset=\"http:\/\/recettes-gourmandes-de-joce.fr\/wp-content\/uploads\/2019\/12\/P1090135-300x206.jpg 300w, http:\/\/recettes-gourmandes-de-joce.fr\/wp-content\/uploads\/2019\/12\/P1090135.jpg 640w\" sizes=\"auto, (max-width: 262px) 100vw, 262px\" \/> <img loading=\"lazy\" decoding=\"async\" class=\"alignnone wp-image-12110\" src=\"http:\/\/recettes-gourmandes-de-joce.fr\/wp-content\/uploads\/2019\/12\/P1090112-150x150.jpg\" alt=\"\" width=\"204\" height=\"180\" srcset=\"http:\/\/recettes-gourmandes-de-joce.fr\/wp-content\/uploads\/2019\/12\/P1090112-300x265.jpg 300w, http:\/\/recettes-gourmandes-de-joce.fr\/wp-content\/uploads\/2019\/12\/P1090112.jpg 640w\" sizes=\"auto, (max-width: 204px) 100vw, 204px\" \/> <img loading=\"lazy\" decoding=\"async\" class=\"alignnone wp-image-12111\" src=\"http:\/\/recettes-gourmandes-de-joce.fr\/wp-content\/uploads\/2019\/12\/P1090114-150x150.jpg\" alt=\"\" width=\"276\" height=\"180\" srcset=\"http:\/\/recettes-gourmandes-de-joce.fr\/wp-content\/uploads\/2019\/12\/P1090114-300x195.jpg 300w, http:\/\/recettes-gourmandes-de-joce.fr\/wp-content\/uploads\/2019\/12\/P1090114.jpg 640w\" sizes=\"auto, (max-width: 276px) 100vw, 276px\" \/><\/h2>\n<p style=\"text-align: center;\"><img loading=\"lazy\" decoding=\"async\" class=\"alignnone size-full wp-image-59803\" src=\"http:\/\/recettes-gourmandes-de-joce.fr\/wp-content\/uploads\/2024\/01\/logitech-gaming-software-14112014-121223.jpg\" alt=\"\" width=\"640\" height=\"144\" \/><\/p>\n","protected":false},"excerpt":{"rendered":"<p>Mes recettes Petites verrines aux poivrons\/pommes de terre et crevettes \u00a0 Mettre des d\u00e9s de poivrons rouges, ajouter des d\u00e9s de pommes de terre cuites \u00e0 l&rsquo;eau m\u00e9langer \u00e0 de l&rsquo;\u00e9chalote hach\u00e9e, terminer par des d\u00e9s de poivrons verts. Arroser d&rsquo;un filet de vinaigrette, d\u00e9corer avec une demi tomate jaune. Petites verrines salade et crevettes &hellip; <\/p>\n<p><a class=\"more-link btn\" href=\"http:\/\/recettes-gourmandes-de-joce.fr\/index.php\/index\/aperitifs-amuses-bouches\/verrines-froides\/verrines-aperitives-diverses-aux-crevettes\/\">Lire la suite<\/a><\/p>\n","protected":false},"author":2,"featured_media":82989,"parent":197,"menu_order":0,"comment_status":"open","ping_status":"closed","template":"","meta":{"footnotes":""},"class_list":["post-12152","page","type-page","status-publish","has-post-thumbnail","hentry","nodate","item-wrap"],"_links":{"self":[{"href":"http:\/\/recettes-gourmandes-de-joce.fr\/index.php\/wp-json\/wp\/v2\/pages\/12152","targetHints":{"allow":["GET"]}}],"collection":[{"href":"http:\/\/recettes-gourmandes-de-joce.fr\/index.php\/wp-json\/wp\/v2\/pages"}],"about":[{"href":"http:\/\/recettes-gourmandes-de-joce.fr\/index.php\/wp-json\/wp\/v2\/types\/page"}],"author":[{"embeddable":true,"href":"http:\/\/recettes-gourmandes-de-joce.fr\/index.php\/wp-json\/wp\/v2\/users\/2"}],"replies":[{"embeddable":true,"href":"http:\/\/recettes-gourmandes-de-joce.fr\/index.php\/wp-json\/wp\/v2\/comments?post=12152"}],"version-history":[{"count":4,"href":"http:\/\/recettes-gourmandes-de-joce.fr\/index.php\/wp-json\/wp\/v2\/pages\/12152\/revisions"}],"predecessor-version":[{"id":82988,"href":"http:\/\/recettes-gourmandes-de-joce.fr\/index.php\/wp-json\/wp\/v2\/pages\/12152\/revisions\/82988"}],"up":[{"embeddable":true,"href":"http:\/\/recettes-gourmandes-de-joce.fr\/index.php\/wp-json\/wp\/v2\/pages\/197"}],"wp:featuredmedia":[{"embeddable":true,"href":"http:\/\/recettes-gourmandes-de-joce.fr\/index.php\/wp-json\/wp\/v2\/media\/82989"}],"wp:attachment":[{"href":"http:\/\/recettes-gourmandes-de-joce.fr\/index.php\/wp-json\/wp\/v2\/media?parent=12152"}],"curies":[{"name":"wp","href":"https:\/\/api.w.org\/{rel}","templated":true}]}}