{"id":12150,"date":"2019-12-08T01:06:28","date_gmt":"2019-12-08T01:06:28","guid":{"rendered":"http:\/\/recettes-gourmandes-de-joce.fr\/?page_id=12150"},"modified":"2024-05-23T21:14:35","modified_gmt":"2024-05-23T21:14:35","slug":"verrines-aperitives-variees","status":"publish","type":"page","link":"http:\/\/recettes-gourmandes-de-joce.fr\/index.php\/index\/aperitifs-amuses-bouches\/verrines-froides\/verrines-aperitives-variees\/","title":{"rendered":"Verrines ap\u00e9ritives vari\u00e9es."},"content":{"rendered":"<p style=\"text-align: center;\"><span style=\"font-family: georgia,serif;\"><span style=\"font-size: x-large; text-decoration: underline;\"><span style=\"color: #ff6600; text-decoration: underline;\"><em>Mes recettes<\/em><\/span><\/span><\/span><\/p>\n<p style=\"text-align: center;\"><img loading=\"lazy\" decoding=\"async\" class=\"alignnone wp-image-12124\" src=\"http:\/\/recettes-gourmandes-de-joce.fr\/wp-content\/uploads\/2019\/12\/P1310169-150x150.jpg\" alt=\"\" width=\"221\" height=\"180\" srcset=\"http:\/\/recettes-gourmandes-de-joce.fr\/wp-content\/uploads\/2019\/12\/P1310169-300x245.jpg 300w, http:\/\/recettes-gourmandes-de-joce.fr\/wp-content\/uploads\/2019\/12\/P1310169.jpg 640w\" sizes=\"auto, (max-width: 221px) 100vw, 221px\" \/> <img loading=\"lazy\" decoding=\"async\" class=\"alignnone wp-image-12125\" src=\"http:\/\/recettes-gourmandes-de-joce.fr\/wp-content\/uploads\/2019\/12\/P1310170-2-150x150.jpg\" alt=\"\" width=\"258\" height=\"180\" srcset=\"http:\/\/recettes-gourmandes-de-joce.fr\/wp-content\/uploads\/2019\/12\/P1310170-2-300x209.jpg 300w, http:\/\/recettes-gourmandes-de-joce.fr\/wp-content\/uploads\/2019\/12\/P1310170-2.jpg 640w\" sizes=\"auto, (max-width: 258px) 100vw, 258px\" \/> <img loading=\"lazy\" decoding=\"async\" class=\"alignnone wp-image-12122\" src=\"http:\/\/recettes-gourmandes-de-joce.fr\/wp-content\/uploads\/2019\/12\/P1310167-150x150.jpg\" alt=\"\" width=\"231\" height=\"180\" srcset=\"http:\/\/recettes-gourmandes-de-joce.fr\/wp-content\/uploads\/2019\/12\/P1310167-300x234.jpg 300w, http:\/\/recettes-gourmandes-de-joce.fr\/wp-content\/uploads\/2019\/12\/P1310167.jpg 640w\" sizes=\"auto, (max-width: 231px) 100vw, 231px\" \/><\/p>\n<p style=\"text-align: center;\"><span style=\"font-family: georgia,serif;\"><span style=\"color: #800080; font-size: x-large; text-decoration: underline;\"><em>Verrines de jambon\/st Mor\u00eat et concombre<\/em><\/span><\/span><\/p>\n<p style=\"text-align: center;\"><span style=\"font-family: georgia,serif;\"><span style=\"color: #ff6600; font-size: large;\"><em><img loading=\"lazy\" decoding=\"async\" class=\"alignnone wp-image-12117\" src=\"http:\/\/recettes-gourmandes-de-joce.fr\/wp-content\/uploads\/2019\/12\/P1310139-150x150.jpg\" alt=\"\" width=\"278\" height=\"180\" srcset=\"http:\/\/recettes-gourmandes-de-joce.fr\/wp-content\/uploads\/2019\/12\/P1310139-300x195.jpg 300w, http:\/\/recettes-gourmandes-de-joce.fr\/wp-content\/uploads\/2019\/12\/P1310139.jpg 640w\" sizes=\"auto, (max-width: 278px) 100vw, 278px\" \/>\u00a0<\/em><\/span><\/span><\/p>\n<p style=\"text-align: center;\"><span style=\"font-family: georgia,serif;\"><span style=\"font-size: large;\"><span style=\"color: #ff6600;\"><em>M\u00e9langer des d\u00e9s de jambon avec du St Mor\u00eat, poivrer <\/em><\/span><span style=\"color: #ff6600;\"><em>et\u00a0r\u00e9partir\u00a0au fond des verrines. <\/em><\/span><\/span><span style=\"color: #ff6600; font-size: large;\"><em>Ajouter dessus des fines lani\u00e8res de concombre.<\/em><\/span><\/span><\/p>\n<p style=\"text-align: center;\"><span style=\"font-family: georgia,serif;\"><span style=\"color: #800080; font-size: x-large; text-decoration: underline;\"><em>Verrines d&rsquo;olives vertes\/cr\u00e8me fra\u00eeche\/tomate et thon<\/em><\/span><\/span><\/p>\n<p style=\"text-align: center;\"><span style=\"font-family: georgia,serif;\"><span style=\"font-size: large;\"><span style=\"color: #ff6600;\"><em><img loading=\"lazy\" decoding=\"async\" class=\"alignnone wp-image-12116\" src=\"http:\/\/recettes-gourmandes-de-joce.fr\/wp-content\/uploads\/2019\/12\/P1310133-2-150x150.jpg\" alt=\"\" width=\"190\" height=\"180\" srcset=\"http:\/\/recettes-gourmandes-de-joce.fr\/wp-content\/uploads\/2019\/12\/P1310133-2-300x284.jpg 300w, http:\/\/recettes-gourmandes-de-joce.fr\/wp-content\/uploads\/2019\/12\/P1310133-2.jpg 529w\" sizes=\"auto, (max-width: 190px) 100vw, 190px\" \/><\/em><\/span><span style=\"color: #ff6600;\"><em>\u00a0<\/em><\/span><\/span><\/span><\/p>\n<p style=\"text-align: center;\"><span style=\"font-family: georgia,serif;\"><span style=\"font-size: large;\"><span style=\"color: #ff6600;\"><em>M\u00e9langer des morceaux d&rsquo;olives avec la cr\u00e8me fra\u00eeche,\u00a0<\/em><\/span><span style=\"color: #ff6600;\"><em>du sel, du poivre et un peu d&rsquo;\u00e9pices \u00e0 colombo. <\/em><\/span><\/span><span style=\"font-size: large;\"><span style=\"color: #ff6600;\"><em>D\u00e9poser au fond de la verrine, ajouter dessus une <\/em><\/span><span style=\"color: #ff6600;\"><em>rondelle de tomate, terminer par des miettes de thon \u00e0 l&rsquo;huile et <\/em><\/span><\/span><span style=\"color: #ff6600; font-size: large;\"><em>une olive pour la d\u00e9co.<\/em><\/span><span style=\"color: #ff6600;\">\u00a0<\/span><span style=\"color: #ff6600;\">\u00a0<\/span><span style=\"color: #ff6600;\"><em>\u00a0<\/em><\/span><\/span><\/p>\n<p style=\"text-align: center;\"><span style=\"font-family: georgia,serif;\"><span style=\"color: #800080; font-size: x-large; text-decoration: underline;\"><em>Verrines de mascarpone, \u0153ufs de lump<\/em><\/span><\/span><\/p>\n<p style=\"text-align: center;\"><span style=\"font-family: georgia,serif;\"><span style=\"color: #ff6600;\"><em><img loading=\"lazy\" decoding=\"async\" class=\"alignnone wp-image-12114\" src=\"http:\/\/recettes-gourmandes-de-joce.fr\/wp-content\/uploads\/2019\/12\/P1310120-2-150x150.jpg\" alt=\"\" width=\"240\" height=\"180\" srcset=\"http:\/\/recettes-gourmandes-de-joce.fr\/wp-content\/uploads\/2019\/12\/P1310120-2-300x225.jpg 300w, http:\/\/recettes-gourmandes-de-joce.fr\/wp-content\/uploads\/2019\/12\/P1310120-2.jpg 640w\" sizes=\"auto, (max-width: 240px) 100vw, 240px\" \/>\u00a0<\/em><\/span><\/span><\/p>\n<p style=\"text-align: center;\"><span style=\"font-family: georgia,serif;\"><span style=\"font-size: large;\"><span style=\"color: #ff6600;\"><em>M\u00e9langer de la mascarpone avec du sel, du poivre, <\/em><\/span><span style=\"color: #ff6600;\"><em>de la ciboulette finement cisel\u00e9e et une gousse d&rsquo;ail hach\u00e9e finement. <\/em><\/span><\/span><span style=\"font-size: large;\"><span style=\"color: #ff6600;\"><em>en r\u00e9partir un peu au fond de la verrine, ajouter des \u0153ufs <\/em><\/span><span style=\"color: #ff6600;\"><em>de lump rouges, un peu de mascarpone et <\/em><\/span><\/span><span style=\"color: #ff6600; font-size: large;\"><em>terminer par <\/em><\/span><span style=\"color: #ff6600;\"><em><span style=\"font-size: large;\">des \u0153ufs de lump noirs.<\/span>\u00a0<\/em><\/span><span style=\"color: #ff6600;\"><em>\u00a0<\/em><\/span><\/span><\/p>\n<p style=\"text-align: center;\"><span style=\"font-family: georgia,serif;\"><span style=\"color: #800080; font-size: x-large; text-decoration: underline;\"><em>Verrine de surimi \/mayonnaise\/tomate<\/em><\/span><\/span><\/p>\n<p style=\"text-align: center;\"><span style=\"font-family: georgia,serif;\"><span style=\"color: #ff6600;\"><em><img loading=\"lazy\" decoding=\"async\" class=\"alignnone wp-image-12118\" src=\"http:\/\/recettes-gourmandes-de-joce.fr\/wp-content\/uploads\/2019\/12\/P1310142-150x150.jpg\" alt=\"\" width=\"337\" height=\"180\" srcset=\"http:\/\/recettes-gourmandes-de-joce.fr\/wp-content\/uploads\/2019\/12\/P1310142-300x160.jpg 300w, http:\/\/recettes-gourmandes-de-joce.fr\/wp-content\/uploads\/2019\/12\/P1310142.jpg 640w\" sizes=\"auto, (max-width: 337px) 100vw, 337px\" \/>\u00a0<\/em><\/span><\/span><\/p>\n<p style=\"text-align: center;\"><span style=\"font-family: georgia,serif;\"><span style=\"font-size: large;\"><span style=\"color: #ff6600;\"><em>D\u00e9poser des morceaux de surimi au fond de la <\/em><\/span><span style=\"color: #ff6600;\"><em>verrine, ajouter de la mayonnaise \u00e0 l&rsquo;ail <\/em><\/span><\/span><span style=\"font-size: large;\"><span style=\"color: #ff6600;\"><em>et au persil puis\u00a0<\/em><\/span><span style=\"color: #ff6600;\"><em>d\u00e9poser dessus des morceaux de tomate.<\/em><\/span><\/span><\/span><\/p>\n<p style=\"text-align: center;\"><span style=\"font-family: georgia, palatino, serif; font-size: 14pt;\"><em><span style=\"color: #eb5026;\">Recette de la mayonnaise sur ce lien -&gt;<\/span>\u00a0<a href=\"http:\/\/recettes-gourmandes-de-joce.fr\/index.php\/index\/sauces-assaisonnements\/sauces-froides\/mayonnaise\/\">Mayonnaise\u00a0<\/a><\/em><\/span><\/p>\n<p style=\"text-align: center;\"><span style=\"font-family: georgia,serif;\"><span style=\"font-size: 24px;\"><span style=\"color: #800080;\"><u><em>Verrines de moules \u00e0 la catalane<\/em><\/u><\/span><\/span><\/span><\/p>\n<p style=\"text-align: center;\"><a href=\"http:\/\/recettes-gourmandes-de-joce.fr\/index.php\/index\/aperitifs-amuses-bouches\/verrines-froides\/verrines-de-moules-a-la-catalane\/\"><img loading=\"lazy\" decoding=\"async\" class=\"alignnone wp-image-12115\" src=\"http:\/\/recettes-gourmandes-de-joce.fr\/wp-content\/uploads\/2019\/12\/P1310131-2-150x150.jpg\" alt=\"\" width=\"264\" height=\"180\" srcset=\"http:\/\/recettes-gourmandes-de-joce.fr\/wp-content\/uploads\/2019\/12\/P1310131-2-300x204.jpg 300w, http:\/\/recettes-gourmandes-de-joce.fr\/wp-content\/uploads\/2019\/12\/P1310131-2.jpg 640w\" sizes=\"auto, (max-width: 264px) 100vw, 264px\" \/><\/a><\/p>\n<p style=\"text-align: center;\"><span style=\"font-family: georgia,serif;\"><span style=\"color: #ff6600;\"><em><span style=\"font-size: 20px;\">Recette sur ce lien -&gt; <a href=\"http:\/\/recettes-gourmandes-de-joce.fr\/index.php\/index\/aperitifs-amuses-bouches\/verrines-froides\/verrines-de-moules-a-la-catalane\/\">Verrines de moules \u00e0 la catalane<\/a><\/span><\/em><\/span><\/span><\/p>\n<p style=\"text-align: center;\"><span style=\"font-family: georgia,serif;\"><span style=\"color: #ff6600; font-size: large;\"><em>Bon ap\u00e9ritif!<\/em><\/span><\/span><\/p>\n<p style=\"text-align: center;\"><span style=\"font-family: georgia,serif;\"><span style=\"color: #ff6600;\"><em> <img loading=\"lazy\" decoding=\"async\" class=\"alignnone wp-image-12123\" src=\"http:\/\/recettes-gourmandes-de-joce.fr\/wp-content\/uploads\/2019\/12\/P1310168-150x150.jpg\" alt=\"\" width=\"206\" height=\"180\" srcset=\"http:\/\/recettes-gourmandes-de-joce.fr\/wp-content\/uploads\/2019\/12\/P1310168-300x262.jpg 300w, http:\/\/recettes-gourmandes-de-joce.fr\/wp-content\/uploads\/2019\/12\/P1310168.jpg 640w\" sizes=\"auto, (max-width: 206px) 100vw, 206px\" \/> <img loading=\"lazy\" decoding=\"async\" class=\"alignnone wp-image-12125\" src=\"http:\/\/recettes-gourmandes-de-joce.fr\/wp-content\/uploads\/2019\/12\/P1310170-2-150x150.jpg\" alt=\"\" width=\"258\" height=\"180\" srcset=\"http:\/\/recettes-gourmandes-de-joce.fr\/wp-content\/uploads\/2019\/12\/P1310170-2-300x209.jpg 300w, http:\/\/recettes-gourmandes-de-joce.fr\/wp-content\/uploads\/2019\/12\/P1310170-2.jpg 640w\" sizes=\"auto, (max-width: 258px) 100vw, 258px\" \/> <img loading=\"lazy\" decoding=\"async\" class=\"alignnone wp-image-12124\" src=\"http:\/\/recettes-gourmandes-de-joce.fr\/wp-content\/uploads\/2019\/12\/P1310169-150x150.jpg\" alt=\"\" width=\"221\" height=\"180\" srcset=\"http:\/\/recettes-gourmandes-de-joce.fr\/wp-content\/uploads\/2019\/12\/P1310169-300x245.jpg 300w, http:\/\/recettes-gourmandes-de-joce.fr\/wp-content\/uploads\/2019\/12\/P1310169.jpg 640w\" sizes=\"auto, (max-width: 221px) 100vw, 221px\" \/><\/em><\/span><\/span><\/p>\n<p style=\"text-align: center;\"><img loading=\"lazy\" decoding=\"async\" class=\"alignnone size-full wp-image-59803\" src=\"http:\/\/recettes-gourmandes-de-joce.fr\/wp-content\/uploads\/2024\/01\/logitech-gaming-software-14112014-121223.jpg\" alt=\"\" width=\"640\" height=\"144\" \/><\/p>\n<p>&nbsp;<\/p>\n<p>&nbsp;<\/p>\n","protected":false},"excerpt":{"rendered":"<p>Mes recettes Verrines de jambon\/st Mor\u00eat et concombre \u00a0 M\u00e9langer des d\u00e9s de jambon avec du St Mor\u00eat, poivrer et\u00a0r\u00e9partir\u00a0au fond des verrines. Ajouter dessus des fines lani\u00e8res de concombre. Verrines d&rsquo;olives vertes\/cr\u00e8me fra\u00eeche\/tomate et thon \u00a0 M\u00e9langer des morceaux d&rsquo;olives avec la cr\u00e8me fra\u00eeche,\u00a0du sel, du poivre et un peu d&rsquo;\u00e9pices \u00e0 colombo. D\u00e9poser &hellip; <\/p>\n<p><a class=\"more-link btn\" href=\"http:\/\/recettes-gourmandes-de-joce.fr\/index.php\/index\/aperitifs-amuses-bouches\/verrines-froides\/verrines-aperitives-variees\/\">Lire la suite<\/a><\/p>\n","protected":false},"author":2,"featured_media":83009,"parent":197,"menu_order":0,"comment_status":"open","ping_status":"closed","template":"","meta":{"footnotes":""},"class_list":["post-12150","page","type-page","status-publish","has-post-thumbnail","hentry","nodate","item-wrap"],"_links":{"self":[{"href":"http:\/\/recettes-gourmandes-de-joce.fr\/index.php\/wp-json\/wp\/v2\/pages\/12150","targetHints":{"allow":["GET"]}}],"collection":[{"href":"http:\/\/recettes-gourmandes-de-joce.fr\/index.php\/wp-json\/wp\/v2\/pages"}],"about":[{"href":"http:\/\/recettes-gourmandes-de-joce.fr\/index.php\/wp-json\/wp\/v2\/types\/page"}],"author":[{"embeddable":true,"href":"http:\/\/recettes-gourmandes-de-joce.fr\/index.php\/wp-json\/wp\/v2\/users\/2"}],"replies":[{"embeddable":true,"href":"http:\/\/recettes-gourmandes-de-joce.fr\/index.php\/wp-json\/wp\/v2\/comments?post=12150"}],"version-history":[{"count":5,"href":"http:\/\/recettes-gourmandes-de-joce.fr\/index.php\/wp-json\/wp\/v2\/pages\/12150\/revisions"}],"predecessor-version":[{"id":83008,"href":"http:\/\/recettes-gourmandes-de-joce.fr\/index.php\/wp-json\/wp\/v2\/pages\/12150\/revisions\/83008"}],"up":[{"embeddable":true,"href":"http:\/\/recettes-gourmandes-de-joce.fr\/index.php\/wp-json\/wp\/v2\/pages\/197"}],"wp:featuredmedia":[{"embeddable":true,"href":"http:\/\/recettes-gourmandes-de-joce.fr\/index.php\/wp-json\/wp\/v2\/media\/83009"}],"wp:attachment":[{"href":"http:\/\/recettes-gourmandes-de-joce.fr\/index.php\/wp-json\/wp\/v2\/media?parent=12150"}],"curies":[{"name":"wp","href":"https:\/\/api.w.org\/{rel}","templated":true}]}}