{"id":12105,"date":"2019-12-08T00:57:54","date_gmt":"2019-12-08T00:57:54","guid":{"rendered":"http:\/\/recettes-gourmandes-de-joce.fr\/?page_id=12105"},"modified":"2024-05-23T21:28:56","modified_gmt":"2024-05-23T21:28:56","slug":"verrines-aux-saveurs-de-la-mer","status":"publish","type":"page","link":"http:\/\/recettes-gourmandes-de-joce.fr\/index.php\/index\/aperitifs-amuses-bouches\/verrines-froides\/verrines-aux-saveurs-de-la-mer\/","title":{"rendered":"Verrines aux saveurs de la mer."},"content":{"rendered":"<p style=\"text-align: center;\"><span style=\"font-family: georgia, serif; font-size: 18pt;\"><span style=\"color: #3366ff; text-decoration: underline;\"><em>Mes recettes<\/em><\/span><\/span><\/p>\n<p style=\"text-align: center;\"><span style=\"font-size: 14pt;\"><img loading=\"lazy\" decoding=\"async\" class=\"alignnone wp-image-12106\" src=\"http:\/\/recettes-gourmandes-de-joce.fr\/wp-content\/uploads\/2019\/12\/verrines_aux_saveurs_marines_02144-150x150.jpg\" alt=\"\" width=\"131\" height=\"180\" srcset=\"http:\/\/recettes-gourmandes-de-joce.fr\/wp-content\/uploads\/2019\/12\/verrines_aux_saveurs_marines_02144-218x300.jpg 218w, http:\/\/recettes-gourmandes-de-joce.fr\/wp-content\/uploads\/2019\/12\/verrines_aux_saveurs_marines_02144.jpg 466w\" sizes=\"auto, (max-width: 131px) 100vw, 131px\" \/> <img loading=\"lazy\" decoding=\"async\" class=\"alignnone wp-image-12148\" src=\"http:\/\/recettes-gourmandes-de-joce.fr\/wp-content\/uploads\/2019\/12\/verrines_aux_saveurs_marines_0044-150x150.jpg\" alt=\"\" width=\"175\" height=\"180\" srcset=\"http:\/\/recettes-gourmandes-de-joce.fr\/wp-content\/uploads\/2019\/12\/verrines_aux_saveurs_marines_0044-291x300.jpg 291w, http:\/\/recettes-gourmandes-de-joce.fr\/wp-content\/uploads\/2019\/12\/verrines_aux_saveurs_marines_0044.jpg 621w\" sizes=\"auto, (max-width: 175px) 100vw, 175px\" \/> <img loading=\"lazy\" decoding=\"async\" class=\"alignnone wp-image-12140\" src=\"http:\/\/recettes-gourmandes-de-joce.fr\/wp-content\/uploads\/2019\/12\/verrines_aux_saveurs_marines_013-150x150.jpg\" alt=\"\" width=\"138\" height=\"180\" srcset=\"http:\/\/recettes-gourmandes-de-joce.fr\/wp-content\/uploads\/2019\/12\/verrines_aux_saveurs_marines_013-230x300.jpg 230w, http:\/\/recettes-gourmandes-de-joce.fr\/wp-content\/uploads\/2019\/12\/verrines_aux_saveurs_marines_013.jpg 490w\" sizes=\"auto, (max-width: 138px) 100vw, 138px\" \/><\/span><\/p>\n<p style=\"text-align: center;\"><span style=\"font-family: georgia, serif; font-size: 18pt;\"><span style=\"color: #3366ff; text-decoration: underline;\"><em>Ingr\u00e9dients pour 18 verrines<\/em><\/span><\/span><\/p>\n<p style=\"text-align: center;\"><span style=\"font-size: 14pt;\"><img loading=\"lazy\" decoding=\"async\" class=\"alignnone wp-image-12129\" src=\"http:\/\/recettes-gourmandes-de-joce.fr\/wp-content\/uploads\/2019\/12\/verrines_aux_saveurs_marines_001-150x150.jpg\" alt=\"\" width=\"217\" height=\"175\" srcset=\"http:\/\/recettes-gourmandes-de-joce.fr\/wp-content\/uploads\/2019\/12\/verrines_aux_saveurs_marines_001-300x241.jpg 300w, http:\/\/recettes-gourmandes-de-joce.fr\/wp-content\/uploads\/2019\/12\/verrines_aux_saveurs_marines_001.jpg 640w\" sizes=\"auto, (max-width: 217px) 100vw, 217px\" \/><\/span><\/p>\n<p style=\"text-align: center;\"><span style=\"font-family: georgia, serif; font-size: 14pt;\"><span style=\"color: #3366ff;\"><em>1 concombre<\/em><\/span><\/span><\/p>\n<p style=\"text-align: center;\"><span style=\"font-family: georgia, serif; font-size: 14pt;\"><span style=\"color: #3366ff;\"><em>1 c\u0153ur de batavia<\/em><\/span><\/span><\/p>\n<p style=\"text-align: center;\"><span style=\"font-family: georgia, serif; font-size: 14pt;\"><span style=\"color: #3366ff;\"><em>200 g de saumon fum\u00e9<\/em><\/span><\/span><\/p>\n<p style=\"text-align: center;\"><span style=\"font-family: georgia, serif; font-size: 14pt;\"><span style=\"color: #3366ff;\"><em>1 boite de 200 g de crevettes roses<\/em><\/span><\/span><\/p>\n<p style=\"text-align: center;\"><span style=\"font-family: georgia, serif; font-size: 14pt;\"><span style=\"color: #3366ff;\"><em>1 petite boite de ma\u00efs<\/em><\/span><\/span><\/p>\n<p style=\"text-align: center;\"><span style=\"font-family: georgia, serif; font-size: 14pt;\"><span style=\"color: #3366ff;\"><em>6 b\u00e2tonnets de surimi<\/em><\/span><\/span><\/p>\n<p style=\"text-align: center;\"><span style=\"font-family: georgia, serif; font-size: 14pt;\"><span style=\"color: #3366ff;\"><em>Quelques brins de ciboulette<\/em><\/span><\/span><\/p>\n<p style=\"text-align: center;\"><span style=\"font-family: georgia, serif; font-size: 14pt;\"><span style=\"color: #3366ff;\"><em>3 c \u00e0 s de pesto maison<\/em><\/span><\/span><\/p>\n<p style=\"text-align: center;\"><span style=\"font-family: georgia, serif; font-size: 14pt;\"><span style=\"color: #3366ff;\"><em>6 feuilles de basilic<\/em><\/span><\/span><\/p>\n<p style=\"text-align: center;\"><span style=\"font-family: georgia, serif; font-size: 14pt;\"><span style=\"color: #3366ff;\"><em>6 feuilles de persil plat<\/em><\/span><\/span><\/p>\n<p style=\"text-align: center;\"><span style=\"font-family: georgia, serif; font-size: 14pt;\"><span style=\"color: #3366ff;\"><em>3 c \u00e0 s de mayonnaise <\/em><\/span><\/span><\/p>\n<p style=\"text-align: center;\"><span style=\"font-family: georgia, serif; font-size: 14pt;\"><span style=\"color: #3366ff;\"><em>Recette de la mayonnaise sur ce lien -&gt; <a href=\"http:\/\/recettes-gourmandes-de-joce.fr\/index.php\/index\/sauces-assaisonnements\/sauces-froides\/mayonnaise\/\">Mayonnaise\u00a0<\/a><\/em><\/span><\/span><\/p>\n<p style=\"text-align: center;\"><span style=\"font-family: georgia, serif; font-size: 14pt;\"><span style=\"color: #3366ff; text-decoration: underline;\"><em>Pr\u00e9paration des ingr\u00e9dients<\/em><\/span><\/span><\/p>\n<p style=\"text-align: center;\"><span style=\"font-family: georgia, serif; font-size: 14pt;\"><span style=\"color: #3366ff;\"><em>Laver les l\u00e9gumes<\/em><\/span><\/span><\/p>\n<p style=\"text-align: center;\"><span style=\"font-family: georgia, serif; font-size: 14pt;\"><span style=\"color: #3366ff;\"><em>Hacher le c\u0153ur de salade, hacher le saumon, couper le <\/em><\/span><span style=\"color: #3366ff;\"><em>surimi et le concombre en d\u00e9s, \u00e9goutter\u00a0<\/em><\/span><span style=\"color: #3366ff;\"><em>le ma\u00efs et les crevettes. <\/em><\/span><span style=\"color: #3366ff;\"><em>Pr\u00e9parer le pesto (basilic, ail, fleur de sel, pignons, huile d&rsquo;olive <\/em><\/span><span style=\"color: #3366ff;\"><em>mix\u00e9s <\/em><\/span><span style=\"color: #3366ff;\"><em>ensemble). <\/em><\/span><span style=\"color: #3366ff;\"><em>Pr\u00e9parer une mayonnaise.<\/em><\/span><\/span><\/p>\n<p style=\"text-align: center;\"><span style=\"font-family: georgia, serif; font-size: 14pt;\"><span style=\"color: #3366ff; text-decoration: underline;\"><em>Mettre dans les 6 premi\u00e8res verrines<\/em> <\/span><\/span><\/p>\n<p style=\"text-align: center;\"><span style=\"font-family: georgia, serif; font-size: 14pt;\"><em><span style=\"color: #3366ff;\"><img loading=\"lazy\" decoding=\"async\" class=\"alignnone wp-image-12148\" src=\"http:\/\/recettes-gourmandes-de-joce.fr\/wp-content\/uploads\/2019\/12\/verrines_aux_saveurs_marines_0044-150x150.jpg\" alt=\"\" width=\"165\" height=\"170\" srcset=\"http:\/\/recettes-gourmandes-de-joce.fr\/wp-content\/uploads\/2019\/12\/verrines_aux_saveurs_marines_0044-291x300.jpg 291w, http:\/\/recettes-gourmandes-de-joce.fr\/wp-content\/uploads\/2019\/12\/verrines_aux_saveurs_marines_0044.jpg 621w\" sizes=\"auto, (max-width: 165px) 100vw, 165px\" \/>\u00a0<\/span><\/em><\/span><\/p>\n<p style=\"text-align: center;\"><span style=\"font-size: 14pt;\"><img loading=\"lazy\" decoding=\"async\" class=\"alignnone wp-image-12130\" src=\"http:\/\/recettes-gourmandes-de-joce.fr\/wp-content\/uploads\/2019\/12\/verrines_aux_saveurs_marines_002-150x150.jpg\" alt=\"\" width=\"213\" height=\"160\" srcset=\"http:\/\/recettes-gourmandes-de-joce.fr\/wp-content\/uploads\/2019\/12\/verrines_aux_saveurs_marines_002-300x225.jpg 300w, http:\/\/recettes-gourmandes-de-joce.fr\/wp-content\/uploads\/2019\/12\/verrines_aux_saveurs_marines_002.jpg 640w\" sizes=\"auto, (max-width: 213px) 100vw, 213px\" \/> <img loading=\"lazy\" decoding=\"async\" class=\"alignnone wp-image-12131\" src=\"http:\/\/recettes-gourmandes-de-joce.fr\/wp-content\/uploads\/2019\/12\/verrines_aux_saveurs_marines_003-150x150.jpg\" alt=\"\" width=\"123\" height=\"160\" srcset=\"http:\/\/recettes-gourmandes-de-joce.fr\/wp-content\/uploads\/2019\/12\/verrines_aux_saveurs_marines_003-230x300.jpg 230w, http:\/\/recettes-gourmandes-de-joce.fr\/wp-content\/uploads\/2019\/12\/verrines_aux_saveurs_marines_003.jpg 490w\" sizes=\"auto, (max-width: 123px) 100vw, 123px\" \/> <img loading=\"lazy\" decoding=\"async\" class=\"alignnone wp-image-12132\" src=\"http:\/\/recettes-gourmandes-de-joce.fr\/wp-content\/uploads\/2019\/12\/verrines_aux_saveurs_marines_004-150x150.jpg\" alt=\"\" width=\"128\" height=\"160\" srcset=\"http:\/\/recettes-gourmandes-de-joce.fr\/wp-content\/uploads\/2019\/12\/verrines_aux_saveurs_marines_004-240x300.jpg 240w, http:\/\/recettes-gourmandes-de-joce.fr\/wp-content\/uploads\/2019\/12\/verrines_aux_saveurs_marines_004.jpg 513w\" sizes=\"auto, (max-width: 128px) 100vw, 128px\" \/><\/span><\/p>\n<p style=\"text-align: center;\"><span style=\"font-family: georgia, serif; font-size: 14pt;\"><span style=\"color: #3366ff;\"><em><em><span style=\"color: #3366ff;\">R\u00e9partir de la salade hach\u00e9e, ajouter le ma\u00efs, ajouter un peu <\/span><\/em><em><span style=\"color: #3366ff;\">de pesto.<\/span><\/em><\/em><\/span><\/span><\/p>\n<p style=\"text-align: center;\"><span style=\"font-family: georgia, serif; font-size: 14pt;\"><span style=\"color: #3366ff;\"><em><em><em><em><em> <img loading=\"lazy\" decoding=\"async\" class=\"alignnone wp-image-12133\" src=\"http:\/\/recettes-gourmandes-de-joce.fr\/wp-content\/uploads\/2019\/12\/verrines_aux_saveurs_marines_005-150x150.jpg\" alt=\"\" width=\"133\" height=\"160\" srcset=\"http:\/\/recettes-gourmandes-de-joce.fr\/wp-content\/uploads\/2019\/12\/verrines_aux_saveurs_marines_005-250x300.jpg 250w, http:\/\/recettes-gourmandes-de-joce.fr\/wp-content\/uploads\/2019\/12\/verrines_aux_saveurs_marines_005.jpg 533w\" sizes=\"auto, (max-width: 133px) 100vw, 133px\" \/> <img loading=\"lazy\" decoding=\"async\" class=\"alignnone wp-image-12134\" src=\"http:\/\/recettes-gourmandes-de-joce.fr\/wp-content\/uploads\/2019\/12\/verrines_aux_saveurs_marines_006-150x150.jpg\" alt=\"\" width=\"140\" height=\"160\" srcset=\"http:\/\/recettes-gourmandes-de-joce.fr\/wp-content\/uploads\/2019\/12\/verrines_aux_saveurs_marines_006-262x300.jpg 262w, http:\/\/recettes-gourmandes-de-joce.fr\/wp-content\/uploads\/2019\/12\/verrines_aux_saveurs_marines_006.jpg 558w\" sizes=\"auto, (max-width: 140px) 100vw, 140px\" \/> <img loading=\"lazy\" decoding=\"async\" class=\"alignnone wp-image-12135\" src=\"http:\/\/recettes-gourmandes-de-joce.fr\/wp-content\/uploads\/2019\/12\/verrines_aux_saveurs_marines_007-150x150.jpg\" alt=\"\" width=\"138\" height=\"160\" srcset=\"http:\/\/recettes-gourmandes-de-joce.fr\/wp-content\/uploads\/2019\/12\/verrines_aux_saveurs_marines_007-259x300.jpg 259w, http:\/\/recettes-gourmandes-de-joce.fr\/wp-content\/uploads\/2019\/12\/verrines_aux_saveurs_marines_007.jpg 552w\" sizes=\"auto, (max-width: 138px) 100vw, 138px\" \/><\/em><\/em><\/em><\/em><\/em><\/span><\/span><\/p>\n<p style=\"text-align: center;\"><span style=\"font-family: georgia, serif; font-size: 14pt;\"><span style=\"color: #3366ff;\"><em><em><em><em><em><em><span style=\"color: #3366ff;\">Ajouter le saumon et terminer par une feuille de basilic en d\u00e9co.<\/span><\/em><\/em><\/em><\/em><\/em><\/em><\/span><\/span><\/p>\n<p style=\"text-align: center;\"><span style=\"font-family: georgia, serif; font-size: 14pt;\"><span style=\"color: #3366ff; text-decoration: underline;\"><em>Dans les 6 suivantes<\/em><\/span><\/span><\/p>\n<p style=\"text-align: center;\"><span style=\"font-family: georgia, serif; font-size: 14pt;\"><span style=\"color: #3366ff;\"><em><img loading=\"lazy\" decoding=\"async\" class=\"alignnone wp-image-12140\" src=\"http:\/\/recettes-gourmandes-de-joce.fr\/wp-content\/uploads\/2019\/12\/verrines_aux_saveurs_marines_013-150x150.jpg\" alt=\"\" width=\"130\" height=\"170\" srcset=\"http:\/\/recettes-gourmandes-de-joce.fr\/wp-content\/uploads\/2019\/12\/verrines_aux_saveurs_marines_013-230x300.jpg 230w, http:\/\/recettes-gourmandes-de-joce.fr\/wp-content\/uploads\/2019\/12\/verrines_aux_saveurs_marines_013.jpg 490w\" sizes=\"auto, (max-width: 130px) 100vw, 130px\" \/>\u00a0<\/em><\/span><\/span><\/p>\n<p style=\"text-align: center;\"><span style=\"font-size: 14pt;\"><img loading=\"lazy\" decoding=\"async\" class=\"alignnone wp-image-12136\" src=\"http:\/\/recettes-gourmandes-de-joce.fr\/wp-content\/uploads\/2019\/12\/verrines_aux_saveurs_marines_009-150x150.jpg\" alt=\"\" width=\"246\" height=\"160\" srcset=\"http:\/\/recettes-gourmandes-de-joce.fr\/wp-content\/uploads\/2019\/12\/verrines_aux_saveurs_marines_009-300x195.jpg 300w, http:\/\/recettes-gourmandes-de-joce.fr\/wp-content\/uploads\/2019\/12\/verrines_aux_saveurs_marines_009.jpg 640w\" sizes=\"auto, (max-width: 246px) 100vw, 246px\" \/> <img loading=\"lazy\" decoding=\"async\" class=\"alignnone wp-image-12137\" src=\"http:\/\/recettes-gourmandes-de-joce.fr\/wp-content\/uploads\/2019\/12\/verrines_aux_saveurs_marines_010-150x150.jpg\" alt=\"\" width=\"135\" height=\"160\" srcset=\"http:\/\/recettes-gourmandes-de-joce.fr\/wp-content\/uploads\/2019\/12\/verrines_aux_saveurs_marines_010-253x300.jpg 253w, http:\/\/recettes-gourmandes-de-joce.fr\/wp-content\/uploads\/2019\/12\/verrines_aux_saveurs_marines_010.jpg 540w\" sizes=\"auto, (max-width: 135px) 100vw, 135px\" \/> <img loading=\"lazy\" decoding=\"async\" class=\"alignnone wp-image-12138\" src=\"http:\/\/recettes-gourmandes-de-joce.fr\/wp-content\/uploads\/2019\/12\/verrines_aux_saveurs_marines_011-150x150.jpg\" alt=\"\" width=\"136\" height=\"160\" srcset=\"http:\/\/recettes-gourmandes-de-joce.fr\/wp-content\/uploads\/2019\/12\/verrines_aux_saveurs_marines_011-255x300.jpg 255w, http:\/\/recettes-gourmandes-de-joce.fr\/wp-content\/uploads\/2019\/12\/verrines_aux_saveurs_marines_011.jpg 543w\" sizes=\"auto, (max-width: 136px) 100vw, 136px\" \/><\/span><\/p>\n<p style=\"text-align: center;\"><span style=\"font-family: georgia, serif; font-size: 14pt;\"><span style=\"color: #3366ff;\"><em><span style=\"color: #3366ff;\"><em>Mettre des d\u00e9s de concombre, ajouter des crevettes et une <\/em><em>touche de mayonnaise, une peu de\u00a0<\/em><em>chiffonnade de salade.<\/em><\/span><\/em><\/span><\/span><\/p>\n<p style=\"text-align: center;\"><span style=\"font-family: georgia, serif; font-size: 14pt;\"><span style=\"color: #3366ff;\"><em><img loading=\"lazy\" decoding=\"async\" class=\"alignnone wp-image-12139\" src=\"http:\/\/recettes-gourmandes-de-joce.fr\/wp-content\/uploads\/2019\/12\/verrines_aux_saveurs_marines_012-150x150.jpg\" alt=\"\" width=\"232\" height=\"160\" srcset=\"http:\/\/recettes-gourmandes-de-joce.fr\/wp-content\/uploads\/2019\/12\/verrines_aux_saveurs_marines_012-300x207.jpg 300w, http:\/\/recettes-gourmandes-de-joce.fr\/wp-content\/uploads\/2019\/12\/verrines_aux_saveurs_marines_012.jpg 640w\" sizes=\"auto, (max-width: 232px) 100vw, 232px\" \/>\u00a0 <\/em><em>\u00a0<\/em><\/span><\/span><\/p>\n<p style=\"text-align: center;\"><span style=\"font-family: georgia, serif; font-size: 14pt;\"><span style=\"color: #3366ff;\"><em><em>R\u00e9partir des morceaux de surimi. Terminer par de la ciboulette cisel\u00e9e.<\/em><\/em><\/span><\/span><\/p>\n<p style=\"text-align: center;\"><span style=\"font-family: georgia, serif; font-size: 14pt;\"><span style=\"color: #3366ff; text-decoration: underline;\"><em>Dans les 6 derni\u00e8res<\/em><\/span><\/span><\/p>\n<p style=\"text-align: center;\"><span style=\"font-family: georgia, serif; font-size: 14pt;\"><span style=\"color: #3366ff;\"><em><img loading=\"lazy\" decoding=\"async\" class=\"alignnone wp-image-12106\" src=\"http:\/\/recettes-gourmandes-de-joce.fr\/wp-content\/uploads\/2019\/12\/verrines_aux_saveurs_marines_02144-150x150.jpg\" alt=\"\" width=\"124\" height=\"170\" srcset=\"http:\/\/recettes-gourmandes-de-joce.fr\/wp-content\/uploads\/2019\/12\/verrines_aux_saveurs_marines_02144-218x300.jpg 218w, http:\/\/recettes-gourmandes-de-joce.fr\/wp-content\/uploads\/2019\/12\/verrines_aux_saveurs_marines_02144.jpg 466w\" sizes=\"auto, (max-width: 124px) 100vw, 124px\" \/>\u00a0<\/em><\/span><\/span><\/p>\n<p style=\"text-align: center;\"><span style=\"font-size: 14pt;\"><img loading=\"lazy\" decoding=\"async\" class=\"alignnone wp-image-12141\" src=\"http:\/\/recettes-gourmandes-de-joce.fr\/wp-content\/uploads\/2019\/12\/verrines_aux_saveurs_marines_014-150x150.jpg\" alt=\"\" width=\"118\" height=\"160\" srcset=\"http:\/\/recettes-gourmandes-de-joce.fr\/wp-content\/uploads\/2019\/12\/verrines_aux_saveurs_marines_014-220x300.jpg 220w, http:\/\/recettes-gourmandes-de-joce.fr\/wp-content\/uploads\/2019\/12\/verrines_aux_saveurs_marines_014.jpg 470w\" sizes=\"auto, (max-width: 118px) 100vw, 118px\" \/> <img loading=\"lazy\" decoding=\"async\" class=\"alignnone wp-image-12142\" src=\"http:\/\/recettes-gourmandes-de-joce.fr\/wp-content\/uploads\/2019\/12\/verrines_aux_saveurs_marines_015-150x150.jpg\" alt=\"\" width=\"113\" height=\"160\" srcset=\"http:\/\/recettes-gourmandes-de-joce.fr\/wp-content\/uploads\/2019\/12\/verrines_aux_saveurs_marines_015-212x300.jpg 212w, http:\/\/recettes-gourmandes-de-joce.fr\/wp-content\/uploads\/2019\/12\/verrines_aux_saveurs_marines_015.jpg 453w\" sizes=\"auto, (max-width: 113px) 100vw, 113px\" \/> <img loading=\"lazy\" decoding=\"async\" class=\"alignnone wp-image-12143\" src=\"http:\/\/recettes-gourmandes-de-joce.fr\/wp-content\/uploads\/2019\/12\/verrines_aux_saveurs_marines_016-150x150.jpg\" alt=\"\" width=\"121\" height=\"160\" srcset=\"http:\/\/recettes-gourmandes-de-joce.fr\/wp-content\/uploads\/2019\/12\/verrines_aux_saveurs_marines_016-226x300.jpg 226w, http:\/\/recettes-gourmandes-de-joce.fr\/wp-content\/uploads\/2019\/12\/verrines_aux_saveurs_marines_016.jpg 482w\" sizes=\"auto, (max-width: 121px) 100vw, 121px\" \/><\/span><\/p>\n<p style=\"text-align: center;\"><span style=\"font-family: georgia, serif; font-size: 14pt;\"><span style=\"color: #3366ff;\"><em><span style=\"color: #3366ff;\"><em>R\u00e9partir le reste du saumon fum\u00e9, ajouter un peu de pesto, <\/em><em>de la salade.<\/em><\/span><\/em><\/span><\/span><\/p>\n<p style=\"text-align: center;\"><span style=\"font-size: 14pt;\"><img loading=\"lazy\" decoding=\"async\" class=\"alignnone wp-image-12144\" src=\"http:\/\/recettes-gourmandes-de-joce.fr\/wp-content\/uploads\/2019\/12\/verrines_aux_saveurs_marines_017-150x150.jpg\" alt=\"\" width=\"110\" height=\"160\" srcset=\"http:\/\/recettes-gourmandes-de-joce.fr\/wp-content\/uploads\/2019\/12\/verrines_aux_saveurs_marines_017-207x300.jpg 207w, http:\/\/recettes-gourmandes-de-joce.fr\/wp-content\/uploads\/2019\/12\/verrines_aux_saveurs_marines_017.jpg 441w\" sizes=\"auto, (max-width: 110px) 100vw, 110px\" \/> <img loading=\"lazy\" decoding=\"async\" class=\"alignnone wp-image-12145\" src=\"http:\/\/recettes-gourmandes-de-joce.fr\/wp-content\/uploads\/2019\/12\/verrines_aux_saveurs_marines_018-150x150.jpg\" alt=\"\" width=\"124\" height=\"160\" srcset=\"http:\/\/recettes-gourmandes-de-joce.fr\/wp-content\/uploads\/2019\/12\/verrines_aux_saveurs_marines_018-232x300.jpg 232w, http:\/\/recettes-gourmandes-de-joce.fr\/wp-content\/uploads\/2019\/12\/verrines_aux_saveurs_marines_018.jpg 495w\" sizes=\"auto, (max-width: 124px) 100vw, 124px\" \/> <img loading=\"lazy\" decoding=\"async\" class=\"alignnone wp-image-12146\" src=\"http:\/\/recettes-gourmandes-de-joce.fr\/wp-content\/uploads\/2019\/12\/verrines_aux_saveurs_marines_019-150x150.jpg\" alt=\"\" width=\"132\" height=\"160\" srcset=\"http:\/\/recettes-gourmandes-de-joce.fr\/wp-content\/uploads\/2019\/12\/verrines_aux_saveurs_marines_019-248x300.jpg 248w, http:\/\/recettes-gourmandes-de-joce.fr\/wp-content\/uploads\/2019\/12\/verrines_aux_saveurs_marines_019.jpg 528w\" sizes=\"auto, (max-width: 132px) 100vw, 132px\" \/><\/span><\/p>\n<p style=\"text-align: center;\"><span style=\"font-family: georgia, serif; font-size: 14pt;\"><span style=\"color: #3366ff;\"><em>Ajouter ensuite les restes du <em>surimi, un peu de mayonnaise. <\/em><em>Ajouter le reste des d\u00e9s de concombre.<\/em><\/em><\/span><\/span><\/p>\n<p style=\"text-align: center;\"><span style=\"font-size: 14pt;\"><img loading=\"lazy\" decoding=\"async\" class=\"alignnone wp-image-12147\" src=\"http:\/\/recettes-gourmandes-de-joce.fr\/wp-content\/uploads\/2019\/12\/verrines_aux_saveurs_marines_020-150x150.jpg\" alt=\"\" width=\"112\" height=\"160\" srcset=\"http:\/\/recettes-gourmandes-de-joce.fr\/wp-content\/uploads\/2019\/12\/verrines_aux_saveurs_marines_020-210x300.jpg 210w, http:\/\/recettes-gourmandes-de-joce.fr\/wp-content\/uploads\/2019\/12\/verrines_aux_saveurs_marines_020.jpg 447w\" sizes=\"auto, (max-width: 112px) 100vw, 112px\" \/><\/span><\/p>\n<p style=\"text-align: center;\"><span style=\"font-family: georgia, serif; font-size: 14pt;\"><span style=\"color: #3366ff;\"><em><em> Ajouter les crevettes <\/em><em>et un peu de ciboulette, d\u00e9corer avec une feuille de persil. <\/em><em>Entreposer au frais.<\/em><\/em><\/span><\/span><\/p>\n<p style=\"text-align: center;\"><span style=\"font-family: georgia, serif; font-size: 14pt;\"><span style=\"color: #3366ff;\"><em>Vous pouvez les pr\u00e9parer le matin pour le soir ou la veille <\/em><em>au soir pour lendemain midi.<\/em><\/span><\/span><\/p>\n<p style=\"text-align: center;\"><span style=\"font-family: georgia, serif; font-size: 14pt;\"><span style=\"color: #3366ff;\"><em>Bon ap\u00e9ritif!<\/em><\/span><\/span><\/p>\n<h2 style=\"text-align: center;\"><em style=\"color: #3366ff; font-size: 14pt; font-family: inherit;\"><img loading=\"lazy\" decoding=\"async\" class=\"alignnone wp-image-12106\" src=\"http:\/\/recettes-gourmandes-de-joce.fr\/wp-content\/uploads\/2019\/12\/verrines_aux_saveurs_marines_02144-150x150.jpg\" alt=\"\" width=\"146\" height=\"200\" srcset=\"http:\/\/recettes-gourmandes-de-joce.fr\/wp-content\/uploads\/2019\/12\/verrines_aux_saveurs_marines_02144-218x300.jpg 218w, http:\/\/recettes-gourmandes-de-joce.fr\/wp-content\/uploads\/2019\/12\/verrines_aux_saveurs_marines_02144.jpg 466w\" sizes=\"auto, (max-width: 146px) 100vw, 146px\" \/> <img loading=\"lazy\" decoding=\"async\" class=\"alignnone wp-image-12148\" src=\"http:\/\/recettes-gourmandes-de-joce.fr\/wp-content\/uploads\/2019\/12\/verrines_aux_saveurs_marines_0044-150x150.jpg\" alt=\"\" width=\"194\" height=\"200\" srcset=\"http:\/\/recettes-gourmandes-de-joce.fr\/wp-content\/uploads\/2019\/12\/verrines_aux_saveurs_marines_0044-291x300.jpg 291w, http:\/\/recettes-gourmandes-de-joce.fr\/wp-content\/uploads\/2019\/12\/verrines_aux_saveurs_marines_0044.jpg 621w\" sizes=\"auto, (max-width: 194px) 100vw, 194px\" \/> <img loading=\"lazy\" decoding=\"async\" class=\"alignnone wp-image-12140\" src=\"http:\/\/recettes-gourmandes-de-joce.fr\/wp-content\/uploads\/2019\/12\/verrines_aux_saveurs_marines_013-150x150.jpg\" alt=\"\" width=\"153\" height=\"200\" srcset=\"http:\/\/recettes-gourmandes-de-joce.fr\/wp-content\/uploads\/2019\/12\/verrines_aux_saveurs_marines_013-230x300.jpg 230w, http:\/\/recettes-gourmandes-de-joce.fr\/wp-content\/uploads\/2019\/12\/verrines_aux_saveurs_marines_013.jpg 490w\" sizes=\"auto, (max-width: 153px) 100vw, 153px\" \/><\/em><\/h2>\n<p style=\"text-align: center;\"><img loading=\"lazy\" decoding=\"async\" class=\"alignnone size-full wp-image-59803\" src=\"http:\/\/recettes-gourmandes-de-joce.fr\/wp-content\/uploads\/2024\/01\/logitech-gaming-software-14112014-121223.jpg\" alt=\"\" width=\"640\" height=\"144\" \/><\/p>\n","protected":false},"excerpt":{"rendered":"<p>Mes recettes Ingr\u00e9dients pour 18 verrines 1 concombre 1 c\u0153ur de batavia 200 g de saumon fum\u00e9 1 boite de 200 g de crevettes roses 1 petite boite de ma\u00efs 6 b\u00e2tonnets de surimi Quelques brins de ciboulette 3 c \u00e0 s de pesto maison 6 feuilles de basilic 6 feuilles de persil plat 3 &hellip; <\/p>\n<p><a class=\"more-link btn\" href=\"http:\/\/recettes-gourmandes-de-joce.fr\/index.php\/index\/aperitifs-amuses-bouches\/verrines-froides\/verrines-aux-saveurs-de-la-mer\/\">Lire la suite<\/a><\/p>\n","protected":false},"author":2,"featured_media":83018,"parent":197,"menu_order":0,"comment_status":"open","ping_status":"closed","template":"","meta":{"footnotes":""},"class_list":["post-12105","page","type-page","status-publish","has-post-thumbnail","hentry","nodate","item-wrap"],"_links":{"self":[{"href":"http:\/\/recettes-gourmandes-de-joce.fr\/index.php\/wp-json\/wp\/v2\/pages\/12105","targetHints":{"allow":["GET"]}}],"collection":[{"href":"http:\/\/recettes-gourmandes-de-joce.fr\/index.php\/wp-json\/wp\/v2\/pages"}],"about":[{"href":"http:\/\/recettes-gourmandes-de-joce.fr\/index.php\/wp-json\/wp\/v2\/types\/page"}],"author":[{"embeddable":true,"href":"http:\/\/recettes-gourmandes-de-joce.fr\/index.php\/wp-json\/wp\/v2\/users\/2"}],"replies":[{"embeddable":true,"href":"http:\/\/recettes-gourmandes-de-joce.fr\/index.php\/wp-json\/wp\/v2\/comments?post=12105"}],"version-history":[{"count":5,"href":"http:\/\/recettes-gourmandes-de-joce.fr\/index.php\/wp-json\/wp\/v2\/pages\/12105\/revisions"}],"predecessor-version":[{"id":83019,"href":"http:\/\/recettes-gourmandes-de-joce.fr\/index.php\/wp-json\/wp\/v2\/pages\/12105\/revisions\/83019"}],"up":[{"embeddable":true,"href":"http:\/\/recettes-gourmandes-de-joce.fr\/index.php\/wp-json\/wp\/v2\/pages\/197"}],"wp:featuredmedia":[{"embeddable":true,"href":"http:\/\/recettes-gourmandes-de-joce.fr\/index.php\/wp-json\/wp\/v2\/media\/83018"}],"wp:attachment":[{"href":"http:\/\/recettes-gourmandes-de-joce.fr\/index.php\/wp-json\/wp\/v2\/media?parent=12105"}],"curies":[{"name":"wp","href":"https:\/\/api.w.org\/{rel}","templated":true}]}}