{"id":1200,"date":"2019-09-24T22:46:33","date_gmt":"2019-09-24T22:46:33","guid":{"rendered":"http:\/\/recettes-gourmandes-de-joce.fr\/?page_id=1200"},"modified":"2024-05-15T22:46:01","modified_gmt":"2024-05-15T22:46:01","slug":"verrines-aperitives-au-tzatziki-et-crevettes","status":"publish","type":"page","link":"http:\/\/recettes-gourmandes-de-joce.fr\/index.php\/index\/aperitifs-amuses-bouches\/verrines-froides\/verrines-aperitives-au-tzatziki-et-crevettes\/","title":{"rendered":"Verrines ap\u00e9ritives au tzatziki et crevettes."},"content":{"rendered":"<p style=\"text-align: center;\"><span style=\"color: #ff9966;\"><span style=\"font-size: 24px;\"><span style=\"font-family: georgia,serif;\"><u><em>Une de mes recettes<\/em><\/u><\/span><\/span><\/span><\/p>\n<p style=\"text-align: center;\"><img loading=\"lazy\" decoding=\"async\" class=\"alignnone wp-image-82165\" src=\"http:\/\/recettes-gourmandes-de-joce.fr\/wp-content\/uploads\/2024\/05\/verrines-crevettes-com2.jpg\" alt=\"\" width=\"270\" height=\"180\" srcset=\"http:\/\/recettes-gourmandes-de-joce.fr\/wp-content\/uploads\/2024\/05\/verrines-crevettes-com2.jpg 800w, http:\/\/recettes-gourmandes-de-joce.fr\/wp-content\/uploads\/2024\/05\/verrines-crevettes-com2-768x513.jpg 768w, http:\/\/recettes-gourmandes-de-joce.fr\/wp-content\/uploads\/2024\/05\/verrines-crevettes-com2-750x501.jpg 750w\" sizes=\"auto, (max-width: 270px) 100vw, 270px\" \/>\u00a0<img loading=\"lazy\" decoding=\"async\" class=\"alignnone wp-image-82167\" src=\"http:\/\/recettes-gourmandes-de-joce.fr\/wp-content\/uploads\/2024\/05\/verrines-crevettes-com3a.jpg\" alt=\"\" width=\"256\" height=\"180\" srcset=\"http:\/\/recettes-gourmandes-de-joce.fr\/wp-content\/uploads\/2024\/05\/verrines-crevettes-com3a.jpg 800w, http:\/\/recettes-gourmandes-de-joce.fr\/wp-content\/uploads\/2024\/05\/verrines-crevettes-com3a-768x540.jpg 768w, http:\/\/recettes-gourmandes-de-joce.fr\/wp-content\/uploads\/2024\/05\/verrines-crevettes-com3a-750x527.jpg 750w\" sizes=\"auto, (max-width: 256px) 100vw, 256px\" \/><img loading=\"lazy\" decoding=\"async\" class=\"alignnone wp-image-82164\" src=\"http:\/\/recettes-gourmandes-de-joce.fr\/wp-content\/uploads\/2024\/05\/verrines-crevettes-com1.jpg\" alt=\"\" width=\"250\" height=\"180\" srcset=\"http:\/\/recettes-gourmandes-de-joce.fr\/wp-content\/uploads\/2024\/05\/verrines-crevettes-com1.jpg 800w, http:\/\/recettes-gourmandes-de-joce.fr\/wp-content\/uploads\/2024\/05\/verrines-crevettes-com1-768x552.jpg 768w, http:\/\/recettes-gourmandes-de-joce.fr\/wp-content\/uploads\/2024\/05\/verrines-crevettes-com1-750x539.jpg 750w\" sizes=\"auto, (max-width: 250px) 100vw, 250px\" \/><\/p>\n<p style=\"text-align: center;\"><span style=\"color: #ff9966;\"><span style=\"font-size: 24px;\"><span style=\"font-family: georgia,serif;\"><u><em>Ingr\u00e9dients pour 6 verrines<\/em><\/u><\/span><\/span><\/span><\/p>\n<p style=\"text-align: center;\"><img loading=\"lazy\" decoding=\"async\" class=\"alignnone wp-image-82168\" src=\"http:\/\/recettes-gourmandes-de-joce.fr\/wp-content\/uploads\/2024\/05\/verrines-crevettes-com4.jpg\" alt=\"\" width=\"293\" height=\"200\" srcset=\"http:\/\/recettes-gourmandes-de-joce.fr\/wp-content\/uploads\/2024\/05\/verrines-crevettes-com4.jpg 800w, http:\/\/recettes-gourmandes-de-joce.fr\/wp-content\/uploads\/2024\/05\/verrines-crevettes-com4-768x524.jpg 768w, http:\/\/recettes-gourmandes-de-joce.fr\/wp-content\/uploads\/2024\/05\/verrines-crevettes-com4-750x512.jpg 750w\" sizes=\"auto, (max-width: 293px) 100vw, 293px\" \/> <img loading=\"lazy\" decoding=\"async\" class=\"alignnone wp-image-82169\" src=\"http:\/\/recettes-gourmandes-de-joce.fr\/wp-content\/uploads\/2024\/05\/verrines-crevettes-com4a.jpg\" alt=\"\" width=\"300\" height=\"200\" srcset=\"http:\/\/recettes-gourmandes-de-joce.fr\/wp-content\/uploads\/2024\/05\/verrines-crevettes-com4a.jpg 800w, http:\/\/recettes-gourmandes-de-joce.fr\/wp-content\/uploads\/2024\/05\/verrines-crevettes-com4a-768x513.jpg 768w, http:\/\/recettes-gourmandes-de-joce.fr\/wp-content\/uploads\/2024\/05\/verrines-crevettes-com4a-750x501.jpg 750w\" sizes=\"auto, (max-width: 300px) 100vw, 300px\" \/><\/p>\n<p style=\"text-align: center;\"><span style=\"font-size: 14pt;\"><em><span style=\"font-family: georgia,serif;\"><span style=\"color: #ff9966;\">1 concombre<\/span><\/span><\/em><\/span><\/p>\n<p style=\"text-align: center;\"><span style=\"font-size: 14pt;\"><em><span style=\"font-family: georgia,serif;\"><span style=\"color: #ff9966;\">2 yaourts grecques<\/span><\/span><\/em><\/span><\/p>\n<p style=\"text-align: center;\"><span style=\"font-size: 14pt;\"><em><span style=\"font-family: georgia,serif;\"><span style=\"color: #ff9966;\">2 c \u00e0 s d&rsquo;huile d&rsquo;olive<\/span><\/span><\/em><\/span><\/p>\n<p style=\"text-align: center;\"><span style=\"font-size: 14pt;\"><em><span style=\"font-family: georgia,serif;\"><span style=\"color: #ff9966;\">Quelques feuilles de menthe<\/span><\/span><\/em><\/span><\/p>\n<p style=\"text-align: center;\"><span style=\"font-size: 14pt;\"><em><span style=\"font-family: georgia,serif;\"><span style=\"color: #ff9966;\">1 petit bouquet de persil plat<\/span><\/span><\/em><\/span><\/p>\n<p style=\"text-align: center;\"><span style=\"font-size: 14pt;\"><em><span style=\"font-family: georgia,serif;\"><span style=\"color: #ff9966;\">3 gousses d&rsquo;ail<\/span><\/span><\/em><\/span><\/p>\n<p style=\"text-align: center;\"><span style=\"font-size: 14pt;\"><em><span style=\"font-family: georgia,serif;\"><span style=\"color: #ff9966;\">Sel et poivre<\/span><\/span><\/em><\/span><\/p>\n<p style=\"text-align: center;\"><span style=\"font-size: 14pt;\"><em><span style=\"font-family: georgia,serif;\"><span style=\"color: #ff9966;\">16 crevettes roses<\/span><\/span><\/em><\/span><\/p>\n<p style=\"text-align: center;\"><span style=\"font-size: 14pt;\"><em><span style=\"font-family: georgia,serif;\"><span style=\"color: #ff9966;\">6 fleurs de bourrache<\/span><\/span><\/em><\/span><\/p>\n<p style=\"text-align: center;\"><span style=\"font-size: 14pt;\"><em><span style=\"font-family: georgia,serif;\"><span style=\"color: #ff9966;\">Recette du tzatziki sur ce lien -&gt; <\/span><a href=\"http:\/\/recettes-gourmandes-de-joce.fr\/index.php\/index\/recettes-regionales-mondiales\/recettes-du-monde-salees\/tzatziki-origine-grece\/\"><span style=\"color: #669900;\">Tzatziki<\/span><span style=\"color: #ff9966;\"> <img loading=\"lazy\" decoding=\"async\" class=\"alignnone size-thumbnail wp-image-6942\" src=\"http:\/\/recettes-gourmandes-de-joce.fr\/wp-content\/uploads\/2019\/10\/tzatziski3-150x150.jpg\" alt=\"\" width=\"150\" height=\"150\" \/><\/span><\/a><\/span><\/em><\/span><\/p>\n<p style=\"text-align: center;\"><img loading=\"lazy\" decoding=\"async\" class=\"alignnone wp-image-82170\" src=\"http:\/\/recettes-gourmandes-de-joce.fr\/wp-content\/uploads\/2024\/05\/verrines-crevettes-com5.jpg\" alt=\"\" width=\"247\" height=\"165\" srcset=\"http:\/\/recettes-gourmandes-de-joce.fr\/wp-content\/uploads\/2024\/05\/verrines-crevettes-com5.jpg 800w, http:\/\/recettes-gourmandes-de-joce.fr\/wp-content\/uploads\/2024\/05\/verrines-crevettes-com5-768x513.jpg 768w, http:\/\/recettes-gourmandes-de-joce.fr\/wp-content\/uploads\/2024\/05\/verrines-crevettes-com5-750x501.jpg 750w\" sizes=\"auto, (max-width: 247px) 100vw, 247px\" \/> <img loading=\"lazy\" decoding=\"async\" class=\"alignnone wp-image-82171\" src=\"http:\/\/recettes-gourmandes-de-joce.fr\/wp-content\/uploads\/2024\/05\/verrines-crevettes-com6.jpg\" alt=\"\" width=\"247\" height=\"165\" srcset=\"http:\/\/recettes-gourmandes-de-joce.fr\/wp-content\/uploads\/2024\/05\/verrines-crevettes-com6.jpg 800w, http:\/\/recettes-gourmandes-de-joce.fr\/wp-content\/uploads\/2024\/05\/verrines-crevettes-com6-768x513.jpg 768w, http:\/\/recettes-gourmandes-de-joce.fr\/wp-content\/uploads\/2024\/05\/verrines-crevettes-com6-750x501.jpg 750w\" sizes=\"auto, (max-width: 247px) 100vw, 247px\" \/> <img loading=\"lazy\" decoding=\"async\" class=\"alignnone wp-image-82172\" src=\"http:\/\/recettes-gourmandes-de-joce.fr\/wp-content\/uploads\/2024\/05\/verrines-crevettes-com7.jpg\" alt=\"\" width=\"247\" height=\"165\" srcset=\"http:\/\/recettes-gourmandes-de-joce.fr\/wp-content\/uploads\/2024\/05\/verrines-crevettes-com7.jpg 800w, http:\/\/recettes-gourmandes-de-joce.fr\/wp-content\/uploads\/2024\/05\/verrines-crevettes-com7-768x513.jpg 768w, http:\/\/recettes-gourmandes-de-joce.fr\/wp-content\/uploads\/2024\/05\/verrines-crevettes-com7-750x501.jpg 750w\" sizes=\"auto, (max-width: 247px) 100vw, 247px\" \/><\/p>\n<p style=\"text-align: center;\"><span style=\"font-size: 14pt;\"><em><span style=\"font-family: georgia,serif;\"><span style=\"color: #ff9966;\">R\u00e9aliser votre tzatziki, d\u00e9cortiquer les crevettes (gardez en 6 enti\u00e8re) et coupez les autres en morceaux, les ajouter au tzatziki et m\u00e9langer, rectifier \u00e9ventuellement l&rsquo;assaisonnement, r\u00e9partir dans les verrines, d\u00e9corer d&rsquo;une fleur de bourrache, d&rsquo;une crevette et d&rsquo;une feuille de menthe, servir frais.<\/span><\/span><\/em><\/span><\/p>\n<p style=\"text-align: center;\"><span style=\"color: #ff9966; font-size: 14pt;\"><span style=\"font-family: georgia,serif;\"><em>Bon app\u00e9tit!<\/em><\/span><\/span><\/p>\n<p style=\"text-align: center;\"><img loading=\"lazy\" decoding=\"async\" class=\"alignnone wp-image-82165\" src=\"http:\/\/recettes-gourmandes-de-joce.fr\/wp-content\/uploads\/2024\/05\/verrines-crevettes-com2.jpg\" alt=\"\" width=\"270\" height=\"180\" srcset=\"http:\/\/recettes-gourmandes-de-joce.fr\/wp-content\/uploads\/2024\/05\/verrines-crevettes-com2.jpg 800w, http:\/\/recettes-gourmandes-de-joce.fr\/wp-content\/uploads\/2024\/05\/verrines-crevettes-com2-768x513.jpg 768w, http:\/\/recettes-gourmandes-de-joce.fr\/wp-content\/uploads\/2024\/05\/verrines-crevettes-com2-750x501.jpg 750w\" sizes=\"auto, (max-width: 270px) 100vw, 270px\" \/><\/p>\n<p style=\"text-align: center;\"><img loading=\"lazy\" decoding=\"async\" class=\"alignnone wp-image-82164\" src=\"http:\/\/recettes-gourmandes-de-joce.fr\/wp-content\/uploads\/2024\/05\/verrines-crevettes-com1.jpg\" alt=\"\" width=\"250\" height=\"180\" srcset=\"http:\/\/recettes-gourmandes-de-joce.fr\/wp-content\/uploads\/2024\/05\/verrines-crevettes-com1.jpg 800w, http:\/\/recettes-gourmandes-de-joce.fr\/wp-content\/uploads\/2024\/05\/verrines-crevettes-com1-768x552.jpg 768w, http:\/\/recettes-gourmandes-de-joce.fr\/wp-content\/uploads\/2024\/05\/verrines-crevettes-com1-750x539.jpg 750w\" sizes=\"auto, (max-width: 250px) 100vw, 250px\" \/>\u00a0<img loading=\"lazy\" decoding=\"async\" class=\"alignnone wp-image-82166\" src=\"http:\/\/recettes-gourmandes-de-joce.fr\/wp-content\/uploads\/2024\/05\/verrines-crevettes-com3.jpg\" alt=\"\" width=\"270\" height=\"180\" srcset=\"http:\/\/recettes-gourmandes-de-joce.fr\/wp-content\/uploads\/2024\/05\/verrines-crevettes-com3.jpg 800w, http:\/\/recettes-gourmandes-de-joce.fr\/wp-content\/uploads\/2024\/05\/verrines-crevettes-com3-768x513.jpg 768w, http:\/\/recettes-gourmandes-de-joce.fr\/wp-content\/uploads\/2024\/05\/verrines-crevettes-com3-750x501.jpg 750w\" sizes=\"auto, (max-width: 270px) 100vw, 270px\" \/><\/p>\n<p style=\"text-align: center;\"><img loading=\"lazy\" decoding=\"async\" class=\"alignnone size-full wp-image-59803\" src=\"http:\/\/recettes-gourmandes-de-joce.fr\/wp-content\/uploads\/2024\/01\/logitech-gaming-software-14112014-121223.jpg\" alt=\"\" width=\"640\" height=\"144\" \/><\/p>\n<p style=\"text-align: center;\">\n","protected":false},"excerpt":{"rendered":"<p>Une de mes recettes \u00a0 Ingr\u00e9dients pour 6 verrines 1 concombre 2 yaourts grecques 2 c \u00e0 s d&rsquo;huile d&rsquo;olive Quelques feuilles de menthe 1 petit bouquet de persil plat 3 gousses d&rsquo;ail Sel et poivre 16 crevettes roses 6 fleurs de bourrache Recette du tzatziki sur ce lien -&gt; Tzatziki R\u00e9aliser votre tzatziki, d\u00e9cortiquer &hellip; <\/p>\n<p><a class=\"more-link btn\" href=\"http:\/\/recettes-gourmandes-de-joce.fr\/index.php\/index\/aperitifs-amuses-bouches\/verrines-froides\/verrines-aperitives-au-tzatziki-et-crevettes\/\">Lire la suite<\/a><\/p>\n","protected":false},"author":2,"featured_media":82165,"parent":197,"menu_order":0,"comment_status":"open","ping_status":"closed","template":"","meta":{"footnotes":""},"class_list":["post-1200","page","type-page","status-publish","has-post-thumbnail","hentry","nodate","item-wrap"],"_links":{"self":[{"href":"http:\/\/recettes-gourmandes-de-joce.fr\/index.php\/wp-json\/wp\/v2\/pages\/1200","targetHints":{"allow":["GET"]}}],"collection":[{"href":"http:\/\/recettes-gourmandes-de-joce.fr\/index.php\/wp-json\/wp\/v2\/pages"}],"about":[{"href":"http:\/\/recettes-gourmandes-de-joce.fr\/index.php\/wp-json\/wp\/v2\/types\/page"}],"author":[{"embeddable":true,"href":"http:\/\/recettes-gourmandes-de-joce.fr\/index.php\/wp-json\/wp\/v2\/users\/2"}],"replies":[{"embeddable":true,"href":"http:\/\/recettes-gourmandes-de-joce.fr\/index.php\/wp-json\/wp\/v2\/comments?post=1200"}],"version-history":[{"count":6,"href":"http:\/\/recettes-gourmandes-de-joce.fr\/index.php\/wp-json\/wp\/v2\/pages\/1200\/revisions"}],"predecessor-version":[{"id":82307,"href":"http:\/\/recettes-gourmandes-de-joce.fr\/index.php\/wp-json\/wp\/v2\/pages\/1200\/revisions\/82307"}],"up":[{"embeddable":true,"href":"http:\/\/recettes-gourmandes-de-joce.fr\/index.php\/wp-json\/wp\/v2\/pages\/197"}],"wp:featuredmedia":[{"embeddable":true,"href":"http:\/\/recettes-gourmandes-de-joce.fr\/index.php\/wp-json\/wp\/v2\/media\/82165"}],"wp:attachment":[{"href":"http:\/\/recettes-gourmandes-de-joce.fr\/index.php\/wp-json\/wp\/v2\/media?parent=1200"}],"curies":[{"name":"wp","href":"https:\/\/api.w.org\/{rel}","templated":true}]}}