{"id":1188,"date":"2019-09-24T22:32:55","date_gmt":"2019-09-24T22:32:55","guid":{"rendered":"http:\/\/recettes-gourmandes-de-joce.fr\/?page_id=1188"},"modified":"2024-05-03T23:09:47","modified_gmt":"2024-05-03T23:09:47","slug":"roti-de-boeuf-au-four-sauce-aux-poivres-et-echalotes","status":"publish","type":"page","link":"http:\/\/recettes-gourmandes-de-joce.fr\/index.php\/index\/viandes\/boeuf\/roti-de-boeuf-au-four-sauce-aux-poivres-et-echalotes\/","title":{"rendered":"R\u00f4ti de b\u0153uf au four (sauce aux poivres et \u00e9chalotes)."},"content":{"rendered":"<p style=\"text-align: center;\"><span style=\"color: #cc3333;\"><span style=\"font-size: 24px;\"><span style=\"font-family: georgia,serif;\"><u><em>Une de mes recettes<\/em><\/u><\/span><\/span><\/span><\/p>\n<p style=\"text-align: center;\"><img loading=\"lazy\" decoding=\"async\" class=\"alignnone wp-image-76252\" src=\"http:\/\/recettes-gourmandes-de-joce.fr\/wp-content\/uploads\/2024\/05\/roti-boeuf1.jpg\" alt=\"\" width=\"240\" height=\"180\" \/> <img loading=\"lazy\" decoding=\"async\" class=\"alignnone wp-image-76253\" src=\"http:\/\/recettes-gourmandes-de-joce.fr\/wp-content\/uploads\/2024\/05\/roti-boeuf2.jpg\" alt=\"\" width=\"240\" height=\"180\" \/> <img loading=\"lazy\" decoding=\"async\" class=\"alignnone wp-image-76254\" src=\"http:\/\/recettes-gourmandes-de-joce.fr\/wp-content\/uploads\/2024\/05\/roti-boeuf3.jpg\" alt=\"\" width=\"240\" height=\"180\" \/><\/p>\n<p style=\"text-align: center;\"><span style=\"color: #cc3333;\"><span style=\"font-size: 24px;\"><span style=\"font-family: georgia,serif;\"><u><em>Ingr\u00e9dients pour 5 personnes<\/em><\/u><\/span><\/span><\/span><\/p>\n<p style=\"text-align: center;\"><img loading=\"lazy\" decoding=\"async\" class=\"alignnone wp-image-76255\" src=\"http:\/\/recettes-gourmandes-de-joce.fr\/wp-content\/uploads\/2024\/05\/roti-boeuf4.jpg\" alt=\"\" width=\"316\" height=\"200\" \/><\/p>\n<p style=\"text-align: center;\"><span style=\"font-size: 14pt;\"><em><span style=\"color: #cc3333;\"><span style=\"font-family: georgia,serif;\">1 r\u00f4ti de b\u0153uf d&rsquo;un kilo environ <\/span><\/span><\/em><\/span><\/p>\n<p style=\"text-align: center;\"><span style=\"font-size: 14pt;\"><em><span style=\"color: #cc3333;\"><span style=\"font-family: georgia,serif;\">5 gousses d&rsquo;ail <\/span><\/span><\/em><\/span><\/p>\n<p style=\"text-align: center;\"><span style=\"font-size: 14pt;\"><em><span style=\"color: #cc3333;\"><span style=\"font-family: georgia,serif;\">Quelques noisettes de beurre <\/span><\/span><\/em><\/span><\/p>\n<p style=\"text-align: center;\"><span style=\"font-size: 14pt;\"><em><span style=\"color: #cc3333;\"><span style=\"font-family: georgia,serif;\">1 c \u00e0 s d&rsquo;herbes aromatiques de votre choix (sauge et sarriette)<\/span><\/span><\/em><\/span><\/p>\n<p style=\"text-align: center;\"><span style=\"font-size: 14pt;\"><em><span style=\"color: #cc3333;\"><span style=\"font-family: georgia,serif;\">Sel et poivre<\/span><\/span><\/em><\/span><\/p>\n<p style=\"text-align: center;\"><span style=\"font-size: 14pt;\"><span style=\"color: #cc3333;\"><em><span style=\"font-family: georgia,serif;\">R<\/span><\/em><span style=\"font-family: georgia,serif;\"><em>ecette du m\u00e9lange d&rsquo;herbes aromatiques maison sur ce lien -&gt; <\/em><\/span><\/span><a href=\"http:\/\/recettes-gourmandes-de-joce.fr\/index.php\/index\/divers-vins-epices-herbes-deco-de-table-temps-de-cuisson-etc\/plantes-aromatiques\/melange-dherbes-aromatiques-maison-pour-plats-mijotes\/\"><span style=\"color: #800080;\"><span style=\"font-family: georgia,serif;\"><em>Sauge et sarriette<\/em><\/span><span style=\"font-family: georgia,serif;\"> <img loading=\"lazy\" decoding=\"async\" class=\"alignnone wp-image-3092\" src=\"http:\/\/recettes-gourmandes-de-joce.fr\/wp-content\/uploads\/2019\/10\/herbes-aromatiques1-247x300.jpg\" alt=\"\" width=\"148\" height=\"180\" srcset=\"http:\/\/recettes-gourmandes-de-joce.fr\/wp-content\/uploads\/2019\/10\/herbes-aromatiques1-247x300.jpg 247w, http:\/\/recettes-gourmandes-de-joce.fr\/wp-content\/uploads\/2019\/10\/herbes-aromatiques1.jpg 526w\" sizes=\"auto, (max-width: 148px) 100vw, 148px\" \/><\/span><\/span><\/a><\/span><\/p>\n<p style=\"text-align: center;\"><span style=\"color: #cc3333; font-size: 14pt;\"><u><span style=\"font-family: georgia,serif;\"><em>Ingr\u00e9dients pour la sauce\u00a0<\/em><\/span><\/u><\/span><\/p>\n<p style=\"text-align: center;\"><span style=\"color: #cc3333; font-size: 14pt;\"><span style=\"font-family: georgia,serif;\"><em>2 \u00e9chalotes<\/em><\/span><\/span><\/p>\n<p style=\"text-align: center;\"><span style=\"color: #cc3333; font-size: 14pt;\"><span style=\"font-family: georgia,serif;\"><em>2 c \u00e0 s de 5 baies<\/em><\/span><\/span><\/p>\n<p style=\"text-align: center;\"><span style=\"color: #cc3333; font-size: 14pt;\"><span style=\"font-family: georgia,serif;\"><em>1 c \u00e0 s de poivre vert en grains<\/em><\/span><\/span><\/p>\n<p style=\"text-align: center;\"><span style=\"color: #cc3333; font-size: 14pt;\"><span style=\"font-family: georgia,serif;\"><em>1 bonne c \u00e0 s de fond de veau d\u00e9shydrat\u00e9<\/em><\/span><\/span><\/p>\n<p style=\"text-align: center;\"><span style=\"color: #cc3333; font-size: 14pt;\"><span style=\"font-family: georgia,serif;\"><em>75 g de beurre<\/em><\/span><\/span><\/p>\n<p style=\"text-align: center;\"><span style=\"color: #cc3333; font-size: 14pt;\"><span style=\"font-family: georgia,serif;\"><em>100 ml de vin blanc<\/em><\/span><\/span><\/p>\n<p style=\"text-align: center;\"><span style=\"color: #cc3333; font-size: 14pt;\"><span style=\"font-family: georgia,serif;\"><em>Sel<\/em><\/span><\/span><\/p>\n<p style=\"text-align: center;\"><span style=\"font-size: 14pt;\"><span style=\"color: #cc3333;\"><span style=\"font-family: georgia,serif;\"><em>Sauce aux poivres et \u00e9chalotes\u00a0sur ce lien -&gt; <\/em><\/span><\/span><a href=\"http:\/\/recettes-gourmandes-de-joce.fr\/index.php\/index\/sauces-assaisonnements\/sauces-chaudes\/sauce-aux-poivres-5-baies-et-poivre-vert-et-a-lechalote\/\"><span style=\"color: #800080;\"><span style=\"font-family: georgia,serif;\"><em>Sauce aux poivres et \u00e0 l&rsquo;\u00e9chalote<\/em><\/span><span style=\"font-family: georgia,serif;\"> <img loading=\"lazy\" decoding=\"async\" class=\"alignnone wp-image-29947\" src=\"http:\/\/recettes-gourmandes-de-joce.fr\/wp-content\/uploads\/2021\/04\/20210406_132645-300x225.jpg\" alt=\"\" width=\"200\" height=\"150\" srcset=\"http:\/\/recettes-gourmandes-de-joce.fr\/wp-content\/uploads\/2021\/04\/20210406_132645-300x225.jpg 300w, http:\/\/recettes-gourmandes-de-joce.fr\/wp-content\/uploads\/2021\/04\/20210406_132645-768x576.jpg 768w, http:\/\/recettes-gourmandes-de-joce.fr\/wp-content\/uploads\/2021\/04\/20210406_132645-750x563.jpg 750w, http:\/\/recettes-gourmandes-de-joce.fr\/wp-content\/uploads\/2021\/04\/20210406_132645.jpg 800w\" sizes=\"auto, (max-width: 200px) 100vw, 200px\" \/><\/span><\/span><\/a><\/span><\/p>\n<p style=\"text-align: center;\"><span style=\"font-size: 14pt;\"><em><span style=\"font-family: georgia,serif;\"><span style=\"color: #cc3333;\"><u>Temps de cuisson en g\u00e9n\u00e9ral par 500 g de r\u00f4ti<\/u><\/span><\/span><\/em><\/span><\/p>\n<p style=\"text-align: center;\"><span style=\"color: #cc3333; font-size: 14pt;\"><span style=\"font-family: georgia,serif;\"><em><u>Four 220\u00b0(attention adapter \u00e0 votre four, chaque four chauffe diff\u00e9remment)<\/u><\/em><\/span><\/span><\/p>\n<p style=\"text-align: center;\"><span style=\"font-size: 14pt;\"><em><span style=\"font-family: georgia,serif;\"><span style=\"color: #cc3333;\">Saignant 13 minutes\u00a0<\/span><\/span><\/em><\/span><\/p>\n<p style=\"text-align: center;\"><span style=\"font-size: 14pt;\"><em><span style=\"font-family: georgia,serif;\"><span style=\"color: #cc3333;\">\u00c0 point 17 minutes\u00a0<\/span><\/span><\/em><\/span><\/p>\n<p style=\"text-align: center;\"><span style=\"font-size: 14pt;\"><em><span style=\"font-family: georgia,serif;\"><span style=\"color: #cc3333;\">Bien cuit 20 minutes\u00a0<\/span><\/span><\/em><\/span><\/p>\n<p style=\"text-align: center;\"><img loading=\"lazy\" decoding=\"async\" class=\"alignnone wp-image-76256\" src=\"http:\/\/recettes-gourmandes-de-joce.fr\/wp-content\/uploads\/2024\/05\/roti-boeuf5.jpg\" alt=\"\" width=\"242\" height=\"170\" \/> <img loading=\"lazy\" decoding=\"async\" class=\"alignnone wp-image-76257\" src=\"http:\/\/recettes-gourmandes-de-joce.fr\/wp-content\/uploads\/2024\/05\/roti-boeuf6.jpg\" alt=\"\" width=\"227\" height=\"170\" \/> <img loading=\"lazy\" decoding=\"async\" class=\"alignnone wp-image-76245\" src=\"http:\/\/recettes-gourmandes-de-joce.fr\/wp-content\/uploads\/2024\/05\/roti-boeuf7.jpg\" alt=\"\" width=\"227\" height=\"170\" \/><\/p>\n<p style=\"text-align: center;\"><span style=\"font-size: 14pt;\"><span style=\"color: #cc3333;\"><em>P<span style=\"font-family: georgia,serif;\">r\u00e9chauffer le four \u00e0 220\u00b0. Peler, d\u00e9germer les gousses d&rsquo;ail, piquer votre r\u00f4ti avec (facultatif si vous n&rsquo;aimez pas l&rsquo;ail) r\u00e9partir sur le r\u00f4ti les herbes aromatiques, saler et poivrer, ajouter le beurre.<\/span><\/em><\/span><\/span><\/p>\n<p><img loading=\"lazy\" decoding=\"async\" class=\"alignnone wp-image-76246\" src=\"http:\/\/recettes-gourmandes-de-joce.fr\/wp-content\/uploads\/2024\/05\/roti-boeuf7a.jpg\" alt=\"\" width=\"255\" height=\"170\" \/> <img loading=\"lazy\" decoding=\"async\" class=\"alignnone wp-image-76247\" style=\"text-align: center;\" src=\"http:\/\/recettes-gourmandes-de-joce.fr\/wp-content\/uploads\/2024\/05\/roti-boeuf7b.jpg\" alt=\"\" width=\"255\" height=\"170\" \/> <img loading=\"lazy\" decoding=\"async\" class=\"alignnone wp-image-76248\" style=\"text-align: center;\" src=\"http:\/\/recettes-gourmandes-de-joce.fr\/wp-content\/uploads\/2024\/05\/roti-boeuf7c.jpg\" alt=\"\" width=\"227\" height=\"170\" \/><\/p>\n<p style=\"text-align: center;\"><span style=\"font-size: 14pt;\"><span style=\"font-family: georgia,serif;\"><em><span style=\"color: #cc3333;\">Enfourner 25 minutes environ selon le degr\u00e9 de cuisson que vous d\u00e9sirez. Lorsque le r\u00f4ti est cuit,\u00a0<\/span><\/em><\/span><\/span><em style=\"font-family: georgia, serif; font-size: 18.6667px;\"><span style=\"color: #cc3333;\">l&rsquo;<\/span><\/em><em style=\"font-family: georgia, serif; font-size: 14pt;\"><span style=\"color: #cc3333;\">\u00f4ter du plat et ajouter dans le plat \u00bd verre d&rsquo;eau tr\u00e8s chaude (\u00e7a \u00e9vite le choc thermique et que votre plat se casse) pour d\u00e9glacer les sucs de cuisson et r\u00e9aliser une sauce. Trancher votre r\u00f4ti.<\/span><\/em><\/p>\n<p style=\"text-align: center;\"><img loading=\"lazy\" decoding=\"async\" class=\"alignnone wp-image-76249\" src=\"http:\/\/recettes-gourmandes-de-joce.fr\/wp-content\/uploads\/2024\/05\/roti-boeuf7d.jpg\" alt=\"\" width=\"222\" height=\"170\" \/> <img loading=\"lazy\" decoding=\"async\" class=\"alignnone wp-image-76250\" src=\"http:\/\/recettes-gourmandes-de-joce.fr\/wp-content\/uploads\/2024\/05\/roti-boeuf8.jpg\" alt=\"\" width=\"227\" height=\"170\" \/> <img loading=\"lazy\" decoding=\"async\" class=\"alignnone wp-image-76251\" src=\"http:\/\/recettes-gourmandes-de-joce.fr\/wp-content\/uploads\/2024\/05\/roti-boeuf9.jpg\" alt=\"\" width=\"227\" height=\"170\" \/><\/p>\n<p style=\"text-align: center;\"><span style=\"color: #cc3333; font-size: 14pt;\"><span style=\"font-family: georgia,serif;\"><span style=\"font-family: georgia,serif;\"><em>Le <\/em><em><span style=\"color: #cc3333;\">servir imm\u00e9diatement avec la sauce, o\u00f9 r\u00e9alisez une sauce au poivre pendant la cuisson du r\u00f4ti, napper votre r\u00f4ti avec et servir accompagn\u00e9 de pur\u00e9e maison c&rsquo;est un plat ind\u00e9modable et qui plait toujours!<\/span><\/em><\/span><\/span><\/span><\/p>\n<p style=\"text-align: center;\"><span style=\"font-size: 14pt;\"><span style=\"font-family: georgia,serif;\"><span style=\"color: #cc3333;\">\u00a0<\/span><\/span><span style=\"color: #cc3333;\"><span style=\"font-family: georgia,serif;\"><em>Bon app\u00e9tit!<\/em><\/span><\/span><\/span><\/p>\n<p style=\"text-align: center;\"><img loading=\"lazy\" decoding=\"async\" class=\"alignnone wp-image-76252\" src=\"http:\/\/recettes-gourmandes-de-joce.fr\/wp-content\/uploads\/2024\/05\/roti-boeuf1.jpg\" alt=\"\" width=\"240\" height=\"180\" \/> <img loading=\"lazy\" decoding=\"async\" class=\"alignnone wp-image-76253\" src=\"http:\/\/recettes-gourmandes-de-joce.fr\/wp-content\/uploads\/2024\/05\/roti-boeuf2.jpg\" alt=\"\" width=\"240\" height=\"180\" \/> <img loading=\"lazy\" decoding=\"async\" class=\"alignnone wp-image-76254\" src=\"http:\/\/recettes-gourmandes-de-joce.fr\/wp-content\/uploads\/2024\/05\/roti-boeuf3.jpg\" alt=\"\" width=\"240\" height=\"180\" \/><\/p>\n<p style=\"text-align: center;\"><img loading=\"lazy\" decoding=\"async\" class=\"alignnone wp-image-37354 size-full\" src=\"http:\/\/recettes-gourmandes-de-joce.fr\/wp-content\/uploads\/2021\/06\/logitech-gaming-software-14112014-121223.jpg\" alt=\"\" width=\"640\" height=\"144\" srcset=\"http:\/\/recettes-gourmandes-de-joce.fr\/wp-content\/uploads\/2021\/06\/logitech-gaming-software-14112014-121223.jpg 640w, http:\/\/recettes-gourmandes-de-joce.fr\/wp-content\/uploads\/2021\/06\/logitech-gaming-software-14112014-121223-300x68.jpg 300w\" sizes=\"auto, (max-width: 640px) 100vw, 640px\" \/><\/p>\n","protected":false},"excerpt":{"rendered":"<p>Une de mes recettes Ingr\u00e9dients pour 5 personnes 1 r\u00f4ti de b\u0153uf d&rsquo;un kilo environ 5 gousses d&rsquo;ail Quelques noisettes de beurre 1 c \u00e0 s d&rsquo;herbes aromatiques de votre choix (sauge et sarriette) Sel et poivre Recette du m\u00e9lange d&rsquo;herbes aromatiques maison sur ce lien -&gt; Sauge et sarriette Ingr\u00e9dients pour la sauce\u00a0 2 &hellip; <\/p>\n<p><a class=\"more-link btn\" href=\"http:\/\/recettes-gourmandes-de-joce.fr\/index.php\/index\/viandes\/boeuf\/roti-de-boeuf-au-four-sauce-aux-poivres-et-echalotes\/\">Lire la suite<\/a><\/p>\n","protected":false},"author":2,"featured_media":76813,"parent":126,"menu_order":0,"comment_status":"open","ping_status":"closed","template":"","meta":{"footnotes":""},"class_list":["post-1188","page","type-page","status-publish","has-post-thumbnail","hentry","nodate","item-wrap"],"_links":{"self":[{"href":"http:\/\/recettes-gourmandes-de-joce.fr\/index.php\/wp-json\/wp\/v2\/pages\/1188","targetHints":{"allow":["GET"]}}],"collection":[{"href":"http:\/\/recettes-gourmandes-de-joce.fr\/index.php\/wp-json\/wp\/v2\/pages"}],"about":[{"href":"http:\/\/recettes-gourmandes-de-joce.fr\/index.php\/wp-json\/wp\/v2\/types\/page"}],"author":[{"embeddable":true,"href":"http:\/\/recettes-gourmandes-de-joce.fr\/index.php\/wp-json\/wp\/v2\/users\/2"}],"replies":[{"embeddable":true,"href":"http:\/\/recettes-gourmandes-de-joce.fr\/index.php\/wp-json\/wp\/v2\/comments?post=1188"}],"version-history":[{"count":7,"href":"http:\/\/recettes-gourmandes-de-joce.fr\/index.php\/wp-json\/wp\/v2\/pages\/1188\/revisions"}],"predecessor-version":[{"id":76814,"href":"http:\/\/recettes-gourmandes-de-joce.fr\/index.php\/wp-json\/wp\/v2\/pages\/1188\/revisions\/76814"}],"up":[{"embeddable":true,"href":"http:\/\/recettes-gourmandes-de-joce.fr\/index.php\/wp-json\/wp\/v2\/pages\/126"}],"wp:featuredmedia":[{"embeddable":true,"href":"http:\/\/recettes-gourmandes-de-joce.fr\/index.php\/wp-json\/wp\/v2\/media\/76813"}],"wp:attachment":[{"href":"http:\/\/recettes-gourmandes-de-joce.fr\/index.php\/wp-json\/wp\/v2\/media?parent=1188"}],"curies":[{"name":"wp","href":"https:\/\/api.w.org\/{rel}","templated":true}]}}