{"id":11699,"date":"2019-12-04T11:35:58","date_gmt":"2019-12-04T11:35:58","guid":{"rendered":"http:\/\/recettes-gourmandes-de-joce.fr\/?page_id=11699"},"modified":"2024-07-31T11:15:56","modified_gmt":"2024-07-31T11:15:56","slug":"nettoyer-une-bouteille-un-biberon-sans-goupillon","status":"publish","type":"page","link":"http:\/\/recettes-gourmandes-de-joce.fr\/index.php\/index-divers\/trucs-et-astuces\/nettoyer-une-bouteille-un-biberon-sans-goupillon\/","title":{"rendered":"Nettoyer une bouteille, un biberon sans goupillon."},"content":{"rendered":"<p style=\"text-align: center;\"><span style=\"font-family: georgia,serif;\"><span style=\"text-decoration: underline; color: #3366ff; font-size: x-large;\"><em>Nettoyer une bouteille, un biberon sans goupillon.<\/em><\/span><\/span><\/p>\n<p style=\"text-align: center;\"><span style=\"font-family: georgia,serif;\"><span style=\"color: #3366ff; font-size: large;\"><em>Il est difficile sans goupillon de nettoyer l&rsquo;int\u00e9rieur d&rsquo;une bouteille, d&rsquo;un biberon ou d&rsquo;une bouteille \u00e0 goulot \u00e9troit ou le goupillon ne passe pas comme sur cette photo.<\/em><\/span><\/span><\/p>\n<p style=\"text-align: center;\"><img loading=\"lazy\" decoding=\"async\" class=\"aligncenter wp-image-11700\" src=\"http:\/\/recettes-gourmandes-de-joce.fr\/wp-content\/uploads\/2019\/12\/p3240442-001-150x150.jpg\" alt=\"\" width=\"120\" height=\"180\" srcset=\"http:\/\/recettes-gourmandes-de-joce.fr\/wp-content\/uploads\/2019\/12\/p3240442-001-200x300.jpg 200w, http:\/\/recettes-gourmandes-de-joce.fr\/wp-content\/uploads\/2019\/12\/p3240442-001.jpg 354w\" sizes=\"auto, (max-width: 120px) 100vw, 120px\" \/><em style=\"color: #3366ff; font-size: large; font-family: georgia, serif;\">\u00a0<\/em><span style=\"font-family: georgia,serif;\"><span style=\"font-size: large;\"><span style=\"color: #3366ff;\"><em>Un truc tout simple et que nous avons toujours sous la main consiste \u00e0 mettre dans la bouteille ou le biberon vide une c \u00e0 s de gros sel, d&rsquo;ajouter autant d&rsquo;eau, de fermer le biberon ou la bouteille et d&rsquo;agiter, le gros sel va nettoyer et d\u00e9coller les salet\u00e9s, il ne vous restera plus qu&rsquo;\u00e0 rincer et le tour et jou\u00e9 (si des salet\u00e9s r\u00e9sistent, recommencer une deuxi\u00e8me fois l&rsquo;op\u00e9ration).<\/em><\/span><\/span><\/span><\/p>\n<p><img loading=\"lazy\" decoding=\"async\" class=\"aligncenter wp-image-11701\" src=\"http:\/\/recettes-gourmandes-de-joce.fr\/wp-content\/uploads\/2019\/12\/p3240445-001-150x150.jpg\" alt=\"\" width=\"99\" height=\"180\" srcset=\"http:\/\/recettes-gourmandes-de-joce.fr\/wp-content\/uploads\/2019\/12\/p3240445-001-165x300.jpg 165w, http:\/\/recettes-gourmandes-de-joce.fr\/wp-content\/uploads\/2019\/12\/p3240445-001.jpg 272w\" sizes=\"auto, (max-width: 99px) 100vw, 99px\" \/><\/p>\n<p style=\"text-align: center;\"><img loading=\"lazy\" decoding=\"async\" class=\"alignnone size-full wp-image-59803\" src=\"http:\/\/recettes-gourmandes-de-joce.fr\/wp-content\/uploads\/2024\/01\/logitech-gaming-software-14112014-121223.jpg\" alt=\"\" width=\"640\" height=\"144\" \/><\/p>\n<p>&nbsp;<\/p>\n","protected":false},"excerpt":{"rendered":"<p>Nettoyer une bouteille, un biberon sans goupillon. Il est difficile sans goupillon de nettoyer l&rsquo;int\u00e9rieur d&rsquo;une bouteille, d&rsquo;un biberon ou d&rsquo;une bouteille \u00e0 goulot \u00e9troit ou le goupillon ne passe pas comme sur cette photo. \u00a0Un truc tout simple et que nous avons toujours sous la main consiste \u00e0 mettre dans la bouteille ou le &hellip; <\/p>\n<p><a class=\"more-link btn\" href=\"http:\/\/recettes-gourmandes-de-joce.fr\/index.php\/index-divers\/trucs-et-astuces\/nettoyer-une-bouteille-un-biberon-sans-goupillon\/\">Lire la suite<\/a><\/p>\n","protected":false},"author":2,"featured_media":11701,"parent":303,"menu_order":0,"comment_status":"open","ping_status":"closed","template":"","meta":{"footnotes":""},"class_list":["post-11699","page","type-page","status-publish","has-post-thumbnail","hentry","nodate","item-wrap"],"_links":{"self":[{"href":"http:\/\/recettes-gourmandes-de-joce.fr\/index.php\/wp-json\/wp\/v2\/pages\/11699","targetHints":{"allow":["GET"]}}],"collection":[{"href":"http:\/\/recettes-gourmandes-de-joce.fr\/index.php\/wp-json\/wp\/v2\/pages"}],"about":[{"href":"http:\/\/recettes-gourmandes-de-joce.fr\/index.php\/wp-json\/wp\/v2\/types\/page"}],"author":[{"embeddable":true,"href":"http:\/\/recettes-gourmandes-de-joce.fr\/index.php\/wp-json\/wp\/v2\/users\/2"}],"replies":[{"embeddable":true,"href":"http:\/\/recettes-gourmandes-de-joce.fr\/index.php\/wp-json\/wp\/v2\/comments?post=11699"}],"version-history":[{"count":5,"href":"http:\/\/recettes-gourmandes-de-joce.fr\/index.php\/wp-json\/wp\/v2\/pages\/11699\/revisions"}],"predecessor-version":[{"id":88233,"href":"http:\/\/recettes-gourmandes-de-joce.fr\/index.php\/wp-json\/wp\/v2\/pages\/11699\/revisions\/88233"}],"up":[{"embeddable":true,"href":"http:\/\/recettes-gourmandes-de-joce.fr\/index.php\/wp-json\/wp\/v2\/pages\/303"}],"wp:featuredmedia":[{"embeddable":true,"href":"http:\/\/recettes-gourmandes-de-joce.fr\/index.php\/wp-json\/wp\/v2\/media\/11701"}],"wp:attachment":[{"href":"http:\/\/recettes-gourmandes-de-joce.fr\/index.php\/wp-json\/wp\/v2\/media?parent=11699"}],"curies":[{"name":"wp","href":"https:\/\/api.w.org\/{rel}","templated":true}]}}