{"id":11691,"date":"2019-12-04T11:25:52","date_gmt":"2019-12-04T11:25:52","guid":{"rendered":"http:\/\/recettes-gourmandes-de-joce.fr\/?page_id=11691"},"modified":"2023-12-21T15:20:51","modified_gmt":"2023-12-21T15:20:51","slug":"etiquettes-pour-le-congelateur-ou-les-bocaux","status":"publish","type":"page","link":"http:\/\/recettes-gourmandes-de-joce.fr\/index.php\/index-divers\/trucs-et-astuces\/etiquettes-pour-le-congelateur-ou-les-bocaux\/","title":{"rendered":"Etiquettes pour le cong\u00e9lateur ou les bocaux."},"content":{"rendered":"<p style=\"text-align: center;\"><span style=\"color: #0000ff;\"><span style=\"font-family: georgia,serif;\"><span style=\"font-size: large;\"><em><span style=\"text-decoration: underline;\"><span style=\"font-size: x-large;\">Etiquettes pour le cong\u00e9lateur ou les bocaux<\/span><\/span><\/em><\/span><\/span><\/span><\/p>\n<p style=\"text-align: center;\"><img loading=\"lazy\" decoding=\"async\" class=\"alignnone wp-image-56203\" src=\"http:\/\/recettes-gourmandes-de-joce.fr\/wp-content\/uploads\/2023\/08\/368583675_315860240901636_6594359167160488747_n.jpg\" alt=\"\" width=\"158\" height=\"160\" srcset=\"http:\/\/recettes-gourmandes-de-joce.fr\/wp-content\/uploads\/2023\/08\/368583675_315860240901636_6594359167160488747_n.jpg 790w, http:\/\/recettes-gourmandes-de-joce.fr\/wp-content\/uploads\/2023\/08\/368583675_315860240901636_6594359167160488747_n-768x778.jpg 768w, http:\/\/recettes-gourmandes-de-joce.fr\/wp-content\/uploads\/2023\/08\/368583675_315860240901636_6594359167160488747_n-750x759.jpg 750w\" sizes=\"auto, (max-width: 158px) 100vw, 158px\" \/><\/p>\n<p style=\"text-align: center;\"><span style=\"color: #0000ff;\"><span style=\"font-family: georgia,serif;\"><span style=\"font-size: large;\"><em><span style=\"text-decoration: underline;\"><span style=\"font-size: x-large;\">Une de mes id\u00e9es<\/span><\/span><\/em><\/span><\/span><\/span><\/p>\n<p style=\"text-align: center;\"><span style=\"color: #0000ff;\"><span style=\"font-family: georgia,serif;\"><span style=\"font-size: large;\"><em>Pour avoir des \u00e9tiquettes qui collent bien m\u00eame au cong\u00e9lateur, utiliser des morceaux de sparadrap en tissus, facile d&rsquo;utilisation puisque vous coupez la longueur qu&rsquo;il vous faut et sans ciseaux, le stylo et le feutre sont parfait pour l&rsquo;inscription.<\/em><\/span><\/span><\/span><\/p>\n<p style=\"text-align: center;\"><span style=\"color: #0000ff;\"><span style=\"font-family: georgia,serif;\"><span style=\"font-size: large;\"><em>A avoir toujours sous la main dans un tiroir de la cuisine, utile aussi pour les coupures! \ud83d\ude09<\/em><\/span><\/span><\/span><\/p>\n<p style=\"text-align: center;\"><img loading=\"lazy\" decoding=\"async\" class=\"alignnone size-thumbnail wp-image-11673\" src=\"http:\/\/recettes-gourmandes-de-joce.fr\/wp-content\/uploads\/2019\/12\/conservation_des_herbes_aromatiques_pour_l_hi-150x150.jpg\" alt=\"\" width=\"150\" height=\"150\" \/><\/p>\n<p style=\"text-align: center;\"><span style=\"color: #0000ff;\"><span style=\"font-size: 20px;\"><span style=\"font-family: georgia,serif;\"><em>Si vos \u00e9tiquettes ne sont pas adh\u00e9sives, pas besoin de colle un peu de lait fera l&rsquo;affaire, trempez-les l\u00e9g\u00e8rement dedans et appliquer sur le pot c&rsquo;est coll\u00e9.<\/em><\/span><\/span><\/span><\/p>\n<p style=\"text-align: center;\"><em><a title=\"titre de l'image\" href=\"http:\/\/jocelyne.debon.free.fr\/confitures-fraises\/confiture-fraises17.JPG\" rel=\"iframe\"><img decoding=\"async\" class=\"lazy-loaded\" src=\"http:\/\/jocelyne.debon.free.fr\/confitures-fraises\/confiture-fraises17.JPG\" alt=\"\" width=\"230\" data-lazy-type=\"image\" data-src=\"http:\/\/jocelyne.debon.free.fr\/confitures-fraises\/confiture-fraises17.JPG\" \/><\/a><\/em><\/p>\n<p style=\"text-align: center;\"><img loading=\"lazy\" decoding=\"async\" class=\"alignnone wp-image-44943 size-full\" src=\"http:\/\/recettes-gourmandes-de-joce.fr\/wp-content\/uploads\/2022\/05\/logitech-gaming-software-14112014-121223.jpg\" alt=\"\" width=\"640\" height=\"144\" srcset=\"http:\/\/recettes-gourmandes-de-joce.fr\/wp-content\/uploads\/2022\/05\/logitech-gaming-software-14112014-121223.jpg 640w, http:\/\/recettes-gourmandes-de-joce.fr\/wp-content\/uploads\/2022\/05\/logitech-gaming-software-14112014-121223-300x68.jpg 300w\" sizes=\"auto, (max-width: 640px) 100vw, 640px\" \/><\/p>\n<h3>Commentaires\u00a0<small>(4)<\/small><\/h3>\n<div class=\"items-container\">\n<div class=\"item item-comment media\">\n<div class=\"pull-left\">\n<p>&nbsp;<\/p>\n<p><img decoding=\"async\" class=\"media-object\" src=\"https:\/\/www.gravatar.com\/avatar\/166deb2e953eda9ddb9e511c8d6f67ae?d=https%3A%2F%2Fwww.recettes-gourmandes-de-joce.com%2Fmedias%2Fstatic%2Fmanager%2Fim%2Favatar.png?s=50&amp;d=mm\" alt=\"doline\" width=\"50\" \/><\/p>\n<\/div>\n<div class=\"media-body\">\n<ul class=\"inline item-infos\">\n<li><span class=\"comment-number\">1.<\/span>\u00a0<span class=\"comment-author\"><strong>doline<\/strong><\/span>\u00a0<span class=\"comment-date\">| 14\/03\/2014<\/span><\/li>\n<\/ul>\n<div class=\"comment-content\">bonsoir encore moi\u00a0 j&rsquo;ai de la menthe sauvage du persil et du thym je peut les congeler ?<\/div>\n<div class=\"item item-comment media by-webmaster\">\n<div class=\"pull-left\">\n<p>&nbsp;<\/p>\n<\/div>\n<div class=\"media-body\">\n<ul class=\"inline item-infos\">\n<li><span class=\"comment-author\"><strong>jocelyne debon<\/strong>\u00a0(<a rel=\"nofollow\">site web<\/a>)<\/span>\u00a0<span class=\"comment-date\">| 14\/03\/2014<\/span><\/li>\n<\/ul>\n<div class=\"comment-content\">Bien sur pas de soucis<\/div>\n<div class=\"comment-content\">Bonne soir\u00e9e<\/div>\n<div class=\"comment-content\">Amicalement Joce<\/div>\n<\/div>\n<\/div>\n<\/div>\n<\/div>\n<div class=\"item item-comment media\">\n<div class=\"pull-left\">\n<p>&nbsp;<\/p>\n<p><img decoding=\"async\" class=\"media-object\" src=\"https:\/\/www.gravatar.com\/avatar\/60c0f626cd967f9b4a621e6077739909?d=https%3A%2F%2Fwww.recettes-gourmandes-de-joce.com%2Fmedias%2Fstatic%2Fmanager%2Fim%2Favatar.png?s=50&amp;d=mm\" alt=\"Chantal\" width=\"50\" \/><\/p>\n<\/div>\n<div class=\"media-body\">\n<ul class=\"inline item-infos\">\n<li><span class=\"comment-number\">2.<\/span>\u00a0<span class=\"comment-author\"><strong>Chantal<\/strong><\/span>\u00a0<span class=\"comment-date\">| 12\/03\/2012<\/span><\/li>\n<\/ul>\n<div class=\"comment-content\">Tu es g\u00e9niale , tu as des id\u00e9es plain la t\u00eate et des bonnes en plus .<br \/>\nMerci Jocelyne je vote pour toi .\n<\/div>\n<div class=\"item item-comment media by-webmaster\">\n<div class=\"pull-left\">\n<p>&nbsp;<\/p>\n<\/div>\n<div class=\"media-body\">\n<ul class=\"inline item-infos\">\n<li><span class=\"comment-author\"><strong>jocelyne debon<\/strong>\u00a0(<a rel=\"nofollow\">site web<\/a>)<\/span>\u00a0<span class=\"comment-date\">| 12\/03\/2012<\/span><\/li>\n<\/ul>\n<div class=\"comment-content\">Merciii ma belle<\/div>\n<div class=\"comment-content\">gros bisoussssssssssssss Joce<\/div>\n<\/div>\n<\/div>\n<\/div>\n<\/div>\n<\/div>\n","protected":false},"excerpt":{"rendered":"<p>Etiquettes pour le cong\u00e9lateur ou les bocaux Une de mes id\u00e9es Pour avoir des \u00e9tiquettes qui collent bien m\u00eame au cong\u00e9lateur, utiliser des morceaux de sparadrap en tissus, facile d&rsquo;utilisation puisque vous coupez la longueur qu&rsquo;il vous faut et sans ciseaux, le stylo et le feutre sont parfait pour l&rsquo;inscription. A avoir toujours sous la &hellip; <\/p>\n<p><a class=\"more-link btn\" href=\"http:\/\/recettes-gourmandes-de-joce.fr\/index.php\/index-divers\/trucs-et-astuces\/etiquettes-pour-le-congelateur-ou-les-bocaux\/\">Lire la suite<\/a><\/p>\n","protected":false},"author":2,"featured_media":11692,"parent":303,"menu_order":0,"comment_status":"closed","ping_status":"closed","template":"","meta":{"footnotes":""},"class_list":["post-11691","page","type-page","status-publish","has-post-thumbnail","hentry","nodate","item-wrap"],"_links":{"self":[{"href":"http:\/\/recettes-gourmandes-de-joce.fr\/index.php\/wp-json\/wp\/v2\/pages\/11691","targetHints":{"allow":["GET"]}}],"collection":[{"href":"http:\/\/recettes-gourmandes-de-joce.fr\/index.php\/wp-json\/wp\/v2\/pages"}],"about":[{"href":"http:\/\/recettes-gourmandes-de-joce.fr\/index.php\/wp-json\/wp\/v2\/types\/page"}],"author":[{"embeddable":true,"href":"http:\/\/recettes-gourmandes-de-joce.fr\/index.php\/wp-json\/wp\/v2\/users\/2"}],"replies":[{"embeddable":true,"href":"http:\/\/recettes-gourmandes-de-joce.fr\/index.php\/wp-json\/wp\/v2\/comments?post=11691"}],"version-history":[{"count":5,"href":"http:\/\/recettes-gourmandes-de-joce.fr\/index.php\/wp-json\/wp\/v2\/pages\/11691\/revisions"}],"predecessor-version":[{"id":59106,"href":"http:\/\/recettes-gourmandes-de-joce.fr\/index.php\/wp-json\/wp\/v2\/pages\/11691\/revisions\/59106"}],"up":[{"embeddable":true,"href":"http:\/\/recettes-gourmandes-de-joce.fr\/index.php\/wp-json\/wp\/v2\/pages\/303"}],"wp:featuredmedia":[{"embeddable":true,"href":"http:\/\/recettes-gourmandes-de-joce.fr\/index.php\/wp-json\/wp\/v2\/media\/11692"}],"wp:attachment":[{"href":"http:\/\/recettes-gourmandes-de-joce.fr\/index.php\/wp-json\/wp\/v2\/media?parent=11691"}],"curies":[{"name":"wp","href":"https:\/\/api.w.org\/{rel}","templated":true}]}}