{"id":11683,"date":"2019-12-04T11:11:30","date_gmt":"2019-12-04T11:11:30","guid":{"rendered":"http:\/\/recettes-gourmandes-de-joce.fr\/?page_id=11683"},"modified":"2024-04-29T12:16:23","modified_gmt":"2024-04-29T12:16:23","slug":"emporte-pieces-fait-maison","status":"publish","type":"page","link":"http:\/\/recettes-gourmandes-de-joce.fr\/index.php\/index-divers\/trucs-et-astuces\/emporte-pieces-fait-maison\/","title":{"rendered":"Emporte-pi\u00e8ces fait maison"},"content":{"rendered":"<p style=\"text-align: center;\"><span style=\"font-family: georgia,serif;\"><span style=\"color: #0000ff; text-decoration: underline;\"><span style=\"font-size: x-large;\"><em>Emporte-pi\u00e8ces fait maison<\/em><\/span><\/span><\/span><\/p>\n<p style=\"text-align: center;\"><span style=\"font-family: georgia,serif;\"><span style=\"color: #0000ff; font-size: large;\"><em><img loading=\"lazy\" decoding=\"async\" class=\"alignnone wp-image-11684\" src=\"http:\/\/recettes-gourmandes-de-joce.fr\/wp-content\/uploads\/2019\/12\/P6260621-150x150.jpg\" alt=\"\" width=\"273\" height=\"180\" srcset=\"http:\/\/recettes-gourmandes-de-joce.fr\/wp-content\/uploads\/2019\/12\/P6260621-300x198.jpg 300w, http:\/\/recettes-gourmandes-de-joce.fr\/wp-content\/uploads\/2019\/12\/P6260621.jpg 544w\" sizes=\"auto, (max-width: 273px) 100vw, 273px\" \/>\u00a0<\/em><\/span><\/span><\/p>\n<p style=\"text-align: center;\"><span style=\"font-family: georgia,serif;\"><span style=\"color: #0000ff; font-size: large;\"><em>Si vous n&rsquo;avez pas d&#8217;emporte-pi\u00e8ces pour d\u00e9couper vos sabl\u00e9s, votre p\u00e2te feuillet\u00e9e pour des mini pizza ou des tartelettes, de cercle pour mouler riz ou pur\u00e9e pour la pr\u00e9sentation d&rsquo;une assiette, voila une id\u00e9e toute simple, en r\u00e9cup\u00e9rant vos boites de conserves selon la taille que vous d\u00e9sirez!<\/em><\/span><\/span><\/p>\n<p style=\"text-align: center;\"><span style=\"font-family: georgia,serif;\"><span style=\"color: #0000ff; font-size: large;\"><em>Il vous suffit de les ouvrir \u00e0 chaque extr\u00e9mit\u00e9 avec un ouvre boite (style celui de Tupperware il d\u00e9sserti les boites pas de risque de se couper les doigts ensuite) d&rsquo;enlever l&rsquo;\u00e9tiquette et de les passer au lave-vaisselle ou de les laver \u00e0 la main tout simplement.<\/em><\/span><\/span><\/p>\n<p style=\"text-align: center;\"><span style=\"font-family: georgia,serif;\"><span style=\"color: #0000ff; font-size: large;\"><em>Ils sont inusables et ne cassent pas!<\/em><\/span><\/span><\/p>\n<p style=\"text-align: center;\"><span style=\"font-family: georgia,serif;\"><span style=\"color: #0000ff; font-size: large;\"><em>Et puis pour la plan\u00e8te c&rsquo;est du recyclage!<\/em><\/span><\/span><\/p>\n<p style=\"text-align: center;\">\n<h3>Commentaires\u00a0<small>(4)<\/small><\/h3>\n<div class=\"items-container\">\n<div class=\"item item-comment media\">\n<div class=\"pull-left\"><\/div>\n<div class=\"media-body\">\n<ul class=\"inline item-infos\">\n<li><span class=\"comment-number\">1.<\/span>\u00a0<span class=\"comment-author\"><strong>Joce<\/strong><\/span>\u00a0<span class=\"comment-date\">| 01\/07\/2011<\/span><\/li>\n<\/ul>\n<div class=\"comment-content\">\n<div><em><strong>Bonjour Cookingmama<br \/>\nPeux tu me contacter par l&rsquo;interm\u00e9diaire du formulaire de contact en haut des pages du site, j&rsquo;esserai de r\u00e9soudre ton soucis<br \/>\nAmicalement Joce<\/strong><\/em><\/div>\n<\/div>\n<\/div>\n<\/div>\n<div class=\"item item-comment media\">\n<div class=\"pull-left\">\n<p>&nbsp;<\/p>\n<\/div>\n<div class=\"media-body\">\n<ul class=\"inline item-infos\">\n<li><span class=\"comment-number\">2.<\/span>\u00a0<span class=\"comment-author\"><strong>Cookingmama<\/strong><\/span>\u00a0<span class=\"comment-date\">| 01\/07\/2011<\/span><\/li>\n<\/ul>\n<div class=\"comment-content\">Bonjour, moi j&rsquo;ai un petit soucis je veux faire une recette avec\u00a0<em>des verrines<\/em>\u00a0mais je n&rsquo;ai pas d&#8217;emporte pi\u00e8ce a leur taille.\u00a0<strong>Comment pourrais-je faire s&rsquo;il vous plait?<br \/>\n<\/strong><\/div>\n<\/div>\n<\/div>\n<div class=\"item item-comment media\">\n<div class=\"pull-left\">\n<p>&nbsp;<\/p>\n<\/div>\n<div class=\"media-body\">\n<ul class=\"inline item-infos\">\n<li><span class=\"comment-number\">3.<\/span>\u00a0<span class=\"comment-author\"><strong>Joce<\/strong><\/span>\u00a0<span class=\"comment-date\">| 29\/06\/2011<\/span><\/li>\n<\/ul>\n<div class=\"comment-content\">Bonjour Opaline<br \/>\nMerci de votre fid\u00e9lit\u00e9, c&rsquo;est gentil et \u00e7a me touche<br \/>\nJe vais voir comment je peux organiser cette cat\u00e9gorie que vous me demandez<br \/>\nessayer de trouver des id\u00e9es, des astuces,je vous ferai signe lorsque je serai au point<br \/>\nPassez une bonne journ\u00e9e bisoussssss\n<\/div>\n<\/div>\n<\/div>\n<div class=\"item item-comment media\">\n<div class=\"pull-left\"><img decoding=\"async\" class=\"media-object\" src=\"https:\/\/www.gravatar.com\/avatar\/3a74191cf587e2d912f594ae2b8813e9?d=https%3A%2F%2Fwww.recettes-gourmandes-de-joce.com%2Fmedias%2Fstatic%2Fmanager%2Fim%2Favatar.png?s=50&amp;d=mm\" alt=\"opaline\" width=\"50\" \/><\/div>\n<div class=\"media-body\">\n<ul class=\"inline item-infos\">\n<li><span class=\"comment-number\">4.<\/span>\u00a0<span class=\"comment-author\"><strong>opaline<\/strong><\/span>\u00a0<span class=\"comment-date\">| 29\/06\/2011<\/span><\/li>\n<\/ul>\n<div class=\"comment-content\">bonjour<br \/>\nje suis tous les jours \u00e0 l&rsquo;aff\u00fbt de vos recettes, et bravo vous m&rsquo;\u00eates d&rsquo;un grand secours !<br \/>\nj&rsquo;en reviens si vous le voulez bien \u00e0 ma demande faite il y a quelque temps : l&rsquo;\u00e9laboration de menus pour la semaine avec organisation astuces etc&#8230; Je suis impatiente d&rsquo;y \u00eatre<br \/>\nJe vous souhaite une bonne continuation et merci pour tout<br \/>\nLongue vie et bonne sant\u00e9 \u00e0 vous<\/div>\n<\/div>\n<\/div>\n<\/div>\n","protected":false},"excerpt":{"rendered":"<p>Emporte-pi\u00e8ces fait maison \u00a0 Si vous n&rsquo;avez pas d&#8217;emporte-pi\u00e8ces pour d\u00e9couper vos sabl\u00e9s, votre p\u00e2te feuillet\u00e9e pour des mini pizza ou des tartelettes, de cercle pour mouler riz ou pur\u00e9e pour la pr\u00e9sentation d&rsquo;une assiette, voila une id\u00e9e toute simple, en r\u00e9cup\u00e9rant vos boites de conserves selon la taille que vous d\u00e9sirez! Il vous suffit &hellip; <\/p>\n<p><a class=\"more-link btn\" href=\"http:\/\/recettes-gourmandes-de-joce.fr\/index.php\/index-divers\/trucs-et-astuces\/emporte-pieces-fait-maison\/\">Lire la suite<\/a><\/p>\n","protected":false},"author":2,"featured_media":11684,"parent":303,"menu_order":0,"comment_status":"open","ping_status":"closed","template":"","meta":{"footnotes":""},"class_list":["post-11683","page","type-page","status-publish","has-post-thumbnail","hentry","nodate","item-wrap"],"_links":{"self":[{"href":"http:\/\/recettes-gourmandes-de-joce.fr\/index.php\/wp-json\/wp\/v2\/pages\/11683","targetHints":{"allow":["GET"]}}],"collection":[{"href":"http:\/\/recettes-gourmandes-de-joce.fr\/index.php\/wp-json\/wp\/v2\/pages"}],"about":[{"href":"http:\/\/recettes-gourmandes-de-joce.fr\/index.php\/wp-json\/wp\/v2\/types\/page"}],"author":[{"embeddable":true,"href":"http:\/\/recettes-gourmandes-de-joce.fr\/index.php\/wp-json\/wp\/v2\/users\/2"}],"replies":[{"embeddable":true,"href":"http:\/\/recettes-gourmandes-de-joce.fr\/index.php\/wp-json\/wp\/v2\/comments?post=11683"}],"version-history":[{"count":6,"href":"http:\/\/recettes-gourmandes-de-joce.fr\/index.php\/wp-json\/wp\/v2\/pages\/11683\/revisions"}],"predecessor-version":[{"id":75029,"href":"http:\/\/recettes-gourmandes-de-joce.fr\/index.php\/wp-json\/wp\/v2\/pages\/11683\/revisions\/75029"}],"up":[{"embeddable":true,"href":"http:\/\/recettes-gourmandes-de-joce.fr\/index.php\/wp-json\/wp\/v2\/pages\/303"}],"wp:featuredmedia":[{"embeddable":true,"href":"http:\/\/recettes-gourmandes-de-joce.fr\/index.php\/wp-json\/wp\/v2\/media\/11684"}],"wp:attachment":[{"href":"http:\/\/recettes-gourmandes-de-joce.fr\/index.php\/wp-json\/wp\/v2\/media?parent=11683"}],"curies":[{"name":"wp","href":"https:\/\/api.w.org\/{rel}","templated":true}]}}