{"id":11662,"date":"2019-12-04T10:30:42","date_gmt":"2019-12-04T10:30:42","guid":{"rendered":"http:\/\/recettes-gourmandes-de-joce.fr\/?page_id=11662"},"modified":"2024-07-14T21:36:48","modified_gmt":"2024-07-14T21:36:48","slug":"bouquet-garni","status":"publish","type":"page","link":"http:\/\/recettes-gourmandes-de-joce.fr\/index.php\/index\/divers-vins-epices-herbes-deco-de-table-temps-de-cuisson-etc\/plantes-aromatiques\/bouquet-garni\/","title":{"rendered":"Bouquet garni."},"content":{"rendered":"<p style=\"text-align: center;\"><span style=\"color: #000000;\"><span style=\"font-family: georgia,serif;\"><span style=\"text-decoration: underline; font-size: x-large;\"><em>Bouquet garni<\/em><\/span><\/span><\/span><\/p>\n<p style=\"text-align: center;\"><img loading=\"lazy\" decoding=\"async\" class=\"alignnone wp-image-11663\" src=\"http:\/\/recettes-gourmandes-de-joce.fr\/wp-content\/uploads\/2019\/12\/images-6-150x150.jpg\" alt=\"\" width=\"225\" height=\"175\" \/><\/p>\n<p style=\"text-align: center;\"><span style=\"font-family: georgia,serif;\"><span style=\"font-size: large; color: #008000;\"><em>Afin de pouvoir retirer facilement les herbes aromatiques d&rsquo;un plat, les enfermer soit si il y en a peu dans une boule \u00e0 th\u00e9, soit dans une compresse ou une gaze que l&rsquo;on nouera.<\/em><\/span><\/span><\/p>\n<p style=\"text-align: center;\"><span style=\"font-family: georgia,serif;\"><span style=\"font-size: large; color: #008000;\"><em>Ou les attacher avec une ficelle de cuisine dont vous laisserez un morceau assez long pour l&rsquo;attacher \u00e0 l&rsquo;anse de la cocotte et lui permette de tremper dans le jus, il vous sera ainsi plus facile de le r\u00e9cup\u00e9rer!<\/em><\/span><\/span><\/p>\n<p style=\"text-align: center;\"><span style=\"color: #000000;\"><span style=\"font-family: georgia,serif;\"><span style=\"text-decoration: underline;\"><span style=\"font-size: large;\"><em>Petit rappel de sa composition<\/em><\/span><\/span><\/span><\/span><\/p>\n<p style=\"text-align: center;\"><span style=\"font-family: georgia,serif;\"><span style=\"font-size: large;\"><em><span style=\"color: #008000;\">Le bouquet garni est couramment compos\u00e9 de thym, de queues de persil, de feuilles de laurier, girofle mais le choix est vaste et l&rsquo;on peut y mettre\u00a0 du poireau,\u00a0<\/span><\/em><\/span><\/span><em style=\"font-family: georgia, serif; font-size: large;\"><span style=\"color: #008000;\">du <\/span><\/em><em style=\"font-size: large; font-family: georgia, serif;\"><span style=\"color: #008000;\">c\u00e9leri en branche, de la sauge, de la sarriette, du romarin, du fenouil, de l&rsquo;estragon.<\/span><\/em><\/p>\n<p style=\"text-align: center;\"><span style=\"font-family: georgia,serif;\"><span style=\"font-size: large;\"><em><span style=\"color: #008000;\">A vous de composer selon votre plat et vos go\u00fbts le votre, en g\u00e9n\u00e9ral 4 herbes diff\u00e9rentes sont suffisantes.<\/span><\/em><\/span><\/span><\/p>\n<p style=\"text-align: center;\"><img loading=\"lazy\" decoding=\"async\" class=\"alignnone wp-image-11742\" src=\"http:\/\/recettes-gourmandes-de-joce.fr\/wp-content\/uploads\/2019\/12\/Bouquet-garni-1-joce77-150x150.jpg\" alt=\"\" width=\"200\" height=\"180\" srcset=\"http:\/\/recettes-gourmandes-de-joce.fr\/wp-content\/uploads\/2019\/12\/Bouquet-garni-1-joce77-300x270.jpg 300w, http:\/\/recettes-gourmandes-de-joce.fr\/wp-content\/uploads\/2019\/12\/Bouquet-garni-1-joce77.jpg 640w\" sizes=\"auto, (max-width: 200px) 100vw, 200px\" \/><\/p>\n<p style=\"text-align: center;\"><span style=\"font-family: georgia, palatino, serif; font-size: 14pt; color: #008000;\"><em>Bonnes recettes!<\/em><\/span><\/p>\n<p style=\"text-align: center;\"><img loading=\"lazy\" decoding=\"async\" class=\"alignnone wp-image-44943 size-full\" src=\"http:\/\/recettes-gourmandes-de-joce.fr\/wp-content\/uploads\/2022\/05\/logitech-gaming-software-14112014-121223.jpg\" alt=\"\" width=\"640\" height=\"144\" srcset=\"http:\/\/recettes-gourmandes-de-joce.fr\/wp-content\/uploads\/2022\/05\/logitech-gaming-software-14112014-121223.jpg 640w, http:\/\/recettes-gourmandes-de-joce.fr\/wp-content\/uploads\/2022\/05\/logitech-gaming-software-14112014-121223-300x68.jpg 300w\" sizes=\"auto, (max-width: 640px) 100vw, 640px\" \/><\/p>\n","protected":false},"excerpt":{"rendered":"<p>Bouquet garni Afin de pouvoir retirer facilement les herbes aromatiques d&rsquo;un plat, les enfermer soit si il y en a peu dans une boule \u00e0 th\u00e9, soit dans une compresse ou une gaze que l&rsquo;on nouera. Ou les attacher avec une ficelle de cuisine dont vous laisserez un morceau assez long pour l&rsquo;attacher \u00e0 l&rsquo;anse &hellip; <\/p>\n<p><a class=\"more-link btn\" href=\"http:\/\/recettes-gourmandes-de-joce.fr\/index.php\/index\/divers-vins-epices-herbes-deco-de-table-temps-de-cuisson-etc\/plantes-aromatiques\/bouquet-garni\/\">Lire la suite<\/a><\/p>\n","protected":false},"author":2,"featured_media":87684,"parent":291,"menu_order":0,"comment_status":"open","ping_status":"closed","template":"","meta":{"footnotes":""},"class_list":["post-11662","page","type-page","status-publish","has-post-thumbnail","hentry","nodate","item-wrap"],"_links":{"self":[{"href":"http:\/\/recettes-gourmandes-de-joce.fr\/index.php\/wp-json\/wp\/v2\/pages\/11662","targetHints":{"allow":["GET"]}}],"collection":[{"href":"http:\/\/recettes-gourmandes-de-joce.fr\/index.php\/wp-json\/wp\/v2\/pages"}],"about":[{"href":"http:\/\/recettes-gourmandes-de-joce.fr\/index.php\/wp-json\/wp\/v2\/types\/page"}],"author":[{"embeddable":true,"href":"http:\/\/recettes-gourmandes-de-joce.fr\/index.php\/wp-json\/wp\/v2\/users\/2"}],"replies":[{"embeddable":true,"href":"http:\/\/recettes-gourmandes-de-joce.fr\/index.php\/wp-json\/wp\/v2\/comments?post=11662"}],"version-history":[{"count":5,"href":"http:\/\/recettes-gourmandes-de-joce.fr\/index.php\/wp-json\/wp\/v2\/pages\/11662\/revisions"}],"predecessor-version":[{"id":56201,"href":"http:\/\/recettes-gourmandes-de-joce.fr\/index.php\/wp-json\/wp\/v2\/pages\/11662\/revisions\/56201"}],"up":[{"embeddable":true,"href":"http:\/\/recettes-gourmandes-de-joce.fr\/index.php\/wp-json\/wp\/v2\/pages\/291"}],"wp:featuredmedia":[{"embeddable":true,"href":"http:\/\/recettes-gourmandes-de-joce.fr\/index.php\/wp-json\/wp\/v2\/media\/87684"}],"wp:attachment":[{"href":"http:\/\/recettes-gourmandes-de-joce.fr\/index.php\/wp-json\/wp\/v2\/media?parent=11662"}],"curies":[{"name":"wp","href":"https:\/\/api.w.org\/{rel}","templated":true}]}}