{"id":11659,"date":"2019-12-04T10:26:20","date_gmt":"2019-12-04T10:26:20","guid":{"rendered":"http:\/\/recettes-gourmandes-de-joce.fr\/?page_id=11659"},"modified":"2020-05-20T18:46:10","modified_gmt":"2020-05-20T18:46:10","slug":"comment-savoir-si-des-oeufs-sont-frais","status":"publish","type":"page","link":"http:\/\/recettes-gourmandes-de-joce.fr\/index.php\/index-divers\/trucs-et-astuces\/comment-savoir-si-des-oeufs-sont-frais\/","title":{"rendered":"Comment savoir si des \u0153ufs sont frais et temps de cuisson !"},"content":{"rendered":"<p style=\"text-align: center;\"><span style=\"font-family: georgia,serif;\"><em><span style=\"color: #808080; font-size: 12pt;\"><span style=\"color: #ff0000; font-size: x-large;\">\u00a0<\/span><\/span><\/em><\/span><span style=\"font-family: georgia,serif;\"><span style=\"color: #ff0000; font-size: large;\"><em><img loading=\"lazy\" decoding=\"async\" src=\"http:\/\/long.blog.lemonde.fr\/files\/2010\/03\/51b.1268144303.gif\" alt=\"\" width=\"400\" height=\"400\" \/><\/em><\/span>\u00a0<\/span><\/p>\n<p style=\"text-align: center;\"><span style=\"font-family: georgia,serif;\"><span style=\"color: #ff0000; font-size: large;\"><em>\u00a0<\/em><\/span><\/span><\/p>\n<p style=\"text-align: center;\"><span style=\"font-family: georgia,serif;\"><span style=\"color: #ff0000; font-size: x-large; text-decoration: underline;\"><em><em>Comment savoir reconnaitre des oeufs frais! <\/em><\/em><\/span><\/span><\/p>\n<p style=\"text-align: center;\"><span style=\"font-family: georgia,serif;\"><span style=\"color: #0000ff; font-size: large;\"><em><span style=\"font-size: large;\"><em><span style=\"color: #0000ff; font-family: georgia, serif; font-size: large;\">Il suffit pour cela de plonger vos \u0153ufs\u00a0dans un saladier d&rsquo;eau froide, si ceux ci restent au fond ils sont frais, si ils flottent n&rsquo;h\u00e9sitez pas jeter les!<\/span><\/em><\/span><\/em><\/span><\/span><\/p>\n<p style=\"text-align: center;\"><span style=\"font-family: georgia,serif;\"><span style=\"color: #ff0000; text-decoration: underline;\"><span style=\"font-size: large;\"><em><span style=\"font-size: large;\"><em>Un rappel du temps de cuisson des oeufs <\/em><\/span><\/em><\/span><\/span><\/span><\/p>\n<p style=\"text-align: center;\"><span style=\"font-family: georgia,serif;\"><span style=\"color: #0000ff; font-size: x-large; text-decoration: underline;\"><em><em>\u0152ufs de poule<\/em><\/em><\/span><\/span><\/p>\n<p style=\"text-align: center;\"><span style=\"font-family: georgia,serif;\"><span style=\"color: #ff0000; font-size: large;\"><em><span style=\"color: #0000ff;\"><span style=\"color: #ff0000; text-decoration: underline;\">En omelette<\/span> -&gt; 4\/5 minutes<\/span><\/em><\/span><\/span><\/p>\n<p style=\"text-align: center;\"><span style=\"font-family: georgia,serif;\"><span style=\"color: #ff0000; font-size: large;\"><em><span style=\"color: #0000ff;\"><span style=\"color: #ff0000; text-decoration: underline;\">Coque <\/span>-&gt;\u00a03 minutes apr\u00e8s l&rsquo;\u00e9bullition<\/span><\/em><\/span><\/span><\/p>\n<p style=\"text-align: center;\"><span style=\"font-family: georgia,serif;\"><span style=\"color: #ff0000; font-size: large;\"><em><span style=\"color: #0000ff;\"><span style=\"color: #ff0000; text-decoration: underline;\">mollet<\/span> -&gt;\u00a06 minutes<\/span><\/em><\/span><\/span><\/p>\n<p style=\"text-align: center;\"><span style=\"font-family: georgia,serif;\"><span style=\"color: #ff0000; font-size: large;\"><em><span style=\"color: #0000ff;\"><span style=\"color: #ff0000; text-decoration: underline;\">Dur <\/span>-&gt;\u00a09 minutes<\/span><\/em><\/span><\/span><\/p>\n<p style=\"text-align: center;\"><span style=\"font-family: georgia,serif;\"><span style=\"color: #ff0000; font-size: large;\"><em><span style=\"color: #0000ff;\"><span style=\"color: #ff0000; text-decoration: underline;\">Brouill\u00e9<\/span> -&gt; 5\/6 minutes<\/span><\/em><\/span><\/span><\/p>\n<p style=\"text-align: center;\"><span style=\"font-family: georgia,serif;\"><span style=\"color: #ff0000; font-size: large;\"><em><span style=\"color: #0000ff;\"><span style=\"color: #ff0000; text-decoration: underline;\">Cocotte <\/span>-&gt; 5\/6 minutes au bain marie<\/span><\/em><\/span><\/span><\/p>\n<p style=\"text-align: center;\"><span style=\"font-family: georgia,serif;\"><span style=\"color: #ff0000; font-size: large;\"><em><span style=\"color: #0000ff;\"><span style=\"color: #ff0000; text-decoration: underline;\">poch\u00e9 <\/span>-&gt; 3 minutes<\/span><\/em><\/span><\/span><\/p>\n<p style=\"text-align: center;\"><span style=\"font-family: georgia,serif;\"><span style=\"color: #ff0000; font-size: large;\"><em><span style=\"color: #0000ff;\"><span style=\"color: #ff0000; text-decoration: underline;\">Au plat<\/span> -&gt; 4\/5 minutes <\/span><\/em><\/span><\/span><\/p>\n<p style=\"text-align: center;\"><span style=\"font-family: georgia,serif;\"><span style=\"font-size: x-large; text-decoration: underline;\"><span style=\"color: #ff0000;\"><em><span style=\"color: #0000ff; text-decoration: underline;\">\u0152ufs de caille<\/span><\/em><\/span><\/span><\/span><\/p>\n<p style=\"text-align: center;\"><span style=\"font-family: georgia,serif;\"><span style=\"font-size: large;\"><em><span style=\"color: #ff0000;\">Durs <\/span>: <span style=\"color: #0000ff;\">4 minutes et demi<\/span><\/em><\/span><\/span><\/p>\n<p style=\"text-align: center;\"><span style=\"font-family: georgia,serif;\"><span style=\"font-size: large;\"><em><span style=\"color: #ff0000;\">\u00c0\u00a0la coque <\/span>: <span style=\"color: #0000ff;\">1 minute et demi <\/span><\/em><\/span><\/span><\/p>\n<p style=\"text-align: center;\"><span style=\"font-family: georgia,serif;\"><span style=\"color: #ff0000; font-size: large;\"><span style=\"color: #0000ff;\"><span style=\"color: #ff0000;\"><span style=\"color: #0000ff;\"><em><span style=\"color: #ff0000;\">Mollet<\/span> : 3 minutes<\/em><\/span><\/span><\/span><\/span><\/span><\/p>\n<p style=\"text-align: center;\"><span style=\"font-family: georgia,serif;\"><span style=\"font-size: large;\"><em><span style=\"color: #cc0000;\"><span style=\"color: #ff0000;\">Sur le plat :<\/span> <span style=\"color: #0000ff;\">3 minutes<\/span><\/span><\/em><\/span><\/span><\/p>\n<p style=\"text-align: center;\"><span style=\"font-family: georgia,serif;\"><span style=\"font-size: large;\"><em><span style=\"color: #cc0000;\">En\u00a0omelette<\/span> : <span style=\"color: #0000ff;\">3 minutes<\/span><\/em><\/span><\/span><\/p>\n<p style=\"text-align: center;\"><span style=\"font-family: georgia,serif;\"><span style=\"font-size: large;\"><em><span style=\"color: #0000ff;\">Les \u0153ufs d&rsquo;oie et de canne se mangent cuits et non cru pour des probl\u00e8mes \u00e9ventuels de bact\u00e9ries<\/span><\/em><\/span><\/span><\/p>\n<p style=\"text-align: center;\"><span style=\"font-family: georgia,serif;\"><span style=\"color: #0000ff; font-size: x-large; text-decoration: underline;\"><em>\u0152ufs d&rsquo;oie<\/em><\/span><\/span><\/p>\n<p style=\"text-align: center;\"><span style=\"font-family: georgia,serif;\"><span style=\"color: #ff0000; font-size: large;\"><span style=\"color: #0000ff;\"><span style=\"color: #ff0000; font-size: large;\"><span style=\"color: #0000ff;\"><span style=\"color: #ff0000; font-size: large;\"><span style=\"color: #0000ff;\"><span style=\"color: #ff0000;\"><span style=\"color: #0000ff;\"><span style=\"color: #ff0000;\"><span style=\"color: #0000ff;\"><span style=\"color: #ff0000;\"><span style=\"color: #0000ff;\"><em><span style=\"color: #ff0000;\">Dur :<\/span>\u00a030 minutes <\/em><\/span><\/span><\/span><\/span><\/span><\/span><\/span><\/span><\/span><\/span><\/span><\/span><\/span><\/p>\n<p style=\"text-align: center;\"><span style=\"font-family: georgia,serif;\"><span style=\"color: #0000ff; font-size: x-large; text-decoration: underline;\"><em>\u0152ufs de canne<\/em><\/span><\/span><\/p>\n<p style=\"text-align: center;\"><span style=\"font-family: georgia,serif;\"><span style=\"color: #ff0000; font-size: large;\"><span style=\"color: #0000ff;\"><span style=\"color: #ff0000; font-size: large;\"><span style=\"color: #0000ff;\"><span style=\"color: #ff0000; font-size: large;\"><span style=\"color: #0000ff;\"><span style=\"color: #ff0000;\"><span style=\"color: #0000ff;\"><span style=\"color: #ff0000;\"><span style=\"color: #0000ff;\"><span style=\"color: #ff0000;\"><span style=\"color: #0000ff;\"><em><span style=\"color: #ff0000;\">Dur :<\/span>\u00a015 minutes <\/em><\/span><\/span><\/span><\/span><\/span><\/span><\/span><\/span><\/span><\/span><\/span><\/span><\/span><\/p>\n<p>&nbsp;<\/p>\n<p style=\"text-align: center;\"><span style=\"font-family: georgia,serif;\"><span style=\"color: #ff0000; font-size: large;\"><em><span style=\"color: #0000ff;\"><img loading=\"lazy\" decoding=\"async\" src=\"http:\/\/eurekasophie.unblog.fr\/files\/2008\/10\/oeufs012.gif\" alt=\"\" width=\"200\" height=\"156\" \/><\/span><\/em><\/span><\/span><\/p>\n<p>&nbsp;<\/p>\n<p style=\"text-align: center;\"><span style=\"font-family: georgia,serif;\"><span style=\"color: #ff0000; font-size: large;\"><em><span style=\"color: #0000ff;\">Bonnes recettes!<\/span><\/em><\/span><\/span><\/p>\n<p><img loading=\"lazy\" decoding=\"async\" class=\"aligncenter wp-image-16654 size-full\" src=\"http:\/\/recettes-gourmandes-de-joce.fr\/wp-content\/uploads\/2020\/01\/logitech-gaming-software-14112014-121223.jpg\" alt=\"\" width=\"640\" height=\"144\" srcset=\"http:\/\/recettes-gourmandes-de-joce.fr\/wp-content\/uploads\/2020\/01\/logitech-gaming-software-14112014-121223.jpg 640w, http:\/\/recettes-gourmandes-de-joce.fr\/wp-content\/uploads\/2020\/01\/logitech-gaming-software-14112014-121223-300x68.jpg 300w\" sizes=\"auto, (max-width: 640px) 100vw, 640px\" \/><\/p>\n","protected":false},"excerpt":{"rendered":"<p>\u00a0\u00a0 \u00a0 Comment savoir reconnaitre des oeufs frais! Il suffit pour cela de plonger vos \u0153ufs\u00a0dans un saladier d&rsquo;eau froide, si ceux ci restent au fond ils sont frais, si ils flottent n&rsquo;h\u00e9sitez pas jeter les! Un rappel du temps de cuisson des oeufs \u0152ufs de poule En omelette -&gt; 4\/5 minutes Coque -&gt;\u00a03 minutes &hellip; <\/p>\n<p><a class=\"more-link btn\" href=\"http:\/\/recettes-gourmandes-de-joce.fr\/index.php\/index-divers\/trucs-et-astuces\/comment-savoir-si-des-oeufs-sont-frais\/\">Lire la suite<\/a><\/p>\n","protected":false},"author":2,"featured_media":11660,"parent":303,"menu_order":0,"comment_status":"open","ping_status":"closed","template":"","meta":{"footnotes":""},"class_list":["post-11659","page","type-page","status-publish","has-post-thumbnail","hentry","nodate","item-wrap"],"_links":{"self":[{"href":"http:\/\/recettes-gourmandes-de-joce.fr\/index.php\/wp-json\/wp\/v2\/pages\/11659","targetHints":{"allow":["GET"]}}],"collection":[{"href":"http:\/\/recettes-gourmandes-de-joce.fr\/index.php\/wp-json\/wp\/v2\/pages"}],"about":[{"href":"http:\/\/recettes-gourmandes-de-joce.fr\/index.php\/wp-json\/wp\/v2\/types\/page"}],"author":[{"embeddable":true,"href":"http:\/\/recettes-gourmandes-de-joce.fr\/index.php\/wp-json\/wp\/v2\/users\/2"}],"replies":[{"embeddable":true,"href":"http:\/\/recettes-gourmandes-de-joce.fr\/index.php\/wp-json\/wp\/v2\/comments?post=11659"}],"version-history":[{"count":3,"href":"http:\/\/recettes-gourmandes-de-joce.fr\/index.php\/wp-json\/wp\/v2\/pages\/11659\/revisions"}],"predecessor-version":[{"id":22158,"href":"http:\/\/recettes-gourmandes-de-joce.fr\/index.php\/wp-json\/wp\/v2\/pages\/11659\/revisions\/22158"}],"up":[{"embeddable":true,"href":"http:\/\/recettes-gourmandes-de-joce.fr\/index.php\/wp-json\/wp\/v2\/pages\/303"}],"wp:featuredmedia":[{"embeddable":true,"href":"http:\/\/recettes-gourmandes-de-joce.fr\/index.php\/wp-json\/wp\/v2\/media\/11660"}],"wp:attachment":[{"href":"http:\/\/recettes-gourmandes-de-joce.fr\/index.php\/wp-json\/wp\/v2\/media?parent=11659"}],"curies":[{"name":"wp","href":"https:\/\/api.w.org\/{rel}","templated":true}]}}