{"id":11504,"date":"2019-11-30T18:46:41","date_gmt":"2019-11-30T18:46:41","guid":{"rendered":"http:\/\/recettes-gourmandes-de-joce.fr\/?page_id=11504"},"modified":"2024-07-05T10:25:57","modified_gmt":"2024-07-05T10:25:57","slug":"oranais-aux-abricots","status":"publish","type":"page","link":"http:\/\/recettes-gourmandes-de-joce.fr\/index.php\/index\/pains-viennoiseries-map\/viennoiseries\/oranais-aux-abricots\/","title":{"rendered":"Oranais aux abricots."},"content":{"rendered":"<p style=\"text-align: center;\"><span style=\"text-decoration: underline; color: #ff6600;\"><em style=\"font-family: georgia, palatino, serif; font-size: 24px;\">Une de mes recettes<\/em><\/span><\/p>\n<p style=\"text-align: center;\"><img loading=\"lazy\" decoding=\"async\" class=\"alignnone wp-image-12256\" src=\"http:\/\/recettes-gourmandes-de-joce.fr\/wp-content\/uploads\/2019\/12\/P5300179-150x150.jpg\" alt=\"\" width=\"200\" height=\"180\" srcset=\"http:\/\/recettes-gourmandes-de-joce.fr\/wp-content\/uploads\/2019\/12\/P5300179-300x270.jpg 300w, http:\/\/recettes-gourmandes-de-joce.fr\/wp-content\/uploads\/2019\/12\/P5300179.jpg 640w\" sizes=\"auto, (max-width: 200px) 100vw, 200px\" \/> <img loading=\"lazy\" decoding=\"async\" class=\"alignnone wp-image-12254\" src=\"http:\/\/recettes-gourmandes-de-joce.fr\/wp-content\/uploads\/2019\/12\/P5300174-150x150.jpg\" alt=\"\" width=\"240\" height=\"180\" srcset=\"http:\/\/recettes-gourmandes-de-joce.fr\/wp-content\/uploads\/2019\/12\/P5300174-300x225.jpg 300w, http:\/\/recettes-gourmandes-de-joce.fr\/wp-content\/uploads\/2019\/12\/P5300174.jpg 640w\" sizes=\"auto, (max-width: 240px) 100vw, 240px\" \/> <img loading=\"lazy\" decoding=\"async\" class=\"alignnone wp-image-12252\" src=\"http:\/\/recettes-gourmandes-de-joce.fr\/wp-content\/uploads\/2019\/12\/P5300172-150x150.jpg\" alt=\"\" width=\"201\" height=\"180\" srcset=\"http:\/\/recettes-gourmandes-de-joce.fr\/wp-content\/uploads\/2019\/12\/P5300172-300x268.jpg 300w, http:\/\/recettes-gourmandes-de-joce.fr\/wp-content\/uploads\/2019\/12\/P5300172.jpg 640w\" sizes=\"auto, (max-width: 201px) 100vw, 201px\" \/><\/p>\n<p style=\"text-align: center;\"><span style=\"font-size: 18pt; font-family: georgia, palatino, serif;\"><span style=\"color: #ff6600; text-decoration: underline;\"><em>Ingr\u00e9dients pour 7 oranais<\/em><\/span><\/span><\/p>\n<p style=\"text-align: center;\"><span style=\"color: #ff6600; font-family: georgia, palatino, serif; font-size: 14pt;\"><em><img loading=\"lazy\" decoding=\"async\" class=\"alignnone size-thumbnail wp-image-11499\" src=\"http:\/\/recettes-gourmandes-de-joce.fr\/wp-content\/uploads\/2019\/11\/P2080232-150x150.jpg\" alt=\"\" width=\"150\" height=\"150\" \/>\u00a0<\/em><\/span><\/p>\n<p style=\"text-align: center;\"><span style=\"font-size: 14pt; font-family: georgia, palatino, serif;\"><em><span style=\"color: #ff6600;\">2\u00a0p\u00e2tes feuillet\u00e9es<\/span><\/em><\/span><\/p>\n<p style=\"text-align: center;\"><span style=\"font-size: 14pt; font-family: georgia, palatino, serif;\"><em><span style=\"color: #ff6600;\">1 boite d&rsquo;abricots au sirop (voir deux !)<\/span><\/em><\/span><\/p>\n<p style=\"text-align: center;\"><span style=\"font-size: 14pt; font-family: georgia, palatino, serif;\"><em><span style=\"color: #ff6600;\">\u00a0<\/span><\/em><em><span style=\"color: #ff6600;\">du sucre en grain<\/span><\/em><\/span><\/p>\n<p style=\"text-align: center;\"><span style=\"font-size: 14pt; font-family: georgia, palatino, serif;\"><em><span style=\"color: #ff6600;\">1 \u0153uf<\/span><\/em><\/span><\/p>\n<p style=\"text-align: center;\"><span style=\"font-size: 14pt; font-family: georgia, palatino, serif;\"><em><span style=\"color: #ff6600;\">confiture d&rsquo;abricot<\/span><\/em><\/span><\/p>\n<p style=\"text-align: center;\"><span style=\"color: #ff6600; font-size: 14pt; text-decoration: underline; font-family: georgia, palatino, serif;\"><em>Pour la cr\u00e8me p\u00e2tissi\u00e8re<\/em><\/span><\/p>\n<p style=\"text-align: center;\"><span style=\"font-size: 14pt; font-family: georgia, palatino, serif;\"><em><span style=\"color: #ff6600;\">25 cl de lait<\/span><\/em><\/span><\/p>\n<p style=\"text-align: center;\"><span style=\"font-size: 14pt; font-family: georgia, palatino, serif;\"><em><span style=\"color: #ff6600;\">1 sachet de sucre vanill\u00e9<\/span><\/em><\/span><\/p>\n<p style=\"text-align: center;\"><span style=\"font-size: 14pt; font-family: georgia, palatino, serif;\"><em><span style=\"color: #ff6600;\">55 g de sucre en poudre<\/span><\/em><\/span><\/p>\n<p style=\"text-align: center;\"><span style=\"font-size: 14pt; font-family: georgia, palatino, serif;\"><em><span style=\"color: #ff6600;\">20 g de ma\u00efzena<\/span><\/em><\/span><\/p>\n<p style=\"text-align: center;\"><span style=\"font-size: 14pt; font-family: georgia, palatino, serif;\"><em><span style=\"color: #ff6600;\">2 jaunes d&rsquo;\u0153ufs<\/span><\/em><\/span><\/p>\n<p style=\"text-align: center;\"><span style=\"font-size: 14pt; font-family: georgia, palatino, serif;\"><em><span style=\"color: #ff6600;\">Pr\u00e9parer votre cr\u00e8me p\u00e2tissi\u00e8re recette sur ce lien -&gt; <a href=\"http:\/\/recettes-gourmandes-de-joce.fr\/index.php\/index\/desserts\/pates-cremes-glacages\/creme-patissiere\/\">Cr\u00e8me p\u00e2tissi\u00e8re <img loading=\"lazy\" decoding=\"async\" class=\"alignnone size-thumbnail wp-image-11500\" src=\"http:\/\/recettes-gourmandes-de-joce.fr\/wp-content\/uploads\/2019\/11\/P2080242-150x150.jpg\" alt=\"\" width=\"150\" height=\"150\" \/><\/a><\/span><\/em><\/span><\/p>\n<p style=\"text-align: center;\"><span style=\"font-size: 14pt; font-family: georgia, palatino, serif;\"><em><span style=\"color: #ff6600;\"> <img loading=\"lazy\" decoding=\"async\" class=\"alignnone wp-image-11500\" src=\"http:\/\/recettes-gourmandes-de-joce.fr\/wp-content\/uploads\/2019\/11\/P2080242-150x150.jpg\" alt=\"\" width=\"211\" height=\"155\" srcset=\"http:\/\/recettes-gourmandes-de-joce.fr\/wp-content\/uploads\/2019\/11\/P2080242-300x221.jpg 300w, http:\/\/recettes-gourmandes-de-joce.fr\/wp-content\/uploads\/2019\/11\/P2080242.jpg 640w\" sizes=\"auto, (max-width: 211px) 100vw, 211px\" \/> <img loading=\"lazy\" decoding=\"async\" class=\"alignnone wp-image-11501\" src=\"http:\/\/recettes-gourmandes-de-joce.fr\/wp-content\/uploads\/2019\/11\/P2080245-150x150.jpg\" alt=\"\" width=\"207\" height=\"155\" srcset=\"http:\/\/recettes-gourmandes-de-joce.fr\/wp-content\/uploads\/2019\/11\/P2080245-300x225.jpg 300w, http:\/\/recettes-gourmandes-de-joce.fr\/wp-content\/uploads\/2019\/11\/P2080245.jpg 640w\" sizes=\"auto, (max-width: 207px) 100vw, 207px\" \/> <img loading=\"lazy\" decoding=\"async\" class=\"alignnone wp-image-11502\" src=\"http:\/\/recettes-gourmandes-de-joce.fr\/wp-content\/uploads\/2019\/11\/P2080246-150x150.jpg\" alt=\"\" width=\"207\" height=\"155\" srcset=\"http:\/\/recettes-gourmandes-de-joce.fr\/wp-content\/uploads\/2019\/11\/P2080246-300x225.jpg 300w, http:\/\/recettes-gourmandes-de-joce.fr\/wp-content\/uploads\/2019\/11\/P2080246.jpg 640w\" sizes=\"auto, (max-width: 207px) 100vw, 207px\" \/><\/span><\/em><\/span><\/p>\n<p style=\"text-align: center;\"><span style=\"font-family: georgia, palatino, serif; font-size: 14pt;\"><em><span style=\"color: #ff6600;\"><em><span style=\"color: #ff6600;\">Laisser votre cr\u00e8me ensuite refroidir<\/span><\/em>. <\/span><\/em><em><span style=\"color: #ff6600;\">Pr\u00e9chauffer votre four \u00e0 200\u00b0. <\/span><\/em><em><span style=\"color: #ff6600;\"><em>Couper votre p\u00e2te feuillet\u00e9e en 4 et former des carr\u00e9s.<\/em><\/span><\/em><\/span><\/p>\n<p style=\"text-align: center;\"><span style=\"font-family: georgia, palatino, serif; font-size: 14pt;\"><img loading=\"lazy\" decoding=\"async\" class=\"alignnone wp-image-11491\" src=\"http:\/\/recettes-gourmandes-de-joce.fr\/wp-content\/uploads\/2019\/11\/P2080247-150x150.jpg\" alt=\"\" width=\"206\" height=\"155\" srcset=\"http:\/\/recettes-gourmandes-de-joce.fr\/wp-content\/uploads\/2019\/11\/P2080247-300x226.jpg 300w, http:\/\/recettes-gourmandes-de-joce.fr\/wp-content\/uploads\/2019\/11\/P2080247.jpg 640w\" sizes=\"auto, (max-width: 206px) 100vw, 206px\" \/> <img loading=\"lazy\" decoding=\"async\" class=\"alignnone wp-image-11492\" src=\"http:\/\/recettes-gourmandes-de-joce.fr\/wp-content\/uploads\/2019\/11\/P2080248-150x150.jpg\" alt=\"\" width=\"207\" height=\"155\" srcset=\"http:\/\/recettes-gourmandes-de-joce.fr\/wp-content\/uploads\/2019\/11\/P2080248-300x225.jpg 300w, http:\/\/recettes-gourmandes-de-joce.fr\/wp-content\/uploads\/2019\/11\/P2080248.jpg 640w\" sizes=\"auto, (max-width: 207px) 100vw, 207px\" \/> <img loading=\"lazy\" decoding=\"async\" class=\"alignnone wp-image-11456\" src=\"http:\/\/recettes-gourmandes-de-joce.fr\/wp-content\/uploads\/2019\/11\/P2250158-1-150x150.jpg\" alt=\"\" width=\"207\" height=\"155\" srcset=\"http:\/\/recettes-gourmandes-de-joce.fr\/wp-content\/uploads\/2019\/11\/P2250158-1-300x225.jpg 300w, http:\/\/recettes-gourmandes-de-joce.fr\/wp-content\/uploads\/2019\/11\/P2250158-1.jpg 640w\" sizes=\"auto, (max-width: 207px) 100vw, 207px\" \/><\/span><\/p>\n<p style=\"text-align: center;\"><span style=\"font-family: georgia, palatino, serif; font-size: 14pt;\"><em><span style=\"color: #ff6600;\"><em><span style=\"color: #ff6600;\">Dans la diagonale verser deux c \u00e0 <\/span><\/em><em><span style=\"color: #ff6600;\">soupe de cr\u00e8me p\u00e2tissi\u00e8re <\/span><\/em><em><span style=\"color: #ff6600;\">froide, d\u00e9poser dessus 3 demi abricots. <\/span><\/em><\/span><\/em><em><span style=\"color: #ff6600;\">Rabattre les deux\u00a0<em>pointes des cot\u00e9s et les souder avec de l&rsquo;\u0153uf.\u00a0<\/em><\/span><\/em><\/span><\/p>\n<p style=\"text-align: center;\"><span style=\"font-size: 14pt; font-family: georgia, palatino, serif;\"><img loading=\"lazy\" decoding=\"async\" class=\"alignnone wp-image-11493\" src=\"http:\/\/recettes-gourmandes-de-joce.fr\/wp-content\/uploads\/2019\/11\/P2080249-150x150.jpg\" alt=\"\" width=\"186\" height=\"155\" srcset=\"http:\/\/recettes-gourmandes-de-joce.fr\/wp-content\/uploads\/2019\/11\/P2080249-300x249.jpg 300w, http:\/\/recettes-gourmandes-de-joce.fr\/wp-content\/uploads\/2019\/11\/P2080249.jpg 640w\" sizes=\"auto, (max-width: 186px) 100vw, 186px\" \/><em><span style=\"color: #ff6600;\">\u00a0<img loading=\"lazy\" decoding=\"async\" class=\"alignnone wp-image-11494\" src=\"http:\/\/recettes-gourmandes-de-joce.fr\/wp-content\/uploads\/2019\/11\/P2080250-150x150.jpg\" alt=\"\" width=\"200\" height=\"155\" srcset=\"http:\/\/recettes-gourmandes-de-joce.fr\/wp-content\/uploads\/2019\/11\/P2080250-300x233.jpg 300w, http:\/\/recettes-gourmandes-de-joce.fr\/wp-content\/uploads\/2019\/11\/P2080250.jpg 640w\" sizes=\"auto, (max-width: 200px) 100vw, 200px\" \/> <\/span><\/em><img loading=\"lazy\" decoding=\"async\" class=\"alignnone wp-image-11505\" src=\"http:\/\/recettes-gourmandes-de-joce.fr\/wp-content\/uploads\/2019\/11\/Logitech-Gaming-Software-30112019-193746.bmp-150x150.jpg\" alt=\"\" width=\"221\" height=\"155\" srcset=\"http:\/\/recettes-gourmandes-de-joce.fr\/wp-content\/uploads\/2019\/11\/Logitech-Gaming-Software-30112019-193746.bmp-300x210.jpg 300w, http:\/\/recettes-gourmandes-de-joce.fr\/wp-content\/uploads\/2019\/11\/Logitech-Gaming-Software-30112019-193746.bmp.jpg 640w\" sizes=\"auto, (max-width: 221px) 100vw, 221px\" \/><\/span><\/p>\n<p style=\"text-align: center;\"><span style=\"font-size: 14pt; font-family: georgia, palatino, serif;\"><em><span style=\"color: #ff6600;\"><em><em>Passer \u00e0 l&rsquo;\u0153uf battu<\/em><\/em><\/span><\/em><em><span style=\"color: #ff6600;\"><em><span style=\"color: #ff6600;\"><em><span style=\"color: #ff6600;\">\u00a0et saupoudrer de grains de sucre <\/span><\/em><em><span style=\"color: #ff6600;\">enfourner 25 minutes \u00e0 200\u00b0. <\/span><\/em><\/span><\/em><\/span><\/em><\/span><\/p>\n<p style=\"text-align: center;\"><span style=\"font-family: georgia, palatino, serif; font-size: 14pt;\"><img loading=\"lazy\" decoding=\"async\" class=\"alignnone wp-image-11495\" src=\"http:\/\/recettes-gourmandes-de-joce.fr\/wp-content\/uploads\/2019\/11\/P2080251-150x150.jpg\" alt=\"\" width=\"213\" height=\"155\" srcset=\"http:\/\/recettes-gourmandes-de-joce.fr\/wp-content\/uploads\/2019\/11\/P2080251-300x218.jpg 300w, http:\/\/recettes-gourmandes-de-joce.fr\/wp-content\/uploads\/2019\/11\/P2080251.jpg 640w\" sizes=\"auto, (max-width: 213px) 100vw, 213px\" \/><\/span><\/p>\n<p style=\"text-align: center;\"><span style=\"font-size: 14pt; font-family: georgia, palatino, serif;\"><em><span style=\"color: #ff6600;\"><em><span style=\"color: #ff6600;\"><em><span style=\"color: #ff6600;\">Passer les oranais \u00e0 la sortie <\/span><\/em><em><span style=\"color: #ff6600;\">du four de confiture d&rsquo;abricot.<\/span><\/em><\/span><\/em><\/span><\/em><\/span><\/p>\n<p style=\"text-align: center;\"><span style=\"font-size: 14pt; font-family: georgia, palatino, serif;\"><em><span style=\"color: #ff6600;\">Bonne d\u00e9gustation!<\/span><\/em><span style=\"color: #ff6600;\"><em>\u00a0<\/em><\/span><\/span><\/p>\n<p style=\"text-align: center;\">\u00a0<img loading=\"lazy\" decoding=\"async\" class=\"alignnone wp-image-12255\" src=\"http:\/\/recettes-gourmandes-de-joce.fr\/wp-content\/uploads\/2019\/12\/P5300178-150x150.jpg\" alt=\"\" width=\"213\" height=\"180\" srcset=\"http:\/\/recettes-gourmandes-de-joce.fr\/wp-content\/uploads\/2019\/12\/P5300178-300x253.jpg 300w, http:\/\/recettes-gourmandes-de-joce.fr\/wp-content\/uploads\/2019\/12\/P5300178.jpg 640w\" sizes=\"auto, (max-width: 213px) 100vw, 213px\" \/> <img loading=\"lazy\" decoding=\"async\" class=\"alignnone wp-image-12253\" src=\"http:\/\/recettes-gourmandes-de-joce.fr\/wp-content\/uploads\/2019\/12\/P5300173-150x150.jpg\" alt=\"\" width=\"240\" height=\"180\" srcset=\"http:\/\/recettes-gourmandes-de-joce.fr\/wp-content\/uploads\/2019\/12\/P5300173-300x225.jpg 300w, http:\/\/recettes-gourmandes-de-joce.fr\/wp-content\/uploads\/2019\/12\/P5300173.jpg 640w\" sizes=\"auto, (max-width: 240px) 100vw, 240px\" \/> <img loading=\"lazy\" decoding=\"async\" class=\"alignnone wp-image-12256\" src=\"http:\/\/recettes-gourmandes-de-joce.fr\/wp-content\/uploads\/2019\/12\/P5300179-150x150.jpg\" alt=\"\" width=\"200\" height=\"180\" srcset=\"http:\/\/recettes-gourmandes-de-joce.fr\/wp-content\/uploads\/2019\/12\/P5300179-300x270.jpg 300w, http:\/\/recettes-gourmandes-de-joce.fr\/wp-content\/uploads\/2019\/12\/P5300179.jpg 640w\" sizes=\"auto, (max-width: 200px) 100vw, 200px\" \/><\/p>\n<p style=\"text-align: center;\"><img loading=\"lazy\" decoding=\"async\" class=\"alignnone size-full wp-image-59803\" src=\"http:\/\/recettes-gourmandes-de-joce.fr\/wp-content\/uploads\/2024\/01\/logitech-gaming-software-14112014-121223.jpg\" alt=\"\" width=\"640\" height=\"144\" \/><\/p>\n<h3>Commentaires\u00a0<small>(2)<\/small><\/h3>\n<div class=\"items-container\">\n<div class=\"item item-comment media\">\n<div class=\"pull-left\">\n<p>&nbsp;<\/p>\n<p><img decoding=\"async\" class=\"media-object\" src=\"https:\/\/www.gravatar.com\/avatar\/57136a7bc31f638a46a6dd087d9da5df?d=https%3A%2F%2Fwww.recettes-gourmandes-de-joce.com%2Fmedias%2Fstatic%2Fmanager%2Fim%2Favatar.png?s=50&amp;d=mm\" alt=\"sophie\" width=\"50\" \/><\/p>\n<\/div>\n<div class=\"media-body\">\n<ul class=\"inline item-infos\">\n<li><span class=\"comment-number\">1.<\/span>\u00a0<span class=\"comment-author\"><strong>sophie<\/strong>\u00a0(<a rel=\"nofollow\">site web<\/a>)<\/span>\u00a0<span class=\"comment-date\">| 27\/11\/2013<\/span><\/li>\n<\/ul>\n<div class=\"comment-content\">mhh, bient\u00f4t le gouter<\/div>\n<div class=\"item item-comment media by-webmaster\">\n<div class=\"pull-left\">\n<p>&nbsp;<\/p>\n<\/div>\n<div class=\"media-body\">\n<ul class=\"inline item-infos\">\n<li><span class=\"comment-author\"><strong>jocelyne debon<\/strong>\u00a0(<a rel=\"nofollow\">site web<\/a>)<\/span>\u00a0<span class=\"comment-date\">| 27\/11\/2013<\/span><\/li>\n<\/ul>\n<div class=\"comment-content\">Gourmande \ud83d\ude09<\/div>\n<div class=\"comment-content\">Bisousssss<\/div>\n<div class=\"comment-content\">Amicalement Joce<\/div>\n<\/div>\n<\/div>\n<\/div>\n<\/div>\n<\/div>\n","protected":false},"excerpt":{"rendered":"<p>Une de mes recettes Ingr\u00e9dients pour 7 oranais \u00a0 2\u00a0p\u00e2tes feuillet\u00e9es 1 boite d&rsquo;abricots au sirop (voir deux !) \u00a0du sucre en grain 1 \u0153uf confiture d&rsquo;abricot Pour la cr\u00e8me p\u00e2tissi\u00e8re 25 cl de lait 1 sachet de sucre vanill\u00e9 55 g de sucre en poudre 20 g de ma\u00efzena 2 jaunes d&rsquo;\u0153ufs Pr\u00e9parer votre &hellip; <\/p>\n<p><a class=\"more-link btn\" href=\"http:\/\/recettes-gourmandes-de-joce.fr\/index.php\/index\/pains-viennoiseries-map\/viennoiseries\/oranais-aux-abricots\/\">Lire la suite<\/a><\/p>\n","protected":false},"author":2,"featured_media":86918,"parent":282,"menu_order":0,"comment_status":"open","ping_status":"closed","template":"","meta":{"footnotes":""},"class_list":["post-11504","page","type-page","status-publish","has-post-thumbnail","hentry","nodate","item-wrap"],"_links":{"self":[{"href":"http:\/\/recettes-gourmandes-de-joce.fr\/index.php\/wp-json\/wp\/v2\/pages\/11504","targetHints":{"allow":["GET"]}}],"collection":[{"href":"http:\/\/recettes-gourmandes-de-joce.fr\/index.php\/wp-json\/wp\/v2\/pages"}],"about":[{"href":"http:\/\/recettes-gourmandes-de-joce.fr\/index.php\/wp-json\/wp\/v2\/types\/page"}],"author":[{"embeddable":true,"href":"http:\/\/recettes-gourmandes-de-joce.fr\/index.php\/wp-json\/wp\/v2\/users\/2"}],"replies":[{"embeddable":true,"href":"http:\/\/recettes-gourmandes-de-joce.fr\/index.php\/wp-json\/wp\/v2\/comments?post=11504"}],"version-history":[{"count":8,"href":"http:\/\/recettes-gourmandes-de-joce.fr\/index.php\/wp-json\/wp\/v2\/pages\/11504\/revisions"}],"predecessor-version":[{"id":86919,"href":"http:\/\/recettes-gourmandes-de-joce.fr\/index.php\/wp-json\/wp\/v2\/pages\/11504\/revisions\/86919"}],"up":[{"embeddable":true,"href":"http:\/\/recettes-gourmandes-de-joce.fr\/index.php\/wp-json\/wp\/v2\/pages\/282"}],"wp:featuredmedia":[{"embeddable":true,"href":"http:\/\/recettes-gourmandes-de-joce.fr\/index.php\/wp-json\/wp\/v2\/media\/86918"}],"wp:attachment":[{"href":"http:\/\/recettes-gourmandes-de-joce.fr\/index.php\/wp-json\/wp\/v2\/media?parent=11504"}],"curies":[{"name":"wp","href":"https:\/\/api.w.org\/{rel}","templated":true}]}}