{"id":11160,"date":"2019-11-28T12:26:20","date_gmt":"2019-11-28T12:26:20","guid":{"rendered":"http:\/\/recettes-gourmandes-de-joce.fr\/?page_id=11160"},"modified":"2025-03-25T10:06:03","modified_gmt":"2025-03-25T10:06:03","slug":"mini-pizzas-aperitives","status":"publish","type":"page","link":"http:\/\/recettes-gourmandes-de-joce.fr\/index.php\/index\/aperitifs-amuses-bouches\/feuilletes-aperitifs\/mini-pizzas-aperitives\/","title":{"rendered":"Mini pizzas ap\u00e9ritives en deux pr\u00e9sentations."},"content":{"rendered":"<p style=\"text-align: center;\"><span style=\"font-size: 14pt;\"><em style=\"font-size: 24px;\"><span style=\"font-family: georgia, palatino, serif;\"><span style=\"color: #ff9900; text-decoration: underline;\">Une de mes recettes<\/span><\/span><\/em><\/span><\/p>\n<p style=\"text-align: center;\"><span style=\"font-size: 14pt;\"><em><span style=\"font-family: georgia, palatino, serif;\"><img loading=\"lazy\" decoding=\"async\" class=\"alignnone wp-image-11153\" src=\"http:\/\/recettes-gourmandes-de-joce.fr\/wp-content\/uploads\/2019\/11\/P5150545-150x150.jpg\" alt=\"\" width=\"180\" height=\"180\" srcset=\"http:\/\/recettes-gourmandes-de-joce.fr\/wp-content\/uploads\/2019\/11\/P5150545-150x150.jpg 150w, http:\/\/recettes-gourmandes-de-joce.fr\/wp-content\/uploads\/2019\/11\/P5150545-300x300.jpg 300w, http:\/\/recettes-gourmandes-de-joce.fr\/wp-content\/uploads\/2019\/11\/P5150545.jpg 639w\" sizes=\"auto, (max-width: 180px) 100vw, 180px\" \/> <img loading=\"lazy\" decoding=\"async\" class=\"alignnone wp-image-11188\" src=\"http:\/\/recettes-gourmandes-de-joce.fr\/wp-content\/uploads\/2019\/11\/P1010266-150x150.jpg\" alt=\"\" width=\"228\" height=\"180\" srcset=\"http:\/\/recettes-gourmandes-de-joce.fr\/wp-content\/uploads\/2019\/11\/P1010266-300x237.jpg 300w, http:\/\/recettes-gourmandes-de-joce.fr\/wp-content\/uploads\/2019\/11\/P1010266.jpg 640w\" sizes=\"auto, (max-width: 228px) 100vw, 228px\" \/>\u00a0<img loading=\"lazy\" decoding=\"async\" class=\"alignnone wp-image-11152\" src=\"http:\/\/recettes-gourmandes-de-joce.fr\/wp-content\/uploads\/2019\/11\/P5150544-150x150.jpg\" alt=\"\" width=\"240\" height=\"180\" srcset=\"http:\/\/recettes-gourmandes-de-joce.fr\/wp-content\/uploads\/2019\/11\/P5150544-300x225.jpg 300w, http:\/\/recettes-gourmandes-de-joce.fr\/wp-content\/uploads\/2019\/11\/P5150544.jpg 640w\" sizes=\"auto, (max-width: 240px) 100vw, 240px\" \/><\/span><\/em><\/span><\/p>\n<p style=\"text-align: center;\"><span style=\"font-size: 18pt;\"><em><span style=\"font-family: georgia, palatino, serif;\"><span style=\"color: #ff9900; text-decoration: underline;\">Ingr\u00e9dients pour 20 pizzas<\/span><\/span><\/em><\/span><\/p>\n<p style=\"text-align: center;\"><span style=\"font-size: 14pt;\"><em><span style=\"font-family: georgia, palatino, serif;\"><span style=\"color: #ff9900; text-decoration: underline;\"><img loading=\"lazy\" decoding=\"async\" class=\"alignnone wp-image-11155\" src=\"http:\/\/recettes-gourmandes-de-joce.fr\/wp-content\/uploads\/2019\/11\/P5150526-150x150.jpg\" alt=\"\" width=\"251\" height=\"175\" srcset=\"http:\/\/recettes-gourmandes-de-joce.fr\/wp-content\/uploads\/2019\/11\/P5150526-300x209.jpg 300w, http:\/\/recettes-gourmandes-de-joce.fr\/wp-content\/uploads\/2019\/11\/P5150526.jpg 640w\" sizes=\"auto, (max-width: 251px) 100vw, 251px\" \/> <img loading=\"lazy\" decoding=\"async\" class=\"alignnone wp-image-11180\" src=\"http:\/\/recettes-gourmandes-de-joce.fr\/wp-content\/uploads\/2019\/11\/P1010249-150x150.jpg\" alt=\"\" width=\"230\" height=\"175\" srcset=\"http:\/\/recettes-gourmandes-de-joce.fr\/wp-content\/uploads\/2019\/11\/P1010249-300x228.jpg 300w, http:\/\/recettes-gourmandes-de-joce.fr\/wp-content\/uploads\/2019\/11\/P1010249.jpg 640w\" sizes=\"auto, (max-width: 230px) 100vw, 230px\" \/><\/span><\/span><\/em><\/span><\/p>\n<p style=\"text-align: center;\"><span style=\"font-size: 14pt;\"><em><span style=\"font-family: georgia, palatino, serif;\"><span style=\"color: #ff9900;\">1 p\u00e2te feuillet\u00e9e ou \u00e0 pizza<\/span><\/span><\/em><\/span><\/p>\n<p style=\"text-align: center;\"><span style=\"font-size: 14pt;\"><em><span style=\"font-family: georgia, palatino, serif;\"><span style=\"color: #ff9900;\">10 olives vertes<\/span><\/span><\/em><\/span><\/p>\n<p style=\"text-align: center;\"><span style=\"font-size: 14pt;\"><em><span style=\"font-family: georgia, palatino, serif;\"><span style=\"color: #ff9900;\">40 lardons fum\u00e9s<\/span><\/span><\/em><\/span><\/p>\n<p style=\"text-align: center;\"><span style=\"font-size: 14pt;\"><em><span style=\"font-family: georgia, palatino, serif;\"><span style=\"color: #ff9900;\">1 belle \u00e9chalote<\/span><\/span><\/em><\/span><\/p>\n<p style=\"text-align: center;\"><span style=\"font-size: 14pt;\"><em><span style=\"font-family: georgia, palatino, serif;\"><span style=\"color: #ff9900;\">1 petite brique de coulis de tomates<\/span><\/span><\/em><\/span><\/p>\n<p style=\"text-align: center;\"><span style=\"font-size: 14pt;\"><em><span style=\"font-family: georgia, palatino, serif;\"><span style=\"color: #ff9900;\">Sel et poivre<\/span><\/span><\/em><\/span><\/p>\n<p style=\"text-align: center;\"><span style=\"font-size: 14pt;\"><em><span style=\"font-family: georgia, palatino, serif;\"><span style=\"color: #ff9900;\">Herbes pour pizzas ou origan<\/span><\/span><\/em><\/span><\/p>\n<p style=\"text-align: center;\"><span style=\"font-size: 14pt;\"><em><span style=\"font-family: georgia, palatino, serif;\"><span style=\"color: #ff9900;\">Huile d&rsquo;olive <\/span><\/span><\/em><\/span><\/p>\n<p style=\"text-align: center;\"><span style=\"text-decoration: underline; color: #ff9900;\"><span style=\"font-size: 18pt;\"><strong><em><span style=\"font-family: georgia, palatino, serif;\">Version 2<\/span><\/em><\/strong><\/span><\/span><\/p>\n<p style=\"text-align: center;\"><span style=\"font-size: 14pt;\"><em><span style=\"font-family: georgia, palatino, serif;\"><span style=\"color: #ff9900;\">1 p\u00e2te feuillet\u00e9e ou \u00e0 pizza<\/span><\/span><\/em><\/span><\/p>\n<p style=\"text-align: center;\"><span style=\"font-size: 14pt;\"><em><span style=\"font-family: georgia, palatino, serif;\"><span style=\"color: #ff9900;\">Du St Mor\u00eat<\/span><\/span><\/em><\/span><\/p>\n<p style=\"text-align: center;\"><span style=\"font-size: 14pt;\"><em><span style=\"font-family: georgia, palatino, serif;\"><span style=\"color: #ff9900;\"> 1 morceau de poivron <\/span><\/span><\/em><\/span><\/p>\n<p style=\"text-align: center;\"><span style=\"font-size: 14pt;\"><em><span style=\"font-family: georgia, palatino, serif;\"><span style=\"color: #ff9900;\">2 tomates\u00a0 <\/span><\/span><\/em><\/span><\/p>\n<p style=\"text-align: center;\"><span style=\"font-size: 14pt;\"><em><span style=\"font-family: georgia, palatino, serif;\"><span style=\"color: #ff9900;\">1 belle branche de thym <\/span><\/span><\/em><\/span><\/p>\n<p style=\"text-align: center;\"><span style=\"font-size: 14pt;\"><em><span style=\"font-family: georgia, palatino, serif;\"><span style=\"color: #ff9900;\">Piment d&rsquo;Espelette<\/span><\/span><\/em><\/span><\/p>\n<p style=\"text-align: center;\"><span style=\"font-size: 14pt;\"><em><span style=\"font-family: georgia, palatino, serif;\"><span style=\"color: #ff9900;\">Sel\u00a0<\/span><\/span><\/em><\/span><\/p>\n<p style=\"text-align: center;\"><span style=\"font-size: 14pt;\"><em><span style=\"font-family: georgia, palatino, serif;\"><span style=\"color: #ff9900;\">Huile d&rsquo;olive<\/span><\/span><\/em><\/span><\/p>\n<p style=\"text-align: center;\"><span style=\"font-size: 14pt;\"><em><span style=\"font-family: georgia, palatino, serif;\"><img loading=\"lazy\" decoding=\"async\" class=\"alignnone wp-image-11156\" src=\"http:\/\/recettes-gourmandes-de-joce.fr\/wp-content\/uploads\/2019\/11\/P5150527-2-150x150.jpg\" alt=\"\" width=\"217\" height=\"155\" srcset=\"http:\/\/recettes-gourmandes-de-joce.fr\/wp-content\/uploads\/2019\/11\/P5150527-2-300x215.jpg 300w, http:\/\/recettes-gourmandes-de-joce.fr\/wp-content\/uploads\/2019\/11\/P5150527-2.jpg 640w\" sizes=\"auto, (max-width: 217px) 100vw, 217px\" \/> <img loading=\"lazy\" decoding=\"async\" class=\"alignnone wp-image-11157\" src=\"http:\/\/recettes-gourmandes-de-joce.fr\/wp-content\/uploads\/2019\/11\/P5150528-2-150x150.jpg\" alt=\"\" width=\"226\" height=\"155\" srcset=\"http:\/\/recettes-gourmandes-de-joce.fr\/wp-content\/uploads\/2019\/11\/P5150528-2-300x206.jpg 300w, http:\/\/recettes-gourmandes-de-joce.fr\/wp-content\/uploads\/2019\/11\/P5150528-2.jpg 640w\" sizes=\"auto, (max-width: 226px) 100vw, 226px\" \/> <img loading=\"lazy\" decoding=\"async\" class=\"alignnone wp-image-11158\" src=\"http:\/\/recettes-gourmandes-de-joce.fr\/wp-content\/uploads\/2019\/11\/P5150530-150x150.jpg\" alt=\"\" width=\"249\" height=\"155\" srcset=\"http:\/\/recettes-gourmandes-de-joce.fr\/wp-content\/uploads\/2019\/11\/P5150530-300x187.jpg 300w, http:\/\/recettes-gourmandes-de-joce.fr\/wp-content\/uploads\/2019\/11\/P5150530.jpg 640w\" sizes=\"auto, (max-width: 249px) 100vw, 249px\" \/><\/span><\/em><\/span><\/p>\n<p style=\"text-align: center;\"><span style=\"font-size: 14pt;\"><em><span style=\"font-family: georgia, palatino, serif;\"><span style=\"color: #ff9900;\">Peler et \u00e9mincer l&rsquo;\u00e9chalote. <\/span><\/span><\/em><em><span style=\"font-family: georgia, palatino, serif;\"><span style=\"color: #ff9900;\">D\u00e9couper des ronds dans votre p\u00e2te feuillet\u00e9e d&rsquo;environ 5 cm de diam\u00e8tre et les piquer \u00e0 l&rsquo;aide d&rsquo;une fourchette. Mettre un peu de coulis de tomate et l&rsquo;\u00e9taler avec le dos d&rsquo;une petite cuill\u00e8re en \u00e9vitant le bord de la p\u00e2te.\u00a0<\/span><\/span><\/em><\/span><\/p>\n<p style=\"text-align: center;\"><span style=\"font-size: 14pt;\"><em><span style=\"font-family: georgia, palatino, serif;\"><img loading=\"lazy\" decoding=\"async\" class=\"alignnone wp-image-11159\" src=\"http:\/\/recettes-gourmandes-de-joce.fr\/wp-content\/uploads\/2019\/11\/P5150531-150x150.jpg\" alt=\"\" width=\"260\" height=\"155\" srcset=\"http:\/\/recettes-gourmandes-de-joce.fr\/wp-content\/uploads\/2019\/11\/P5150531-300x179.jpg 300w, http:\/\/recettes-gourmandes-de-joce.fr\/wp-content\/uploads\/2019\/11\/P5150531.jpg 640w\" sizes=\"auto, (max-width: 260px) 100vw, 260px\" \/> <img loading=\"lazy\" decoding=\"async\" class=\"alignnone wp-image-11148\" src=\"http:\/\/recettes-gourmandes-de-joce.fr\/wp-content\/uploads\/2019\/11\/P5150532-150x150.jpg\" alt=\"\" width=\"250\" height=\"155\" srcset=\"http:\/\/recettes-gourmandes-de-joce.fr\/wp-content\/uploads\/2019\/11\/P5150532-300x186.jpg 300w, http:\/\/recettes-gourmandes-de-joce.fr\/wp-content\/uploads\/2019\/11\/P5150532.jpg 640w\" sizes=\"auto, (max-width: 250px) 100vw, 250px\" \/> <\/span><\/em><\/span><\/p>\n<p style=\"text-align: center;\"><em style=\"font-size: 18.6667px;\"><span style=\"font-family: georgia, palatino, serif;\"><span style=\"color: #ff9900;\">R\u00e9partir les \u00e9chalotes sur les pizzas, ajouter deux lardons par pizza.<\/span><\/span><\/em><\/p>\n<p style=\"text-align: center;\"><span style=\"font-size: 14pt;\"><img loading=\"lazy\" decoding=\"async\" class=\"alignnone wp-image-11150\" style=\"font-size: 16px;\" src=\"http:\/\/recettes-gourmandes-de-joce.fr\/wp-content\/uploads\/2019\/11\/P5150536-150x150.jpg\" alt=\"\" width=\"207\" height=\"155\" srcset=\"http:\/\/recettes-gourmandes-de-joce.fr\/wp-content\/uploads\/2019\/11\/P5150536-300x225.jpg 300w, http:\/\/recettes-gourmandes-de-joce.fr\/wp-content\/uploads\/2019\/11\/P5150536.jpg 640w\" sizes=\"auto, (max-width: 207px) 100vw, 207px\" \/> <em><span style=\"font-family: georgia, palatino, serif;\"><img loading=\"lazy\" decoding=\"async\" class=\"alignnone wp-image-11149\" src=\"http:\/\/recettes-gourmandes-de-joce.fr\/wp-content\/uploads\/2019\/11\/P5150533-150x150.jpg\" alt=\"\" width=\"249\" height=\"155\" srcset=\"http:\/\/recettes-gourmandes-de-joce.fr\/wp-content\/uploads\/2019\/11\/P5150533-300x187.jpg 300w, http:\/\/recettes-gourmandes-de-joce.fr\/wp-content\/uploads\/2019\/11\/P5150533.jpg 640w\" sizes=\"auto, (max-width: 249px) 100vw, 249px\" \/><\/span><\/em><\/span><\/p>\n<p style=\"text-align: center;\"><span style=\"font-size: 14pt;\"><em><span style=\"font-family: georgia, palatino, serif;\"><span style=\"color: #ff9900;\">Ajouter <\/span><\/span><\/em><\/span><em style=\"font-size: 18.6667px;\"><span style=\"font-family: georgia, palatino, serif;\"><span style=\"color: #ff9900;\">une demi olive et <\/span><\/span><\/em><em style=\"font-size: 14pt;\"><span style=\"font-family: georgia, palatino, serif;\"><span style=\"color: #ff9900;\">un peu d&rsquo;herbes pour pizzas, saler l\u00e9g\u00e8rement et poivrer et verser quelques gouttes d&rsquo;huile d&rsquo;olive. Enfourner \u00e0 200\u00b0 environ 15 \u00e0 20 minutes selon les fours surveiller la cuisson et la coloration.<\/span><\/span><\/em><\/p>\n<p style=\"text-align: center;\"><span style=\"color: #ff9900;\"><em><strong><span style=\"text-decoration: underline; font-family: georgia, palatino, serif; font-size: 18pt;\">Version 2<\/span><\/strong><\/em><\/span><\/p>\n<p style=\"text-align: center;\"><img loading=\"lazy\" decoding=\"async\" class=\"alignnone size-thumbnail wp-image-11181\" src=\"http:\/\/recettes-gourmandes-de-joce.fr\/wp-content\/uploads\/2019\/11\/P1010251-150x150.jpg\" alt=\"\" width=\"150\" height=\"150\" \/> <img loading=\"lazy\" decoding=\"async\" class=\"alignnone size-thumbnail wp-image-11187\" src=\"http:\/\/recettes-gourmandes-de-joce.fr\/wp-content\/uploads\/2019\/11\/P1010262-150x150.jpg\" alt=\"\" width=\"150\" height=\"150\" \/>\u00a0<img loading=\"lazy\" decoding=\"async\" class=\"alignnone size-thumbnail wp-image-11182\" src=\"http:\/\/recettes-gourmandes-de-joce.fr\/wp-content\/uploads\/2019\/11\/P1010253-150x150.jpg\" alt=\"\" width=\"150\" height=\"150\" \/><\/p>\n<p style=\"text-align: center;\"><span style=\"font-family: georgia, palatino, serif; color: #ff9900; font-size: 14pt;\"><em>D\u00e9tailler des carr\u00e9s, passez l\u00e8s \u00e0 l&rsquo;\u0153uf battu, ajouter une touche de fromage frais type St Mor\u00eat au centre.<\/em><\/span><\/p>\n<p style=\"text-align: center;\"><img loading=\"lazy\" decoding=\"async\" class=\"alignnone size-thumbnail wp-image-11183\" src=\"http:\/\/recettes-gourmandes-de-joce.fr\/wp-content\/uploads\/2019\/11\/P1010256-150x150.jpg\" alt=\"\" width=\"150\" height=\"150\" \/> <img loading=\"lazy\" decoding=\"async\" class=\"alignnone size-thumbnail wp-image-11184\" src=\"http:\/\/recettes-gourmandes-de-joce.fr\/wp-content\/uploads\/2019\/11\/P1010257-150x150.jpg\" alt=\"\" width=\"150\" height=\"150\" \/> <img loading=\"lazy\" decoding=\"async\" class=\"alignnone size-thumbnail wp-image-11186\" src=\"http:\/\/recettes-gourmandes-de-joce.fr\/wp-content\/uploads\/2019\/11\/P1010259-150x150.jpg\" alt=\"\" width=\"150\" height=\"150\" \/><\/p>\n<p style=\"text-align: center;\"><span style=\"color: #ff9900;\"><em><span style=\"font-size: 14pt; font-family: georgia, palatino, serif;\">R\u00e9partir les d\u00e9s de tomate et quelques morceaux de poivrons, ajouter une demi olive et parsemer de thym, ajouter une touche d&rsquo;huile d&rsquo;olive et un peu de piment d&rsquo;Espelette.<\/span><\/em><\/span><\/p>\n<p style=\"text-align: center;\"><em><span style=\"font-size: 14pt; font-family: georgia, palatino, serif;\"><span style=\"color: #ff9900;\">Enfourner \u00e0 200\u00b0 environ 15 \u00e0 20 minutes selon les fours surveiller la cuisson et la coloration.<\/span><\/span><\/em><\/p>\n<p style=\"text-align: center;\"><span style=\"font-size: 14pt;\"><em><span style=\"font-family: georgia, palatino, serif;\"><span style=\"color: #ff9900;\">Elles se d\u00e9gustent froides ou chaudes.<\/span><\/span><\/em><\/span><\/p>\n<p style=\"text-align: center;\"><span style=\"font-size: 14pt;\"><em><span style=\"font-family: georgia, palatino, serif;\"><span style=\"color: #ff9900;\">Bon ap\u00e9ritif!<\/span><\/span><\/em><\/span><\/p>\n<p style=\"text-align: center;\"><span style=\"font-size: 14pt;\"><em><span style=\"font-family: georgia, palatino, serif;\"><img loading=\"lazy\" decoding=\"async\" class=\"alignnone wp-image-11153\" src=\"http:\/\/recettes-gourmandes-de-joce.fr\/wp-content\/uploads\/2019\/11\/P5150545-150x150.jpg\" alt=\"\" width=\"180\" height=\"180\" srcset=\"http:\/\/recettes-gourmandes-de-joce.fr\/wp-content\/uploads\/2019\/11\/P5150545-150x150.jpg 150w, http:\/\/recettes-gourmandes-de-joce.fr\/wp-content\/uploads\/2019\/11\/P5150545-300x300.jpg 300w, http:\/\/recettes-gourmandes-de-joce.fr\/wp-content\/uploads\/2019\/11\/P5150545.jpg 639w\" sizes=\"auto, (max-width: 180px) 100vw, 180px\" \/> <img loading=\"lazy\" decoding=\"async\" class=\"alignnone wp-image-11188\" src=\"http:\/\/recettes-gourmandes-de-joce.fr\/wp-content\/uploads\/2019\/11\/P1010266-150x150.jpg\" alt=\"\" width=\"228\" height=\"180\" srcset=\"http:\/\/recettes-gourmandes-de-joce.fr\/wp-content\/uploads\/2019\/11\/P1010266-300x237.jpg 300w, http:\/\/recettes-gourmandes-de-joce.fr\/wp-content\/uploads\/2019\/11\/P1010266.jpg 640w\" sizes=\"auto, (max-width: 228px) 100vw, 228px\" \/>\u00a0<img loading=\"lazy\" decoding=\"async\" class=\"alignnone wp-image-11154\" src=\"http:\/\/recettes-gourmandes-de-joce.fr\/wp-content\/uploads\/2019\/11\/P5150546-150x150.jpg\" alt=\"\" width=\"138\" height=\"180\" srcset=\"http:\/\/recettes-gourmandes-de-joce.fr\/wp-content\/uploads\/2019\/11\/P5150546-231x300.jpg 231w, http:\/\/recettes-gourmandes-de-joce.fr\/wp-content\/uploads\/2019\/11\/P5150546.jpg 492w\" sizes=\"auto, (max-width: 138px) 100vw, 138px\" \/><\/span><\/em><\/span><\/p>\n<p style=\"text-align: center;\"><img loading=\"lazy\" decoding=\"async\" class=\"alignnone size-full wp-image-59803\" src=\"http:\/\/recettes-gourmandes-de-joce.fr\/wp-content\/uploads\/2024\/01\/logitech-gaming-software-14112014-121223.jpg\" alt=\"\" width=\"640\" height=\"144\" \/><\/p>\n<p style=\"text-align: center;\"><span style=\"font-size: 14pt;\"><em><span style=\"font-family: georgia, palatino, serif;\"><span style=\"color: #ff0000;\">\u00a0<\/span><\/span><\/em><\/span><\/p>\n<h3><span style=\"font-size: 14pt;\"><em><span style=\"font-family: georgia, palatino, serif;\">Commentaires\u00a0<small>(4)<\/small><\/span><\/em><\/span><\/h3>\n<div class=\"items-container\">\n<div class=\"item item-comment media\">\n<div class=\"pull-left\">\n<p>&nbsp;<\/p>\n<p><span style=\"font-size: 14pt;\"><em><span style=\"font-family: georgia, palatino, serif;\"><img decoding=\"async\" class=\"media-object\" src=\"https:\/\/www.gravatar.com\/avatar\/0e437c3431aef896592a33aabb8bb0f4?d=https%3A%2F%2Fwww.recettes-gourmandes-de-joce.com%2Fmedias%2Fstatic%2Fmanager%2Fim%2Favatar.png?s=50&amp;d=mm\" alt=\"Sim jaja\" width=\"50\" \/><\/span><\/em><\/span><\/p>\n<\/div>\n<div class=\"media-body\">\n<ul class=\"inline item-infos\">\n<li><span style=\"font-size: 14pt;\"><em><span style=\"font-family: georgia, palatino, serif;\"><span class=\"comment-number\">1.<\/span>\u00a0<span class=\"comment-author\">Sim jaja<\/span>\u00a0<span class=\"comment-date\">| 17\/05\/2018<\/span><\/span><\/em><\/span><\/li>\n<\/ul>\n<div class=\"comment-content\"><span style=\"font-size: 14pt;\"><em><span style=\"font-family: georgia, palatino, serif;\">Bonjour encore une bonne recette pour l&rsquo;ap\u00e9ro, \u00e0 la tienne Topine . Bisous<\/span><\/em><\/span><\/div>\n<div class=\"item item-comment media by-webmaster\">\n<div class=\"pull-left\">\n<p>&nbsp;<\/p>\n<p><span style=\"font-size: 14pt;\"><em><span style=\"font-family: georgia, palatino, serif;\"><\/span><\/em><\/span><\/p>\n<\/div>\n<div class=\"media-body\">\n<ul class=\"inline item-infos\">\n<li><span style=\"font-size: 14pt;\"><em><span style=\"font-family: georgia, palatino, serif;\"><span class=\"comment-author\">jocelyne debon\u00a0(<a rel=\"nofollow\">site web<\/a>)<\/span>\u00a0<span class=\"comment-date\">| 17\/05\/2018<\/span><\/span><\/em><\/span><\/li>\n<\/ul>\n<div class=\"comment-content\"><span style=\"font-size: 14pt;\"><em><span style=\"font-family: georgia, palatino, serif;\">Bisousss Jaja<\/span><\/em><\/span><\/div>\n<div class=\"comment-content\"><span style=\"font-size: 14pt;\"><em><span style=\"font-family: georgia, palatino, serif;\"> Bonne journ\u00e9e<\/span><\/em><\/span><\/div>\n<div class=\"comment-content\"><span style=\"font-size: 14pt;\"><em><span style=\"font-family: georgia, palatino, serif;\"> Amicalement Joce<\/span><\/em><\/span><\/div>\n<\/div>\n<\/div>\n<\/div>\n<\/div>\n<div class=\"item item-comment media\">\n<div class=\"pull-left\">\n<p>&nbsp;<\/p>\n<p><span style=\"font-size: 14pt;\"><em><span style=\"font-family: georgia, palatino, serif;\"><img decoding=\"async\" class=\"media-object\" src=\"https:\/\/www.gravatar.com\/avatar\/18630eac44dcd96f40b41bb161db76d8?d=https%3A%2F%2Fwww.recettes-gourmandes-de-joce.com%2Fmedias%2Fstatic%2Fmanager%2Fim%2Favatar.png?s=50&amp;d=mm\" alt=\"buissart\" width=\"50\" \/><\/span><\/em><\/span><\/p>\n<\/div>\n<div class=\"media-body\">\n<ul class=\"inline item-infos\">\n<li><span style=\"font-size: 14pt;\"><em><span style=\"font-family: georgia, palatino, serif;\"><span class=\"comment-number\">2.<\/span>\u00a0<span class=\"comment-author\">buissart<\/span>\u00a0<span class=\"comment-date\">| 07\/10\/2014<\/span><\/span><\/em><\/span><\/li>\n<\/ul>\n<div class=\"comment-content\"><span style=\"font-size: 14pt;\"><em><span style=\"font-family: georgia, palatino, serif;\">tr\u00e8s facile a faire et tr\u00e8s bonne.MERCI pour vos recettes<\/span><\/em><\/span><\/div>\n<div class=\"item item-comment media by-webmaster\">\n<div class=\"pull-left\">\n<p>&nbsp;<\/p>\n<p><span style=\"font-size: 14pt;\"><em><span style=\"font-family: georgia, palatino, serif;\"><\/span><\/em><\/span><\/p>\n<\/div>\n<div class=\"media-body\">\n<ul class=\"inline item-infos\">\n<li><span style=\"font-size: 14pt;\"><em><span style=\"font-family: georgia, palatino, serif;\"><span class=\"comment-author\">jocelyne debon\u00a0(<a rel=\"nofollow\">site web<\/a>)<\/span>\u00a0<span class=\"comment-date\">| 07\/10\/2014<\/span><\/span><\/em><\/span><\/li>\n<\/ul>\n<div class=\"comment-content\"><span style=\"font-size: 14pt;\"><em><span style=\"font-family: georgia, palatino, serif;\">Merci, de rien avec plaisir <\/span><\/em><\/span><\/div>\n<div class=\"comment-content\"><span style=\"font-size: 14pt;\"><em><span style=\"font-family: georgia, palatino, serif;\">A bient\u00f4t <\/span><\/em><\/span><\/div>\n<div class=\"comment-content\"><span style=\"font-size: 14pt;\"><em><span style=\"font-family: georgia, palatino, serif;\">Amicalement Joce<\/span><\/em><\/span><\/div>\n<\/div>\n<\/div>\n<\/div>\n<\/div>\n<\/div>\n","protected":false},"excerpt":{"rendered":"<p>Une de mes recettes \u00a0 Ingr\u00e9dients pour 20 pizzas 1 p\u00e2te feuillet\u00e9e ou \u00e0 pizza 10 olives vertes 40 lardons fum\u00e9s 1 belle \u00e9chalote 1 petite brique de coulis de tomates Sel et poivre Herbes pour pizzas ou origan Huile d&rsquo;olive Version 2 1 p\u00e2te feuillet\u00e9e ou \u00e0 pizza Du St Mor\u00eat 1 morceau de &hellip; <\/p>\n<p><a class=\"more-link btn\" href=\"http:\/\/recettes-gourmandes-de-joce.fr\/index.php\/index\/aperitifs-amuses-bouches\/feuilletes-aperitifs\/mini-pizzas-aperitives\/\">Lire la suite<\/a><\/p>\n","protected":false},"author":2,"featured_media":83113,"parent":920,"menu_order":0,"comment_status":"open","ping_status":"closed","template":"","meta":{"footnotes":""},"class_list":["post-11160","page","type-page","status-publish","has-post-thumbnail","hentry","nodate","item-wrap"],"_links":{"self":[{"href":"http:\/\/recettes-gourmandes-de-joce.fr\/index.php\/wp-json\/wp\/v2\/pages\/11160","targetHints":{"allow":["GET"]}}],"collection":[{"href":"http:\/\/recettes-gourmandes-de-joce.fr\/index.php\/wp-json\/wp\/v2\/pages"}],"about":[{"href":"http:\/\/recettes-gourmandes-de-joce.fr\/index.php\/wp-json\/wp\/v2\/types\/page"}],"author":[{"embeddable":true,"href":"http:\/\/recettes-gourmandes-de-joce.fr\/index.php\/wp-json\/wp\/v2\/users\/2"}],"replies":[{"embeddable":true,"href":"http:\/\/recettes-gourmandes-de-joce.fr\/index.php\/wp-json\/wp\/v2\/comments?post=11160"}],"version-history":[{"count":9,"href":"http:\/\/recettes-gourmandes-de-joce.fr\/index.php\/wp-json\/wp\/v2\/pages\/11160\/revisions"}],"predecessor-version":[{"id":93802,"href":"http:\/\/recettes-gourmandes-de-joce.fr\/index.php\/wp-json\/wp\/v2\/pages\/11160\/revisions\/93802"}],"up":[{"embeddable":true,"href":"http:\/\/recettes-gourmandes-de-joce.fr\/index.php\/wp-json\/wp\/v2\/pages\/920"}],"wp:featuredmedia":[{"embeddable":true,"href":"http:\/\/recettes-gourmandes-de-joce.fr\/index.php\/wp-json\/wp\/v2\/media\/83113"}],"wp:attachment":[{"href":"http:\/\/recettes-gourmandes-de-joce.fr\/index.php\/wp-json\/wp\/v2\/media?parent=11160"}],"curies":[{"name":"wp","href":"https:\/\/api.w.org\/{rel}","templated":true}]}}