{"id":11045,"date":"2019-11-26T23:19:42","date_gmt":"2019-11-26T23:19:42","guid":{"rendered":"http:\/\/recettes-gourmandes-de-joce.fr\/?page_id=11045"},"modified":"2024-07-10T00:04:15","modified_gmt":"2024-07-10T00:04:15","slug":"rochers-a-la-noix-de-coco-et-pralinoise","status":"publish","type":"page","link":"http:\/\/recettes-gourmandes-de-joce.fr\/index.php\/index\/desserts\/biscuits-du-gouter\/rochers-a-la-noix-de-coco-et-pralinoise\/","title":{"rendered":"Rochers \u00e0 la noix de coco et pralinoise."},"content":{"rendered":"<p style=\"text-align: center;\"><span style=\"font-family: georgia, serif; color: #cf4e8f;\"><em><span style=\"text-decoration: underline;\"><span style=\"font-size: x-large;\">Une de mes recettes<\/span><\/span><\/em><\/span><\/p>\n<p style=\"text-align: center;\"><span style=\"color: #cf4e8f;\"><img loading=\"lazy\" decoding=\"async\" class=\"alignnone wp-image-11072\" src=\"http:\/\/recettes-gourmandes-de-joce.fr\/wp-content\/uploads\/2019\/11\/P3030561-150x150.jpg\" alt=\"\" width=\"275\" height=\"175\" srcset=\"http:\/\/recettes-gourmandes-de-joce.fr\/wp-content\/uploads\/2019\/11\/P3030561-300x191.jpg 300w, http:\/\/recettes-gourmandes-de-joce.fr\/wp-content\/uploads\/2019\/11\/P3030561.jpg 640w\" sizes=\"auto, (max-width: 275px) 100vw, 275px\" \/> <img loading=\"lazy\" decoding=\"async\" class=\"alignnone wp-image-11058\" src=\"http:\/\/recettes-gourmandes-de-joce.fr\/wp-content\/uploads\/2019\/11\/P3030562-2-150x150.jpg\" alt=\"\" width=\"249\" height=\"175\" srcset=\"http:\/\/recettes-gourmandes-de-joce.fr\/wp-content\/uploads\/2019\/11\/P3030562-2-300x210.jpg 300w, http:\/\/recettes-gourmandes-de-joce.fr\/wp-content\/uploads\/2019\/11\/P3030562-2.jpg 640w\" sizes=\"auto, (max-width: 249px) 100vw, 249px\" \/> <img loading=\"lazy\" decoding=\"async\" class=\"alignnone wp-image-11059\" src=\"http:\/\/recettes-gourmandes-de-joce.fr\/wp-content\/uploads\/2019\/11\/P3030567-150x150.jpg\" alt=\"\" width=\"277\" height=\"175\" srcset=\"http:\/\/recettes-gourmandes-de-joce.fr\/wp-content\/uploads\/2019\/11\/P3030567-300x190.jpg 300w, http:\/\/recettes-gourmandes-de-joce.fr\/wp-content\/uploads\/2019\/11\/P3030567.jpg 640w\" sizes=\"auto, (max-width: 277px) 100vw, 277px\" \/><\/span><\/p>\n<p style=\"text-align: center;\"><span style=\"font-family: georgia, serif; color: #cf4e8f;\"><span style=\"font-size: x-large;\"><em><span style=\"text-decoration: underline;\">Ingr\u00e9dients pour 18 rochers<\/span><\/em><\/span><\/span><\/p>\n<p style=\"text-align: center;\"><span style=\"color: #cf4e8f;\"><img loading=\"lazy\" decoding=\"async\" class=\"alignnone wp-image-11062\" src=\"http:\/\/recettes-gourmandes-de-joce.fr\/wp-content\/uploads\/2019\/11\/P3020536-150x150.jpg\" alt=\"\" width=\"176\" height=\"200\" srcset=\"http:\/\/recettes-gourmandes-de-joce.fr\/wp-content\/uploads\/2019\/11\/P3020536-264x300.jpg 264w, http:\/\/recettes-gourmandes-de-joce.fr\/wp-content\/uploads\/2019\/11\/P3020536.jpg 564w\" sizes=\"auto, (max-width: 176px) 100vw, 176px\" \/><\/span><\/p>\n<p style=\"text-align: center;\"><span style=\"font-family: georgia, serif; color: #cf4e8f;\"><em><span style=\"font-size: large;\">2 blancs d&rsquo;\u0153uf<\/span><\/em><\/span><\/p>\n<p style=\"text-align: center;\"><span style=\"font-family: georgia, serif; color: #cf4e8f;\"><em><span style=\"font-size: large;\">100 g de noix de coco r\u00e2p\u00e9e<\/span><\/em><\/span><\/p>\n<p style=\"text-align: center;\"><span style=\"font-family: georgia, serif; color: #cf4e8f;\"><em><span style=\"font-size: large;\">100 g de sucre semoule<\/span><\/em><\/span><\/p>\n<p style=\"text-align: center;\"><span style=\"font-family: georgia, serif; color: #cf4e8f;\"><em><span style=\"font-size: large;\">100 g de pralinoise (pour enrober 9 rochers)<\/span><\/em><\/span><\/p>\n<p style=\"text-align: center;\"><span style=\"font-family: georgia, serif; color: #cf4e8f;\"><em><span style=\"font-size: large;\">Ou au choix du chocolat au lait ou noir.<\/span><\/em><\/span><\/p>\n<p style=\"text-align: center;\"><span style=\"color: #cf4e8f;\"><img loading=\"lazy\" decoding=\"async\" class=\"alignnone wp-image-11063\" src=\"http:\/\/recettes-gourmandes-de-joce.fr\/wp-content\/uploads\/2019\/11\/P3020540-2-150x150.jpg\" alt=\"\" width=\"207\" height=\"155\" srcset=\"http:\/\/recettes-gourmandes-de-joce.fr\/wp-content\/uploads\/2019\/11\/P3020540-2-300x225.jpg 300w, http:\/\/recettes-gourmandes-de-joce.fr\/wp-content\/uploads\/2019\/11\/P3020540-2.jpg 640w\" sizes=\"auto, (max-width: 207px) 100vw, 207px\" \/> <img loading=\"lazy\" decoding=\"async\" class=\"alignnone wp-image-11064\" src=\"http:\/\/recettes-gourmandes-de-joce.fr\/wp-content\/uploads\/2019\/11\/P3020541-150x150.jpg\" alt=\"\" width=\"207\" height=\"155\" srcset=\"http:\/\/recettes-gourmandes-de-joce.fr\/wp-content\/uploads\/2019\/11\/P3020541-300x225.jpg 300w, http:\/\/recettes-gourmandes-de-joce.fr\/wp-content\/uploads\/2019\/11\/P3020541.jpg 640w\" sizes=\"auto, (max-width: 207px) 100vw, 207px\" \/> <img loading=\"lazy\" decoding=\"async\" class=\"alignnone wp-image-11065\" src=\"http:\/\/recettes-gourmandes-de-joce.fr\/wp-content\/uploads\/2019\/11\/P3030545-2-150x150.jpg\" alt=\"\" width=\"116\" height=\"155\" srcset=\"http:\/\/recettes-gourmandes-de-joce.fr\/wp-content\/uploads\/2019\/11\/P3030545-2-225x300.jpg 225w, http:\/\/recettes-gourmandes-de-joce.fr\/wp-content\/uploads\/2019\/11\/P3030545-2.jpg 480w\" sizes=\"auto, (max-width: 116px) 100vw, 116px\" \/><\/span><\/p>\n<p style=\"text-align: center;\"><span style=\"font-family: georgia, serif; color: #cf4e8f;\"><em><span style=\"font-size: large;\">Pr\u00e9chauffer le four \u00e0 160\u00b0. Mettre dans le saladier la noix de coco et le sucre bien m\u00e9langer, ajouter les blancs d&rsquo;\u0153ufs et m\u00e9langer \u00e0 nouveau. Prendre des moules \u00e0 alv\u00e9oles et les remplir aux \u00be.<\/span><\/em><\/span><\/p>\n<p style=\"text-align: center;\"><span style=\"color: #cf4e8f;\"><img loading=\"lazy\" decoding=\"async\" class=\"alignnone wp-image-11067\" src=\"http:\/\/recettes-gourmandes-de-joce.fr\/wp-content\/uploads\/2019\/11\/P3030550-2-150x150.jpg\" alt=\"\" width=\"214\" height=\"155\" srcset=\"http:\/\/recettes-gourmandes-de-joce.fr\/wp-content\/uploads\/2019\/11\/P3030550-2-300x217.jpg 300w, http:\/\/recettes-gourmandes-de-joce.fr\/wp-content\/uploads\/2019\/11\/P3030550-2.jpg 640w\" sizes=\"auto, (max-width: 214px) 100vw, 214px\" \/> <img loading=\"lazy\" decoding=\"async\" class=\"alignnone wp-image-11068\" src=\"http:\/\/recettes-gourmandes-de-joce.fr\/wp-content\/uploads\/2019\/11\/P3030554-2-150x150.jpg\" alt=\"\" width=\"143\" height=\"155\" srcset=\"http:\/\/recettes-gourmandes-de-joce.fr\/wp-content\/uploads\/2019\/11\/P3030554-2-278x300.jpg 278w, http:\/\/recettes-gourmandes-de-joce.fr\/wp-content\/uploads\/2019\/11\/P3030554-2.jpg 592w\" sizes=\"auto, (max-width: 143px) 100vw, 143px\" \/> <img loading=\"lazy\" decoding=\"async\" class=\"alignnone wp-image-11066\" src=\"http:\/\/recettes-gourmandes-de-joce.fr\/wp-content\/uploads\/2019\/11\/P3030549-2-150x150.jpg\" alt=\"\" width=\"207\" height=\"155\" srcset=\"http:\/\/recettes-gourmandes-de-joce.fr\/wp-content\/uploads\/2019\/11\/P3030549-2-300x225.jpg 300w, http:\/\/recettes-gourmandes-de-joce.fr\/wp-content\/uploads\/2019\/11\/P3030549-2.jpg 640w\" sizes=\"auto, (max-width: 207px) 100vw, 207px\" \/><\/span><\/p>\n<p style=\"text-align: center;\"><span style=\"font-family: georgia, serif; color: #cf4e8f;\"><em><span style=\"font-size: large;\">Enfourner pendant 15minutes environ selon les fours, ils doivent \u00eatre l\u00e9g\u00e8rement dor\u00e9s, attention ils gonflent dans le four et retombent d\u00e9s la sortie, c&rsquo;est normal. Casser la pralinoise en demi carr\u00e9 et la mettre \u00e0 fondre au micro-ondes pleine puissance entre 1 mn 30 \u00e0 2 mn selon la puissance de votre micro-ondes, l\u00e0 encore v\u00e9rifier.<\/span><\/em><\/span><\/p>\n<p style=\"text-align: center;\"><span style=\"color: #cf4e8f;\"><img loading=\"lazy\" decoding=\"async\" class=\"alignnone wp-image-11069\" src=\"http:\/\/recettes-gourmandes-de-joce.fr\/wp-content\/uploads\/2019\/11\/P3030556-150x150.jpg\" alt=\"\" width=\"207\" height=\"155\" srcset=\"http:\/\/recettes-gourmandes-de-joce.fr\/wp-content\/uploads\/2019\/11\/P3030556-300x225.jpg 300w, http:\/\/recettes-gourmandes-de-joce.fr\/wp-content\/uploads\/2019\/11\/P3030556.jpg 640w\" sizes=\"auto, (max-width: 207px) 100vw, 207px\" \/> <img loading=\"lazy\" decoding=\"async\" class=\"alignnone wp-image-11070\" src=\"http:\/\/recettes-gourmandes-de-joce.fr\/wp-content\/uploads\/2019\/11\/P3030559-150x150.jpg\" alt=\"\" width=\"207\" height=\"155\" srcset=\"http:\/\/recettes-gourmandes-de-joce.fr\/wp-content\/uploads\/2019\/11\/P3030559-300x225.jpg 300w, http:\/\/recettes-gourmandes-de-joce.fr\/wp-content\/uploads\/2019\/11\/P3030559.jpg 640w\" sizes=\"auto, (max-width: 207px) 100vw, 207px\" \/><\/span><\/p>\n<p style=\"text-align: center;\"><span style=\"font-family: georgia, serif; color: #cf4e8f;\"><em><span style=\"font-size: large;\">Remuer la pralinoise pour obtenir une p\u00e2te lisse et trompez vos rochers en les retournant sur toutes les faces \u00e0 l&rsquo;aide d&rsquo;une fourchette. Parsemer certains de noix de coco, d&rsquo;autres d&rsquo;\u00e9clats de pralines roses. Entreposer vos rochers enrob\u00e9s au r\u00e9frig\u00e9rateur pour faire durcir la pralinoise, d\u00e9poser les ensuite dans des caissettes en papier pour la pr\u00e9sentation.<\/span><\/em><\/span><\/p>\n<p style=\"text-align: center;\"><span style=\"font-family: georgia, serif; color: #cf4e8f;\"><em><span style=\"font-size: large;\">A servir avec un bon caf\u00e9 ou pourquoi pas cidre ou champagne !<\/span><\/em><\/span><\/p>\n<p style=\"text-align: center;\"><span style=\"font-family: georgia, serif; color: #cf4e8f;\"><em><span style=\"font-size: large;\">Ils sont l\u00e9g\u00e8rement croustillants \u00e0 l&rsquo;ext\u00e9rieur et moelleux \u00e0 l&rsquo;int\u00e9rieur exactement comme je les aime.<\/span><\/em><\/span><\/p>\n<p style=\"text-align: center;\"><span style=\"font-family: georgia, serif; color: #cf4e8f;\"><em><span style=\"font-size: large;\">Bonne d\u00e9gustation!<\/span><\/em><\/span><\/p>\n<p style=\"text-align: center;\"><span style=\"color: #cf4e8f;\"><img loading=\"lazy\" decoding=\"async\" class=\"alignnone wp-image-11060\" src=\"http:\/\/recettes-gourmandes-de-joce.fr\/wp-content\/uploads\/2019\/11\/P3030569-150x150.jpg\" alt=\"\" width=\"284\" height=\"175\" srcset=\"http:\/\/recettes-gourmandes-de-joce.fr\/wp-content\/uploads\/2019\/11\/P3030569-300x185.jpg 300w, http:\/\/recettes-gourmandes-de-joce.fr\/wp-content\/uploads\/2019\/11\/P3030569.jpg 640w\" sizes=\"auto, (max-width: 284px) 100vw, 284px\" \/> <img loading=\"lazy\" decoding=\"async\" class=\"alignnone wp-image-11071\" src=\"http:\/\/recettes-gourmandes-de-joce.fr\/wp-content\/uploads\/2019\/11\/P3030560-2-150x150.jpg\" alt=\"\" width=\"233\" height=\"175\" srcset=\"http:\/\/recettes-gourmandes-de-joce.fr\/wp-content\/uploads\/2019\/11\/P3030560-2-300x225.jpg 300w, http:\/\/recettes-gourmandes-de-joce.fr\/wp-content\/uploads\/2019\/11\/P3030560-2.jpg 640w\" sizes=\"auto, (max-width: 233px) 100vw, 233px\" \/> <img loading=\"lazy\" decoding=\"async\" class=\"alignnone wp-image-11061\" src=\"http:\/\/recettes-gourmandes-de-joce.fr\/wp-content\/uploads\/2019\/11\/P3030574-2-150x150.jpg\" alt=\"\" width=\"218\" height=\"175\" srcset=\"http:\/\/recettes-gourmandes-de-joce.fr\/wp-content\/uploads\/2019\/11\/P3030574-2-300x241.jpg 300w, http:\/\/recettes-gourmandes-de-joce.fr\/wp-content\/uploads\/2019\/11\/P3030574-2.jpg 640w\" sizes=\"auto, (max-width: 218px) 100vw, 218px\" \/><\/span><\/p>\n<p style=\"text-align: center;\"><img loading=\"lazy\" decoding=\"async\" class=\"alignnone size-full wp-image-59803\" src=\"http:\/\/recettes-gourmandes-de-joce.fr\/wp-content\/uploads\/2024\/01\/logitech-gaming-software-14112014-121223.jpg\" alt=\"\" width=\"640\" height=\"144\" \/><\/p>\n","protected":false},"excerpt":{"rendered":"<p>Une de mes recettes Ingr\u00e9dients pour 18 rochers 2 blancs d&rsquo;\u0153uf 100 g de noix de coco r\u00e2p\u00e9e 100 g de sucre semoule 100 g de pralinoise (pour enrober 9 rochers) Ou au choix du chocolat au lait ou noir. Pr\u00e9chauffer le four \u00e0 160\u00b0. Mettre dans le saladier la noix de coco et le &hellip; <\/p>\n<p><a class=\"more-link btn\" href=\"http:\/\/recettes-gourmandes-de-joce.fr\/index.php\/index\/desserts\/biscuits-du-gouter\/rochers-a-la-noix-de-coco-et-pralinoise\/\">Lire la suite<\/a><\/p>\n","protected":false},"author":2,"featured_media":87153,"parent":175,"menu_order":0,"comment_status":"open","ping_status":"closed","template":"","meta":{"footnotes":""},"class_list":["post-11045","page","type-page","status-publish","has-post-thumbnail","hentry","nodate","item-wrap"],"_links":{"self":[{"href":"http:\/\/recettes-gourmandes-de-joce.fr\/index.php\/wp-json\/wp\/v2\/pages\/11045","targetHints":{"allow":["GET"]}}],"collection":[{"href":"http:\/\/recettes-gourmandes-de-joce.fr\/index.php\/wp-json\/wp\/v2\/pages"}],"about":[{"href":"http:\/\/recettes-gourmandes-de-joce.fr\/index.php\/wp-json\/wp\/v2\/types\/page"}],"author":[{"embeddable":true,"href":"http:\/\/recettes-gourmandes-de-joce.fr\/index.php\/wp-json\/wp\/v2\/users\/2"}],"replies":[{"embeddable":true,"href":"http:\/\/recettes-gourmandes-de-joce.fr\/index.php\/wp-json\/wp\/v2\/comments?post=11045"}],"version-history":[{"count":5,"href":"http:\/\/recettes-gourmandes-de-joce.fr\/index.php\/wp-json\/wp\/v2\/pages\/11045\/revisions"}],"predecessor-version":[{"id":87154,"href":"http:\/\/recettes-gourmandes-de-joce.fr\/index.php\/wp-json\/wp\/v2\/pages\/11045\/revisions\/87154"}],"up":[{"embeddable":true,"href":"http:\/\/recettes-gourmandes-de-joce.fr\/index.php\/wp-json\/wp\/v2\/pages\/175"}],"wp:featuredmedia":[{"embeddable":true,"href":"http:\/\/recettes-gourmandes-de-joce.fr\/index.php\/wp-json\/wp\/v2\/media\/87153"}],"wp:attachment":[{"href":"http:\/\/recettes-gourmandes-de-joce.fr\/index.php\/wp-json\/wp\/v2\/media?parent=11045"}],"curies":[{"name":"wp","href":"https:\/\/api.w.org\/{rel}","templated":true}]}}