{"id":1093,"date":"2019-09-23T17:14:58","date_gmt":"2019-09-23T17:14:58","guid":{"rendered":"http:\/\/recettes-gourmandes-de-joce.fr\/?page_id=1093"},"modified":"2024-04-28T09:34:23","modified_gmt":"2024-04-28T09:34:23","slug":"punch-exotique","status":"publish","type":"page","link":"http:\/\/recettes-gourmandes-de-joce.fr\/index.php\/index\/aperitifs-amuses-bouches\/aperitifs\/punch-exotique\/","title":{"rendered":"Punch exotique."},"content":{"rendered":"<p style=\"text-align: center;\"><span style=\"color: #006400;\"><span style=\"font-size: 24px;\"><span style=\"font-family: georgia,serif;\"><u><em>Une de mes recettes<\/em><\/u><\/span><\/span><\/span><\/p>\n<p style=\"text-align: center;\"><img loading=\"lazy\" decoding=\"async\" class=\"alignnone wp-image-73404\" src=\"http:\/\/recettes-gourmandes-de-joce.fr\/wp-content\/uploads\/2024\/04\/punch-exotique1.jpg\" alt=\"\" width=\"207\" height=\"180\" \/> <img loading=\"lazy\" decoding=\"async\" class=\"alignnone wp-image-73406\" src=\"http:\/\/recettes-gourmandes-de-joce.fr\/wp-content\/uploads\/2024\/04\/punch-exotique3.jpg\" alt=\"\" width=\"189\" height=\"180\" \/> <img loading=\"lazy\" decoding=\"async\" class=\"alignnone wp-image-73405\" src=\"http:\/\/recettes-gourmandes-de-joce.fr\/wp-content\/uploads\/2024\/04\/punch-exotique2.jpg\" alt=\"\" width=\"308\" height=\"180\" \/><\/p>\n<p style=\"text-align: center;\"><span style=\"color: #006400;\"><span style=\"font-size: 24px;\"><span style=\"font-family: georgia,serif;\"><u><em>Ingr\u00e9dients pour environ 5 personnes pour de 10 verres<\/em><\/u><\/span><\/span><\/span><\/p>\n<p style=\"text-align: center;\"><span style=\"font-size: 24px;\"><span style=\"font-family: georgia,serif;\"><span style=\"color: #006400;\"><img loading=\"lazy\" decoding=\"async\" class=\"alignnone wp-image-73407\" src=\"http:\/\/recettes-gourmandes-de-joce.fr\/wp-content\/uploads\/2024\/04\/punch-exotique4.jpg\" alt=\"\" width=\"214\" height=\"200\" \/><\/span><\/span><\/span><\/p>\n<p style=\"text-align: center;\"><span style=\"color: #006400; font-size: 14pt;\"><em><span style=\"font-family: georgia,serif;\">1 L 250 de jus de fruits exotique, pour le go\u00fbt j&rsquo;ai choisi Joker<\/span><\/em><\/span><\/p>\n<p style=\"text-align: center;\"><span style=\"color: #006400; font-size: 14pt;\"><em><span style=\"font-family: georgia,serif;\">500 ml de rhum blanc<\/span><\/em><\/span><\/p>\n<p style=\"text-align: center;\"><span style=\"color: #006400; font-size: 14pt;\"><em><span style=\"font-family: georgia,serif;\">2 fruits de la passion bien rid\u00e9s signe qu&rsquo;ils sont murs<\/span><\/em><\/span><\/p>\n<p style=\"text-align: center;\"><span style=\"color: #006400; font-size: 14pt;\"><em><span style=\"font-family: georgia,serif;\">2 gousses de vanille<\/span><\/em><\/span><\/p>\n<p style=\"text-align: center;\"><img loading=\"lazy\" decoding=\"async\" class=\"alignnone wp-image-73408\" src=\"http:\/\/recettes-gourmandes-de-joce.fr\/wp-content\/uploads\/2024\/04\/punch-exotique5.jpg\" alt=\"\" width=\"238\" height=\"170\" \/> <img loading=\"lazy\" decoding=\"async\" class=\"alignnone wp-image-73409\" src=\"http:\/\/recettes-gourmandes-de-joce.fr\/wp-content\/uploads\/2024\/04\/punch-exotique7.jpg\" alt=\"\" width=\"174\" height=\"170\" \/> <img loading=\"lazy\" decoding=\"async\" class=\"alignnone wp-image-73410\" src=\"http:\/\/recettes-gourmandes-de-joce.fr\/wp-content\/uploads\/2024\/04\/punch-exotique8.jpg\" alt=\"\" width=\"169\" height=\"170\" \/><\/p>\n<p style=\"text-align: center;\"><span style=\"color: #006400; font-size: 14pt;\"><em><span style=\"font-family: georgia,serif;\">Couper les fruits de la passion en deux et r\u00e9cup\u00e9rer l&rsquo;int\u00e9rieur. Dans un saladier ou\u00a0un r\u00e9cipient adapt\u00e9, mettre les graines et le jus des fruits de la passion, ajouter les gousses de vanille fendues en deux. Verser le rhum dessus et m\u00e9langer.<\/span><\/em><\/span><\/p>\n<p style=\"text-align: center;\"><img loading=\"lazy\" decoding=\"async\" class=\"alignnone wp-image-73403\" src=\"http:\/\/recettes-gourmandes-de-joce.fr\/wp-content\/uploads\/2024\/04\/punch-exotique9.jpg\" alt=\"\" width=\"141\" height=\"200\" \/><\/p>\n<p style=\"text-align: center;\"><span style=\"color: #006400; font-size: 14pt;\"><em><span style=\"font-family: georgia,serif;\">Ajouter le jus de fruit et laisser reposer environ 2h au frais. Attention\u00a0<\/span><\/em><span style=\"color: #006400;\"><em><span style=\"font-family: georgia,serif;\">il se laisse boire facilement!\u00a0<\/span><\/em><\/span><\/span><\/p>\n<p style=\"text-align: center;\"><span style=\"color: #006400; font-size: 14pt;\"><span style=\"font-family: georgia,serif;\"><em>Bon ap\u00e9ritif!<\/em><\/span><\/span><\/p>\n<p style=\"text-align: center;\"><span style=\"font-size: 14pt; color: #ff0000;\"><em><span style=\"font-family: georgia,serif;\"><strong>L&rsquo;abus d&rsquo;alcool est dangereux pour la sant\u00e9, servir avec mod\u00e9ration.\u00a0<\/strong><\/span><\/em><em><span style=\"font-family: georgia,serif;\">\u00a0<\/span><\/em><\/span><\/p>\n<p style=\"text-align: center;\"><img loading=\"lazy\" decoding=\"async\" class=\"alignnone wp-image-73405\" src=\"http:\/\/recettes-gourmandes-de-joce.fr\/wp-content\/uploads\/2024\/04\/punch-exotique2.jpg\" alt=\"\" width=\"308\" height=\"180\" \/> <img loading=\"lazy\" decoding=\"async\" class=\"alignnone wp-image-73406\" src=\"http:\/\/recettes-gourmandes-de-joce.fr\/wp-content\/uploads\/2024\/04\/punch-exotique3.jpg\" alt=\"\" width=\"189\" height=\"180\" \/> <img loading=\"lazy\" decoding=\"async\" class=\"alignnone wp-image-73404\" src=\"http:\/\/recettes-gourmandes-de-joce.fr\/wp-content\/uploads\/2024\/04\/punch-exotique1.jpg\" alt=\"\" width=\"207\" height=\"180\" \/><\/p>\n<p><img loading=\"lazy\" decoding=\"async\" class=\"aligncenter wp-image-44943 size-full\" src=\"http:\/\/recettes-gourmandes-de-joce.fr\/wp-content\/uploads\/2022\/05\/logitech-gaming-software-14112014-121223.jpg\" alt=\"\" width=\"640\" height=\"144\" srcset=\"http:\/\/recettes-gourmandes-de-joce.fr\/wp-content\/uploads\/2022\/05\/logitech-gaming-software-14112014-121223.jpg 640w, http:\/\/recettes-gourmandes-de-joce.fr\/wp-content\/uploads\/2022\/05\/logitech-gaming-software-14112014-121223-300x68.jpg 300w\" sizes=\"auto, (max-width: 640px) 100vw, 640px\" \/><\/p>\n<p>&nbsp;<\/p>\n","protected":false},"excerpt":{"rendered":"<p>Une de mes recettes Ingr\u00e9dients pour environ 5 personnes pour de 10 verres 1 L 250 de jus de fruits exotique, pour le go\u00fbt j&rsquo;ai choisi Joker 500 ml de rhum blanc 2 fruits de la passion bien rid\u00e9s signe qu&rsquo;ils sont murs 2 gousses de vanille Couper les fruits de la passion en deux &hellip; <\/p>\n<p><a class=\"more-link btn\" href=\"http:\/\/recettes-gourmandes-de-joce.fr\/index.php\/index\/aperitifs-amuses-bouches\/aperitifs\/punch-exotique\/\">Lire la suite<\/a><\/p>\n","protected":false},"author":2,"featured_media":73855,"parent":191,"menu_order":0,"comment_status":"open","ping_status":"closed","template":"","meta":{"footnotes":""},"class_list":["post-1093","page","type-page","status-publish","has-post-thumbnail","hentry","nodate","item-wrap"],"_links":{"self":[{"href":"http:\/\/recettes-gourmandes-de-joce.fr\/index.php\/wp-json\/wp\/v2\/pages\/1093","targetHints":{"allow":["GET"]}}],"collection":[{"href":"http:\/\/recettes-gourmandes-de-joce.fr\/index.php\/wp-json\/wp\/v2\/pages"}],"about":[{"href":"http:\/\/recettes-gourmandes-de-joce.fr\/index.php\/wp-json\/wp\/v2\/types\/page"}],"author":[{"embeddable":true,"href":"http:\/\/recettes-gourmandes-de-joce.fr\/index.php\/wp-json\/wp\/v2\/users\/2"}],"replies":[{"embeddable":true,"href":"http:\/\/recettes-gourmandes-de-joce.fr\/index.php\/wp-json\/wp\/v2\/comments?post=1093"}],"version-history":[{"count":4,"href":"http:\/\/recettes-gourmandes-de-joce.fr\/index.php\/wp-json\/wp\/v2\/pages\/1093\/revisions"}],"predecessor-version":[{"id":73854,"href":"http:\/\/recettes-gourmandes-de-joce.fr\/index.php\/wp-json\/wp\/v2\/pages\/1093\/revisions\/73854"}],"up":[{"embeddable":true,"href":"http:\/\/recettes-gourmandes-de-joce.fr\/index.php\/wp-json\/wp\/v2\/pages\/191"}],"wp:featuredmedia":[{"embeddable":true,"href":"http:\/\/recettes-gourmandes-de-joce.fr\/index.php\/wp-json\/wp\/v2\/media\/73855"}],"wp:attachment":[{"href":"http:\/\/recettes-gourmandes-de-joce.fr\/index.php\/wp-json\/wp\/v2\/media?parent=1093"}],"curies":[{"name":"wp","href":"https:\/\/api.w.org\/{rel}","templated":true}]}}