{"id":10864,"date":"2019-11-24T22:09:18","date_gmt":"2019-11-24T22:09:18","guid":{"rendered":"http:\/\/recettes-gourmandes-de-joce.fr\/?page_id=10864"},"modified":"2025-03-25T10:06:05","modified_gmt":"2025-03-25T10:06:05","slug":"pains-pour-navettes-aperitives","status":"publish","type":"page","link":"http:\/\/recettes-gourmandes-de-joce.fr\/index.php\/index\/pains-viennoiseries-map\/map-machine-a-pain\/pains-pour-navettes-aperitives\/","title":{"rendered":"Pains pour navettes ap\u00e9ritives."},"content":{"rendered":"<p style=\"text-align: center;\"><em style=\"color: #ed9e4e; font-size: 24px;\"><span style=\"font-family: georgia, palatino, serif;\"><u>Une de mes recettes<\/u><\/span><\/em><\/p>\n<p style=\"text-align: center;\"><span style=\"color: #ed9e4e;\"><em><span style=\"font-size: 14pt;\"><span style=\"font-family: georgia, palatino, serif;\"><img loading=\"lazy\" decoding=\"async\" class=\"alignnone wp-image-10862\" src=\"http:\/\/recettes-gourmandes-de-joce.fr\/wp-content\/uploads\/2019\/11\/PC290232-150x150.jpg\" alt=\"\" width=\"244\" height=\"180\" srcset=\"http:\/\/recettes-gourmandes-de-joce.fr\/wp-content\/uploads\/2019\/11\/PC290232-300x221.jpg 300w, http:\/\/recettes-gourmandes-de-joce.fr\/wp-content\/uploads\/2019\/11\/PC290232.jpg 640w\" sizes=\"auto, (max-width: 244px) 100vw, 244px\" \/> <img loading=\"lazy\" decoding=\"async\" class=\"alignnone wp-image-10847\" src=\"http:\/\/recettes-gourmandes-de-joce.fr\/wp-content\/uploads\/2019\/11\/PC290230-150x150.jpg\" alt=\"\" width=\"240\" height=\"180\" srcset=\"http:\/\/recettes-gourmandes-de-joce.fr\/wp-content\/uploads\/2019\/11\/PC290230-300x225.jpg 300w, http:\/\/recettes-gourmandes-de-joce.fr\/wp-content\/uploads\/2019\/11\/PC290230.jpg 640w\" sizes=\"auto, (max-width: 240px) 100vw, 240px\" \/><\/span><\/span><\/em><\/span><\/p>\n<p style=\"text-align: center;\"><span style=\"color: #ed9e4e; font-size: 18pt;\"><em><span style=\"font-family: georgia, palatino, serif;\"><u>Ingr\u00e9dients pour 18 navettes<\/u><\/span><\/em><\/span><\/p>\n<p style=\"text-align: center;\"><span style=\"color: #ed9e4e;\"><em><span style=\"font-size: 14pt;\"><span style=\"font-family: georgia, palatino, serif;\"><img loading=\"lazy\" decoding=\"async\" class=\"alignnone wp-image-10827\" src=\"http:\/\/recettes-gourmandes-de-joce.fr\/wp-content\/uploads\/2019\/11\/PC290174-150x150.jpg\" alt=\"\" width=\"233\" height=\"175\" srcset=\"http:\/\/recettes-gourmandes-de-joce.fr\/wp-content\/uploads\/2019\/11\/PC290174-300x225.jpg 300w, http:\/\/recettes-gourmandes-de-joce.fr\/wp-content\/uploads\/2019\/11\/PC290174.jpg 640w\" sizes=\"auto, (max-width: 233px) 100vw, 233px\" \/><\/span><\/span><\/em><\/span><\/p>\n<p style=\"text-align: center;\"><span style=\"color: #ed9e4e;\"><em><span style=\"font-size: 14pt;\"><span style=\"font-family: georgia, palatino, serif;\">500 g de farine<\/span><\/span><\/em><\/span><\/p>\n<p style=\"text-align: center;\"><span style=\"color: #ed9e4e;\"><em><span style=\"font-size: 14pt;\"><span style=\"font-family: georgia, palatino, serif;\">140 g de beurre<\/span><\/span><\/em><\/span><\/p>\n<p style=\"text-align: center;\"><span style=\"color: #ed9e4e;\"><em><span style=\"font-size: 14pt;\"><span style=\"font-family: georgia, palatino, serif;\">2 \u0153uf + 1 pour la dorure<\/span><\/span><\/em><\/span><\/p>\n<p style=\"text-align: center;\"><span style=\"color: #ed9e4e;\"><em><span style=\"font-size: 14pt;\"><span style=\"font-family: georgia, palatino, serif;\">230 g de lait<\/span><\/span><\/em><\/span><\/p>\n<p style=\"text-align: center;\"><span style=\"color: #ed9e4e;\"><em><span style=\"font-size: 14pt;\"><span style=\"font-family: georgia, palatino, serif;\">100 g de sucre<\/span><\/span><\/em><\/span><\/p>\n<p style=\"text-align: center;\"><span style=\"color: #ed9e4e;\"><em><span style=\"font-size: 14pt;\"><span style=\"font-family: georgia, palatino, serif;\">15 g de levure de boulanger<\/span><\/span><\/em><\/span><\/p>\n<p style=\"text-align: center;\"><span style=\"color: #ed9e4e;\"><em><span style=\"font-size: 14pt;\"><span style=\"font-family: georgia, palatino, serif;\">2 g de sel<\/span><\/span><\/em><\/span><\/p>\n<p style=\"text-align: center;\"><span style=\"color: #ed9e4e;\"><em><span style=\"font-size: 14pt;\"><span style=\"font-family: georgia, palatino, serif;\">R\u00e9aliser en Map <\/span><\/span><\/em><\/span><\/p>\n<p style=\"text-align: center;\"><span style=\"color: #ed9e4e;\"><em><span style=\"font-size: 14pt;\"><span style=\"font-family: georgia, palatino, serif;\"><span style=\"color: #ff0000; font-size: 18pt;\"><span style=\"text-decoration: underline;\">Au robot p\u00e9trisseur<\/span> :\u00a0<\/span> proc\u00e9der de la m\u00eame fa\u00e7on en m\u00e9langeant bien les ingr\u00e9dients apr\u00e8s chaque ajout, laisser reposer 1h30 la p\u00e2te couverte d&rsquo;un torchon dans une pi\u00e8ce temp\u00e9r\u00e9e \u00e0 l&rsquo;abri des courants d&rsquo;air, reprendre ensuite \u00e0 l&rsquo;\u00e9tape fa\u00e7onnage.<\/span><\/span><\/em><\/span><\/p>\n<p style=\"text-align: center;\"><span style=\"color: #ed9e4e;\"><em><span style=\"font-size: 14pt;\"><span style=\"font-family: georgia, palatino, serif;\"><img loading=\"lazy\" decoding=\"async\" class=\"alignnone wp-image-10828\" src=\"http:\/\/recettes-gourmandes-de-joce.fr\/wp-content\/uploads\/2019\/11\/PC290177-150x150.jpg\" alt=\"\" width=\"207\" height=\"155\" srcset=\"http:\/\/recettes-gourmandes-de-joce.fr\/wp-content\/uploads\/2019\/11\/PC290177-300x225.jpg 300w, http:\/\/recettes-gourmandes-de-joce.fr\/wp-content\/uploads\/2019\/11\/PC290177.jpg 640w\" sizes=\"auto, (max-width: 207px) 100vw, 207px\" \/> <img loading=\"lazy\" decoding=\"async\" class=\"alignnone wp-image-10829\" src=\"http:\/\/recettes-gourmandes-de-joce.fr\/wp-content\/uploads\/2019\/11\/PC290182-150x150.jpg\" alt=\"\" width=\"207\" height=\"155\" srcset=\"http:\/\/recettes-gourmandes-de-joce.fr\/wp-content\/uploads\/2019\/11\/PC290182-300x225.jpg 300w, http:\/\/recettes-gourmandes-de-joce.fr\/wp-content\/uploads\/2019\/11\/PC290182.jpg 640w\" sizes=\"auto, (max-width: 207px) 100vw, 207px\" \/> <img loading=\"lazy\" decoding=\"async\" class=\"alignnone wp-image-10830\" src=\"http:\/\/recettes-gourmandes-de-joce.fr\/wp-content\/uploads\/2019\/11\/PC290184-150x150.jpg\" alt=\"\" width=\"251\" height=\"155\" srcset=\"http:\/\/recettes-gourmandes-de-joce.fr\/wp-content\/uploads\/2019\/11\/PC290184-300x185.jpg 300w, http:\/\/recettes-gourmandes-de-joce.fr\/wp-content\/uploads\/2019\/11\/PC290184.jpg 640w\" sizes=\"auto, (max-width: 251px) 100vw, 251px\" \/><\/span><\/span><\/em><\/span><\/p>\n<p style=\"text-align: center;\"><span style=\"color: #ed9e4e;\"><em><span style=\"font-size: 14pt;\"><span style=\"font-family: georgia, palatino, serif;\">Mettre dans la cuve de la Map le lait ti\u00e8de, la levure et m\u00e9langer, ajouter le sucre et les \u0153ufs. Verser la farine.<\/span><\/span><\/em><\/span><\/p>\n<p style=\"text-align: center;\"><span style=\"color: #ed9e4e;\"><em><span style=\"font-size: 14pt;\"><span style=\"font-family: georgia, palatino, serif;\"><img loading=\"lazy\" decoding=\"async\" class=\"alignnone wp-image-10831\" src=\"http:\/\/recettes-gourmandes-de-joce.fr\/wp-content\/uploads\/2019\/11\/PC290186-150x150.jpg\" alt=\"\" width=\"213\" height=\"160\" srcset=\"http:\/\/recettes-gourmandes-de-joce.fr\/wp-content\/uploads\/2019\/11\/PC290186-300x225.jpg 300w, http:\/\/recettes-gourmandes-de-joce.fr\/wp-content\/uploads\/2019\/11\/PC290186.jpg 640w\" sizes=\"auto, (max-width: 213px) 100vw, 213px\" \/> <img loading=\"lazy\" decoding=\"async\" class=\"alignnone wp-image-10832\" src=\"http:\/\/recettes-gourmandes-de-joce.fr\/wp-content\/uploads\/2019\/11\/PC290187-150x150.jpg\" alt=\"\" width=\"213\" height=\"160\" srcset=\"http:\/\/recettes-gourmandes-de-joce.fr\/wp-content\/uploads\/2019\/11\/PC290187-300x225.jpg 300w, http:\/\/recettes-gourmandes-de-joce.fr\/wp-content\/uploads\/2019\/11\/PC290187.jpg 640w\" sizes=\"auto, (max-width: 213px) 100vw, 213px\" \/> <img loading=\"lazy\" decoding=\"async\" class=\"alignnone wp-image-10833\" src=\"http:\/\/recettes-gourmandes-de-joce.fr\/wp-content\/uploads\/2019\/11\/PC290190-150x150.jpg\" alt=\"\" width=\"120\" height=\"160\" srcset=\"http:\/\/recettes-gourmandes-de-joce.fr\/wp-content\/uploads\/2019\/11\/PC290190-225x300.jpg 225w, http:\/\/recettes-gourmandes-de-joce.fr\/wp-content\/uploads\/2019\/11\/PC290190.jpg 480w\" sizes=\"auto, (max-width: 120px) 100vw, 120px\" \/><\/span><\/span><\/em><\/span><\/p>\n<p style=\"text-align: center;\"><span style=\"color: #ed9e4e;\"><em><span style=\"font-size: 14pt;\"><span style=\"font-family: georgia, palatino, serif;\">Ajouter le sel et le beurre ramolli, mettre la Map en route programme p\u00e2te sans cuisson qui dure en moyenne 1h30 . <\/span><\/span><\/em><\/span><\/p>\n<p style=\"text-align: center;\"><span style=\"color: #ed9e4e;\"><em><span style=\"font-size: 14pt;\"><span style=\"font-family: georgia, palatino, serif;\"><img loading=\"lazy\" decoding=\"async\" class=\"alignnone wp-image-10835\" src=\"http:\/\/recettes-gourmandes-de-joce.fr\/wp-content\/uploads\/2019\/11\/PC290194-150x150.jpg\" alt=\"\" width=\"207\" height=\"155\" srcset=\"http:\/\/recettes-gourmandes-de-joce.fr\/wp-content\/uploads\/2019\/11\/PC290194-300x225.jpg 300w, http:\/\/recettes-gourmandes-de-joce.fr\/wp-content\/uploads\/2019\/11\/PC290194.jpg 640w\" sizes=\"auto, (max-width: 207px) 100vw, 207px\" \/> <img loading=\"lazy\" decoding=\"async\" class=\"alignnone wp-image-10836\" src=\"http:\/\/recettes-gourmandes-de-joce.fr\/wp-content\/uploads\/2019\/11\/PC290196-150x150.jpg\" alt=\"\" width=\"207\" height=\"155\" srcset=\"http:\/\/recettes-gourmandes-de-joce.fr\/wp-content\/uploads\/2019\/11\/PC290196-300x225.jpg 300w, http:\/\/recettes-gourmandes-de-joce.fr\/wp-content\/uploads\/2019\/11\/PC290196.jpg 640w\" sizes=\"auto, (max-width: 207px) 100vw, 207px\" \/> <img loading=\"lazy\" decoding=\"async\" class=\"alignnone wp-image-10837\" src=\"http:\/\/recettes-gourmandes-de-joce.fr\/wp-content\/uploads\/2019\/11\/PC290197-001-150x150.jpg\" alt=\"\" width=\"207\" height=\"155\" srcset=\"http:\/\/recettes-gourmandes-de-joce.fr\/wp-content\/uploads\/2019\/11\/PC290197-001-300x225.jpg 300w, http:\/\/recettes-gourmandes-de-joce.fr\/wp-content\/uploads\/2019\/11\/PC290197-001.jpg 640w\" sizes=\"auto, (max-width: 207px) 100vw, 207px\" \/><\/span><\/span><\/em><\/span><\/p>\n<p style=\"text-align: center;\"><span style=\"color: #ed9e4e;\"><em><span style=\"font-size: 14pt;\"><span style=\"font-family: georgia, palatino, serif;\">L&rsquo;\u00e9taler au rouleau \u00e0 p\u00e2tisserie sur 1cm d&rsquo;\u00e9paisseur, \u00e0 l&rsquo;aide d&rsquo;un emporte-pi\u00e8ce ovale \u00e0 d\u00e9faut rond, d\u00e9couper vos navettes, disposer\u00a0les sur une feuille de silicone et couvrez les d&rsquo;un torchon,\u00a0les laisser reposer 30 minutes le temps de laisser pr\u00e9chauffer le four \u00e0 220\u00b0.<\/span><\/span><\/em><\/span><\/p>\n<p style=\"text-align: center;\"><span style=\"color: #ed9e4e;\"><em><span style=\"font-size: 14pt;\"><span style=\"font-family: georgia, palatino, serif;\"><img loading=\"lazy\" decoding=\"async\" class=\"alignnone wp-image-10431\" src=\"http:\/\/recettes-gourmandes-de-joce.fr\/wp-content\/uploads\/2019\/11\/canards-au-foie-gras-1-24-150x150.jpg\" alt=\"\" width=\"207\" height=\"155\" srcset=\"http:\/\/recettes-gourmandes-de-joce.fr\/wp-content\/uploads\/2019\/11\/canards-au-foie-gras-1-24-300x225.jpg 300w, http:\/\/recettes-gourmandes-de-joce.fr\/wp-content\/uploads\/2019\/11\/canards-au-foie-gras-1-24.jpg 640w\" sizes=\"auto, (max-width: 207px) 100vw, 207px\" \/> <img loading=\"lazy\" decoding=\"async\" class=\"alignnone wp-image-10841\" src=\"http:\/\/recettes-gourmandes-de-joce.fr\/wp-content\/uploads\/2019\/11\/PC290206-150x150.jpg\" alt=\"\" width=\"207\" height=\"155\" srcset=\"http:\/\/recettes-gourmandes-de-joce.fr\/wp-content\/uploads\/2019\/11\/PC290206-300x225.jpg 300w, http:\/\/recettes-gourmandes-de-joce.fr\/wp-content\/uploads\/2019\/11\/PC290206.jpg 640w\" sizes=\"auto, (max-width: 207px) 100vw, 207px\" \/> <img loading=\"lazy\" decoding=\"async\" class=\"alignnone wp-image-10843\" src=\"http:\/\/recettes-gourmandes-de-joce.fr\/wp-content\/uploads\/2019\/11\/PC290210-150x150.jpg\" alt=\"\" width=\"207\" height=\"155\" srcset=\"http:\/\/recettes-gourmandes-de-joce.fr\/wp-content\/uploads\/2019\/11\/PC290210-300x225.jpg 300w, http:\/\/recettes-gourmandes-de-joce.fr\/wp-content\/uploads\/2019\/11\/PC290210.jpg 640w\" sizes=\"auto, (max-width: 207px) 100vw, 207px\" \/>\u00a0<\/span><\/span><\/em><\/span><\/p>\n<p style=\"text-align: center;\"><span style=\"color: #ed9e4e;\"><em><span style=\"font-size: 14pt;\"><span style=\"font-family: georgia, palatino, serif;\">Battre l&rsquo;\u0153uf restant et en passez sur les pains avant de les enfourner, parsemer de graines de s\u00e9same, enfourner environ 15\/20 minutes selon les fours (surveiller la coloration) descendre la t\u00b0 \u00e0 200\u00b0 au bout de 5 minutes de cuisson. Laisser refroidir vos pain sur une grille. Elles sont pr\u00eates \u00e0 garnir.<\/span><\/span><\/em><\/span><\/p>\n<p style=\"text-align: center;\"><span style=\"color: #ed9e4e;\"><em><span style=\"font-size: 14pt;\"><span style=\"font-family: georgia, palatino, serif;\">Bon app\u00e9tit!<\/span><\/span><\/em><\/span><\/p>\n<p style=\"text-align: center;\"><span style=\"color: #ed9e4e;\"><em><span style=\"font-size: 14pt;\"><span style=\"font-family: georgia, palatino, serif;\"><img loading=\"lazy\" decoding=\"async\" class=\"alignnone wp-image-10847\" src=\"http:\/\/recettes-gourmandes-de-joce.fr\/wp-content\/uploads\/2019\/11\/PC290230-150x150.jpg\" alt=\"\" width=\"240\" height=\"180\" srcset=\"http:\/\/recettes-gourmandes-de-joce.fr\/wp-content\/uploads\/2019\/11\/PC290230-300x225.jpg 300w, http:\/\/recettes-gourmandes-de-joce.fr\/wp-content\/uploads\/2019\/11\/PC290230.jpg 640w\" sizes=\"auto, (max-width: 240px) 100vw, 240px\" \/> <img loading=\"lazy\" decoding=\"async\" class=\"alignnone wp-image-10862\" src=\"http:\/\/recettes-gourmandes-de-joce.fr\/wp-content\/uploads\/2019\/11\/PC290232-150x150.jpg\" alt=\"\" width=\"244\" height=\"180\" srcset=\"http:\/\/recettes-gourmandes-de-joce.fr\/wp-content\/uploads\/2019\/11\/PC290232-300x221.jpg 300w, http:\/\/recettes-gourmandes-de-joce.fr\/wp-content\/uploads\/2019\/11\/PC290232.jpg 640w\" sizes=\"auto, (max-width: 244px) 100vw, 244px\" \/><\/span><\/span><\/em><\/span><\/p>\n<p style=\"text-align: center;\"><img loading=\"lazy\" decoding=\"async\" class=\"alignnone size-full wp-image-59803\" src=\"http:\/\/recettes-gourmandes-de-joce.fr\/wp-content\/uploads\/2024\/01\/logitech-gaming-software-14112014-121223.jpg\" alt=\"\" width=\"640\" height=\"144\" \/><\/p>\n<div class=\"items-container\">\n<div class=\"item item-comment media\">\n<div class=\"media-body\">\n<div class=\"item item-comment media by-webmaster\">\n<div class=\"media-body\">\n<div class=\"comment-content\">\n<h3><span style=\"color: #000000;\"><em><span style=\"font-size: 14pt;\"><span style=\"font-family: georgia, palatino, serif;\">Commentaires\u00a0<small>(2)<\/small><\/span><\/span><\/em><\/span><\/h3>\n<div class=\"items-container\">\n<div class=\"item item-comment media\">\n<div class=\"pull-left\">\n<p>&nbsp;<\/p>\n<p><span style=\"color: #000000;\"><em><span style=\"font-size: 14pt;\"><span style=\"font-family: georgia, palatino, serif;\"><img decoding=\"async\" class=\"media-object\" src=\"https:\/\/www.gravatar.com\/avatar\/1648a758f9ab7672cd45ba3219e22026?d=https%3A%2F%2Fwww.recettes-gourmandes-de-joce.com%2Fmedias%2Fstatic%2Fmanager%2Fim%2Favatar.png?s=50&amp;d=mm\" alt=\"Cycy rockland\" width=\"50\" \/><\/span><\/span><\/em><\/span><\/p>\n<\/div>\n<div class=\"media-body\">\n<ul class=\"inline item-infos\">\n<li><span style=\"color: #000000;\"><em><span style=\"font-size: 14pt;\"><span style=\"font-family: georgia, palatino, serif;\"><span class=\"comment-number\">1.<\/span>\u00a0<span class=\"comment-author\">Cycy rockland<\/span>\u00a0<span class=\"comment-date\">| 29\/05\/2018<\/span><\/span><\/span><\/em><\/span><\/li>\n<\/ul>\n<div class=\"comment-content\">\n<p><span style=\"color: #000000;\"><em><span style=\"font-size: 14pt;\"><span style=\"font-family: georgia, palatino, serif;\">Bonjour<\/span><\/span><\/em><\/span><\/p>\n<p><span style=\"color: #000000;\"><em><span style=\"font-size: 14pt;\"><span style=\"font-family: georgia, palatino, serif;\">Je voulais savoir si il \u00e9tait possible de congel\u00e9 les pains navettes une fois cuit et les garnir plus tard????<\/span><\/span><\/em><\/span><\/p>\n<\/div>\n<div class=\"item item-comment media by-webmaster\">\n<div class=\"pull-left\">\n<p>&nbsp;<\/p>\n<p><span style=\"color: #000000;\"><em><span style=\"font-size: 14pt;\"><span style=\"font-family: georgia, palatino, serif;\"><\/span><\/span><\/em><\/span><\/p>\n<\/div>\n<div class=\"media-body\">\n<ul class=\"inline item-infos\">\n<li><span style=\"color: #000000;\"><em><span style=\"font-size: 14pt;\"><span style=\"font-family: georgia, palatino, serif;\"><span class=\"comment-author\">jocelyne debon\u00a0(<a style=\"color: #000000;\" rel=\"nofollow\">site web<\/a>)<\/span>\u00a0<span class=\"comment-date\">| 30\/05\/2018<\/span><\/span><\/span><\/em><\/span><\/li>\n<\/ul>\n<div class=\"comment-content\"><span style=\"color: #000000;\"><em><span style=\"font-size: 14pt;\"><span style=\"font-family: georgia, palatino, serif;\">Bonjour, <\/span><\/span><\/em><\/span><\/div>\n<div class=\"comment-content\"><span style=\"color: #000000;\"><em><span style=\"font-size: 14pt;\"><span style=\"font-family: georgia, palatino, serif;\">Oui vous pouvez, les d\u00e9congeler ensuite \u00e0 T\u00b0 ambiante. <\/span><\/span><\/em><\/span><\/div>\n<div class=\"comment-content\"><span style=\"color: #000000;\"><em><span style=\"font-size: 14pt;\"><span style=\"font-family: georgia, palatino, serif;\">Bonne journ\u00e9e <\/span><\/span><\/em><\/span><\/div>\n<div class=\"comment-content\"><span style=\"color: #000000;\"><em><span style=\"font-size: 14pt;\"><span style=\"font-family: georgia, palatino, serif;\">Amicalement Joce<\/span><\/span><\/em><\/span><\/div>\n<\/div>\n<\/div>\n<\/div>\n<\/div>\n<\/div>\n<\/div>\n<\/div>\n<\/div>\n<\/div>\n<\/div>\n<\/div>\n","protected":false},"excerpt":{"rendered":"<p>Une de mes recettes Ingr\u00e9dients pour 18 navettes 500 g de farine 140 g de beurre 2 \u0153uf + 1 pour la dorure 230 g de lait 100 g de sucre 15 g de levure de boulanger 2 g de sel R\u00e9aliser en Map Au robot p\u00e9trisseur :\u00a0 proc\u00e9der de la m\u00eame fa\u00e7on en m\u00e9langeant &hellip; <\/p>\n<p><a class=\"more-link btn\" href=\"http:\/\/recettes-gourmandes-de-joce.fr\/index.php\/index\/pains-viennoiseries-map\/map-machine-a-pain\/pains-pour-navettes-aperitives\/\">Lire la suite<\/a><\/p>\n","protected":false},"author":2,"featured_media":86902,"parent":278,"menu_order":0,"comment_status":"open","ping_status":"closed","template":"","meta":{"footnotes":""},"class_list":["post-10864","page","type-page","status-publish","has-post-thumbnail","hentry","nodate","item-wrap"],"_links":{"self":[{"href":"http:\/\/recettes-gourmandes-de-joce.fr\/index.php\/wp-json\/wp\/v2\/pages\/10864","targetHints":{"allow":["GET"]}}],"collection":[{"href":"http:\/\/recettes-gourmandes-de-joce.fr\/index.php\/wp-json\/wp\/v2\/pages"}],"about":[{"href":"http:\/\/recettes-gourmandes-de-joce.fr\/index.php\/wp-json\/wp\/v2\/types\/page"}],"author":[{"embeddable":true,"href":"http:\/\/recettes-gourmandes-de-joce.fr\/index.php\/wp-json\/wp\/v2\/users\/2"}],"replies":[{"embeddable":true,"href":"http:\/\/recettes-gourmandes-de-joce.fr\/index.php\/wp-json\/wp\/v2\/comments?post=10864"}],"version-history":[{"count":6,"href":"http:\/\/recettes-gourmandes-de-joce.fr\/index.php\/wp-json\/wp\/v2\/pages\/10864\/revisions"}],"predecessor-version":[{"id":93896,"href":"http:\/\/recettes-gourmandes-de-joce.fr\/index.php\/wp-json\/wp\/v2\/pages\/10864\/revisions\/93896"}],"up":[{"embeddable":true,"href":"http:\/\/recettes-gourmandes-de-joce.fr\/index.php\/wp-json\/wp\/v2\/pages\/278"}],"wp:featuredmedia":[{"embeddable":true,"href":"http:\/\/recettes-gourmandes-de-joce.fr\/index.php\/wp-json\/wp\/v2\/media\/86902"}],"wp:attachment":[{"href":"http:\/\/recettes-gourmandes-de-joce.fr\/index.php\/wp-json\/wp\/v2\/media?parent=10864"}],"curies":[{"name":"wp","href":"https:\/\/api.w.org\/{rel}","templated":true}]}}