{"id":10767,"date":"2019-11-23T10:32:31","date_gmt":"2019-11-23T10:32:31","guid":{"rendered":"http:\/\/recettes-gourmandes-de-joce.fr\/?page_id=10767"},"modified":"2024-06-15T14:36:03","modified_gmt":"2024-06-15T14:36:03","slug":"rillettes-ou-mousse-de-jambon-blanc-ou-de-dinde","status":"publish","type":"page","link":"http:\/\/recettes-gourmandes-de-joce.fr\/index.php\/index\/aperitifs-amuses-bouches\/amuses-bouches\/rillettes-ou-mousse-de-jambon-blanc-ou-de-dinde\/","title":{"rendered":"Rillettes ou mousse de jambon blanc ou de dinde."},"content":{"rendered":"<p style=\"text-align: center;\"><span style=\"text-decoration: underline; color: #cf5353; font-size: 18pt;\"><span style=\"color: #c34f59; font-family: georgia, palatino, serif;\"><i>Une de mes recette<\/i><\/span><\/span><\/p>\n<p style=\"text-align: center;\"><span style=\"font-family: georgia, palatino, serif;\"><img loading=\"lazy\" decoding=\"async\" class=\"alignnone wp-image-10759\" src=\"http:\/\/recettes-gourmandes-de-joce.fr\/wp-content\/uploads\/2019\/11\/P5020011-150x150.jpg\" alt=\"\" width=\"233\" height=\"175\" srcset=\"http:\/\/recettes-gourmandes-de-joce.fr\/wp-content\/uploads\/2019\/11\/P5020011-300x225.jpg 300w, http:\/\/recettes-gourmandes-de-joce.fr\/wp-content\/uploads\/2019\/11\/P5020011.jpg 640w\" sizes=\"auto, (max-width: 233px) 100vw, 233px\" \/> <img loading=\"lazy\" decoding=\"async\" class=\"alignnone wp-image-10760\" src=\"http:\/\/recettes-gourmandes-de-joce.fr\/wp-content\/uploads\/2019\/11\/P5020012-150x150.jpg\" alt=\"\" width=\"255\" height=\"175\" srcset=\"http:\/\/recettes-gourmandes-de-joce.fr\/wp-content\/uploads\/2019\/11\/P5020012-300x206.jpg 300w, http:\/\/recettes-gourmandes-de-joce.fr\/wp-content\/uploads\/2019\/11\/P5020012.jpg 640w\" sizes=\"auto, (max-width: 255px) 100vw, 255px\" \/> <img loading=\"lazy\" decoding=\"async\" class=\"alignnone wp-image-10758\" src=\"http:\/\/recettes-gourmandes-de-joce.fr\/wp-content\/uploads\/2019\/11\/P5020009-150x150.jpg\" alt=\"\" width=\"233\" height=\"175\" srcset=\"http:\/\/recettes-gourmandes-de-joce.fr\/wp-content\/uploads\/2019\/11\/P5020009-300x225.jpg 300w, http:\/\/recettes-gourmandes-de-joce.fr\/wp-content\/uploads\/2019\/11\/P5020009.jpg 640w\" sizes=\"auto, (max-width: 233px) 100vw, 233px\" \/><\/span><\/p>\n<p style=\"text-align: center;\"><span style=\"color: #c34f59; font-family: georgia, palatino, serif; font-size: 18pt;\"><em><span style=\"text-decoration: underline;\">Ingr\u00e9dients pour 1 bol de rillettes<\/span><\/em><\/span><\/p>\n<p style=\"text-align: center;\"><span style=\"color: #c34f59; font-family: georgia, palatino, serif;\"><img loading=\"lazy\" decoding=\"async\" class=\"alignnone wp-image-10751\" src=\"http:\/\/recettes-gourmandes-de-joce.fr\/wp-content\/uploads\/2019\/11\/P5030038-150x150.jpg\" alt=\"\" width=\"204\" height=\"175\" srcset=\"http:\/\/recettes-gourmandes-de-joce.fr\/wp-content\/uploads\/2019\/11\/P5030038-300x257.jpg 300w, http:\/\/recettes-gourmandes-de-joce.fr\/wp-content\/uploads\/2019\/11\/P5030038.jpg 640w\" sizes=\"auto, (max-width: 204px) 100vw, 204px\" \/>\u00a0<\/span><\/p>\n<p style=\"text-align: center;\"><span style=\"color: #c34f59; font-family: georgia, palatino, serif; font-size: 14pt;\"><em>4 tranches de jambon blanc ou de dinde<\/em><\/span><\/p>\n<p style=\"text-align: center;\"><span style=\"color: #c34f59; font-family: georgia, palatino, serif; font-size: 14pt;\"><em>2 c \u00e0 s de St Mor\u00eat<\/em><\/span><\/p>\n<p style=\"text-align: center;\"><span style=\"color: #c34f59; font-family: georgia, palatino, serif; font-size: 14pt;\"><em>2 belles branches de persil plat<\/em><\/span><\/p>\n<p style=\"text-align: center;\"><span style=\"color: #c34f59; font-family: georgia, palatino, serif; font-size: 14pt;\"><em>3 tiges d&rsquo;oignon nouveau ou l&rsquo;\u00e9quivalent en ciboulette<\/em><\/span><\/p>\n<p style=\"text-align: center;\"><span style=\"color: #c34f59; font-family: georgia, palatino, serif; font-size: 14pt;\"><em>Sel et poivre<\/em><\/span><\/p>\n<p style=\"text-align: center;\"><span style=\"font-family: georgia, palatino, serif; font-size: 14pt;\"><img loading=\"lazy\" decoding=\"async\" class=\"alignnone wp-image-10753\" src=\"http:\/\/recettes-gourmandes-de-joce.fr\/wp-content\/uploads\/2019\/11\/P5020004-150x150.jpg\" alt=\"\" width=\"207\" height=\"155\" srcset=\"http:\/\/recettes-gourmandes-de-joce.fr\/wp-content\/uploads\/2019\/11\/P5020004-300x225.jpg 300w, http:\/\/recettes-gourmandes-de-joce.fr\/wp-content\/uploads\/2019\/11\/P5020004.jpg 640w\" sizes=\"auto, (max-width: 207px) 100vw, 207px\" \/> <img loading=\"lazy\" decoding=\"async\" class=\"alignnone wp-image-10756\" src=\"http:\/\/recettes-gourmandes-de-joce.fr\/wp-content\/uploads\/2019\/11\/P5020007-150x150.jpg\" alt=\"\" width=\"207\" height=\"155\" srcset=\"http:\/\/recettes-gourmandes-de-joce.fr\/wp-content\/uploads\/2019\/11\/P5020007-300x225.jpg 300w, http:\/\/recettes-gourmandes-de-joce.fr\/wp-content\/uploads\/2019\/11\/P5020007.jpg 640w\" sizes=\"auto, (max-width: 207px) 100vw, 207px\" \/><\/span><\/p>\n<p style=\"text-align: center;\"><span style=\"color: #c34f59; font-family: georgia, palatino, serif; font-size: 14pt;\"><em>Mettre dans le bol du robot les tranches de jambon coup\u00e9es grossi\u00e8rement, le persil et les tiges d&rsquo;oignon, le St Mor\u00eat , saler et poivrer et mixer, rectifier \u00e9ventuellement l&rsquo;assaisonnement.<\/em><\/span><\/p>\n<p style=\"text-align: center;\"><span style=\"color: #c34f59; font-family: georgia, palatino, serif; font-size: 14pt;\"><em>Vous pouvez servir ces rillettes sur des toasts grill\u00e9s, en petites cuill\u00e8res ap\u00e9ritives agr\u00e9ment\u00e9es d&rsquo;une feuille de persil, ou encore dans un petit plat accompagn\u00e9es de gressins \u00e0 tremper dedans.<\/em><\/span><\/p>\n<p style=\"text-align: center;\"><span style=\"color: #c34f59; font-family: georgia, palatino, serif; font-size: 14pt;\"><em>Mais aussi en farcir des \u0153ufs de caille ou de poule fa\u00e7on mimosa, des petites tomates cerise, des feuilles d&rsquo;endives etc..<\/em>\u00a0<\/span><\/p>\n<p style=\"text-align: center;\"><span style=\"color: #c34f59; font-family: georgia, palatino, serif; font-size: 14pt;\"><em>Bon ap\u00e9ritif!<\/em><\/span><\/p>\n<p style=\"text-align: center;\"><span style=\"font-family: georgia, palatino, serif; font-size: 14pt;\"><img loading=\"lazy\" decoding=\"async\" class=\"alignnone wp-image-10768\" src=\"http:\/\/recettes-gourmandes-de-joce.fr\/wp-content\/uploads\/2019\/11\/P5020014-150x150.jpg\" alt=\"\" width=\"248\" height=\"175\" srcset=\"http:\/\/recettes-gourmandes-de-joce.fr\/wp-content\/uploads\/2019\/11\/P5020014-300x211.jpg 300w, http:\/\/recettes-gourmandes-de-joce.fr\/wp-content\/uploads\/2019\/11\/P5020014.jpg 640w\" sizes=\"auto, (max-width: 248px) 100vw, 248px\" \/> <img loading=\"lazy\" decoding=\"async\" class=\"alignnone wp-image-10759\" src=\"http:\/\/recettes-gourmandes-de-joce.fr\/wp-content\/uploads\/2019\/11\/P5020011-150x150.jpg\" alt=\"\" width=\"233\" height=\"175\" srcset=\"http:\/\/recettes-gourmandes-de-joce.fr\/wp-content\/uploads\/2019\/11\/P5020011-300x225.jpg 300w, http:\/\/recettes-gourmandes-de-joce.fr\/wp-content\/uploads\/2019\/11\/P5020011.jpg 640w\" sizes=\"auto, (max-width: 233px) 100vw, 233px\" \/> <img loading=\"lazy\" decoding=\"async\" class=\"alignnone wp-image-10760\" src=\"http:\/\/recettes-gourmandes-de-joce.fr\/wp-content\/uploads\/2019\/11\/P5020012-150x150.jpg\" alt=\"\" width=\"255\" height=\"175\" srcset=\"http:\/\/recettes-gourmandes-de-joce.fr\/wp-content\/uploads\/2019\/11\/P5020012-300x206.jpg 300w, http:\/\/recettes-gourmandes-de-joce.fr\/wp-content\/uploads\/2019\/11\/P5020012.jpg 640w\" sizes=\"auto, (max-width: 255px) 100vw, 255px\" \/><\/span><\/p>\n<p style=\"text-align: center;\"><span style=\"font-size: 14pt;\"><img loading=\"lazy\" decoding=\"async\" class=\"alignnone size-full wp-image-59803\" src=\"http:\/\/recettes-gourmandes-de-joce.fr\/wp-content\/uploads\/2024\/01\/logitech-gaming-software-14112014-121223.jpg\" alt=\"\" width=\"640\" height=\"144\" \/><\/span><\/p>\n","protected":false},"excerpt":{"rendered":"<p>Une de mes recette Ingr\u00e9dients pour 1 bol de rillettes \u00a0 4 tranches de jambon blanc ou de dinde 2 c \u00e0 s de St Mor\u00eat 2 belles branches de persil plat 3 tiges d&rsquo;oignon nouveau ou l&rsquo;\u00e9quivalent en ciboulette Sel et poivre Mettre dans le bol du robot les tranches de jambon coup\u00e9es grossi\u00e8rement, &hellip; <\/p>\n<p><a class=\"more-link btn\" href=\"http:\/\/recettes-gourmandes-de-joce.fr\/index.php\/index\/aperitifs-amuses-bouches\/amuses-bouches\/rillettes-ou-mousse-de-jambon-blanc-ou-de-dinde\/\">Lire la suite<\/a><\/p>\n","protected":false},"author":2,"featured_media":83730,"parent":195,"menu_order":0,"comment_status":"open","ping_status":"closed","template":"","meta":{"footnotes":""},"class_list":["post-10767","page","type-page","status-publish","has-post-thumbnail","hentry","nodate","item-wrap"],"_links":{"self":[{"href":"http:\/\/recettes-gourmandes-de-joce.fr\/index.php\/wp-json\/wp\/v2\/pages\/10767","targetHints":{"allow":["GET"]}}],"collection":[{"href":"http:\/\/recettes-gourmandes-de-joce.fr\/index.php\/wp-json\/wp\/v2\/pages"}],"about":[{"href":"http:\/\/recettes-gourmandes-de-joce.fr\/index.php\/wp-json\/wp\/v2\/types\/page"}],"author":[{"embeddable":true,"href":"http:\/\/recettes-gourmandes-de-joce.fr\/index.php\/wp-json\/wp\/v2\/users\/2"}],"replies":[{"embeddable":true,"href":"http:\/\/recettes-gourmandes-de-joce.fr\/index.php\/wp-json\/wp\/v2\/comments?post=10767"}],"version-history":[{"count":6,"href":"http:\/\/recettes-gourmandes-de-joce.fr\/index.php\/wp-json\/wp\/v2\/pages\/10767\/revisions"}],"predecessor-version":[{"id":83729,"href":"http:\/\/recettes-gourmandes-de-joce.fr\/index.php\/wp-json\/wp\/v2\/pages\/10767\/revisions\/83729"}],"up":[{"embeddable":true,"href":"http:\/\/recettes-gourmandes-de-joce.fr\/index.php\/wp-json\/wp\/v2\/pages\/195"}],"wp:featuredmedia":[{"embeddable":true,"href":"http:\/\/recettes-gourmandes-de-joce.fr\/index.php\/wp-json\/wp\/v2\/media\/83730"}],"wp:attachment":[{"href":"http:\/\/recettes-gourmandes-de-joce.fr\/index.php\/wp-json\/wp\/v2\/media?parent=10767"}],"curies":[{"name":"wp","href":"https:\/\/api.w.org\/{rel}","templated":true}]}}