{"id":10729,"date":"2019-11-22T20:36:48","date_gmt":"2019-11-22T20:36:48","guid":{"rendered":"http:\/\/recettes-gourmandes-de-joce.fr\/?page_id=10729"},"modified":"2024-05-22T22:53:06","modified_gmt":"2024-05-22T22:53:06","slug":"veloute-de-lentilles-corail-aux-deux-jambons","status":"publish","type":"page","link":"http:\/\/recettes-gourmandes-de-joce.fr\/index.php\/index\/entrees\/soupes-veloutes\/veloute-de-lentilles-corail-aux-deux-jambons\/","title":{"rendered":"Velout\u00e9 de lentilles corail aux deux jambons."},"content":{"rendered":"<p style=\"text-align: center;\"><span style=\"font-size: large; font-family: georgia, palatino, serif;\"><em><span style=\"text-decoration: underline; color: #ff6666;\">D&rsquo;apr\u00e8s une recette de ma copine Sansan<\/span><\/em><\/span><\/p>\n<p style=\"text-align: center;\"><span style=\"font-family: georgia, palatino, serif;\"><img loading=\"lazy\" decoding=\"async\" class=\"alignnone wp-image-10701\" src=\"http:\/\/recettes-gourmandes-de-joce.fr\/wp-content\/uploads\/2019\/11\/PA200479-150x150.jpg\" alt=\"\" width=\"240\" height=\"180\" srcset=\"http:\/\/recettes-gourmandes-de-joce.fr\/wp-content\/uploads\/2019\/11\/PA200479-300x225.jpg 300w, http:\/\/recettes-gourmandes-de-joce.fr\/wp-content\/uploads\/2019\/11\/PA200479.jpg 640w\" sizes=\"auto, (max-width: 240px) 100vw, 240px\" \/> <img loading=\"lazy\" decoding=\"async\" class=\"alignnone wp-image-10700\" src=\"http:\/\/recettes-gourmandes-de-joce.fr\/wp-content\/uploads\/2019\/11\/PA200474-150x150.jpg\" alt=\"\" width=\"240\" height=\"180\" srcset=\"http:\/\/recettes-gourmandes-de-joce.fr\/wp-content\/uploads\/2019\/11\/PA200474-300x225.jpg 300w, http:\/\/recettes-gourmandes-de-joce.fr\/wp-content\/uploads\/2019\/11\/PA200474.jpg 640w\" sizes=\"auto, (max-width: 240px) 100vw, 240px\" \/> <img loading=\"lazy\" decoding=\"async\" class=\"alignnone wp-image-10698\" src=\"http:\/\/recettes-gourmandes-de-joce.fr\/wp-content\/uploads\/2019\/11\/PA200472-150x150.jpg\" alt=\"\" width=\"240\" height=\"180\" srcset=\"http:\/\/recettes-gourmandes-de-joce.fr\/wp-content\/uploads\/2019\/11\/PA200472-300x225.jpg 300w, http:\/\/recettes-gourmandes-de-joce.fr\/wp-content\/uploads\/2019\/11\/PA200472.jpg 640w\" sizes=\"auto, (max-width: 240px) 100vw, 240px\" \/><\/span><\/p>\n<p style=\"text-align: center;\"><span style=\"font-family: georgia, palatino, serif;\"><img loading=\"lazy\" decoding=\"async\" class=\"alignnone wp-image-10680\" src=\"http:\/\/recettes-gourmandes-de-joce.fr\/wp-content\/uploads\/2019\/11\/PA200486-150x150.jpg\" alt=\"\" width=\"218\" height=\"180\" srcset=\"http:\/\/recettes-gourmandes-de-joce.fr\/wp-content\/uploads\/2019\/11\/PA200486-300x248.jpg 300w, http:\/\/recettes-gourmandes-de-joce.fr\/wp-content\/uploads\/2019\/11\/PA200486.jpg 640w\" sizes=\"auto, (max-width: 218px) 100vw, 218px\" \/><\/span><\/p>\n<p style=\"text-align: center;\"><span style=\"font-family: georgia, palatino, serif;\"><em><span style=\"text-decoration: underline; font-size: x-large; color: #ff6666;\">Ingr\u00e9dients pour 4 personnes<\/span><\/em><\/span><\/p>\n<p style=\"text-align: center;\"><span style=\"font-family: georgia, palatino, serif;\"><img loading=\"lazy\" decoding=\"async\" class=\"alignnone wp-image-10681\" src=\"http:\/\/recettes-gourmandes-de-joce.fr\/wp-content\/uploads\/2019\/11\/PA200428-150x150.jpg\" alt=\"\" width=\"245\" height=\"175\" srcset=\"http:\/\/recettes-gourmandes-de-joce.fr\/wp-content\/uploads\/2019\/11\/PA200428-300x214.jpg 300w, http:\/\/recettes-gourmandes-de-joce.fr\/wp-content\/uploads\/2019\/11\/PA200428.jpg 640w\" sizes=\"auto, (max-width: 245px) 100vw, 245px\" \/><\/span><\/p>\n<p style=\"text-align: center;\"><span style=\"font-family: georgia, palatino, serif;\"><span style=\"font-size: large; color: #ff6666;\"><em>4<\/em><\/span> <span style=\"font-size: large;\"><em><span style=\"color: #ff6666;\">tranches de jambon blanc ou de blanc de poulet<\/span><\/em><\/span><\/span><\/p>\n<p style=\"text-align: center;\"><span style=\"font-size: large; font-family: georgia, palatino, serif;\"><em><span style=\"color: #ff6666;\">3 carottes<\/span><\/em><\/span><\/p>\n<p style=\"text-align: center;\"><span style=\"font-size: large; font-family: georgia, palatino, serif;\"><em><span style=\"color: #ff6666;\">1 belle pomme de terre<\/span><\/em><\/span><\/p>\n<p style=\"text-align: center;\"><span style=\"font-size: large; font-family: georgia, palatino, serif;\"><em><span style=\"color: #ff6666;\">250 g de lentilles corail<\/span><\/em><\/span><\/p>\n<p style=\"text-align: center;\"><span style=\"font-size: large; font-family: georgia, palatino, serif;\"><em><span style=\"color: #ff6666;\">1 oignon<\/span><\/em><\/span><\/p>\n<p style=\"text-align: center;\"><span style=\"font-size: large; font-family: georgia, palatino, serif;\"><em><span style=\"color: #ff6666;\">1 belle tranche de jambon sec ou des lardons de canard<\/span><\/em><\/span><\/p>\n<p style=\"text-align: center;\"><span style=\"font-size: large; font-family: georgia, palatino, serif;\"><em><span style=\"color: #ff6666;\">1 cube de bouillon de volaille<\/span><\/em><\/span><\/p>\n<p style=\"text-align: center;\"><span style=\"font-size: large; font-family: georgia, palatino, serif;\"><em><span style=\"color: #ff6666;\">1 c \u00e0 c de curry<\/span><\/em><\/span><\/p>\n<p style=\"text-align: center;\"><span style=\"font-size: large; font-family: georgia, palatino, serif;\"><em><span style=\"color: #ff6666;\">\u00bd c \u00e0 c de gingembre en poudre<\/span><\/em><\/span><\/p>\n<p style=\"text-align: center;\"><span style=\"font-size: large; font-family: georgia, palatino, serif;\"><em><span style=\"color: #ff6666;\">1c \u00e0 c d&rsquo;ail en poudre<\/span><\/em><\/span><\/p>\n<p style=\"text-align: center;\"><span style=\"font-size: large; font-family: georgia, palatino, serif;\"><em><span style=\"color: #ff6666;\">1 morceau de beurre<\/span><\/em><\/span><\/p>\n<p style=\"text-align: center;\"><span style=\"font-size: large; font-family: georgia, palatino, serif;\"><em><span style=\"color: #ff6666;\">sel<\/span><\/em><\/span><\/p>\n<p style=\"text-align: center;\"><span style=\"font-size: large; font-family: georgia, palatino, serif;\"><em><span style=\"color: #ff6666;\">4 pinc\u00e9e de piment d&rsquo;Espelette<\/span><\/em><\/span><\/p>\n<p style=\"text-align: center;\"><span style=\"font-size: large; font-family: georgia, palatino, serif;\"><em><span style=\"color: #ff6666;\">4 c \u00e0 c de cr\u00e8me fra\u00eeche<\/span><\/em><\/span><\/p>\n<p style=\"text-align: center;\"><span style=\"font-size: large; font-family: georgia, palatino, serif;\"><em><span style=\"color: #ff6666;\">Quelques tiges de persil plat pour la d\u00e9co<\/span><\/em><\/span><\/p>\n<p style=\"text-align: center;\"><span style=\"font-family: georgia, palatino, serif;\"><img loading=\"lazy\" decoding=\"async\" class=\"alignnone wp-image-10682\" src=\"http:\/\/recettes-gourmandes-de-joce.fr\/wp-content\/uploads\/2019\/11\/PA200434-150x150.jpg\" alt=\"\" width=\"247\" height=\"155\" srcset=\"http:\/\/recettes-gourmandes-de-joce.fr\/wp-content\/uploads\/2019\/11\/PA200434-300x188.jpg 300w, http:\/\/recettes-gourmandes-de-joce.fr\/wp-content\/uploads\/2019\/11\/PA200434.jpg 640w\" sizes=\"auto, (max-width: 247px) 100vw, 247px\" \/> <img loading=\"lazy\" decoding=\"async\" class=\"alignnone wp-image-10689\" src=\"http:\/\/recettes-gourmandes-de-joce.fr\/wp-content\/uploads\/2019\/11\/PA200449-150x150.jpg\" alt=\"\" width=\"207\" height=\"155\" srcset=\"http:\/\/recettes-gourmandes-de-joce.fr\/wp-content\/uploads\/2019\/11\/PA200449-300x225.jpg 300w, http:\/\/recettes-gourmandes-de-joce.fr\/wp-content\/uploads\/2019\/11\/PA200449.jpg 640w\" sizes=\"auto, (max-width: 207px) 100vw, 207px\" \/> <img loading=\"lazy\" decoding=\"async\" class=\"alignnone wp-image-10683\" src=\"http:\/\/recettes-gourmandes-de-joce.fr\/wp-content\/uploads\/2019\/11\/PA200437-150x150.jpg\" alt=\"\" width=\"207\" height=\"155\" srcset=\"http:\/\/recettes-gourmandes-de-joce.fr\/wp-content\/uploads\/2019\/11\/PA200437-300x225.jpg 300w, http:\/\/recettes-gourmandes-de-joce.fr\/wp-content\/uploads\/2019\/11\/PA200437.jpg 640w\" sizes=\"auto, (max-width: 207px) 100vw, 207px\" \/><\/span><\/p>\n<p style=\"text-align: center;\"><span style=\"font-size: large; font-family: georgia, palatino, serif;\"><em><span style=\"color: #ff6666;\">Peler et laver les l\u00e9gumes, les couper en petits morceaux, peler et \u00e9mincer l&rsquo;oignon, <span style=\"font-family: georgia, palatino, serif;\"><span style=\"color: #ff6666; font-size: large;\">couper les deux jambons en petits morceaux<\/span><\/span>. Dans une casserole mettre \u00e0 fondre le beurre.<\/span><\/em><\/span><\/p>\n<p style=\"text-align: center;\"><span style=\"font-family: georgia, palatino, serif;\"><img loading=\"lazy\" decoding=\"async\" class=\"alignnone wp-image-10684\" src=\"http:\/\/recettes-gourmandes-de-joce.fr\/wp-content\/uploads\/2019\/11\/PA200438-150x150.jpg\" alt=\"\" width=\"207\" height=\"155\" srcset=\"http:\/\/recettes-gourmandes-de-joce.fr\/wp-content\/uploads\/2019\/11\/PA200438-300x225.jpg 300w, http:\/\/recettes-gourmandes-de-joce.fr\/wp-content\/uploads\/2019\/11\/PA200438.jpg 640w\" sizes=\"auto, (max-width: 207px) 100vw, 207px\" \/> <img loading=\"lazy\" decoding=\"async\" class=\"alignnone wp-image-10685\" src=\"http:\/\/recettes-gourmandes-de-joce.fr\/wp-content\/uploads\/2019\/11\/PA200441-150x150.jpg\" alt=\"\" width=\"213\" height=\"155\" srcset=\"http:\/\/recettes-gourmandes-de-joce.fr\/wp-content\/uploads\/2019\/11\/PA200441-300x218.jpg 300w, http:\/\/recettes-gourmandes-de-joce.fr\/wp-content\/uploads\/2019\/11\/PA200441.jpg 640w\" sizes=\"auto, (max-width: 213px) 100vw, 213px\" \/> <img loading=\"lazy\" decoding=\"async\" class=\"alignnone wp-image-10686\" src=\"http:\/\/recettes-gourmandes-de-joce.fr\/wp-content\/uploads\/2019\/11\/PA200442-150x150.jpg\" alt=\"\" width=\"209\" height=\"155\" srcset=\"http:\/\/recettes-gourmandes-de-joce.fr\/wp-content\/uploads\/2019\/11\/PA200442-300x222.jpg 300w, http:\/\/recettes-gourmandes-de-joce.fr\/wp-content\/uploads\/2019\/11\/PA200442.jpg 640w\" sizes=\"auto, (max-width: 209px) 100vw, 209px\" \/><\/span><\/p>\n<p style=\"text-align: center;\"><span style=\"font-size: large; font-family: georgia, palatino, serif;\"><em><span style=\"color: #ff6666;\">Mettre \u00e0 suer les oignons sal\u00e9s et ajouter les carottes et les pommes de terre, saler <\/span><\/em><span style=\"color: #ff6666;\"><em>\u00e0 nouveau.<\/em><\/span><\/span><\/p>\n<p style=\"text-align: center;\"><span style=\"font-family: georgia, palatino, serif;\"><img loading=\"lazy\" decoding=\"async\" class=\"alignnone wp-image-10687\" src=\"http:\/\/recettes-gourmandes-de-joce.fr\/wp-content\/uploads\/2019\/11\/PA200443-150x150.jpg\" alt=\"\" width=\"207\" height=\"155\" srcset=\"http:\/\/recettes-gourmandes-de-joce.fr\/wp-content\/uploads\/2019\/11\/PA200443-300x225.jpg 300w, http:\/\/recettes-gourmandes-de-joce.fr\/wp-content\/uploads\/2019\/11\/PA200443.jpg 640w\" sizes=\"auto, (max-width: 207px) 100vw, 207px\" \/> <img loading=\"lazy\" decoding=\"async\" class=\"alignnone wp-image-10688\" src=\"http:\/\/recettes-gourmandes-de-joce.fr\/wp-content\/uploads\/2019\/11\/PA200446-150x150.jpg\" alt=\"\" width=\"220\" height=\"155\" srcset=\"http:\/\/recettes-gourmandes-de-joce.fr\/wp-content\/uploads\/2019\/11\/PA200446-300x211.jpg 300w, http:\/\/recettes-gourmandes-de-joce.fr\/wp-content\/uploads\/2019\/11\/PA200446.jpg 640w\" sizes=\"auto, (max-width: 220px) 100vw, 220px\" \/> <img loading=\"lazy\" decoding=\"async\" class=\"alignnone wp-image-10690\" src=\"http:\/\/recettes-gourmandes-de-joce.fr\/wp-content\/uploads\/2019\/11\/PA200451-150x150.jpg\" alt=\"\" width=\"207\" height=\"155\" srcset=\"http:\/\/recettes-gourmandes-de-joce.fr\/wp-content\/uploads\/2019\/11\/PA200451-300x225.jpg 300w, http:\/\/recettes-gourmandes-de-joce.fr\/wp-content\/uploads\/2019\/11\/PA200451.jpg 640w\" sizes=\"auto, (max-width: 207px) 100vw, 207px\" \/><\/span><\/p>\n<p style=\"text-align: center;\"><span style=\"font-family: georgia, palatino, serif;\"><em><span style=\"color: #ff6666; font-size: large;\">Ajouter ensuite le cube de bouillon de volaille \u00e9miett\u00e9, verser de l&rsquo;eau \u00e0 hauteur, remuer. <\/span><\/em><\/span><em style=\"font-family: georgia, palatino, serif;\"><span style=\"color: #ff6666; font-size: large;\">Laisser mijoter environ 15 minutes.<\/span><\/em><\/p>\n<p style=\"text-align: center;\"><span style=\"font-family: georgia, palatino, serif;\">\u00a0<\/span><span style=\"font-family: georgia, palatino, serif;\"><img loading=\"lazy\" decoding=\"async\" class=\"alignnone wp-image-10730\" src=\"http:\/\/recettes-gourmandes-de-joce.fr\/wp-content\/uploads\/2019\/11\/PA200453-150x150.jpg\" alt=\"\" width=\"196\" height=\"155\" srcset=\"http:\/\/recettes-gourmandes-de-joce.fr\/wp-content\/uploads\/2019\/11\/PA200453-300x237.jpg 300w, http:\/\/recettes-gourmandes-de-joce.fr\/wp-content\/uploads\/2019\/11\/PA200453.jpg 640w\" sizes=\"auto, (max-width: 196px) 100vw, 196px\" \/> <img loading=\"lazy\" decoding=\"async\" class=\"alignnone wp-image-10691\" src=\"http:\/\/recettes-gourmandes-de-joce.fr\/wp-content\/uploads\/2019\/11\/PA200455-150x150.jpg\" alt=\"\" width=\"189\" height=\"155\" srcset=\"http:\/\/recettes-gourmandes-de-joce.fr\/wp-content\/uploads\/2019\/11\/PA200455-300x247.jpg 300w, http:\/\/recettes-gourmandes-de-joce.fr\/wp-content\/uploads\/2019\/11\/PA200455.jpg 640w\" sizes=\"auto, (max-width: 189px) 100vw, 189px\" \/> <img loading=\"lazy\" decoding=\"async\" class=\"alignnone wp-image-10692\" src=\"http:\/\/recettes-gourmandes-de-joce.fr\/wp-content\/uploads\/2019\/11\/PA200457-150x150.jpg\" alt=\"\" width=\"225\" height=\"155\" srcset=\"http:\/\/recettes-gourmandes-de-joce.fr\/wp-content\/uploads\/2019\/11\/PA200457-300x206.jpg 300w, http:\/\/recettes-gourmandes-de-joce.fr\/wp-content\/uploads\/2019\/11\/PA200457.jpg 640w\" sizes=\"auto, (max-width: 225px) 100vw, 225px\" \/><\/span><\/p>\n<p style=\"text-align: center;\"><span style=\"font-family: georgia, palatino, serif;\"><em><span style=\"color: #ff6666; font-size: large;\">Pendant ce temps, rincer les lentilles sous l&rsquo;eau froide. <\/span><\/em><\/span><em style=\"font-family: georgia, palatino, serif;\"><span style=\"color: #ff6666; font-size: large;\">Au bout de 15 minutes de cuisson, ajouter les lentilles dans la casserole, <\/span><\/em><em style=\"font-family: georgia, palatino, serif;\"><span style=\"color: #ff6666; font-size: large;\">le gingembre.<\/span><\/em><\/p>\n<p style=\"text-align: center;\"><span style=\"font-family: georgia, palatino, serif;\"><img loading=\"lazy\" decoding=\"async\" class=\"alignnone wp-image-10693\" src=\"http:\/\/recettes-gourmandes-de-joce.fr\/wp-content\/uploads\/2019\/11\/PA200463-2-150x150.jpg\" alt=\"\" width=\"210\" height=\"155\" srcset=\"http:\/\/recettes-gourmandes-de-joce.fr\/wp-content\/uploads\/2019\/11\/PA200463-2-300x221.jpg 300w, http:\/\/recettes-gourmandes-de-joce.fr\/wp-content\/uploads\/2019\/11\/PA200463-2.jpg 640w\" sizes=\"auto, (max-width: 210px) 100vw, 210px\" \/> <img loading=\"lazy\" decoding=\"async\" class=\"alignnone wp-image-10694\" src=\"http:\/\/recettes-gourmandes-de-joce.fr\/wp-content\/uploads\/2019\/11\/PA200465-150x150.jpg\" alt=\"\" width=\"207\" height=\"155\" srcset=\"http:\/\/recettes-gourmandes-de-joce.fr\/wp-content\/uploads\/2019\/11\/PA200465-300x225.jpg 300w, http:\/\/recettes-gourmandes-de-joce.fr\/wp-content\/uploads\/2019\/11\/PA200465.jpg 640w\" sizes=\"auto, (max-width: 207px) 100vw, 207px\" \/> <img loading=\"lazy\" decoding=\"async\" class=\"alignnone wp-image-10695\" src=\"http:\/\/recettes-gourmandes-de-joce.fr\/wp-content\/uploads\/2019\/11\/PA200466-150x150.jpg\" alt=\"\" width=\"201\" height=\"155\" srcset=\"http:\/\/recettes-gourmandes-de-joce.fr\/wp-content\/uploads\/2019\/11\/PA200466-300x232.jpg 300w, http:\/\/recettes-gourmandes-de-joce.fr\/wp-content\/uploads\/2019\/11\/PA200466.jpg 640w\" sizes=\"auto, (max-width: 201px) 100vw, 201px\" \/><\/span><\/p>\n<p style=\"text-align: center;\"><span style=\"font-family: georgia, palatino, serif;\"><em><span style=\"color: #ff6666; font-size: large;\">Ajouter l&rsquo;ail,\u00a0<\/span><\/em><\/span><em style=\"font-family: georgia, palatino, serif; font-size: large;\"><span style=\"color: #ff6666;\">le curry, m\u00e9langer et poursuivre la cuisson environ 20minutes \u00e0 feu doux. V\u00e9rifier la cuisson des carottes.<\/span><\/em><\/p>\n<p style=\"text-align: center;\"><span style=\"font-family: georgia, palatino, serif;\"><img loading=\"lazy\" decoding=\"async\" class=\"alignnone wp-image-10696\" src=\"http:\/\/recettes-gourmandes-de-joce.fr\/wp-content\/uploads\/2019\/11\/PA200468-150x150.jpg\" alt=\"\" width=\"220\" height=\"155\" srcset=\"http:\/\/recettes-gourmandes-de-joce.fr\/wp-content\/uploads\/2019\/11\/PA200468-300x211.jpg 300w, http:\/\/recettes-gourmandes-de-joce.fr\/wp-content\/uploads\/2019\/11\/PA200468.jpg 640w\" sizes=\"auto, (max-width: 220px) 100vw, 220px\" \/><\/span><\/p>\n<p style=\"text-align: center;\"><span style=\"font-family: georgia, palatino, serif;\"><span style=\"font-size: large;\"><em><span style=\"color: #ff6666;\">Passer au mixeur <\/span><\/em><\/span><em><span style=\"color: #ff6666;\">\u00a0<\/span><span style=\"font-size: large; color: #ff6666;\">plongeant, rectifier l&rsquo;assaisonnement et verser le velout\u00e9 dans des bols individuels, r\u00e9partir les d\u00e9s des deux jambons, 1 c \u00e0 c de cr\u00e8me fra\u00eeche et une pinc\u00e9e de piment d&rsquo;Esplette dans chaque bol, parsemer de persil hach\u00e9 et servir imm\u00e9diatement.<\/span><\/em><\/span><\/p>\n<p style=\"text-align: center;\"><span style=\"font-family: georgia, palatino, serif;\"><em><span style=\"font-size: large; color: #ff6666;\">Bon app\u00e9tit!<\/span><\/em><\/span><\/p>\n<p style=\"text-align: center;\"><span style=\"font-family: georgia, palatino, serif;\"><img loading=\"lazy\" decoding=\"async\" class=\"alignnone wp-image-10699\" src=\"http:\/\/recettes-gourmandes-de-joce.fr\/wp-content\/uploads\/2019\/11\/PA200473-150x150.jpg\" alt=\"\" width=\"240\" height=\"180\" srcset=\"http:\/\/recettes-gourmandes-de-joce.fr\/wp-content\/uploads\/2019\/11\/PA200473-300x225.jpg 300w, http:\/\/recettes-gourmandes-de-joce.fr\/wp-content\/uploads\/2019\/11\/PA200473.jpg 640w\" sizes=\"auto, (max-width: 240px) 100vw, 240px\" \/> <img loading=\"lazy\" decoding=\"async\" class=\"alignnone wp-image-10697\" src=\"http:\/\/recettes-gourmandes-de-joce.fr\/wp-content\/uploads\/2019\/11\/PA200469-150x150.jpg\" alt=\"\" width=\"225\" height=\"180\" srcset=\"http:\/\/recettes-gourmandes-de-joce.fr\/wp-content\/uploads\/2019\/11\/PA200469-300x240.jpg 300w, http:\/\/recettes-gourmandes-de-joce.fr\/wp-content\/uploads\/2019\/11\/PA200469.jpg 640w\" sizes=\"auto, (max-width: 225px) 100vw, 225px\" \/>\u00a0<img loading=\"lazy\" decoding=\"async\" class=\"alignnone wp-image-10679\" src=\"http:\/\/recettes-gourmandes-de-joce.fr\/wp-content\/uploads\/2019\/11\/PA200481-150x150.jpg\" alt=\"\" width=\"240\" height=\"180\" srcset=\"http:\/\/recettes-gourmandes-de-joce.fr\/wp-content\/uploads\/2019\/11\/PA200481-300x225.jpg 300w, http:\/\/recettes-gourmandes-de-joce.fr\/wp-content\/uploads\/2019\/11\/PA200481.jpg 640w\" sizes=\"auto, (max-width: 240px) 100vw, 240px\" \/><\/span><\/p>\n<p style=\"text-align: center;\"><img loading=\"lazy\" decoding=\"async\" class=\"alignnone size-full wp-image-59803\" src=\"http:\/\/recettes-gourmandes-de-joce.fr\/wp-content\/uploads\/2024\/01\/logitech-gaming-software-14112014-121223.jpg\" alt=\"\" width=\"640\" height=\"144\" \/><\/p>\n<h3>Commentaires\u00a0<small>(1)<\/small><\/h3>\n<div class=\"items-container\">\n<div class=\"item item-comment media\">\n<div class=\"pull-left\">\n<p>&nbsp;<\/p>\n<p><img decoding=\"async\" class=\"media-object\" src=\"https:\/\/www.gravatar.com\/avatar\/0e437c3431aef896592a33aabb8bb0f4?d=https%3A%2F%2Fwww.recettes-gourmandes-de-joce.com%2Fmedias%2Fstatic%2Fmanager%2Fim%2Favatar.png?s=50&amp;d=mm\" alt=\"jaja\" width=\"50\" \/><\/p>\n<\/div>\n<div class=\"media-body\">\n<ul class=\"inline item-infos\">\n<li><span class=\"comment-number\">1.<\/span>\u00a0<span class=\"comment-author\"><strong>jaja<\/strong><\/span>\u00a0<span class=\"comment-date\">| 24\/10\/2011<\/span><\/li>\n<\/ul>\n<div class=\"comment-content\">Kikou Topine<br \/>\nSuperbe bonne ta soupe de velout\u00e9 de lentilles corail aux 2 jambons. Je me suis bien r\u00e9gal\u00e9e.<\/div>\n<\/div>\n<\/div>\n<\/div>\n<p>&nbsp;<\/p>\n","protected":false},"excerpt":{"rendered":"<p>D&rsquo;apr\u00e8s une recette de ma copine Sansan Ingr\u00e9dients pour 4 personnes 4 tranches de jambon blanc ou de blanc de poulet 3 carottes 1 belle pomme de terre 250 g de lentilles corail 1 oignon 1 belle tranche de jambon sec ou des lardons de canard 1 cube de bouillon de volaille 1 c \u00e0 &hellip; <\/p>\n<p><a class=\"more-link btn\" href=\"http:\/\/recettes-gourmandes-de-joce.fr\/index.php\/index\/entrees\/soupes-veloutes\/veloute-de-lentilles-corail-aux-deux-jambons\/\">Lire la suite<\/a><\/p>\n","protected":false},"author":2,"featured_media":82872,"parent":167,"menu_order":0,"comment_status":"open","ping_status":"closed","template":"","meta":{"footnotes":""},"class_list":["post-10729","page","type-page","status-publish","has-post-thumbnail","hentry","nodate","item-wrap"],"_links":{"self":[{"href":"http:\/\/recettes-gourmandes-de-joce.fr\/index.php\/wp-json\/wp\/v2\/pages\/10729","targetHints":{"allow":["GET"]}}],"collection":[{"href":"http:\/\/recettes-gourmandes-de-joce.fr\/index.php\/wp-json\/wp\/v2\/pages"}],"about":[{"href":"http:\/\/recettes-gourmandes-de-joce.fr\/index.php\/wp-json\/wp\/v2\/types\/page"}],"author":[{"embeddable":true,"href":"http:\/\/recettes-gourmandes-de-joce.fr\/index.php\/wp-json\/wp\/v2\/users\/2"}],"replies":[{"embeddable":true,"href":"http:\/\/recettes-gourmandes-de-joce.fr\/index.php\/wp-json\/wp\/v2\/comments?post=10729"}],"version-history":[{"count":3,"href":"http:\/\/recettes-gourmandes-de-joce.fr\/index.php\/wp-json\/wp\/v2\/pages\/10729\/revisions"}],"predecessor-version":[{"id":82871,"href":"http:\/\/recettes-gourmandes-de-joce.fr\/index.php\/wp-json\/wp\/v2\/pages\/10729\/revisions\/82871"}],"up":[{"embeddable":true,"href":"http:\/\/recettes-gourmandes-de-joce.fr\/index.php\/wp-json\/wp\/v2\/pages\/167"}],"wp:featuredmedia":[{"embeddable":true,"href":"http:\/\/recettes-gourmandes-de-joce.fr\/index.php\/wp-json\/wp\/v2\/media\/82872"}],"wp:attachment":[{"href":"http:\/\/recettes-gourmandes-de-joce.fr\/index.php\/wp-json\/wp\/v2\/media?parent=10729"}],"curies":[{"name":"wp","href":"https:\/\/api.w.org\/{rel}","templated":true}]}}