{"id":10470,"date":"2019-11-20T09:55:52","date_gmt":"2019-11-20T09:55:52","guid":{"rendered":"http:\/\/recettes-gourmandes-de-joce.fr\/?page_id=10470"},"modified":"2025-03-25T10:06:04","modified_gmt":"2025-03-25T10:06:04","slug":"petits-coeurs-de-saumon-a-lavocat","status":"publish","type":"page","link":"http:\/\/recettes-gourmandes-de-joce.fr\/index.php\/index\/entrees\/entrees-froides\/petits-coeurs-de-saumon-a-lavocat\/","title":{"rendered":"Petits c\u0153urs de saumon \u00e0 l&rsquo;avocat."},"content":{"rendered":"<p style=\"text-align: center; margin-left: 40px;\"><span style=\"font-family: georgia, palatino, serif; color: #808000;\"><span style=\"font-size: x-large; text-decoration: underline;\"><em>Une de mes recettes<\/em><\/span><\/span><\/p>\n<p style=\"text-align: center;\"><span style=\"font-family: georgia, palatino, serif; color: #808000;\"><img loading=\"lazy\" decoding=\"async\" class=\"alignnone wp-image-10469\" src=\"http:\/\/recettes-gourmandes-de-joce.fr\/wp-content\/uploads\/2019\/11\/PC100120-150x150.jpg\" alt=\"\" width=\"240\" height=\"180\" srcset=\"http:\/\/recettes-gourmandes-de-joce.fr\/wp-content\/uploads\/2019\/11\/PC100120-300x225.jpg 300w, http:\/\/recettes-gourmandes-de-joce.fr\/wp-content\/uploads\/2019\/11\/PC100120.jpg 640w\" sizes=\"auto, (max-width: 240px) 100vw, 240px\" \/> <img loading=\"lazy\" decoding=\"async\" class=\"alignnone wp-image-10467\" src=\"http:\/\/recettes-gourmandes-de-joce.fr\/wp-content\/uploads\/2019\/11\/PC100102-150x150.jpg\" alt=\"\" width=\"224\" height=\"180\" srcset=\"http:\/\/recettes-gourmandes-de-joce.fr\/wp-content\/uploads\/2019\/11\/PC100102-300x241.jpg 300w, http:\/\/recettes-gourmandes-de-joce.fr\/wp-content\/uploads\/2019\/11\/PC100102.jpg 640w\" sizes=\"auto, (max-width: 224px) 100vw, 224px\" \/> <img loading=\"lazy\" decoding=\"async\" class=\"alignnone wp-image-10466\" src=\"http:\/\/recettes-gourmandes-de-joce.fr\/wp-content\/uploads\/2019\/11\/PC100095-150x150.jpg\" alt=\"\" width=\"235\" height=\"180\" srcset=\"http:\/\/recettes-gourmandes-de-joce.fr\/wp-content\/uploads\/2019\/11\/PC100095-300x230.jpg 300w, http:\/\/recettes-gourmandes-de-joce.fr\/wp-content\/uploads\/2019\/11\/PC100095.jpg 640w\" sizes=\"auto, (max-width: 235px) 100vw, 235px\" \/><\/span><\/p>\n<p style=\"text-align: center;\"><span style=\"font-family: georgia, palatino, serif; color: #808000;\"><span style=\"font-size: x-large; text-decoration: underline;\"><em>Ingr\u00e9dients pour 10 petits c\u0153urs<\/em><\/span><\/span><\/p>\n<h2 style=\"text-align: center;\"><span style=\"font-family: georgia, palatino, serif; color: #808000;\"><em><img loading=\"lazy\" decoding=\"async\" class=\"alignnone wp-image-10454\" src=\"http:\/\/recettes-gourmandes-de-joce.fr\/wp-content\/uploads\/2019\/11\/PC100050-150x150.jpg\" alt=\"\" width=\"249\" height=\"175\" srcset=\"http:\/\/recettes-gourmandes-de-joce.fr\/wp-content\/uploads\/2019\/11\/PC100050-300x210.jpg 300w, http:\/\/recettes-gourmandes-de-joce.fr\/wp-content\/uploads\/2019\/11\/PC100050.jpg 640w\" sizes=\"auto, (max-width: 249px) 100vw, 249px\" \/>\u00a0<\/em><\/span><\/h2>\n<p style=\"text-align: center;\"><span style=\"font-family: georgia, palatino, serif; color: #808000;\"><span style=\"font-size: large;\"><em>200 g de saumon frais<\/em><\/span><\/span><\/p>\n<p style=\"text-align: center;\"><span style=\"font-family: georgia, palatino, serif; color: #808000;\"><span style=\"font-size: large;\"><em>200 g de cr\u00e8me fra\u00eeche<\/em><\/span><\/span><\/p>\n<p style=\"text-align: center;\"><span style=\"color: #808000;\"><span style=\"font-family: georgia, palatino, serif;\"><span style=\"font-size: large;\"><em>1 blanc d&rsquo;<\/em><\/span><\/span><span style=\"font-family: georgia, palatino, serif; font-size: large;\"><i>\u0153uf<\/i><\/span><\/span><\/p>\n<p style=\"text-align: center;\"><span style=\"font-family: georgia, palatino, serif; color: #808000;\"><span style=\"font-size: large;\"><em>1 bouquet de persil<\/em><\/span><\/span><\/p>\n<p style=\"text-align: center;\"><span style=\"font-family: georgia, palatino, serif; color: #808000;\"><span style=\"font-size: large;\"><em>sel et poivre<\/em><\/span><\/span><\/p>\n<p style=\"text-align: center;\"><span style=\"font-family: georgia, palatino, serif; color: #808000;\"><span style=\"font-size: x-large; text-decoration: underline;\"><em>Garniture <\/em><\/span><\/span><\/p>\n<p style=\"text-align: center;\"><span style=\"font-family: georgia, palatino, serif; color: #808000;\"><span style=\"font-size: large;\"><em>200 g de saumon fum\u00e9<\/em><\/span><\/span><\/p>\n<p style=\"text-align: center;\"><span style=\"font-family: georgia, palatino, serif; color: #808000;\"><span style=\"font-size: large;\"><em><span style=\"font-family: georgia, palatino, serif; font-size: large;\">1 c \u00e0 s d&rsquo;\u0153ufs de lump\u00a0rouges<\/span><\/em><\/span><\/span><\/p>\n<p style=\"text-align: center;\"><span style=\"font-family: georgia, palatino, serif; color: #808000;\"><span style=\"font-size: large;\"><em>1 avocat<\/em><\/span><\/span><\/p>\n<p style=\"text-align: center;\"><span style=\"font-family: georgia, palatino, serif; color: #808000;\"><span style=\"font-size: large;\"><em>\u00bd jus de citron<\/em><\/span><\/span><\/p>\n<p style=\"text-align: center;\"><span style=\"font-family: georgia, palatino, serif; color: #808000;\"><span style=\"font-size: large;\"><em>2 c \u00e0 s de mayonnaise<\/em><\/span><\/span><\/p>\n<p style=\"text-align: center;\"><span style=\"font-family: georgia, palatino, serif; color: #808000;\"><span style=\"font-size: large;\"><em>Quelques brins de persil<\/em><\/span><\/span><\/p>\n<p style=\"text-align: center;\"><span style=\"font-family: georgia, palatino, serif; color: #808000;\"><em><span style=\"font-size: 14pt;\">Recette de la mayonnaise sur ce lien -&gt;<\/span> <a href=\"http:\/\/recettes-gourmandes-de-joce.fr\/index.php\/index\/sauces-assaisonnements\/sauces-froides\/mayonnaise\/\"><span style=\"font-size: 14pt;\">Mayonnaise\u00a0<\/span><\/a><\/em><\/span><\/p>\n<h2 style=\"text-align: center;\"><span style=\"font-family: georgia, palatino, serif; color: #808000;\"><img loading=\"lazy\" decoding=\"async\" class=\"alignnone wp-image-10455\" src=\"http:\/\/recettes-gourmandes-de-joce.fr\/wp-content\/uploads\/2019\/11\/PC100055-150x150.jpg\" alt=\"\" width=\"208\" height=\"155\" srcset=\"http:\/\/recettes-gourmandes-de-joce.fr\/wp-content\/uploads\/2019\/11\/PC100055-300x223.jpg 300w, http:\/\/recettes-gourmandes-de-joce.fr\/wp-content\/uploads\/2019\/11\/PC100055.jpg 640w\" sizes=\"auto, (max-width: 208px) 100vw, 208px\" \/> <img loading=\"lazy\" decoding=\"async\" class=\"alignnone wp-image-10456\" src=\"http:\/\/recettes-gourmandes-de-joce.fr\/wp-content\/uploads\/2019\/11\/PC100060-150x150.jpg\" alt=\"\" width=\"207\" height=\"155\" srcset=\"http:\/\/recettes-gourmandes-de-joce.fr\/wp-content\/uploads\/2019\/11\/PC100060-300x225.jpg 300w, http:\/\/recettes-gourmandes-de-joce.fr\/wp-content\/uploads\/2019\/11\/PC100060.jpg 640w\" sizes=\"auto, (max-width: 207px) 100vw, 207px\" \/> <img loading=\"lazy\" decoding=\"async\" class=\"alignnone wp-image-10457\" src=\"http:\/\/recettes-gourmandes-de-joce.fr\/wp-content\/uploads\/2019\/11\/PC100065-150x150.jpg\" alt=\"\" width=\"116\" height=\"155\" srcset=\"http:\/\/recettes-gourmandes-de-joce.fr\/wp-content\/uploads\/2019\/11\/PC100065-225x300.jpg 225w, http:\/\/recettes-gourmandes-de-joce.fr\/wp-content\/uploads\/2019\/11\/PC100065.jpg 480w\" sizes=\"auto, (max-width: 116px) 100vw, 116px\" \/><\/span><\/h2>\n<p style=\"text-align: center;\"><span style=\"font-family: georgia, palatino, serif; color: #808000;\"><span style=\"font-size: large;\"><em style=\"font-family: georgia, palatino, serif; font-size: large;\">Laver et couper grossi\u00e8rement le persil, couper le <\/em><em style=\"font-family: georgia, palatino, serif; font-size: large;\">saumon en gros morceaux, mettre dans le<\/em><em style=\"font-family: georgia, palatino, serif; font-size: large;\"> bol du mixeur, <\/em><em><span style=\"font-family: georgia, palatino, serif; font-size: large;\">le persil, le saumon, la cr\u00e8me, le blanc d&rsquo;\u0153uf, du sel et <\/span><\/em><em style=\"font-family: georgia, palatino, serif; font-size: large;\">du poivre. <\/em><em style=\"font-family: georgia, palatino, serif; font-size: large;\">Mixer assez finement et r\u00e9partir dans des moules en <\/em><em style=\"font-family: georgia, palatino, serif; font-size: large;\">silicone. <\/em><em style=\"font-family: georgia, palatino, serif; font-size: large;\">Enfourner \u00e0 200\u00b0 pendant plus ou moins 20 minutes <\/em><em style=\"font-family: georgia, palatino, serif; font-size: large;\">selon les fours et la grosseur des moules.<\/em><\/span><\/span><\/p>\n<h2 style=\"text-align: center;\"><span style=\"font-family: georgia, palatino, serif; color: #808000;\"><img loading=\"lazy\" decoding=\"async\" class=\"alignnone wp-image-10458\" src=\"http:\/\/recettes-gourmandes-de-joce.fr\/wp-content\/uploads\/2019\/11\/PC100066-150x150.jpg\" alt=\"\" width=\"190\" height=\"155\" srcset=\"http:\/\/recettes-gourmandes-de-joce.fr\/wp-content\/uploads\/2019\/11\/PC100066-300x245.jpg 300w, http:\/\/recettes-gourmandes-de-joce.fr\/wp-content\/uploads\/2019\/11\/PC100066.jpg 640w\" sizes=\"auto, (max-width: 190px) 100vw, 190px\" \/> <img loading=\"lazy\" decoding=\"async\" class=\"alignnone wp-image-10459\" src=\"http:\/\/recettes-gourmandes-de-joce.fr\/wp-content\/uploads\/2019\/11\/PC100069-150x150.jpg\" alt=\"\" width=\"221\" height=\"155\" srcset=\"http:\/\/recettes-gourmandes-de-joce.fr\/wp-content\/uploads\/2019\/11\/PC100069-300x210.jpg 300w, http:\/\/recettes-gourmandes-de-joce.fr\/wp-content\/uploads\/2019\/11\/PC100069.jpg 640w\" sizes=\"auto, (max-width: 221px) 100vw, 221px\" \/> <img loading=\"lazy\" decoding=\"async\" class=\"alignnone wp-image-10460\" src=\"http:\/\/recettes-gourmandes-de-joce.fr\/wp-content\/uploads\/2019\/11\/PC100072-150x150.jpg\" alt=\"\" width=\"200\" height=\"155\" srcset=\"http:\/\/recettes-gourmandes-de-joce.fr\/wp-content\/uploads\/2019\/11\/PC100072-300x232.jpg 300w, http:\/\/recettes-gourmandes-de-joce.fr\/wp-content\/uploads\/2019\/11\/PC100072.jpg 640w\" sizes=\"auto, (max-width: 200px) 100vw, 200px\" \/><\/span><\/h2>\n<p style=\"text-align: center;\"><span style=\"font-family: georgia, palatino, serif; color: #808000;\"><span style=\"font-size: large;\"><em>\u00a0<\/em><em>Peler l&rsquo;avocat et coupez les en morceaux . <\/em><em>Ajouter lui un demi jus de citron, du sel et du poivre, m<\/em><em><span style=\"font-family: georgia, palatino, serif; font-size: large;\">\u00e9langer.\u00a0 D\u00e9mouler vos petits c\u0153urs et laissez l\u00e8s refroidir sur une grille. R\u00e9aliser votre mayonnaise.<\/span><\/em><\/span><\/span><\/p>\n<p style=\"text-align: center;\"><span style=\"font-family: georgia, palatino, serif; color: #808000;\"><img loading=\"lazy\" decoding=\"async\" class=\"alignnone wp-image-10461\" src=\"http:\/\/recettes-gourmandes-de-joce.fr\/wp-content\/uploads\/2019\/11\/PC100076-150x150.jpg\" alt=\"\" width=\"116\" height=\"155\" srcset=\"http:\/\/recettes-gourmandes-de-joce.fr\/wp-content\/uploads\/2019\/11\/PC100076-225x300.jpg 225w, http:\/\/recettes-gourmandes-de-joce.fr\/wp-content\/uploads\/2019\/11\/PC100076.jpg 480w\" sizes=\"auto, (max-width: 116px) 100vw, 116px\" \/> <img loading=\"lazy\" decoding=\"async\" class=\"alignnone wp-image-10462\" src=\"http:\/\/recettes-gourmandes-de-joce.fr\/wp-content\/uploads\/2019\/11\/PC100077-150x150.jpg\" alt=\"\" width=\"116\" height=\"155\" srcset=\"http:\/\/recettes-gourmandes-de-joce.fr\/wp-content\/uploads\/2019\/11\/PC100077-225x300.jpg 225w, http:\/\/recettes-gourmandes-de-joce.fr\/wp-content\/uploads\/2019\/11\/PC100077.jpg 480w\" sizes=\"auto, (max-width: 116px) 100vw, 116px\" \/> <img loading=\"lazy\" decoding=\"async\" class=\"alignnone wp-image-10463\" src=\"http:\/\/recettes-gourmandes-de-joce.fr\/wp-content\/uploads\/2019\/11\/PC100085-150x150.jpg\" alt=\"\" width=\"143\" height=\"155\" srcset=\"http:\/\/recettes-gourmandes-de-joce.fr\/wp-content\/uploads\/2019\/11\/PC100085-276x300.jpg 276w, http:\/\/recettes-gourmandes-de-joce.fr\/wp-content\/uploads\/2019\/11\/PC100085.jpg 589w\" sizes=\"auto, (max-width: 143px) 100vw, 143px\" \/><\/span><\/p>\n<p style=\"text-align: center;\"><span style=\"font-family: georgia, palatino, serif; color: #808000;\"><span style=\"font-size: large;\"><em style=\"font-family: georgia, palatino, serif; font-size: large;\">R\u00e9partir dans petits plats individuels un peu d&rsquo;avocat <\/em><em><span style=\"font-family: georgia, palatino, serif; font-size: large;\">un c\u0153ur de saumon, une\u00a0 demi tranche<\/span><\/em><em style=\"font-family: georgia, palatino, serif; font-size: large;\">\u00a0de saumon roul\u00e9e <\/em><em style=\"font-family: georgia, palatino, serif; font-size: large;\">en forme de rose. <\/em><em><span style=\"font-family: georgia, palatino, serif; font-size: large;\">Ajouter une touche de mayonnaise et d&rsquo;\u0153uf de lump, <\/span><\/em><em>terminer par le brin de persil. <\/em><em>Petite entr\u00e9e sympa pour les f\u00eates et vite pr\u00e9par\u00e9e.<\/em><\/span><\/span><\/p>\n<p style=\"text-align: center;\"><span style=\"font-family: georgia, palatino, serif; color: #808000;\"><span style=\"font-size: large;\"><em>Ces petits c\u0153urs peuvent se manger \u00e9galement ti\u00e8des avec une sauce au beurre blanc.<\/em><\/span><\/span><\/p>\n<p style=\"text-align: center;\"><span style=\"font-family: georgia, palatino, serif; color: #808000;\"><span style=\"font-size: large;\"><em>par exemple\u00a0<\/em><\/span><em style=\"font-size: large;\">\u00a0-&gt;\u00a0<a href=\"http:\/\/recettes-gourmandes-de-joce.fr\/index.php\/index\/sauces-assaisonnements\/sauces-chaudes\/sauce-beurre-blanc\/\">Sauce beurre blanc<\/a><\/em><\/span><\/p>\n<p style=\"text-align: center;\"><span style=\"font-family: georgia, palatino, serif; color: #808000;\"><span style=\"font-size: large;\"><em>\u00a0 \u00a0 \u00a0 \u00a0 \u00a0 \u00a0 \u00a0 \u00a0 \u00a0 \u00a0\u00a0<\/em><\/span><span style=\"font-size: large;\"><em>Bon app\u00e9tit!<\/em><\/span><\/span><\/p>\n<p style=\"text-align: center;\"><span style=\"font-family: georgia, palatino, serif; color: #808000;\"><img loading=\"lazy\" decoding=\"async\" class=\"alignnone wp-image-10453\" src=\"http:\/\/recettes-gourmandes-de-joce.fr\/wp-content\/uploads\/2019\/11\/PC100122-150x150.jpg\" alt=\"\" width=\"253\" height=\"175\" srcset=\"http:\/\/recettes-gourmandes-de-joce.fr\/wp-content\/uploads\/2019\/11\/PC100122-300x207.jpg 300w, http:\/\/recettes-gourmandes-de-joce.fr\/wp-content\/uploads\/2019\/11\/PC100122.jpg 640w\" sizes=\"auto, (max-width: 253px) 100vw, 253px\" \/> <img loading=\"lazy\" decoding=\"async\" class=\"alignnone wp-image-42378\" src=\"http:\/\/recettes-gourmandes-de-joce.fr\/wp-content\/uploads\/2022\/02\/PC100094-300x218.jpg\" alt=\"\" width=\"241\" height=\"175\" srcset=\"http:\/\/recettes-gourmandes-de-joce.fr\/wp-content\/uploads\/2022\/02\/PC100094-300x218.jpg 300w, http:\/\/recettes-gourmandes-de-joce.fr\/wp-content\/uploads\/2022\/02\/PC100094.jpg 550w\" sizes=\"auto, (max-width: 241px) 100vw, 241px\" \/>\u00a0<img loading=\"lazy\" decoding=\"async\" class=\"alignnone wp-image-10468\" src=\"http:\/\/recettes-gourmandes-de-joce.fr\/wp-content\/uploads\/2019\/11\/PC100115-150x150.jpg\" alt=\"\" width=\"238\" height=\"175\" srcset=\"http:\/\/recettes-gourmandes-de-joce.fr\/wp-content\/uploads\/2019\/11\/PC100115-300x221.jpg 300w, http:\/\/recettes-gourmandes-de-joce.fr\/wp-content\/uploads\/2019\/11\/PC100115.jpg 640w\" sizes=\"auto, (max-width: 238px) 100vw, 238px\" \/><\/span><\/p>\n<p style=\"text-align: center;\"><span style=\"color: #808000;\"><img loading=\"lazy\" decoding=\"async\" class=\"alignnone wp-image-16654 size-full\" src=\"http:\/\/recettes-gourmandes-de-joce.fr\/wp-content\/uploads\/2020\/01\/logitech-gaming-software-14112014-121223.jpg\" alt=\"\" width=\"640\" height=\"144\" srcset=\"http:\/\/recettes-gourmandes-de-joce.fr\/wp-content\/uploads\/2020\/01\/logitech-gaming-software-14112014-121223.jpg 640w, http:\/\/recettes-gourmandes-de-joce.fr\/wp-content\/uploads\/2020\/01\/logitech-gaming-software-14112014-121223-300x68.jpg 300w\" sizes=\"auto, (max-width: 640px) 100vw, 640px\" \/><\/span><\/p>\n<h3><span style=\"color: #808000;\">Commentaires\u00a0<small>(5)<\/small><\/span><\/h3>\n<div class=\"items-container\">\n<div class=\"item item-comment media\">\n<div class=\"pull-left\">\n<p>&nbsp;<\/p>\n<p><span style=\"color: #808000;\"><img decoding=\"async\" class=\"media-object\" src=\"https:\/\/www.gravatar.com\/avatar\/40f5805c575a69217399f47078f7b12b?d=https%3A%2F%2Fwww.recettes-gourmandes-de-joce.com%2Fmedias%2Fstatic%2Fmanager%2Fim%2Favatar.png?s=50&amp;d=mm\" alt=\"Lola78\" width=\"50\" \/><\/span><\/p>\n<\/div>\n<div class=\"media-body\">\n<ul class=\"inline item-infos\">\n<li><span style=\"color: #808000;\"><span class=\"comment-number\">1.<\/span>\u00a0<span class=\"comment-author\"><strong>Lola78<\/strong><\/span>\u00a0<span class=\"comment-date\">| 24\/11\/2013<\/span><\/span><\/li>\n<\/ul>\n<div class=\"comment-content\"><span style=\"color: #808000;\">Merci Joce pour cette belle recette.<\/span><br \/>\n<span style=\"color: #808000;\">Elle fera partie du menu de No\u00ebl.<\/span><br \/>\n<span style=\"color: #808000;\">Merci pour ce partage.<\/span><\/div>\n<div><\/div>\n<div>\n<div class=\"items-container\">\n<div class=\"item item-comment media\">\n<div class=\"media-body\">\n<div>\n<div class=\"pull-left\"><span style=\"color: #808000;\"><\/span><\/div>\n<div class=\"media-body\">\n<ul class=\"inline item-infos\">\n<li><span style=\"color: #808000;\"><span class=\"comment-author\">jocelyne debon\u00a0(<a style=\"color: #808000;\" rel=\"nofollow\">site web<\/a>)<\/span>\u00a0<span class=\"comment-date\">| 24\/11\/2013<\/span><\/span><\/li>\n<\/ul>\n<div class=\"comment-content\"><span style=\"color: #808000;\">Merci de rien avec plaisir<\/span><\/div>\n<div class=\"comment-content\"><span style=\"color: #808000;\">Bonne journ\u00e9e<\/span><\/div>\n<div class=\"comment-content\"><span style=\"color: #808000;\">Amicalement Joce<\/span><\/div>\n<\/div>\n<\/div>\n<\/div>\n<\/div>\n<\/div>\n<p>&nbsp;<\/p>\n<\/div>\n<\/div>\n<\/div>\n<div class=\"item item-comment media\">\n<div class=\"pull-left\">\n<p>&nbsp;<\/p>\n<\/div>\n<div class=\"media-body\">\n<p><span style=\"color: #808000;\"><span class=\"comment-number\">2.<\/span>\u00a0<span class=\"comment-author\"><strong>lecythiophile<\/strong><\/span>\u00a0<span class=\"comment-date\">| 12\/09\/2011<\/span><\/span><\/p>\n<div class=\"comment-content\"><span style=\"color: #808000;\">Un petit coucou, car je regarde ton site.<\/span><br \/>\n<span style=\"color: #808000;\">Tr\u00e8s bonne id\u00e9e cette recette. Je vais essayer pour l&rsquo;anniversaire de ma ch\u00e9rie.<\/span><br \/>\n<span style=\"color: #808000;\">Bisous<\/span><\/div>\n<div>\n<div class=\"items-container\">\n<div class=\"item item-comment media\">\n<div class=\"media-body\">\n<div>\n<div class=\"pull-left\"><span style=\"color: #808000;\"><\/span><\/div>\n<div class=\"media-body\">\n<ul class=\"inline item-infos\">\n<li><span style=\"color: #808000;\"><span class=\"comment-author\">jocelyne debon\u00a0(<a style=\"color: #808000;\" rel=\"nofollow\">site web<\/a>)<\/span>\u00a0<span class=\"comment-date\">| 12\/09\/2011<\/span><\/span><\/li>\n<\/ul>\n<div class=\"comment-content\"><span style=\"color: #808000;\">Coucou<\/span><\/div>\n<div><span style=\"color: #808000;\">Super Nicole va \u00eatre contente \ud83d\ude09<\/span><\/div>\n<div class=\"comment-content\"><span style=\"color: #808000;\">Bonne journ\u00e9e<\/span><\/div>\n<div class=\"comment-content\"><span style=\"color: #808000;\">Amicalement Joce<\/span><\/div>\n<\/div>\n<\/div>\n<\/div>\n<\/div>\n<\/div>\n<p>&nbsp;<\/p>\n<\/div>\n<\/div>\n<\/div>\n<div class=\"item item-comment media\">\n<div class=\"pull-left\">\n<p>&nbsp;<\/p>\n<p><span style=\"color: #808000;\"><img decoding=\"async\" class=\"media-object\" src=\"https:\/\/www.gravatar.com\/avatar\/b8f0a3a63533f78b376ae2e367c5a895?d=https%3A%2F%2Fwww.recettes-gourmandes-de-joce.com%2Fmedias%2Fstatic%2Fmanager%2Fim%2Favatar.png?s=50&amp;d=mm\" alt=\"Doria\" width=\"50\" \/><\/span><\/p>\n<\/div>\n<div class=\"media-body\">\n<ul class=\"inline item-infos\">\n<li><span style=\"color: #808000;\"><span class=\"comment-number\">3.<\/span>\u00a0<span class=\"comment-author\"><strong>Doria<\/strong>\u00a0(<a style=\"color: #808000;\" rel=\"nofollow\">site web<\/a>)<\/span>\u00a0<span class=\"comment-date\">| 28\/11\/2010<\/span><\/span><\/li>\n<\/ul>\n<div class=\"comment-content\"><span style=\"color: #808000;\">Ces coeurs sont superbes et bien raffin\u00e9s et pr\u00e9sent\u00e9s avec beaucoup d&rsquo;\u00e9l\u00e9gance !<\/span><br \/>\n<span style=\"color: #808000;\">Tr\u00e8s belle soir\u00e9e de ce dimanche,<\/span><br \/>\n<span style=\"color: #808000;\">Bisous, Doria<\/span><\/div>\n<div>\n<div class=\"items-container\">\n<div class=\"item item-comment media\">\n<div class=\"media-body\">\n<div>\n<div class=\"pull-left\"><span style=\"color: #808000;\"><\/span><\/div>\n<div class=\"media-body\">\n<ul class=\"inline item-infos\">\n<li><span style=\"color: #808000;\"><span class=\"comment-author\">jocelyne debon\u00a0(<a style=\"color: #808000;\" rel=\"nofollow\">site web<\/a>)<\/span>\u00a0<span class=\"comment-date\">| 28\/11\/2010<\/span><\/span><\/li>\n<\/ul>\n<div class=\"comment-content\"><span style=\"color: #808000;\">Merci Doria C&rsquo;est gentil !<\/span><\/div>\n<div class=\"comment-content\"><span style=\"color: #808000;\">Bonne journ\u00e9e<\/span><\/div>\n<div class=\"comment-content\"><span style=\"color: #808000;\">Amicalement Joce<\/span><\/div>\n<\/div>\n<\/div>\n<\/div>\n<\/div>\n<\/div>\n<p>&nbsp;<\/p>\n<\/div>\n<\/div>\n<\/div>\n<div class=\"item item-comment media\">\n<div class=\"pull-left\">\n<p>&nbsp;<\/p>\n<p><span style=\"color: #808000;\"><img decoding=\"async\" class=\"media-object\" src=\"https:\/\/www.gravatar.com\/avatar\/416c621ecbcf78422fb3328754280bb8?d=https%3A%2F%2Fwww.recettes-gourmandes-de-joce.com%2Fmedias%2Fstatic%2Fmanager%2Fim%2Favatar.png?s=50&amp;d=mm\" alt=\"lovecuisine\" width=\"50\" \/><\/span><\/p>\n<\/div>\n<div class=\"media-body\">\n<ul class=\"inline item-infos\">\n<li><span style=\"color: #808000;\"><span class=\"comment-number\">4.<\/span>\u00a0<span class=\"comment-author\"><strong>lovecuisine<\/strong><\/span>\u00a0<span class=\"comment-date\">| 18\/11\/2010<\/span><\/span><\/li>\n<\/ul>\n<div class=\"comment-content\"><span style=\"color: #808000;\">une entr\u00e9e chic et tr\u00e8s bien pr\u00e9sent\u00e9e . encore bravo .<\/span><br \/>\n<span style=\"color: #808000;\">merci.<\/span><\/div>\n<div>\n<div class=\"items-container\">\n<div class=\"item item-comment media\">\n<div class=\"media-body\">\n<div>\n<div class=\"pull-left\"><span style=\"color: #808000;\"><\/span><\/div>\n<div class=\"media-body\">\n<ul class=\"inline item-infos\">\n<li><span style=\"color: #808000;\"><span class=\"comment-author\">jocelyne debon\u00a0(<a style=\"color: #808000;\" rel=\"nofollow\">site web<\/a>)<\/span>\u00a0<span class=\"comment-date\">| 18\/11\/2010<\/span><\/span><\/li>\n<\/ul>\n<div class=\"comment-content\"><span style=\"color: #808000;\">Merci de rien avec plaisir<\/span><\/div>\n<div class=\"comment-content\"><span style=\"color: #808000;\">Bonne journ\u00e9e<\/span><\/div>\n<div class=\"comment-content\"><span style=\"color: #808000;\">Amicalement Joce<\/span><\/div>\n<\/div>\n<\/div>\n<\/div>\n<\/div>\n<\/div>\n<p>&nbsp;<\/p>\n<\/div>\n<\/div>\n<\/div>\n<\/div>\n<h2 style=\"text-align: center;\"><\/h2>\n<h2><span style=\"color: #808000; font-family: georgia, palatino, serif;\"><em>\u00a0<\/em><\/span><\/h2>\n<p>&nbsp;<\/p>\n<p>&nbsp;<\/p>\n","protected":false},"excerpt":{"rendered":"<p>Une de mes recettes Ingr\u00e9dients pour 10 petits c\u0153urs \u00a0 200 g de saumon frais 200 g de cr\u00e8me fra\u00eeche 1 blanc d&rsquo;\u0153uf 1 bouquet de persil sel et poivre Garniture 200 g de saumon fum\u00e9 1 c \u00e0 s d&rsquo;\u0153ufs de lump\u00a0rouges 1 avocat \u00bd jus de citron 2 c \u00e0 s de mayonnaise &hellip; <\/p>\n<p><a class=\"more-link btn\" href=\"http:\/\/recettes-gourmandes-de-joce.fr\/index.php\/index\/entrees\/entrees-froides\/petits-coeurs-de-saumon-a-lavocat\/\">Lire la suite<\/a><\/p>\n","protected":false},"author":2,"featured_media":84132,"parent":185,"menu_order":0,"comment_status":"open","ping_status":"closed","template":"","meta":{"footnotes":""},"class_list":["post-10470","page","type-page","status-publish","has-post-thumbnail","hentry","nodate","item-wrap"],"_links":{"self":[{"href":"http:\/\/recettes-gourmandes-de-joce.fr\/index.php\/wp-json\/wp\/v2\/pages\/10470","targetHints":{"allow":["GET"]}}],"collection":[{"href":"http:\/\/recettes-gourmandes-de-joce.fr\/index.php\/wp-json\/wp\/v2\/pages"}],"about":[{"href":"http:\/\/recettes-gourmandes-de-joce.fr\/index.php\/wp-json\/wp\/v2\/types\/page"}],"author":[{"embeddable":true,"href":"http:\/\/recettes-gourmandes-de-joce.fr\/index.php\/wp-json\/wp\/v2\/users\/2"}],"replies":[{"embeddable":true,"href":"http:\/\/recettes-gourmandes-de-joce.fr\/index.php\/wp-json\/wp\/v2\/comments?post=10470"}],"version-history":[{"count":7,"href":"http:\/\/recettes-gourmandes-de-joce.fr\/index.php\/wp-json\/wp\/v2\/pages\/10470\/revisions"}],"predecessor-version":[{"id":93820,"href":"http:\/\/recettes-gourmandes-de-joce.fr\/index.php\/wp-json\/wp\/v2\/pages\/10470\/revisions\/93820"}],"up":[{"embeddable":true,"href":"http:\/\/recettes-gourmandes-de-joce.fr\/index.php\/wp-json\/wp\/v2\/pages\/185"}],"wp:featuredmedia":[{"embeddable":true,"href":"http:\/\/recettes-gourmandes-de-joce.fr\/index.php\/wp-json\/wp\/v2\/media\/84132"}],"wp:attachment":[{"href":"http:\/\/recettes-gourmandes-de-joce.fr\/index.php\/wp-json\/wp\/v2\/media?parent=10470"}],"curies":[{"name":"wp","href":"https:\/\/api.w.org\/{rel}","templated":true}]}}