{"id":1031,"date":"2019-09-23T12:57:52","date_gmt":"2019-09-23T12:57:52","guid":{"rendered":"http:\/\/recettes-gourmandes-de-joce.fr\/?page_id=1031"},"modified":"2024-05-25T21:10:17","modified_gmt":"2024-05-25T21:10:17","slug":"feuilletes-aperitifs-au-jambon-et-a-lemmental","status":"publish","type":"page","link":"http:\/\/recettes-gourmandes-de-joce.fr\/index.php\/index\/aperitifs-amuses-bouches\/feuilletes-aperitifs\/feuilletes-aperitifs-au-jambon-et-a-lemmental\/","title":{"rendered":"Feuillet\u00e9s ap\u00e9ritifs au jambon et \u00e0 l\u2019emmental."},"content":{"rendered":"<p style=\"text-align: center;\"><span style=\"font-size: 24px;\"><span style=\"color: #b22222;\"><span style=\"font-family: georgia,serif;\"><u><em>Une de mes recettes<\/em><\/u><\/span><\/span><\/span><\/p>\n<p style=\"text-align: center;\"><img loading=\"lazy\" decoding=\"async\" class=\"alignnone wp-image-58366\" src=\"http:\/\/recettes-gourmandes-de-joce.fr\/wp-content\/uploads\/2023\/12\/feuilletes-jambon3.jpg\" alt=\"\" width=\"256\" height=\"180\" srcset=\"http:\/\/recettes-gourmandes-de-joce.fr\/wp-content\/uploads\/2023\/12\/feuilletes-jambon3.jpg 793w, http:\/\/recettes-gourmandes-de-joce.fr\/wp-content\/uploads\/2023\/12\/feuilletes-jambon3-768x540.jpg 768w, http:\/\/recettes-gourmandes-de-joce.fr\/wp-content\/uploads\/2023\/12\/feuilletes-jambon3-750x528.jpg 750w\" sizes=\"auto, (max-width: 256px) 100vw, 256px\" \/>\u00a0<img loading=\"lazy\" decoding=\"async\" class=\"alignnone wp-image-58364\" src=\"http:\/\/recettes-gourmandes-de-joce.fr\/wp-content\/uploads\/2023\/12\/feuilletes-jambon1.jpg\" alt=\"\" width=\"236\" height=\"180\" srcset=\"http:\/\/recettes-gourmandes-de-joce.fr\/wp-content\/uploads\/2023\/12\/feuilletes-jambon1.jpg 800w, http:\/\/recettes-gourmandes-de-joce.fr\/wp-content\/uploads\/2023\/12\/feuilletes-jambon1-768x587.jpg 768w, http:\/\/recettes-gourmandes-de-joce.fr\/wp-content\/uploads\/2023\/12\/feuilletes-jambon1-750x573.jpg 750w\" sizes=\"auto, (max-width: 236px) 100vw, 236px\" \/><img loading=\"lazy\" decoding=\"async\" class=\"alignnone wp-image-58365\" src=\"http:\/\/recettes-gourmandes-de-joce.fr\/wp-content\/uploads\/2023\/12\/feuilletes-jambon2.jpg\" alt=\"\" width=\"270\" height=\"180\" srcset=\"http:\/\/recettes-gourmandes-de-joce.fr\/wp-content\/uploads\/2023\/12\/feuilletes-jambon2.jpg 800w, http:\/\/recettes-gourmandes-de-joce.fr\/wp-content\/uploads\/2023\/12\/feuilletes-jambon2-768x513.jpg 768w, http:\/\/recettes-gourmandes-de-joce.fr\/wp-content\/uploads\/2023\/12\/feuilletes-jambon2-750x501.jpg 750w\" sizes=\"auto, (max-width: 270px) 100vw, 270px\" \/><\/p>\n<p style=\"text-align: center;\"><span style=\"font-size: 24px;\"><span style=\"color: #b22222;\"><span style=\"font-family: georgia,serif;\"><u><em>Ingr\u00e9dients pour 20 feuillet\u00e9s environ<\/em><\/u><\/span><\/span><\/span><\/p>\n<p style=\"text-align: center;\"><img loading=\"lazy\" decoding=\"async\" class=\"alignnone wp-image-58351\" src=\"http:\/\/recettes-gourmandes-de-joce.fr\/wp-content\/uploads\/2023\/12\/feuilletes-jambon4.jpg\" alt=\"\" width=\"325\" height=\"200\" srcset=\"http:\/\/recettes-gourmandes-de-joce.fr\/wp-content\/uploads\/2023\/12\/feuilletes-jambon4.jpg 800w, http:\/\/recettes-gourmandes-de-joce.fr\/wp-content\/uploads\/2023\/12\/feuilletes-jambon4-768x473.jpg 768w, http:\/\/recettes-gourmandes-de-joce.fr\/wp-content\/uploads\/2023\/12\/feuilletes-jambon4-750x462.jpg 750w\" sizes=\"auto, (max-width: 325px) 100vw, 325px\" \/><\/p>\n<p style=\"text-align: center;\"><span style=\"color: #b22222; font-size: 14pt;\"><span style=\"font-family: georgia,serif;\"><em>2 p\u00e2tes feuillet\u00e9es<\/em><\/span><\/span><\/p>\n<p style=\"text-align: center;\"><span style=\"color: #b22222; font-size: 14pt;\"><span style=\"font-family: georgia,serif;\"><em>2 tranches de jambon<\/em><\/span><\/span><\/p>\n<p style=\"text-align: center;\"><span style=\"color: #b22222; font-size: 14pt;\"><span style=\"font-family: georgia,serif;\"><em>5 petites tranches d&#8217;emmental<\/em><\/span><\/span><\/p>\n<p style=\"text-align: center;\"><span style=\"color: #b22222; font-size: 14pt;\"><span style=\"font-family: georgia,serif;\"><em>50 g environ de cr\u00e8me fra\u00eeche<\/em><\/span><\/span><\/p>\n<p style=\"text-align: center;\"><span style=\"color: #b22222; font-size: 14pt;\"><span style=\"font-family: georgia,serif;\"><em>1 jaune d&rsquo;\u0153uf<\/em><\/span><\/span><\/p>\n<p style=\"text-align: center;\"><span style=\"color: #b22222; font-size: 14pt;\"><span style=\"font-family: georgia,serif;\"><em>1 emporte-pi\u00e8ce carr\u00e9 ou de la forme de votre choix<\/em><\/span><\/span><\/p>\n<p style=\"text-align: center;\"><span style=\"font-size: 14pt;\"><span style=\"font-family: georgia,serif;\"><em><span style=\"color: #b22222;\"><img loading=\"lazy\" decoding=\"async\" class=\"alignnone wp-image-58352\" src=\"http:\/\/recettes-gourmandes-de-joce.fr\/wp-content\/uploads\/2023\/12\/feuilletes-jambon5.jpg\" alt=\"\" width=\"255\" height=\"170\" srcset=\"http:\/\/recettes-gourmandes-de-joce.fr\/wp-content\/uploads\/2023\/12\/feuilletes-jambon5.jpg 800w, http:\/\/recettes-gourmandes-de-joce.fr\/wp-content\/uploads\/2023\/12\/feuilletes-jambon5-768x513.jpg 768w, http:\/\/recettes-gourmandes-de-joce.fr\/wp-content\/uploads\/2023\/12\/feuilletes-jambon5-750x501.jpg 750w\" sizes=\"auto, (max-width: 255px) 100vw, 255px\" \/> <img loading=\"lazy\" decoding=\"async\" class=\"alignnone wp-image-58353\" src=\"http:\/\/recettes-gourmandes-de-joce.fr\/wp-content\/uploads\/2023\/12\/feuilletes-jambon6.jpg\" alt=\"\" width=\"255\" height=\"170\" srcset=\"http:\/\/recettes-gourmandes-de-joce.fr\/wp-content\/uploads\/2023\/12\/feuilletes-jambon6.jpg 800w, http:\/\/recettes-gourmandes-de-joce.fr\/wp-content\/uploads\/2023\/12\/feuilletes-jambon6-768x513.jpg 768w, http:\/\/recettes-gourmandes-de-joce.fr\/wp-content\/uploads\/2023\/12\/feuilletes-jambon6-750x501.jpg 750w\" sizes=\"auto, (max-width: 255px) 100vw, 255px\" \/> <img loading=\"lazy\" decoding=\"async\" class=\"alignnone wp-image-58354\" src=\"http:\/\/recettes-gourmandes-de-joce.fr\/wp-content\/uploads\/2023\/12\/feuilletes-jambon7.jpg\" alt=\"\" width=\"255\" height=\"170\" srcset=\"http:\/\/recettes-gourmandes-de-joce.fr\/wp-content\/uploads\/2023\/12\/feuilletes-jambon7.jpg 800w, http:\/\/recettes-gourmandes-de-joce.fr\/wp-content\/uploads\/2023\/12\/feuilletes-jambon7-768x513.jpg 768w, http:\/\/recettes-gourmandes-de-joce.fr\/wp-content\/uploads\/2023\/12\/feuilletes-jambon7-750x501.jpg 750w\" sizes=\"auto, (max-width: 255px) 100vw, 255px\" \/>\u200b<\/span><\/em><\/span><\/span><\/p>\n<p style=\"text-align: center;\"><span style=\"color: #b22222; font-size: 14pt;\"><span style=\"font-family: georgia,serif;\"><em>Pr\u00e9chauffer le four \u00e0 200\u00b0. \u00c9taler une p\u00e2te feuillet\u00e9e et d\u00e9couper dedans \u00e0 l&rsquo;aide de l&#8217;emporte-pi\u00e8ce 20 carr\u00e9s (\u00e9taler \u00e0 nouveau les chutes de p\u00e2te pour obtenir le nombre de carr\u00e9s). Les mettre sur un papier sulfuris\u00e9 ou une feuille de silicone. D\u00e9poser sur chaque carr\u00e9 un carr\u00e9 d&#8217;emmental de taille inf\u00e9rieur. Ajouter au centre \u00bd c \u00e0 c de cr\u00e8me.<\/em><\/span><\/span><em style=\"font-family: georgia, serif; font-size: 14pt;\"><span style=\"color: #b22222;\">\u00a0<\/span><\/em><\/p>\n<p style=\"text-align: center;\"><em style=\"font-family: georgia, serif; font-size: 14pt;\"><span style=\"color: #b22222;\"><img loading=\"lazy\" decoding=\"async\" class=\"alignnone wp-image-58355\" src=\"http:\/\/recettes-gourmandes-de-joce.fr\/wp-content\/uploads\/2023\/12\/feuilletes-jambon8.jpg\" alt=\"\" width=\"256\" height=\"171\" srcset=\"http:\/\/recettes-gourmandes-de-joce.fr\/wp-content\/uploads\/2023\/12\/feuilletes-jambon8.jpg 800w, http:\/\/recettes-gourmandes-de-joce.fr\/wp-content\/uploads\/2023\/12\/feuilletes-jambon8-768x513.jpg 768w, http:\/\/recettes-gourmandes-de-joce.fr\/wp-content\/uploads\/2023\/12\/feuilletes-jambon8-750x501.jpg 750w\" sizes=\"auto, (max-width: 256px) 100vw, 256px\" \/><\/span><\/em> <em style=\"font-family: georgia, serif; font-size: 14pt;\"><span style=\"color: #b22222;\"><img loading=\"lazy\" decoding=\"async\" class=\"alignnone wp-image-58356\" src=\"http:\/\/recettes-gourmandes-de-joce.fr\/wp-content\/uploads\/2023\/12\/feuilletes-jambon9.jpg\" alt=\"\" width=\"255\" height=\"170\" srcset=\"http:\/\/recettes-gourmandes-de-joce.fr\/wp-content\/uploads\/2023\/12\/feuilletes-jambon9.jpg 800w, http:\/\/recettes-gourmandes-de-joce.fr\/wp-content\/uploads\/2023\/12\/feuilletes-jambon9-768x513.jpg 768w, http:\/\/recettes-gourmandes-de-joce.fr\/wp-content\/uploads\/2023\/12\/feuilletes-jambon9-750x501.jpg 750w\" sizes=\"auto, (max-width: 255px) 100vw, 255px\" \/><\/span><\/em><\/p>\n<p style=\"text-align: center;\"><span style=\"font-size: 14pt;\"><span style=\"font-family: georgia,serif;\"><em><span style=\"color: #b22222;\">\u00a0<\/span><\/em><\/span><\/span><span style=\"color: #b22222; font-size: 14pt;\"><span style=\"font-family: georgia,serif;\"><em>Ajouter dessus des carr\u00e9s de jambon de la m\u00eame taille que ceux du fromage. Passer les bords de la p\u00e2te \u00e0 l&rsquo;eau \u00e0 l&rsquo;aide d&rsquo;un pinceau (ne d\u00e9tremper pas les bords juste les humidifier). <\/em><\/span><\/span><\/p>\n<p style=\"text-align: center;\"><img loading=\"lazy\" decoding=\"async\" class=\"alignnone wp-image-58357\" src=\"http:\/\/recettes-gourmandes-de-joce.fr\/wp-content\/uploads\/2023\/12\/feuilletes-jambon10.jpg\" alt=\"\" width=\"255\" height=\"170\" srcset=\"http:\/\/recettes-gourmandes-de-joce.fr\/wp-content\/uploads\/2023\/12\/feuilletes-jambon10.jpg 800w, http:\/\/recettes-gourmandes-de-joce.fr\/wp-content\/uploads\/2023\/12\/feuilletes-jambon10-768x513.jpg 768w, http:\/\/recettes-gourmandes-de-joce.fr\/wp-content\/uploads\/2023\/12\/feuilletes-jambon10-750x501.jpg 750w\" sizes=\"auto, (max-width: 255px) 100vw, 255px\" \/> <img loading=\"lazy\" decoding=\"async\" class=\"alignnone wp-image-58358\" src=\"http:\/\/recettes-gourmandes-de-joce.fr\/wp-content\/uploads\/2023\/12\/feuilletes-jambon11.jpg\" alt=\"\" width=\"255\" height=\"170\" srcset=\"http:\/\/recettes-gourmandes-de-joce.fr\/wp-content\/uploads\/2023\/12\/feuilletes-jambon11.jpg 800w, http:\/\/recettes-gourmandes-de-joce.fr\/wp-content\/uploads\/2023\/12\/feuilletes-jambon11-768x513.jpg 768w, http:\/\/recettes-gourmandes-de-joce.fr\/wp-content\/uploads\/2023\/12\/feuilletes-jambon11-750x501.jpg 750w\" sizes=\"auto, (max-width: 255px) 100vw, 255px\" \/><\/p>\n<p style=\"text-align: center;\"><span style=\"color: #b22222; font-size: 14pt;\"><span style=\"font-family: georgia,serif;\"><em>Recouvrir de carr\u00e9s de p\u00e2te feuillet\u00e9e d\u00e9coup\u00e9e dans la deuxi\u00e8me p\u00e2te et souder les bords \u00e0 l&rsquo;aide d&rsquo;une fourchette. <\/em><\/span><\/span><em style=\"color: #b22222; font-family: georgia, serif; font-size: 18.6667px;\">Faire quelques traits au centre avec un couteau sans percer la p\u00e2te (voir la photo).<\/em><\/p>\n<p style=\"text-align: center;\"><em style=\"font-family: georgia, serif; font-size: 18.6667px;\"><span style=\"color: #b22222;\"><img loading=\"lazy\" decoding=\"async\" class=\"alignnone wp-image-58359\" src=\"http:\/\/recettes-gourmandes-de-joce.fr\/wp-content\/uploads\/2023\/12\/feuilletes-jambon12.jpg\" alt=\"\" width=\"242\" height=\"170\" srcset=\"http:\/\/recettes-gourmandes-de-joce.fr\/wp-content\/uploads\/2023\/12\/feuilletes-jambon12.jpg 800w, http:\/\/recettes-gourmandes-de-joce.fr\/wp-content\/uploads\/2023\/12\/feuilletes-jambon12-768x540.jpg 768w, http:\/\/recettes-gourmandes-de-joce.fr\/wp-content\/uploads\/2023\/12\/feuilletes-jambon12-750x527.jpg 750w\" sizes=\"auto, (max-width: 242px) 100vw, 242px\" \/> <img loading=\"lazy\" decoding=\"async\" class=\"alignnone wp-image-58360\" src=\"http:\/\/recettes-gourmandes-de-joce.fr\/wp-content\/uploads\/2023\/12\/feuilletes-jambon13.jpg\" alt=\"\" width=\"255\" height=\"170\" srcset=\"http:\/\/recettes-gourmandes-de-joce.fr\/wp-content\/uploads\/2023\/12\/feuilletes-jambon13.jpg 800w, http:\/\/recettes-gourmandes-de-joce.fr\/wp-content\/uploads\/2023\/12\/feuilletes-jambon13-768x513.jpg 768w, http:\/\/recettes-gourmandes-de-joce.fr\/wp-content\/uploads\/2023\/12\/feuilletes-jambon13-750x501.jpg 750w\" sizes=\"auto, (max-width: 255px) 100vw, 255px\" \/><\/span><\/em><\/p>\n<p style=\"text-align: center;\"><span style=\"color: #b22222; font-size: 14pt;\"><span style=\"font-family: georgia,serif;\"><em>\u00a0S\u00e9parer le blanc du jaune de l&rsquo;\u0153uf et passer du jaune d&rsquo;\u0153uf sur tous les feuillet\u00e9s (garder le blanc pour une autre recette il se cong\u00e8le tr\u00e8s bien). Enfourner \u00e0 200\u00b0 environ 25 minutes selon les fours, surveiller la cuisson et la coloration.<\/em><\/span><\/span><\/p>\n<p style=\"text-align: center;\"><img loading=\"lazy\" decoding=\"async\" class=\"alignnone wp-image-58361\" src=\"http:\/\/recettes-gourmandes-de-joce.fr\/wp-content\/uploads\/2023\/12\/feuilletes-jambon14.jpg\" alt=\"\" width=\"255\" height=\"170\" srcset=\"http:\/\/recettes-gourmandes-de-joce.fr\/wp-content\/uploads\/2023\/12\/feuilletes-jambon14.jpg 800w, http:\/\/recettes-gourmandes-de-joce.fr\/wp-content\/uploads\/2023\/12\/feuilletes-jambon14-768x513.jpg 768w, http:\/\/recettes-gourmandes-de-joce.fr\/wp-content\/uploads\/2023\/12\/feuilletes-jambon14-750x501.jpg 750w\" sizes=\"auto, (max-width: 255px) 100vw, 255px\" \/> <img loading=\"lazy\" decoding=\"async\" class=\"alignnone wp-image-58362\" src=\"http:\/\/recettes-gourmandes-de-joce.fr\/wp-content\/uploads\/2023\/12\/feuilletes-jambon15.jpg\" alt=\"\" width=\"255\" height=\"170\" srcset=\"http:\/\/recettes-gourmandes-de-joce.fr\/wp-content\/uploads\/2023\/12\/feuilletes-jambon15.jpg 800w, http:\/\/recettes-gourmandes-de-joce.fr\/wp-content\/uploads\/2023\/12\/feuilletes-jambon15-768x513.jpg 768w, http:\/\/recettes-gourmandes-de-joce.fr\/wp-content\/uploads\/2023\/12\/feuilletes-jambon15-750x501.jpg 750w\" sizes=\"auto, (max-width: 255px) 100vw, 255px\" \/><\/p>\n<p style=\"text-align: center;\"><span style=\"color: #b22222; font-size: 14pt;\"><span style=\"font-family: georgia,serif;\"><em>D\u00e8s la sortie du four, r\u00e9partir les feuillet\u00e9s sur une grille pour qu&rsquo;ils refroidissent si vous les d\u00e9gustez froids, vous pouvez \u00e9galement les d\u00e9guster chauds.<\/em><\/span><\/span><\/p>\n<p style=\"text-align: center;\"><span style=\"color: #b22222; font-size: 14pt;\"><span style=\"font-family: georgia,serif;\"><em>Bon app\u00e9tit!<\/em><\/span><\/span><\/p>\n<p style=\"text-align: center;\"><img loading=\"lazy\" decoding=\"async\" class=\"alignnone wp-image-58365\" style=\"color: #b22222; font-family: georgia, serif; font-size: 18.6667px;\" src=\"http:\/\/recettes-gourmandes-de-joce.fr\/wp-content\/uploads\/2023\/12\/feuilletes-jambon2.jpg\" alt=\"\" width=\"270\" height=\"180\" srcset=\"http:\/\/recettes-gourmandes-de-joce.fr\/wp-content\/uploads\/2023\/12\/feuilletes-jambon2.jpg 800w, http:\/\/recettes-gourmandes-de-joce.fr\/wp-content\/uploads\/2023\/12\/feuilletes-jambon2-768x513.jpg 768w, http:\/\/recettes-gourmandes-de-joce.fr\/wp-content\/uploads\/2023\/12\/feuilletes-jambon2-750x501.jpg 750w\" sizes=\"auto, (max-width: 270px) 100vw, 270px\" \/><\/p>\n<p style=\"text-align: center;\"><span style=\"font-size: 14pt;\"><span style=\"font-family: georgia,serif;\"><span style=\"color: #b22222;\"><img loading=\"lazy\" decoding=\"async\" class=\"alignnone wp-image-58363\" src=\"http:\/\/recettes-gourmandes-de-joce.fr\/wp-content\/uploads\/2023\/12\/feuilletes-jambon16.jpg\" alt=\"\" width=\"270\" height=\"180\" srcset=\"http:\/\/recettes-gourmandes-de-joce.fr\/wp-content\/uploads\/2023\/12\/feuilletes-jambon16.jpg 800w, http:\/\/recettes-gourmandes-de-joce.fr\/wp-content\/uploads\/2023\/12\/feuilletes-jambon16-768x513.jpg 768w, http:\/\/recettes-gourmandes-de-joce.fr\/wp-content\/uploads\/2023\/12\/feuilletes-jambon16-750x501.jpg 750w\" sizes=\"auto, (max-width: 270px) 100vw, 270px\" \/> <img loading=\"lazy\" decoding=\"async\" class=\"alignnone wp-image-58364\" src=\"http:\/\/recettes-gourmandes-de-joce.fr\/wp-content\/uploads\/2023\/12\/feuilletes-jambon1.jpg\" alt=\"\" width=\"236\" height=\"180\" srcset=\"http:\/\/recettes-gourmandes-de-joce.fr\/wp-content\/uploads\/2023\/12\/feuilletes-jambon1.jpg 800w, http:\/\/recettes-gourmandes-de-joce.fr\/wp-content\/uploads\/2023\/12\/feuilletes-jambon1-768x587.jpg 768w, http:\/\/recettes-gourmandes-de-joce.fr\/wp-content\/uploads\/2023\/12\/feuilletes-jambon1-750x573.jpg 750w\" sizes=\"auto, (max-width: 236px) 100vw, 236px\" \/><\/span><\/span><\/span><\/p>\n<p style=\"text-align: center;\"><span style=\"font-size: 14pt;\"><span style=\"color: #b22222;\"><span style=\"font-family: georgia,serif;\"><img loading=\"lazy\" decoding=\"async\" class=\"alignnone wp-image-37354 size-full\" src=\"http:\/\/recettes-gourmandes-de-joce.fr\/wp-content\/uploads\/2021\/06\/logitech-gaming-software-14112014-121223.jpg\" alt=\"\" width=\"640\" height=\"144\" srcset=\"http:\/\/recettes-gourmandes-de-joce.fr\/wp-content\/uploads\/2021\/06\/logitech-gaming-software-14112014-121223.jpg 640w, http:\/\/recettes-gourmandes-de-joce.fr\/wp-content\/uploads\/2021\/06\/logitech-gaming-software-14112014-121223-300x68.jpg 300w\" sizes=\"auto, (max-width: 640px) 100vw, 640px\" \/><\/span><\/span><\/span><\/p>\n","protected":false},"excerpt":{"rendered":"<p>Une de mes recettes \u00a0 Ingr\u00e9dients pour 20 feuillet\u00e9s environ 2 p\u00e2tes feuillet\u00e9es 2 tranches de jambon 5 petites tranches d&#8217;emmental 50 g environ de cr\u00e8me fra\u00eeche 1 jaune d&rsquo;\u0153uf 1 emporte-pi\u00e8ce carr\u00e9 ou de la forme de votre choix \u200b Pr\u00e9chauffer le four \u00e0 200\u00b0. \u00c9taler une p\u00e2te feuillet\u00e9e et d\u00e9couper dedans \u00e0 l&rsquo;aide &hellip; <\/p>\n<p><a class=\"more-link btn\" href=\"http:\/\/recettes-gourmandes-de-joce.fr\/index.php\/index\/aperitifs-amuses-bouches\/feuilletes-aperitifs\/feuilletes-aperitifs-au-jambon-et-a-lemmental\/\">Lire la suite<\/a><\/p>\n","protected":false},"author":2,"featured_media":83073,"parent":920,"menu_order":0,"comment_status":"open","ping_status":"closed","template":"","meta":{"footnotes":""},"class_list":["post-1031","page","type-page","status-publish","has-post-thumbnail","hentry","nodate","item-wrap"],"_links":{"self":[{"href":"http:\/\/recettes-gourmandes-de-joce.fr\/index.php\/wp-json\/wp\/v2\/pages\/1031","targetHints":{"allow":["GET"]}}],"collection":[{"href":"http:\/\/recettes-gourmandes-de-joce.fr\/index.php\/wp-json\/wp\/v2\/pages"}],"about":[{"href":"http:\/\/recettes-gourmandes-de-joce.fr\/index.php\/wp-json\/wp\/v2\/types\/page"}],"author":[{"embeddable":true,"href":"http:\/\/recettes-gourmandes-de-joce.fr\/index.php\/wp-json\/wp\/v2\/users\/2"}],"replies":[{"embeddable":true,"href":"http:\/\/recettes-gourmandes-de-joce.fr\/index.php\/wp-json\/wp\/v2\/comments?post=1031"}],"version-history":[{"count":8,"href":"http:\/\/recettes-gourmandes-de-joce.fr\/index.php\/wp-json\/wp\/v2\/pages\/1031\/revisions"}],"predecessor-version":[{"id":83074,"href":"http:\/\/recettes-gourmandes-de-joce.fr\/index.php\/wp-json\/wp\/v2\/pages\/1031\/revisions\/83074"}],"up":[{"embeddable":true,"href":"http:\/\/recettes-gourmandes-de-joce.fr\/index.php\/wp-json\/wp\/v2\/pages\/920"}],"wp:featuredmedia":[{"embeddable":true,"href":"http:\/\/recettes-gourmandes-de-joce.fr\/index.php\/wp-json\/wp\/v2\/media\/83073"}],"wp:attachment":[{"href":"http:\/\/recettes-gourmandes-de-joce.fr\/index.php\/wp-json\/wp\/v2\/media?parent=1031"}],"curies":[{"name":"wp","href":"https:\/\/api.w.org\/{rel}","templated":true}]}}