{"id":10075,"date":"2019-11-14T08:20:28","date_gmt":"2019-11-14T08:20:28","guid":{"rendered":"http:\/\/recettes-gourmandes-de-joce.fr\/?page_id=10075"},"modified":"2024-08-16T12:51:58","modified_gmt":"2024-08-16T12:51:58","slug":"cassolettes-de-st-jacques-moules-saumon-et-champignons","status":"publish","type":"page","link":"http:\/\/recettes-gourmandes-de-joce.fr\/index.php\/index\/entrees\/entrees-chaudes\/cassolettes-de-st-jacques-moules-saumon-et-champignons\/","title":{"rendered":"Cassolettes de St Jacques, moules, saumon et champignons."},"content":{"rendered":"<p style=\"text-align: center;\"><span style=\"font-family: georgia, palatino, serif; color: #808000; font-size: 18pt;\"><span style=\"text-decoration: underline;\"><em>Une de mes recettes<\/em><\/span><\/span><\/p>\n<p style=\"text-align: center;\"><span style=\"font-family: georgia, palatino, serif; color: #808000; font-size: 18pt;\"><img loading=\"lazy\" decoding=\"async\" class=\"alignnone wp-image-9868\" src=\"http:\/\/recettes-gourmandes-de-joce.fr\/wp-content\/uploads\/2019\/11\/cassolettes-de-St-jacques-au-saumon-16-150x150.jpg\" alt=\"\" width=\"241\" height=\"175\" srcset=\"http:\/\/recettes-gourmandes-de-joce.fr\/wp-content\/uploads\/2019\/11\/cassolettes-de-St-jacques-au-saumon-16-300x218.jpg 300w, http:\/\/recettes-gourmandes-de-joce.fr\/wp-content\/uploads\/2019\/11\/cassolettes-de-St-jacques-au-saumon-16.jpg 640w\" sizes=\"auto, (max-width: 241px) 100vw, 241px\" \/> <img loading=\"lazy\" decoding=\"async\" class=\"alignnone wp-image-9867\" src=\"http:\/\/recettes-gourmandes-de-joce.fr\/wp-content\/uploads\/2019\/11\/cassolettes-de-St-jacques-au-saumon-13-150x150.jpg\" alt=\"\" width=\"236\" height=\"175\" srcset=\"http:\/\/recettes-gourmandes-de-joce.fr\/wp-content\/uploads\/2019\/11\/cassolettes-de-St-jacques-au-saumon-13-300x223.jpg 300w, http:\/\/recettes-gourmandes-de-joce.fr\/wp-content\/uploads\/2019\/11\/cassolettes-de-St-jacques-au-saumon-13.jpg 640w\" sizes=\"auto, (max-width: 236px) 100vw, 236px\" \/> <img loading=\"lazy\" decoding=\"async\" class=\"alignnone wp-image-9869\" src=\"http:\/\/recettes-gourmandes-de-joce.fr\/wp-content\/uploads\/2019\/11\/cassolettes-de-St-jacques-au-saumon-17-150x150.jpg\" alt=\"\" width=\"253\" height=\"175\" srcset=\"http:\/\/recettes-gourmandes-de-joce.fr\/wp-content\/uploads\/2019\/11\/cassolettes-de-St-jacques-au-saumon-17-300x207.jpg 300w, http:\/\/recettes-gourmandes-de-joce.fr\/wp-content\/uploads\/2019\/11\/cassolettes-de-St-jacques-au-saumon-17.jpg 640w\" sizes=\"auto, (max-width: 253px) 100vw, 253px\" \/><\/span><\/p>\n<p style=\"text-align: center;\"><span style=\"font-family: georgia, palatino, serif; color: #808000; font-size: 18pt;\"><span style=\"text-decoration: underline;\"><em>Ingr\u00e9dients pour 6 personnes<\/em><\/span><\/span><\/p>\n<p style=\"text-align: center;\"><span style=\"font-family: georgia, palatino, serif; color: #808000; font-size: 14pt;\"><img loading=\"lazy\" decoding=\"async\" class=\"alignnone wp-image-9870\" src=\"http:\/\/recettes-gourmandes-de-joce.fr\/wp-content\/uploads\/2019\/11\/cassolettes-de-St-jacques-au-saumon-19-150x150.jpg\" alt=\"\" width=\"245\" height=\"175\" srcset=\"http:\/\/recettes-gourmandes-de-joce.fr\/wp-content\/uploads\/2019\/11\/cassolettes-de-St-jacques-au-saumon-19-300x214.jpg 300w, http:\/\/recettes-gourmandes-de-joce.fr\/wp-content\/uploads\/2019\/11\/cassolettes-de-St-jacques-au-saumon-19.jpg 640w\" sizes=\"auto, (max-width: 245px) 100vw, 245px\" \/><\/span><\/p>\n<p style=\"text-align: center;\"><span style=\"color: #808000; font-family: georgia, palatino, serif; font-size: 14pt;\"><em>6 belles noix de St Jacques ou 12 petites<\/em><\/span><\/p>\n<p style=\"text-align: center;\"><span style=\"color: #808000; font-family: georgia, palatino, serif; font-size: 14pt;\"><em>200 g de saumon frais soit 1 pav\u00e9<\/em><\/span><\/p>\n<p style=\"text-align: center;\"><span style=\"color: #808000; font-family: georgia, palatino, serif; font-size: 14pt;\"><em>1 oignon blanc et sa tige<\/em><\/span><\/p>\n<p style=\"text-align: center;\"><span style=\"color: #808000; font-family: georgia, palatino, serif; font-size: 14pt;\"><em>2 gousses d&rsquo;ail<\/em><\/span><\/p>\n<p style=\"text-align: center;\"><span style=\"color: #808000; font-family: georgia, palatino, serif; font-size: 14pt;\"><em>100 g de champignons de Paris soit 1 toute petite boite<\/em><\/span><\/p>\n<p style=\"text-align: center;\"><span style=\"color: #808000; font-family: georgia, palatino, serif; font-size: 14pt;\"><em>100 g de moules d\u00e9coquill\u00e9es<\/em><\/span><\/p>\n<p style=\"text-align: center;\"><span style=\"color: #808000; font-family: georgia, palatino, serif; font-size: 14pt;\"><em>Un peu de beurre pour la cuisson<\/em><\/span><\/p>\n<p style=\"text-align: center;\"><span style=\"color: #808000; font-family: georgia, palatino, serif; font-size: 14pt;\"><em>De la chapelure<\/em><\/span><\/p>\n<p style=\"text-align: center;\"><span style=\"color: #808000; font-family: georgia, palatino, serif; font-size: 14pt;\"><em>1 c \u00e0 s rase de m\u00e9lange pour poisson -&gt; \u00c9pic\u00e9too<\/em><\/span><\/p>\n<p style=\"text-align: center;\"><span style=\"color: #808000; font-family: georgia, palatino, serif; font-size: 14pt;\"><em>Sel et poivre<\/em><\/span><\/p>\n<p style=\"text-align: center;\"><span style=\"color: #808000; font-size: 18pt; text-decoration: underline; font-family: georgia, palatino, serif;\"><em>Pour la sauce<\/em><\/span><\/p>\n<p style=\"text-align: center;\"><span style=\"color: #808000; font-family: georgia, palatino, serif; font-size: 14pt;\"><em>2 c \u00e0 s de fumet de poisson<\/em><\/span><\/p>\n<p style=\"text-align: center;\"><span style=\"color: #808000; font-family: georgia, palatino, serif; font-size: 14pt;\"><em>20 g de beurre <\/em><\/span><\/p>\n<p style=\"text-align: center;\"><span style=\"color: #808000; font-family: georgia, palatino, serif; font-size: 14pt;\"><em>20 g de farine<\/em><\/span><\/p>\n<p style=\"text-align: center;\"><span style=\"color: #808000; font-family: georgia, palatino, serif; font-size: 14pt;\"><em>200 ml d&rsquo;eau ti\u00e8de<\/em><\/span><\/p>\n<p style=\"text-align: center;\"><span style=\"color: #808000; font-family: georgia, palatino, serif; font-size: 14pt;\"><em>Le jus des champignons<\/em><\/span><\/p>\n<p style=\"text-align: center;\"><span style=\"color: #808000; font-family: georgia, palatino, serif; font-size: 14pt;\"><em>1 c \u00e0 s rase de cr\u00e8me fra\u00eeche<\/em><\/span><\/p>\n<p style=\"text-align: center;\"><span style=\"color: #808000; font-family: georgia, palatino, serif; font-size: 14pt;\"><em>Sel et poivre<\/em><\/span><\/p>\n<p style=\"text-align: center;\"><span style=\"color: #808000; font-family: georgia, palatino, serif; font-size: 14pt;\"><em>6 petites cocottes<\/em><\/span><\/p>\n<p style=\"text-align: center;\"><span style=\"font-family: georgia, palatino, serif; color: #808000; font-size: 14pt;\">\u00a0<img loading=\"lazy\" decoding=\"async\" class=\"alignnone wp-image-10076\" src=\"http:\/\/recettes-gourmandes-de-joce.fr\/wp-content\/uploads\/2019\/11\/P9060080-150x150.jpg\" alt=\"\" width=\"245\" height=\"155\" srcset=\"http:\/\/recettes-gourmandes-de-joce.fr\/wp-content\/uploads\/2019\/11\/P9060080-300x190.jpg 300w, http:\/\/recettes-gourmandes-de-joce.fr\/wp-content\/uploads\/2019\/11\/P9060080.jpg 640w\" sizes=\"auto, (max-width: 245px) 100vw, 245px\" \/> <img loading=\"lazy\" decoding=\"async\" class=\"alignnone wp-image-9857\" src=\"http:\/\/recettes-gourmandes-de-joce.fr\/wp-content\/uploads\/2019\/11\/cassolettes-de-St-jacques-au-saumon-2-150x150.jpg\" alt=\"\" width=\"251\" height=\"155\" srcset=\"http:\/\/recettes-gourmandes-de-joce.fr\/wp-content\/uploads\/2019\/11\/cassolettes-de-St-jacques-au-saumon-2-300x186.jpg 300w, http:\/\/recettes-gourmandes-de-joce.fr\/wp-content\/uploads\/2019\/11\/cassolettes-de-St-jacques-au-saumon-2.jpg 640w\" sizes=\"auto, (max-width: 251px) 100vw, 251px\" \/> <img loading=\"lazy\" decoding=\"async\" class=\"alignnone wp-image-10077\" src=\"http:\/\/recettes-gourmandes-de-joce.fr\/wp-content\/uploads\/2019\/11\/100_4312-150x150.jpg\" alt=\"\" width=\"179\" height=\"155\" srcset=\"http:\/\/recettes-gourmandes-de-joce.fr\/wp-content\/uploads\/2019\/11\/100_4312-300x259.jpg 300w, http:\/\/recettes-gourmandes-de-joce.fr\/wp-content\/uploads\/2019\/11\/100_4312.jpg 640w\" sizes=\"auto, (max-width: 179px) 100vw, 179px\" \/><\/span><\/p>\n<p style=\"text-align: center;\"><span style=\"font-family: georgia, palatino, serif; color: #808000; font-size: 14pt;\"><em><em>\u00d4ter la peau et les arr\u00eates du saumon et coupez le en petits morceaux. Peler et \u00e9mincer l&rsquo;ail et les oignons, \u00e9mincer \u00e9galement les tiges de l&rsquo;oignon nouveau. <\/em><\/em><em>Peler et \u00e9mincer les gousses d&rsquo;ail d\u00e9germ\u00e9es.<\/em><\/span><\/p>\n<p style=\"text-align: center;\"><span style=\"font-family: georgia, palatino, serif; color: #808000; font-size: 14pt;\"><img loading=\"lazy\" decoding=\"async\" class=\"alignnone wp-image-9581\" src=\"http:\/\/recettes-gourmandes-de-joce.fr\/wp-content\/uploads\/2019\/11\/Logitech-Gaming-Software-08112019-195814-150x150.jpg\" alt=\"\" width=\"205\" height=\"155\" srcset=\"http:\/\/recettes-gourmandes-de-joce.fr\/wp-content\/uploads\/2019\/11\/Logitech-Gaming-Software-08112019-195814-300x227.jpg 300w, http:\/\/recettes-gourmandes-de-joce.fr\/wp-content\/uploads\/2019\/11\/Logitech-Gaming-Software-08112019-195814.jpg 640w\" sizes=\"auto, (max-width: 205px) 100vw, 205px\" \/> <img loading=\"lazy\" decoding=\"async\" class=\"alignnone wp-image-9871\" src=\"http:\/\/recettes-gourmandes-de-joce.fr\/wp-content\/uploads\/2019\/11\/cassolettes-de-St-jacques-au-saumon-20-150x150.jpg\" alt=\"\" width=\"196\" height=\"155\" srcset=\"http:\/\/recettes-gourmandes-de-joce.fr\/wp-content\/uploads\/2019\/11\/cassolettes-de-St-jacques-au-saumon-20-300x238.jpg 300w, http:\/\/recettes-gourmandes-de-joce.fr\/wp-content\/uploads\/2019\/11\/cassolettes-de-St-jacques-au-saumon-20.jpg 640w\" sizes=\"auto, (max-width: 196px) 100vw, 196px\" \/>\u00a0<img loading=\"lazy\" decoding=\"async\" class=\"alignnone wp-image-9856\" src=\"http:\/\/recettes-gourmandes-de-joce.fr\/wp-content\/uploads\/2019\/11\/cassolettes-de-St-jacques-au-saumon-1-150x150.jpg\" alt=\"\" width=\"189\" height=\"155\" srcset=\"http:\/\/recettes-gourmandes-de-joce.fr\/wp-content\/uploads\/2019\/11\/cassolettes-de-St-jacques-au-saumon-1-300x247.jpg 300w, http:\/\/recettes-gourmandes-de-joce.fr\/wp-content\/uploads\/2019\/11\/cassolettes-de-St-jacques-au-saumon-1.jpg 640w\" sizes=\"auto, (max-width: 189px) 100vw, 189px\" \/><\/span><\/p>\n<p style=\"text-align: center;\"><span style=\"font-family: georgia, palatino, serif; font-size: 14pt; color: #808000;\"><em>, dans une po\u00eale mettre \u00e0 fondre le beurre, y saisir les St Jacques et les moules, saler et poivrer.<\/em><\/span><\/p>\n<p style=\"text-align: center;\"><span style=\"font-family: georgia, palatino, serif; color: #808000; font-size: 14pt;\">\u00a0<img loading=\"lazy\" decoding=\"async\" class=\"alignnone wp-image-9858\" src=\"http:\/\/recettes-gourmandes-de-joce.fr\/wp-content\/uploads\/2019\/11\/cassolettes-de-St-jacques-au-saumon-3-150x150.jpg\" alt=\"\" width=\"183\" height=\"155\" srcset=\"http:\/\/recettes-gourmandes-de-joce.fr\/wp-content\/uploads\/2019\/11\/cassolettes-de-St-jacques-au-saumon-3-300x254.jpg 300w, http:\/\/recettes-gourmandes-de-joce.fr\/wp-content\/uploads\/2019\/11\/cassolettes-de-St-jacques-au-saumon-3.jpg 640w\" sizes=\"auto, (max-width: 183px) 100vw, 183px\" \/> <img loading=\"lazy\" decoding=\"async\" class=\"alignnone wp-image-9859\" src=\"http:\/\/recettes-gourmandes-de-joce.fr\/wp-content\/uploads\/2019\/11\/cassolettes-de-St-jacques-au-saumon-5-150x150.jpg\" alt=\"\" width=\"210\" height=\"155\" srcset=\"http:\/\/recettes-gourmandes-de-joce.fr\/wp-content\/uploads\/2019\/11\/cassolettes-de-St-jacques-au-saumon-5-300x221.jpg 300w, http:\/\/recettes-gourmandes-de-joce.fr\/wp-content\/uploads\/2019\/11\/cassolettes-de-St-jacques-au-saumon-5.jpg 640w\" sizes=\"auto, (max-width: 210px) 100vw, 210px\" \/> <img loading=\"lazy\" decoding=\"async\" class=\"alignnone wp-image-9860\" src=\"http:\/\/recettes-gourmandes-de-joce.fr\/wp-content\/uploads\/2019\/11\/cassolettes-de-St-jacques-au-saumon-6-150x150.jpg\" alt=\"\" width=\"190\" height=\"155\" srcset=\"http:\/\/recettes-gourmandes-de-joce.fr\/wp-content\/uploads\/2019\/11\/cassolettes-de-St-jacques-au-saumon-6-300x244.jpg 300w, http:\/\/recettes-gourmandes-de-joce.fr\/wp-content\/uploads\/2019\/11\/cassolettes-de-St-jacques-au-saumon-6.jpg 640w\" sizes=\"auto, (max-width: 190px) 100vw, 190px\" \/><\/span><\/p>\n<p style=\"text-align: center;\"><span style=\"font-family: georgia, palatino, serif; color: #808000; font-size: 14pt;\"><em>Ajouter ensuite les oignons et leurs tiges,\u00a0le saumon et remuer d\u00e9licatement, <\/em><em>ajouter l&rsquo;ail.<\/em><\/span><\/p>\n<p style=\"text-align: center;\"><span style=\"font-family: georgia, palatino, serif; color: #808000; font-size: 14pt;\">\u00a0<img loading=\"lazy\" decoding=\"async\" class=\"alignnone wp-image-9861\" src=\"http:\/\/recettes-gourmandes-de-joce.fr\/wp-content\/uploads\/2019\/11\/cassolettes-de-St-jacques-au-saumon-7-150x150.jpg\" alt=\"\" width=\"200\" height=\"155\" srcset=\"http:\/\/recettes-gourmandes-de-joce.fr\/wp-content\/uploads\/2019\/11\/cassolettes-de-St-jacques-au-saumon-7-300x233.jpg 300w, http:\/\/recettes-gourmandes-de-joce.fr\/wp-content\/uploads\/2019\/11\/cassolettes-de-St-jacques-au-saumon-7.jpg 640w\" sizes=\"auto, (max-width: 200px) 100vw, 200px\" \/> <img loading=\"lazy\" decoding=\"async\" class=\"alignnone wp-image-9862\" src=\"http:\/\/recettes-gourmandes-de-joce.fr\/wp-content\/uploads\/2019\/11\/cassolettes-de-St-jacques-au-saumon-8-150x150.jpg\" alt=\"\" width=\"206\" height=\"155\" srcset=\"http:\/\/recettes-gourmandes-de-joce.fr\/wp-content\/uploads\/2019\/11\/cassolettes-de-St-jacques-au-saumon-8-300x225.jpg 300w, http:\/\/recettes-gourmandes-de-joce.fr\/wp-content\/uploads\/2019\/11\/cassolettes-de-St-jacques-au-saumon-8.jpg 640w\" sizes=\"auto, (max-width: 206px) 100vw, 206px\" \/>\u00a0<\/span><\/p>\n<p style=\"text-align: center;\"><span style=\"font-family: georgia, palatino, serif; color: #808000; font-size: 14pt;\"><em><em>M\u00e9langer et ajouter les champignons sans leur jus (r\u00e9servez le pour r\u00e9aliser la sauce) remuer, ajouter les herbes aromatiques et rectifier l&rsquo;assaisonnement, m\u00e9langer et laisser mijoter quelques secondes, r\u00e9server.<\/em><\/em><\/span><\/p>\n<p style=\"text-align: center;\"><span style=\"font-size: 18pt; color: #808000;\"><em><span style=\"text-decoration: underline; font-family: georgia, palatino, serif;\">R\u00e9aliser la sauce<\/span><\/em><\/span><\/p>\n<p><span style=\"font-family: georgia, palatino, serif; color: #808000; font-size: 14pt;\">\u00a0 \u00a0 \u00a0 \u00a0 \u00a0 \u00a0 \u00a0 \u00a0 \u00a0 \u00a0 \u00a0 \u00a0 \u00a0 \u00a0 \u00a0 \u00a0<img loading=\"lazy\" decoding=\"async\" class=\"lazy-loaded alignnone wp-image-7454\" src=\"http:\/\/recettes-gourmandes-de-joce.fr\/wp-content\/uploads\/2019\/10\/Logitech-Gaming-Software-24102019-141405-150x150.jpg\" alt=\"\" width=\"208\" height=\"155\" data-lazy-type=\"image\" data-src=\"http:\/\/recettes-gourmandes-de-joce.fr\/wp-content\/uploads\/2019\/10\/Logitech-Gaming-Software-24102019-141405-150x150.jpg\" data-srcset=\"\" srcset=\"http:\/\/recettes-gourmandes-de-joce.fr\/wp-content\/uploads\/2019\/10\/Logitech-Gaming-Software-24102019-141405-300x223.jpg 300w, http:\/\/recettes-gourmandes-de-joce.fr\/wp-content\/uploads\/2019\/10\/Logitech-Gaming-Software-24102019-141405.jpg 640w\" sizes=\"auto, (max-width: 208px) 100vw, 208px\" \/>\u00a0<img loading=\"lazy\" decoding=\"async\" class=\"lazy-loaded alignnone wp-image-7445\" src=\"http:\/\/recettes-gourmandes-de-joce.fr\/wp-content\/uploads\/2019\/10\/Logitech-Gaming-Software-24102019-141101-150x150.jpg\" alt=\"\" width=\"183\" height=\"155\" data-lazy-type=\"image\" data-src=\"http:\/\/recettes-gourmandes-de-joce.fr\/wp-content\/uploads\/2019\/10\/Logitech-Gaming-Software-24102019-141101-150x150.jpg\" data-srcset=\"\" srcset=\"http:\/\/recettes-gourmandes-de-joce.fr\/wp-content\/uploads\/2019\/10\/Logitech-Gaming-Software-24102019-141101-300x255.jpg 300w, http:\/\/recettes-gourmandes-de-joce.fr\/wp-content\/uploads\/2019\/10\/Logitech-Gaming-Software-24102019-141101.jpg 640w\" sizes=\"auto, (max-width: 183px) 100vw, 183px\" \/>\u00a0<img loading=\"lazy\" decoding=\"async\" class=\"lazy-loaded alignnone wp-image-7446\" src=\"http:\/\/recettes-gourmandes-de-joce.fr\/wp-content\/uploads\/2019\/10\/Logitech-Gaming-Software-24102019-141104-150x150.jpg\" alt=\"\" width=\"173\" height=\"155\" data-lazy-type=\"image\" data-src=\"http:\/\/recettes-gourmandes-de-joce.fr\/wp-content\/uploads\/2019\/10\/Logitech-Gaming-Software-24102019-141104-150x150.jpg\" data-srcset=\"\" srcset=\"http:\/\/recettes-gourmandes-de-joce.fr\/wp-content\/uploads\/2019\/10\/Logitech-Gaming-Software-24102019-141104-300x269.jpg 300w, http:\/\/recettes-gourmandes-de-joce.fr\/wp-content\/uploads\/2019\/10\/Logitech-Gaming-Software-24102019-141104.jpg 640w\" sizes=\"auto, (max-width: 173px) 100vw, 173px\" \/><\/span><\/p>\n<p style=\"text-align: center;\"><span style=\"font-family: georgia, palatino, serif; color: #808000; font-size: 14pt;\"><em><em>Dans 200ml d&rsquo;eau + le jus des champignons ajouter le fumet de poisson et m\u00e9langer. <\/em><\/em><em>Mettre le beurre en petits morceaux \u00e0 fondre dans une\u00a0casserole anti adh\u00e9sive\u00a0sans le faire colorer, lorsqu\u2019il est fondu ajouter la\u00a0<\/em><em>farine sans attendre et remuer vivement.<\/em><\/span><\/p>\n<p style=\"text-align: center;\"><span style=\"font-family: georgia, palatino, serif; color: #808000; font-size: 14pt;\"><img loading=\"lazy\" decoding=\"async\" class=\"alignnone wp-image-9863\" src=\"http:\/\/recettes-gourmandes-de-joce.fr\/wp-content\/uploads\/2019\/11\/cassolettes-de-St-jacques-au-saumon-9-150x150.jpg\" alt=\"\" width=\"216\" height=\"155\" srcset=\"http:\/\/recettes-gourmandes-de-joce.fr\/wp-content\/uploads\/2019\/11\/cassolettes-de-St-jacques-au-saumon-9-300x215.jpg 300w, http:\/\/recettes-gourmandes-de-joce.fr\/wp-content\/uploads\/2019\/11\/cassolettes-de-St-jacques-au-saumon-9.jpg 640w\" sizes=\"auto, (max-width: 216px) 100vw, 216px\" \/> <img loading=\"lazy\" decoding=\"async\" class=\"alignnone wp-image-9865\" src=\"http:\/\/recettes-gourmandes-de-joce.fr\/wp-content\/uploads\/2019\/11\/cassolettes-de-St-jacques-au-saumon-11-150x150.jpg\" alt=\"\" width=\"211\" height=\"155\" srcset=\"http:\/\/recettes-gourmandes-de-joce.fr\/wp-content\/uploads\/2019\/11\/cassolettes-de-St-jacques-au-saumon-11-300x221.jpg 300w, http:\/\/recettes-gourmandes-de-joce.fr\/wp-content\/uploads\/2019\/11\/cassolettes-de-St-jacques-au-saumon-11.jpg 640w\" sizes=\"auto, (max-width: 211px) 100vw, 211px\" \/> <img loading=\"lazy\" decoding=\"async\" class=\"alignnone wp-image-9866\" src=\"http:\/\/recettes-gourmandes-de-joce.fr\/wp-content\/uploads\/2019\/11\/cassolettes-de-St-jacques-au-saumon-12-150x150.jpg\" alt=\"\" width=\"234\" height=\"155\" srcset=\"http:\/\/recettes-gourmandes-de-joce.fr\/wp-content\/uploads\/2019\/11\/cassolettes-de-St-jacques-au-saumon-12-300x199.jpg 300w, http:\/\/recettes-gourmandes-de-joce.fr\/wp-content\/uploads\/2019\/11\/cassolettes-de-St-jacques-au-saumon-12.jpg 640w\" sizes=\"auto, (max-width: 234px) 100vw, 234px\" \/><\/span><\/p>\n<p style=\"text-align: center;\"><span style=\"font-family: georgia, palatino, serif; color: #808000; font-size: 14pt;\"><em>Lorsque le beurre a absorb\u00e9 toute la farine, ajouter le fumet de poisson.<\/em><em><em> \u00a0<\/em><\/em><em><em>Bien m\u00e9langer en \u00e9vitant les grumeaux, saler et et poivrer, ajouter la cr\u00e8me fraiche, m\u00e9langer et verser sur les fruits de mer. <\/em><\/em><em><em>Rectifier l&rsquo;assaisonnement et m\u00e9langer, r\u00e9partir dans des mini cocottes,<\/em><\/em><em><em>\u00a0parsemer de chapelure le dessus. <\/em><\/em><em>Ajouter une noisette de beurre sur chaque cocotte et enfourner sous le grill \u00e0 220\u00b0, environ 5\/10 minutes selon les four, surveiller la coloration, le dessus doit joliment colorer mais pas noircir.<\/em><\/span><\/p>\n<p style=\"text-align: center;\"><span style=\"color: #808000; font-family: georgia, palatino, serif; font-size: 14pt;\"><em>Servir avec quelques morceaux de tiges d&rsquo;oignons qui donneront un petit go\u00fbt de fra\u00eecheur \u00e0 ce plat!<\/em><\/span><\/p>\n<p style=\"text-align: center;\"><span style=\"color: #808000; font-family: georgia, palatino, serif; font-size: 14pt;\"><em>R\u00e9alisable aussi dans un grand plat \u00e0 gratin pour en faire un plat principal<\/em><\/span><\/p>\n<p style=\"text-align: center;\"><span style=\"color: #808000; font-family: georgia, palatino, serif; font-size: 14pt;\"><em>Bon app\u00e9tit!<\/em><\/span><\/p>\n<p style=\"text-align: center;\"><span style=\"font-family: georgia, palatino, serif; color: #808000; font-size: 14pt;\"><img loading=\"lazy\" decoding=\"async\" class=\"alignnone wp-image-9869\" src=\"http:\/\/recettes-gourmandes-de-joce.fr\/wp-content\/uploads\/2019\/11\/cassolettes-de-St-jacques-au-saumon-17-150x150.jpg\" alt=\"\" width=\"253\" height=\"175\" srcset=\"http:\/\/recettes-gourmandes-de-joce.fr\/wp-content\/uploads\/2019\/11\/cassolettes-de-St-jacques-au-saumon-17-300x207.jpg 300w, http:\/\/recettes-gourmandes-de-joce.fr\/wp-content\/uploads\/2019\/11\/cassolettes-de-St-jacques-au-saumon-17.jpg 640w\" sizes=\"auto, (max-width: 253px) 100vw, 253px\" \/> <img loading=\"lazy\" decoding=\"async\" class=\"alignnone wp-image-9867\" src=\"http:\/\/recettes-gourmandes-de-joce.fr\/wp-content\/uploads\/2019\/11\/cassolettes-de-St-jacques-au-saumon-13-150x150.jpg\" alt=\"\" width=\"236\" height=\"175\" srcset=\"http:\/\/recettes-gourmandes-de-joce.fr\/wp-content\/uploads\/2019\/11\/cassolettes-de-St-jacques-au-saumon-13-300x223.jpg 300w, http:\/\/recettes-gourmandes-de-joce.fr\/wp-content\/uploads\/2019\/11\/cassolettes-de-St-jacques-au-saumon-13.jpg 640w\" sizes=\"auto, (max-width: 236px) 100vw, 236px\" \/> <img loading=\"lazy\" decoding=\"async\" class=\"alignnone wp-image-9868\" src=\"http:\/\/recettes-gourmandes-de-joce.fr\/wp-content\/uploads\/2019\/11\/cassolettes-de-St-jacques-au-saumon-16-150x150.jpg\" alt=\"\" width=\"241\" height=\"175\" srcset=\"http:\/\/recettes-gourmandes-de-joce.fr\/wp-content\/uploads\/2019\/11\/cassolettes-de-St-jacques-au-saumon-16-300x218.jpg 300w, http:\/\/recettes-gourmandes-de-joce.fr\/wp-content\/uploads\/2019\/11\/cassolettes-de-St-jacques-au-saumon-16.jpg 640w\" sizes=\"auto, (max-width: 241px) 100vw, 241px\" \/><\/span><\/p>\n<p style=\"text-align: center;\"><img loading=\"lazy\" decoding=\"async\" class=\"alignnone wp-image-37354 size-full\" src=\"http:\/\/recettes-gourmandes-de-joce.fr\/wp-content\/uploads\/2021\/06\/logitech-gaming-software-14112014-121223.jpg\" alt=\"\" width=\"640\" height=\"144\" srcset=\"http:\/\/recettes-gourmandes-de-joce.fr\/wp-content\/uploads\/2021\/06\/logitech-gaming-software-14112014-121223.jpg 640w, http:\/\/recettes-gourmandes-de-joce.fr\/wp-content\/uploads\/2021\/06\/logitech-gaming-software-14112014-121223-300x68.jpg 300w\" sizes=\"auto, (max-width: 640px) 100vw, 640px\" \/><\/p>\n","protected":false},"excerpt":{"rendered":"<p>Une de mes recettes Ingr\u00e9dients pour 6 personnes 6 belles noix de St Jacques ou 12 petites 200 g de saumon frais soit 1 pav\u00e9 1 oignon blanc et sa tige 2 gousses d&rsquo;ail 100 g de champignons de Paris soit 1 toute petite boite 100 g de moules d\u00e9coquill\u00e9es Un peu de beurre pour &hellip; <\/p>\n<p><a class=\"more-link btn\" href=\"http:\/\/recettes-gourmandes-de-joce.fr\/index.php\/index\/entrees\/entrees-chaudes\/cassolettes-de-st-jacques-moules-saumon-et-champignons\/\">Lire la suite<\/a><\/p>\n","protected":false},"author":2,"featured_media":83909,"parent":183,"menu_order":0,"comment_status":"open","ping_status":"closed","template":"","meta":{"footnotes":""},"class_list":["post-10075","page","type-page","status-publish","has-post-thumbnail","hentry","nodate","item-wrap"],"_links":{"self":[{"href":"http:\/\/recettes-gourmandes-de-joce.fr\/index.php\/wp-json\/wp\/v2\/pages\/10075","targetHints":{"allow":["GET"]}}],"collection":[{"href":"http:\/\/recettes-gourmandes-de-joce.fr\/index.php\/wp-json\/wp\/v2\/pages"}],"about":[{"href":"http:\/\/recettes-gourmandes-de-joce.fr\/index.php\/wp-json\/wp\/v2\/types\/page"}],"author":[{"embeddable":true,"href":"http:\/\/recettes-gourmandes-de-joce.fr\/index.php\/wp-json\/wp\/v2\/users\/2"}],"replies":[{"embeddable":true,"href":"http:\/\/recettes-gourmandes-de-joce.fr\/index.php\/wp-json\/wp\/v2\/comments?post=10075"}],"version-history":[{"count":5,"href":"http:\/\/recettes-gourmandes-de-joce.fr\/index.php\/wp-json\/wp\/v2\/pages\/10075\/revisions"}],"predecessor-version":[{"id":89595,"href":"http:\/\/recettes-gourmandes-de-joce.fr\/index.php\/wp-json\/wp\/v2\/pages\/10075\/revisions\/89595"}],"up":[{"embeddable":true,"href":"http:\/\/recettes-gourmandes-de-joce.fr\/index.php\/wp-json\/wp\/v2\/pages\/183"}],"wp:featuredmedia":[{"embeddable":true,"href":"http:\/\/recettes-gourmandes-de-joce.fr\/index.php\/wp-json\/wp\/v2\/media\/83909"}],"wp:attachment":[{"href":"http:\/\/recettes-gourmandes-de-joce.fr\/index.php\/wp-json\/wp\/v2\/media?parent=10075"}],"curies":[{"name":"wp","href":"https:\/\/api.w.org\/{rel}","templated":true}]}}