{"id":100256,"date":"2026-04-14T22:02:25","date_gmt":"2026-04-14T22:02:25","guid":{"rendered":"http:\/\/recettes-gourmandes-de-joce.fr\/?page_id=100256"},"modified":"2026-04-14T22:05:19","modified_gmt":"2026-04-14T22:05:19","slug":"crevettes-feuilletees-au-fromage-frais-et-sauce-au-yaourt","status":"publish","type":"page","link":"http:\/\/recettes-gourmandes-de-joce.fr\/index.php\/index\/aperitifs-amuses-bouches\/feuilletes-aperitifs\/crevettes-feuilletees-au-fromage-frais-et-sauce-au-yaourt\/","title":{"rendered":"Crevettes feuillet\u00e9es au fromage frais et sauce au yaourt."},"content":{"rendered":"<p style=\"text-align: center;\"><span style=\"text-decoration: underline; color: #993300; font-size: 14pt;\"><span style=\"font-family: georgia, palatino, serif;\"><em>D&rsquo;apr\u00e8s une recette du net revue \u00e0 ma fa\u00e7on.<\/em><\/span><\/span><\/p>\n<p style=\"text-align: center;\"><span style=\"color: #993300;\"><img loading=\"lazy\" decoding=\"async\" class=\"alignnone wp-image-100188\" src=\"http:\/\/recettes-gourmandes-de-joce.fr\/wp-content\/uploads\/2026\/04\/20260405_202049.jpg\" alt=\"\" width=\"264\" height=\"180\" srcset=\"http:\/\/recettes-gourmandes-de-joce.fr\/wp-content\/uploads\/2026\/04\/20260405_202049.jpg 800w, http:\/\/recettes-gourmandes-de-joce.fr\/wp-content\/uploads\/2026\/04\/20260405_202049-768x524.jpg 768w, http:\/\/recettes-gourmandes-de-joce.fr\/wp-content\/uploads\/2026\/04\/20260405_202049-750x512.jpg 750w\" sizes=\"auto, (max-width: 264px) 100vw, 264px\" \/> <img loading=\"lazy\" decoding=\"async\" class=\"alignnone wp-image-100186\" src=\"http:\/\/recettes-gourmandes-de-joce.fr\/wp-content\/uploads\/2026\/04\/20260405_202045.jpg\" alt=\"\" width=\"222\" height=\"180\" srcset=\"http:\/\/recettes-gourmandes-de-joce.fr\/wp-content\/uploads\/2026\/04\/20260405_202045.jpg 800w, http:\/\/recettes-gourmandes-de-joce.fr\/wp-content\/uploads\/2026\/04\/20260405_202045-768x623.jpg 768w, http:\/\/recettes-gourmandes-de-joce.fr\/wp-content\/uploads\/2026\/04\/20260405_202045-750x608.jpg 750w\" sizes=\"auto, (max-width: 222px) 100vw, 222px\" \/> <img loading=\"lazy\" decoding=\"async\" class=\"alignnone wp-image-100187\" src=\"http:\/\/recettes-gourmandes-de-joce.fr\/wp-content\/uploads\/2026\/04\/20260405_202047.jpg\" alt=\"\" width=\"240\" height=\"180\" srcset=\"http:\/\/recettes-gourmandes-de-joce.fr\/wp-content\/uploads\/2026\/04\/20260405_202047.jpg 800w, http:\/\/recettes-gourmandes-de-joce.fr\/wp-content\/uploads\/2026\/04\/20260405_202047-768x576.jpg 768w, http:\/\/recettes-gourmandes-de-joce.fr\/wp-content\/uploads\/2026\/04\/20260405_202047-750x563.jpg 750w\" sizes=\"auto, (max-width: 240px) 100vw, 240px\" \/><\/span><\/p>\n<p style=\"text-align: center;\"><span style=\"text-decoration: underline; color: #993300;\"><span style=\"font-size: 18pt; font-family: georgia, palatino, serif;\"><em>Ingr\u00e9dients pour 3 personnes<\/em><\/span><\/span><\/p>\n<p style=\"text-align: center;\"><img loading=\"lazy\" decoding=\"async\" class=\"alignnone wp-image-100190\" src=\"http:\/\/recettes-gourmandes-de-joce.fr\/wp-content\/uploads\/2026\/04\/20260402_180848.jpg\" alt=\"\" width=\"234\" height=\"200\" srcset=\"http:\/\/recettes-gourmandes-de-joce.fr\/wp-content\/uploads\/2026\/04\/20260402_180848.jpg 800w, http:\/\/recettes-gourmandes-de-joce.fr\/wp-content\/uploads\/2026\/04\/20260402_180848-768x657.jpg 768w, http:\/\/recettes-gourmandes-de-joce.fr\/wp-content\/uploads\/2026\/04\/20260402_180848-750x641.jpg 750w\" sizes=\"auto, (max-width: 234px) 100vw, 234px\" \/><\/p>\n<p style=\"text-align: center;\"><span style=\"font-family: georgia, palatino, serif; font-size: 14pt; color: #993300;\"><em>500 g de grosses crevettes <\/em><\/span><\/p>\n<p style=\"text-align: center;\"><span style=\"font-family: georgia, palatino, serif; font-size: 14pt; color: #993300;\"><em>1 p\u00e2te feuillet\u00e9e<\/em><\/span><\/p>\n<p style=\"text-align: center;\"><span style=\"font-family: georgia, palatino, serif; font-size: 14pt; color: #993300;\"><em> 1 \u0153uf <\/em><\/span><\/p>\n<p style=\"text-align: center;\"><span style=\"font-family: georgia, palatino, serif; font-size: 14pt; color: #993300;\"><em>\u00bc de boite de fromage frais <\/em><\/span><\/p>\n<p style=\"text-align: center;\"><span style=\"font-family: georgia, palatino, serif; font-size: 14pt; color: #993300;\"><em>2 c \u00e0 s de persillade <\/em><\/span><span style=\"font-family: georgia, palatino, serif; font-size: 14pt; color: #008000;\"><em><span style=\"color: #993300;\">d\u00e9tails sur ce lien -&gt;<\/span> <a href=\"https:\/\/epicetoo.fr\/produit\/persillade-epice\/\">\u00c9pic\u00e9too<\/a><\/em><\/span><\/p>\n<p style=\"text-align: center;\"><span style=\"font-family: georgia, palatino, serif; font-size: 14pt; color: #993300;\"><em>Piment d&rsquo;Espelette<\/em><\/span><\/p>\n<p style=\"text-align: center;\"><img loading=\"lazy\" decoding=\"async\" class=\"alignnone wp-image-97698\" src=\"http:\/\/recettes-gourmandes-de-joce.fr\/wp-content\/uploads\/2025\/11\/crevettes-3-001.jpg\" alt=\"\" width=\"271\" height=\"170\" \/> <img loading=\"lazy\" decoding=\"async\" class=\"alignnone wp-image-100193\" src=\"http:\/\/recettes-gourmandes-de-joce.fr\/wp-content\/uploads\/2026\/04\/20260402_182806.jpg\" alt=\"\" width=\"128\" height=\"170\" \/> <img loading=\"lazy\" decoding=\"async\" class=\"alignnone wp-image-100194\" src=\"http:\/\/recettes-gourmandes-de-joce.fr\/wp-content\/uploads\/2026\/04\/20260402_182824.jpg\" alt=\"\" width=\"150\" height=\"170\" \/><\/p>\n<p style=\"text-align: center;\"><span style=\"font-size: 14pt; font-family: georgia, palatino, serif; color: #993300;\"><em>D\u00e9cortiquer les crevettes, d\u00e9rouler la p\u00e2te et \u00e9taler dessus le fromage frais. R\u00e9partir la persillade et le piment d&rsquo;Espelette.<\/em><\/span><\/p>\n<p style=\"text-align: center;\"><span style=\"font-size: 14pt; font-family: georgia, palatino, serif; color: #993300;\"><em> <img loading=\"lazy\" decoding=\"async\" class=\"alignnone wp-image-100191\" src=\"http:\/\/recettes-gourmandes-de-joce.fr\/wp-content\/uploads\/2026\/04\/20260402_181414.jpg\" alt=\"\" width=\"209\" height=\"170\" srcset=\"http:\/\/recettes-gourmandes-de-joce.fr\/wp-content\/uploads\/2026\/04\/20260402_181414.jpg 800w, http:\/\/recettes-gourmandes-de-joce.fr\/wp-content\/uploads\/2026\/04\/20260402_181414-768x624.jpg 768w, http:\/\/recettes-gourmandes-de-joce.fr\/wp-content\/uploads\/2026\/04\/20260402_181414-750x609.jpg 750w\" sizes=\"auto, (max-width: 209px) 100vw, 209px\" \/> <img loading=\"lazy\" decoding=\"async\" class=\"alignnone wp-image-100192\" src=\"http:\/\/recettes-gourmandes-de-joce.fr\/wp-content\/uploads\/2026\/04\/20260402_182448.jpg\" alt=\"\" width=\"227\" height=\"170\" srcset=\"http:\/\/recettes-gourmandes-de-joce.fr\/wp-content\/uploads\/2026\/04\/20260402_182448.jpg 800w, http:\/\/recettes-gourmandes-de-joce.fr\/wp-content\/uploads\/2026\/04\/20260402_182448-768x576.jpg 768w, http:\/\/recettes-gourmandes-de-joce.fr\/wp-content\/uploads\/2026\/04\/20260402_182448-750x563.jpg 750w\" sizes=\"auto, (max-width: 227px) 100vw, 227px\" \/>\u00a0<img loading=\"lazy\" decoding=\"async\" class=\"alignnone wp-image-100195\" src=\"http:\/\/recettes-gourmandes-de-joce.fr\/wp-content\/uploads\/2026\/04\/20260402_183738.jpg\" alt=\"\" width=\"212\" height=\"170\" srcset=\"http:\/\/recettes-gourmandes-de-joce.fr\/wp-content\/uploads\/2026\/04\/20260402_183738.jpg 800w, http:\/\/recettes-gourmandes-de-joce.fr\/wp-content\/uploads\/2026\/04\/20260402_183738-768x615.jpg 768w, http:\/\/recettes-gourmandes-de-joce.fr\/wp-content\/uploads\/2026\/04\/20260402_183738-750x601.jpg 750w\" sizes=\"auto, (max-width: 212px) 100vw, 212px\" \/><\/em><\/span><\/p>\n<p style=\"text-align: center;\"><span style=\"font-size: 14pt; font-family: georgia, palatino, serif; color: #993300;\"><em>Couper la p\u00e2te en bande d&rsquo;environ 1 cm de large. Enrouler chaque bande autour des crevettes en faisant chevaucher la bande \u00e0 chaque tour.\u00a0<\/em><\/span><\/p>\n<p style=\"text-align: center;\"><span style=\"font-size: 14pt; font-family: georgia, palatino, serif; color: #993300;\"><em><img loading=\"lazy\" decoding=\"async\" class=\"alignnone wp-image-100257\" src=\"http:\/\/recettes-gourmandes-de-joce.fr\/wp-content\/uploads\/2026\/04\/PC220045.jpg\" alt=\"\" width=\"191\" height=\"165\" srcset=\"http:\/\/recettes-gourmandes-de-joce.fr\/wp-content\/uploads\/2026\/04\/PC220045.jpg 800w, http:\/\/recettes-gourmandes-de-joce.fr\/wp-content\/uploads\/2026\/04\/PC220045-768x662.jpg 768w, http:\/\/recettes-gourmandes-de-joce.fr\/wp-content\/uploads\/2026\/04\/PC220045-750x647.jpg 750w\" sizes=\"auto, (max-width: 191px) 100vw, 191px\" \/>\u00a0<img loading=\"lazy\" decoding=\"async\" class=\"alignnone wp-image-100183\" src=\"http:\/\/recettes-gourmandes-de-joce.fr\/wp-content\/uploads\/2026\/04\/20260405_193146.jpg\" alt=\"\" width=\"276\" height=\"165\" srcset=\"http:\/\/recettes-gourmandes-de-joce.fr\/wp-content\/uploads\/2026\/04\/20260405_193146.jpg 800w, http:\/\/recettes-gourmandes-de-joce.fr\/wp-content\/uploads\/2026\/04\/20260405_193146-768x460.jpg 768w, http:\/\/recettes-gourmandes-de-joce.fr\/wp-content\/uploads\/2026\/04\/20260405_193146-750x449.jpg 750w\" sizes=\"auto, (max-width: 276px) 100vw, 276px\" \/> <img loading=\"lazy\" decoding=\"async\" class=\"alignnone wp-image-15096\" src=\"http:\/\/recettes-gourmandes-de-joce.fr\/wp-content\/uploads\/2020\/01\/P6230465-2-300x195.jpg\" alt=\"\" width=\"253\" height=\"165\" srcset=\"http:\/\/recettes-gourmandes-de-joce.fr\/wp-content\/uploads\/2020\/01\/P6230465-2-300x195.jpg 300w, http:\/\/recettes-gourmandes-de-joce.fr\/wp-content\/uploads\/2020\/01\/P6230465-2.jpg 640w\" sizes=\"auto, (max-width: 253px) 100vw, 253px\" \/><\/em><\/span><\/p>\n<p style=\"text-align: center;\"><span style=\"font-size: 14pt; font-family: georgia, palatino, serif; color: #993300;\"><em>Battre l&rsquo;\u0153uf en omelette et en passer sur les crevettes. Enfourner \u00e0 200\u00b0 pendant environ 30 minutes selon les fours, surveiller la cuisson et la coloration. Servir avec une sauce fra\u00eeche.<\/em><\/span><\/p>\n<p style=\"text-align: center;\"><span style=\"font-family: georgia, palatino, serif; color: #993300;\"><em><span style=\"font-size: 14pt;\">Recette de la sauce sur ce lien -&gt; <\/span><\/em><\/span><a href=\"http:\/\/recettes-gourmandes-de-joce.fr\/index.php\/index\/sauces-assaisonnements\/sauces-froides\/sauce-au-yaourt-et-fines-herbes\/\"><span style=\"font-size: 14pt; font-family: georgia, palatino, serif;\"><em>Sauce au yaourt et fines herbes.<img loading=\"lazy\" decoding=\"async\" class=\"alignnone wp-image-15096\" src=\"http:\/\/recettes-gourmandes-de-joce.fr\/wp-content\/uploads\/2020\/01\/P6230465-2-300x195.jpg\" alt=\"\" width=\"230\" height=\"150\" srcset=\"http:\/\/recettes-gourmandes-de-joce.fr\/wp-content\/uploads\/2020\/01\/P6230465-2-300x195.jpg 300w, http:\/\/recettes-gourmandes-de-joce.fr\/wp-content\/uploads\/2020\/01\/P6230465-2.jpg 640w\" sizes=\"auto, (max-width: 230px) 100vw, 230px\" \/><\/em><\/span><\/a><\/p>\n<p style=\"text-align: center;\"><span style=\"font-family: georgia, palatino, serif; color: #993300;\"><em><span style=\"font-size: 14pt;\">Bon app\u00e9tit!<\/span><\/em><\/span><\/p>\n<p style=\"text-align: center;\"><img loading=\"lazy\" decoding=\"async\" class=\"alignnone wp-image-100189\" src=\"http:\/\/recettes-gourmandes-de-joce.fr\/wp-content\/uploads\/2026\/04\/20260405_202051.jpg\" alt=\"\" width=\"252\" height=\"180\" srcset=\"http:\/\/recettes-gourmandes-de-joce.fr\/wp-content\/uploads\/2026\/04\/20260405_202051.jpg 800w, http:\/\/recettes-gourmandes-de-joce.fr\/wp-content\/uploads\/2026\/04\/20260405_202051-768x548.jpg 768w, http:\/\/recettes-gourmandes-de-joce.fr\/wp-content\/uploads\/2026\/04\/20260405_202051-750x535.jpg 750w\" sizes=\"auto, (max-width: 252px) 100vw, 252px\" \/> <img loading=\"lazy\" decoding=\"async\" class=\"alignnone wp-image-100185\" src=\"http:\/\/recettes-gourmandes-de-joce.fr\/wp-content\/uploads\/2026\/04\/20260405_202044.jpg\" alt=\"\" width=\"246\" height=\"180\" srcset=\"http:\/\/recettes-gourmandes-de-joce.fr\/wp-content\/uploads\/2026\/04\/20260405_202044.jpg 800w, http:\/\/recettes-gourmandes-de-joce.fr\/wp-content\/uploads\/2026\/04\/20260405_202044-768x563.jpg 768w, http:\/\/recettes-gourmandes-de-joce.fr\/wp-content\/uploads\/2026\/04\/20260405_202044-750x549.jpg 750w\" sizes=\"auto, (max-width: 246px) 100vw, 246px\" \/> <img loading=\"lazy\" decoding=\"async\" class=\"alignnone wp-image-100184\" src=\"http:\/\/recettes-gourmandes-de-joce.fr\/wp-content\/uploads\/2026\/04\/20260405_201550.jpg\" alt=\"\" width=\"240\" height=\"180\" srcset=\"http:\/\/recettes-gourmandes-de-joce.fr\/wp-content\/uploads\/2026\/04\/20260405_201550.jpg 800w, http:\/\/recettes-gourmandes-de-joce.fr\/wp-content\/uploads\/2026\/04\/20260405_201550-768x576.jpg 768w, http:\/\/recettes-gourmandes-de-joce.fr\/wp-content\/uploads\/2026\/04\/20260405_201550-750x563.jpg 750w\" sizes=\"auto, (max-width: 240px) 100vw, 240px\" \/><\/p>\n<p style=\"text-align: center;\"><a href=\"https:\/\/recettes-gourmandes-de-joce.fr\"><span style=\"color: #008000;\"><img loading=\"lazy\" decoding=\"async\" class=\"alignnone wp-image-37354 size-full\" src=\"http:\/\/recettes-gourmandes-de-joce.fr\/wp-content\/uploads\/2021\/06\/logitech-gaming-software-14112014-121223.jpg\" alt=\"\" width=\"640\" height=\"144\" srcset=\"http:\/\/recettes-gourmandes-de-joce.fr\/wp-content\/uploads\/2021\/06\/logitech-gaming-software-14112014-121223.jpg 640w, http:\/\/recettes-gourmandes-de-joce.fr\/wp-content\/uploads\/2021\/06\/logitech-gaming-software-14112014-121223-300x68.jpg 300w\" sizes=\"auto, (max-width: 640px) 100vw, 640px\" \/><\/span><\/a><\/p>\n","protected":false},"excerpt":{"rendered":"<p>D&rsquo;apr\u00e8s une recette du net revue \u00e0 ma fa\u00e7on. Ingr\u00e9dients pour 3 personnes 500 g de grosses crevettes 1 p\u00e2te feuillet\u00e9e 1 \u0153uf \u00bc de boite de fromage frais 2 c \u00e0 s de persillade d\u00e9tails sur ce lien -&gt; \u00c9pic\u00e9too Piment d&rsquo;Espelette D\u00e9cortiquer les crevettes, d\u00e9rouler la p\u00e2te et \u00e9taler dessus le fromage frais. &hellip; <\/p>\n<p><a class=\"more-link btn\" href=\"http:\/\/recettes-gourmandes-de-joce.fr\/index.php\/index\/aperitifs-amuses-bouches\/feuilletes-aperitifs\/crevettes-feuilletees-au-fromage-frais-et-sauce-au-yaourt\/\">Lire la suite<\/a><\/p>\n","protected":false},"author":2,"featured_media":100188,"parent":920,"menu_order":0,"comment_status":"open","ping_status":"closed","template":"","meta":{"footnotes":""},"class_list":["post-100256","page","type-page","status-publish","has-post-thumbnail","hentry","nodate","item-wrap"],"_links":{"self":[{"href":"http:\/\/recettes-gourmandes-de-joce.fr\/index.php\/wp-json\/wp\/v2\/pages\/100256","targetHints":{"allow":["GET"]}}],"collection":[{"href":"http:\/\/recettes-gourmandes-de-joce.fr\/index.php\/wp-json\/wp\/v2\/pages"}],"about":[{"href":"http:\/\/recettes-gourmandes-de-joce.fr\/index.php\/wp-json\/wp\/v2\/types\/page"}],"author":[{"embeddable":true,"href":"http:\/\/recettes-gourmandes-de-joce.fr\/index.php\/wp-json\/wp\/v2\/users\/2"}],"replies":[{"embeddable":true,"href":"http:\/\/recettes-gourmandes-de-joce.fr\/index.php\/wp-json\/wp\/v2\/comments?post=100256"}],"version-history":[{"count":4,"href":"http:\/\/recettes-gourmandes-de-joce.fr\/index.php\/wp-json\/wp\/v2\/pages\/100256\/revisions"}],"predecessor-version":[{"id":100261,"href":"http:\/\/recettes-gourmandes-de-joce.fr\/index.php\/wp-json\/wp\/v2\/pages\/100256\/revisions\/100261"}],"up":[{"embeddable":true,"href":"http:\/\/recettes-gourmandes-de-joce.fr\/index.php\/wp-json\/wp\/v2\/pages\/920"}],"wp:featuredmedia":[{"embeddable":true,"href":"http:\/\/recettes-gourmandes-de-joce.fr\/index.php\/wp-json\/wp\/v2\/media\/100188"}],"wp:attachment":[{"href":"http:\/\/recettes-gourmandes-de-joce.fr\/index.php\/wp-json\/wp\/v2\/media?parent=100256"}],"curies":[{"name":"wp","href":"https:\/\/api.w.org\/{rel}","templated":true}]}}